{"id":982048,"date":"2023-10-08T21:53:59","date_gmt":"2023-10-08T20:53:59","guid":{"rendered":"https:\/\/positiveprints.com\/?post_type=product&#038;p=982048"},"modified":"2026-05-12T11:22:01","modified_gmt":"2026-05-12T10:22:01","slug":"anpassad-vattenfarg-karta","status":"publish","type":"product","link":"https:\/\/positiveprints.com\/sv\/produkt\/anpassad-vattenfarg-karta\/","title":{"rendered":"Anpassad akvarellkarta"},"content":{"rendered":"<p>Letar du efter en unik och meningsfull g\u00e5va? Leta inte l\u00e4ngre! V\u00e5r akvarellkarta \u00e4r det perfekta valet. Med bara n\u00e5gra enkla steg kan du skapa ett vackert och personligt tryck som kommer att l\u00e4mna ett best\u00e5ende intryck p\u00e5 dina n\u00e4ra och k\u00e4ra. Oavsett om det \u00e4r f\u00f6r ett speciellt tillf\u00e4lle eller bara f\u00f6r att visa din uppskattning \u00e4r denna akvarellkarta med tryck en omt\u00e4nksam och minnesv\u00e4rd g\u00e5va.<\/p>\r\n\r\n<h2>Vad \u00e4r en anpassad akvarellkarta?<\/h2>\r\n\r\n<p>V\u00e5r anpassade akvarellkarta \u00e4r ett unikt och kreativt s\u00e4tt att f\u00e5nga v\u00e4rdefulla minnen och platser. Du b\u00f6rjar med att v\u00e4lja \u00f6nskad kartstil och f\u00e4rger. V\u00e4lj bland v\u00e5ra f\u00f6rinst\u00e4llda akvarellteman eller l\u00e5t kreativiteten fl\u00f6da genom att anpassa bakgrunden och markf\u00e4rgerna. V\u00e4lj sedan en plats fr\u00e5n v\u00e5r omfattande lista, oavsett om det \u00e4r ett land, en delstat eller till och med hela v\u00e4rlden. Magin uppst\u00e5r n\u00e4r du l\u00e4gger till en hj\u00e4rtformad mark\u00f6r f\u00f6r att peka ut en betydelsefull plats, t.ex. d\u00e4r ni tr\u00e4ffades, f\u00f6rlovade er eller gifte er. Under mark\u00f6ren kan du l\u00e4gga till ett innerligt meddelande, en fin mening eller ett inspirerande citat. Till r\u00e5ga p\u00e5 allt kan du v\u00e4lja om du vill ha det som ett inramat tryck, en canvasduk eller en digital fil.<\/p>\r\n\r\n<h2>K\u00e4nslornas g\u00e5va<\/h2>\r\n\r\n<p>V\u00e5r akvarellkarta \u00e4r det perfekta s\u00e4ttet att f\u00f6rmedla k\u00e4nslor och skapa best\u00e5ende minnen. Det \u00e4r den perfekta presenten f\u00f6r att uttrycka din k\u00e4rlek, tacksamhet och omtanke. Mottagaren kommer att bli djupt r\u00f6rd av den anstr\u00e4ngning och k\u00e4nsla du har lagt ner p\u00e5 att skapa detta personliga m\u00e4sterverk. Varje blick p\u00e5 kartan kommer att \u00e5teruppv\u00e4cka gl\u00e4djen, nostalgin och tacksamheten som f\u00f6rknippas med dessa speciella \u00f6gonblick. Denna unika g\u00e5va kommer att f\u00f6rvandlas till ett k\u00e4rt minne som st\u00e5r sig \u00f6ver tid.<\/p>\r\n\r\n<p>Custom Watercolor Map \u00e4r en innerlig duk med k\u00e4nslor och k\u00e4ra minnen, som erbjuder ett unikt s\u00e4tt att uttrycka din k\u00e4rlek och skapa best\u00e5ende minnen f\u00f6r dina n\u00e4ra och k\u00e4ra. Missa inte chansen att skapa en omt\u00e4nksam och of\u00f6rgl\u00f6mlig g\u00e5va. B\u00f6rja skapa din personliga akvarellkarta redan idag!<\/p>","protected":false},"excerpt":{"rendered":"<ul class=\"check-list\">\n<li>Smycka ditt hem med en vacker akvarellkarta \u00f6ver ditt favoritland, din favorit\u00f6 eller ett vattendrag<\/li>\n<li>Markera en speciell plats med en utvald symbol<\/li>\n<li>Anpassa i 3 enkla steg<\/li>\n<li>V\u00e4lj en mall eller var kreativ<\/li>\n<li>Se resultatet direkt \u2013 den interaktiva f\u00f6rhandsvisningen l\u00e5ter dig finjustera varje detalj<\/li>\n<\/ul>\n","protected":false},"featured_media":1554563,"template":"","meta":[],"product_brand":[],"product_cat":[15116,9169,9031,7459,8147],"product_tag":[8397],"class_list":{"0":"post-982048","1":"product","2":"type-product","3":"status-publish","4":"has-post-thumbnail","6":"product_cat-bestsellers-menu-sv","7":"product_cat-kontur","8":"product_cat-digitala-produkter","9":"product_cat-alla-produkter","10":"product_cat-creators-sv","11":"product_tag-creators-sv","13":"first","14":"instock","15":"sale","16":"taxable","17":"shipping-taxable","18":"purchasable","19":"product-type-variable"},"yoast_head":"<!-- This site is optimized with the Yoast SEO Premium plugin v27.2 (Yoast SEO v27.2) - https:\/\/yoast.com\/product\/yoast-seo-premium-wordpress\/ -->\n<title>Anpassad akvarellkarta - positiva tryck<\/title>\n<meta name=\"description\" content=\"Med v\u00e5r akvarellkarta kan du designa ett unikt konstverk som f\u00e5ngar essensen av en speciell plats och ett speciellt \u00f6gonblick.\" \/>\n<meta name=\"robots\" content=\"index, follow, max-snippet:-1, max-image-preview:large, max-video-preview:-1\" \/>\n<link rel=\"canonical\" href=\"https:\/\/positiveprints.com\/sv\/produkt\/anpassad-vattenfarg-karta\/\" \/>\n<meta property=\"og:locale\" content=\"sv_SE\" \/>\n<meta property=\"og:type\" content=\"article\" \/>\n<meta property=\"og:title\" content=\"Anpassad akvarellkarta\" \/>\n<meta property=\"og:description\" content=\"Smycka ditt hem med en vacker akvarellkarta \u00f6ver ditt favoritland, din favorit\u00f6 eller ett vattendrag   Markera en speciell plats med en utvald symbol   Anpassa i 3 enkla steg   V\u00e4lj en mall eller var kreativ   Se resultatet direkt \u2013 den interaktiva f\u00f6rhandsvisningen l\u00e5ter dig finjustera varje detalj\" \/>\n<meta property=\"og:url\" content=\"https:\/\/positiveprints.com\/sv\/produkt\/anpassad-vattenfarg-karta\/\" \/>\n<meta property=\"og:site_name\" content=\"Positive Prints\" \/>\n<meta property=\"article:publisher\" content=\"https:\/\/www.facebook.com\/positiveprintscom\" \/>\n<meta property=\"article:modified_time\" content=\"2026-05-12T10:22:01+00:00\" \/>\n<meta property=\"og:image\" content=\"https:\/\/positiveprints.com\/wp-content\/uploads\/2023\/10\/Anpassad-akvarellkarta.jpg\" \/>\n\t<meta property=\"og:image:width\" content=\"1080\" \/>\n\t<meta property=\"og:image:height\" content=\"1080\" \/>\n\t<meta property=\"og:image:type\" content=\"image\/jpeg\" \/>\n<meta name=\"twitter:card\" content=\"summary_large_image\" \/>\n<!-- \/ Yoast SEO Premium plugin. -->","yoast_head_json":{"title":"Anpassad akvarellkarta - positiva tryck","description":"Med v\u00e5r akvarellkarta kan du designa ett unikt konstverk som f\u00e5ngar essensen av en speciell plats och ett speciellt \u00f6gonblick.","robots":{"index":"index","follow":"follow","max-snippet":"max-snippet:-1","max-image-preview":"max-image-preview:large","max-video-preview":"max-video-preview:-1"},"canonical":"https:\/\/positiveprints.com\/sv\/produkt\/anpassad-vattenfarg-karta\/","og_locale":"sv_SE","og_type":"article","og_title":"Anpassad akvarellkarta","og_description":"Smycka ditt hem med en vacker akvarellkarta \u00f6ver ditt favoritland, din favorit\u00f6 eller ett vattendrag   Markera en speciell plats med en utvald symbol   Anpassa i 3 enkla steg   V\u00e4lj en mall eller var kreativ   Se resultatet direkt \u2013 den interaktiva f\u00f6rhandsvisningen l\u00e5ter dig finjustera varje detalj","og_url":"https:\/\/positiveprints.com\/sv\/produkt\/anpassad-vattenfarg-karta\/","og_site_name":"Positive Prints","article_publisher":"https:\/\/www.facebook.com\/positiveprintscom","article_modified_time":"2026-05-12T10:22:01+00:00","og_image":[{"width":1080,"height":1080,"url":"https:\/\/positiveprints.com\/wp-content\/uploads\/2023\/10\/Anpassad-akvarellkarta.jpg","type":"image\/jpeg"}],"twitter_card":"summary_large_image","schema":{"@context":"https:\/\/schema.org","@graph":[{"@type":["WebPage","ItemPage"],"@id":"https:\/\/positiveprints.com\/sv\/produkt\/anpassad-vattenfarg-karta\/","url":"https:\/\/positiveprints.com\/sv\/produkt\/anpassad-vattenfarg-karta\/","name":"Anpassad akvarellkarta - positiva tryck","isPartOf":{"@id":"https:\/\/positiveprints.com\/sv\/#website"},"primaryImageOfPage":{"@id":"https:\/\/positiveprints.com\/sv\/produkt\/anpassad-vattenfarg-karta\/#primaryimage"},"image":{"@id":"https:\/\/positiveprints.com\/sv\/produkt\/anpassad-vattenfarg-karta\/#primaryimage"},"thumbnailUrl":"https:\/\/positiveprints.com\/wp-content\/uploads\/2025\/10\/Anpassad-akvarellkarta-9.webp","datePublished":"2023-10-08T20:53:59+00:00","dateModified":"2026-05-12T10:22:01+00:00","description":"Med v\u00e5r akvarellkarta kan du designa ett unikt konstverk som f\u00e5ngar essensen av en speciell plats och ett speciellt \u00f6gonblick.","breadcrumb":{"@id":"https:\/\/positiveprints.com\/sv\/produkt\/anpassad-vattenfarg-karta\/#breadcrumb"},"inLanguage":"sv-SE","potentialAction":[{"@type":"ReadAction","target":["https:\/\/positiveprints.com\/sv\/produkt\/anpassad-vattenfarg-karta\/"]}]},{"@type":"ImageObject","inLanguage":"sv-SE","@id":"https:\/\/positiveprints.com\/sv\/produkt\/anpassad-vattenfarg-karta\/#primaryimage","url":"https:\/\/positiveprints.com\/wp-content\/uploads\/2025\/10\/Anpassad-akvarellkarta-9.webp","contentUrl":"https:\/\/positiveprints.com\/wp-content\/uploads\/2025\/10\/Anpassad-akvarellkarta-9.webp","width":1450,"height":1450},{"@type":"BreadcrumbList","@id":"https:\/\/positiveprints.com\/sv\/produkt\/anpassad-vattenfarg-karta\/#breadcrumb","itemListElement":[{"@type":"ListItem","position":1,"name":"Home","item":"https:\/\/positiveprints.com\/sv\/"},{"@type":"ListItem","position":2,"name":"Produkter","item":"https:\/\/positiveprints.com\/sv\/shop\/"},{"@type":"ListItem","position":3,"name":"Anpassad akvarellkarta"}]},{"@type":"WebSite","@id":"https:\/\/positiveprints.com\/sv\/#website","url":"https:\/\/positiveprints.com\/sv\/","name":"Positive Prints","description":"Amazing Custom Personalized Gifts","publisher":{"@id":"https:\/\/positiveprints.com\/sv\/#organization"},"potentialAction":[{"@type":"SearchAction","target":{"@type":"EntryPoint","urlTemplate":"https:\/\/positiveprints.com\/sv\/?s={search_term_string}"},"query-input":{"@type":"PropertyValueSpecification","valueRequired":true,"valueName":"search_term_string"}}],"inLanguage":"sv-SE"},{"@type":"Organization","@id":"https:\/\/positiveprints.com\/sv\/#organization","name":"Positive Prints","alternateName":"Positive Prints","url":"https:\/\/positiveprints.com\/sv\/","logo":{"@type":"ImageObject","inLanguage":"sv-SE","@id":"https:\/\/positiveprints.com\/sv\/#\/schema\/logo\/image\/","url":"https:\/\/positiveprints.com\/wp-content\/uploads\/2026\/03\/245815646_1337939713319158_5671353136411139666_n.png","contentUrl":"https:\/\/positiveprints.com\/wp-content\/uploads\/2026\/03\/245815646_1337939713319158_5671353136411139666_n.png","width":800,"height":800,"caption":"Positive Prints"},"image":{"@id":"https:\/\/positiveprints.com\/sv\/#\/schema\/logo\/image\/"},"sameAs":["https:\/\/www.facebook.com\/positiveprintscom","https:\/\/www.instagram.com\/positiveprintscom\/","https:\/\/www.tiktok.com\/@positiveprintscom","https:\/\/www.pinterest.com\/positiveprintscom\/"]}]}},"jetpack_sharing_enabled":true,"_links":{"self":[{"href":"https:\/\/positiveprints.com\/sv\/wp-json\/wp\/v2\/product\/982048","targetHints":{"allow":["GET"]}}],"collection":[{"href":"https:\/\/positiveprints.com\/sv\/wp-json\/wp\/v2\/product"}],"about":[{"href":"https:\/\/positiveprints.com\/sv\/wp-json\/wp\/v2\/types\/product"}],"wp:featuredmedia":[{"embeddable":true,"href":"https:\/\/positiveprints.com\/sv\/wp-json\/wp\/v2\/media\/1554563"}],"wp:attachment":[{"href":"https:\/\/positiveprints.com\/sv\/wp-json\/wp\/v2\/media?parent=982048"}],"wp:term":[{"taxonomy":"product_brand","embeddable":true,"href":"https:\/\/positiveprints.com\/sv\/wp-json\/wp\/v2\/product_brand?post=982048"},{"taxonomy":"product_cat","embeddable":true,"href":"https:\/\/positiveprints.com\/sv\/wp-json\/wp\/v2\/product_cat?post=982048"},{"taxonomy":"product_tag","embeddable":true,"href":"https:\/\/positiveprints.com\/sv\/wp-json\/wp\/v2\/product_tag?post=982048"}],"curies":[{"name":"wp","href":"https:\/\/api.w.org\/{rel}","templated":true}]}}