{"id":960975,"date":"2023-06-07T21:37:46","date_gmt":"2023-06-07T20:37:46","guid":{"rendered":"https:\/\/positiveprints.com\/product\/hund-bokstav-fotocollage\/"},"modified":"2026-04-03T03:13:41","modified_gmt":"2026-04-03T02:13:41","slug":"hund-brev-foto-collage","status":"publish","type":"product","link":"https:\/\/positiveprints.com\/sv\/produkt\/hund-brev-foto-collage\/","title":{"rendered":"Hund Bokstav Fotocollage"},"content":{"rendered":"<h2 class=\"grenB f24 cblue\" style=\"margin-top: 3rem;\">Fotocollage med hundbrev: En personlig och unik present till hund\u00e4lskare<\/h2>\r\n          \r\n\r\n          <p style=\"margin-top: 1rem;\">Letar du efter den perfekta presenten till hund\u00e4lskare? Titta inte l\u00e4ngre \u00e4n till fotocollage med hundbokst\u00e4ver! Detta personliga tryck eller canvas \u00e4r ett speciellt och unikt s\u00e4tt att hylla bandet mellan dig och ditt \u00e4lskade husdjur. Med detta unika collage kan dina favoritfoton formas till din hunds namn eller n\u00e5got annat ord som har en speciell betydelse i ditt hj\u00e4rta.<\/p>\r\n          \r\n\r\n          \r\n\r\n          <h2 class=\"grenB f24 cblue\" style=\"margin-top: 3rem;\">Skapa ett meningsfullt och personligt fotocollage med hundbrev<\/h2>\r\n          \r\n\r\n          <p style=\"margin-top: 1rem;\">Att skapa ett fotocollage med hundbokst\u00e4ver \u00e4r enkelt med v\u00e5r anv\u00e4ndarv\u00e4nliga online-redigerare. Med bara tre enkla steg kan du designa en personlig g\u00e5va som kommer att gl\u00e4dja alla hund\u00e4lskare. V\u00e5r online editor \u00e4r utformad f\u00f6r att vara mobilv\u00e4nlig, s\u00e5 att du kan skapa det perfekta collaget n\u00e4r du \u00e4r p\u00e5 spr\u00e5ng.<\/p>\r\n          \r\n\r\n          <p style=\"margin-top: 1rem;\">B\u00f6rja med att ange din hunds namn eller n\u00e5got annat ord som har betydelse f\u00f6r dig. Oavsett om det \u00e4r &#8220;k\u00e4rlek&#8221;, &#8220;b\u00e4sta v\u00e4n&#8221; eller n\u00e5got annat som symboliserar det band du delar med din lurviga f\u00f6ljeslagare, har du friheten att v\u00e4lja. Dessutom kan du v\u00e4lja f\u00e4rg p\u00e5 symbolernas konturer eller v\u00e4lja en ren och klassisk vit kontur.<\/p>\r\n          \r\n\r\n          <p style=\"margin-top: 1rem;\">D\u00e4refter \u00e4r det dags att ge liv \u00e5t ditt hundbokstavs-fotocollage genom att ladda upp dina favoritfoton. Du beh\u00f6ver ett foto f\u00f6r varje bokstav i det ord du valt. Med v\u00e5r intuitiva redigerare kan du zooma in, justera positionen f\u00f6r varje foto och se till att de passar perfekt i collaget. F\u00f6r en personlig touch kan du l\u00e4gga till ett innerligt meddelande under collaget.<\/p>\r\n          \r\n\r\n          <p style=\"margin-top: 1rem;\">I det sista steget kan du best\u00e4mma hur du vill att ditt personliga <a href=\"https:\/\/positiveprints.com\/product\/letter-photo-collage\/\">brevfotocollage<\/a> ska visas. Vi erbjuder olika alternativ, inklusive inramade bilder, tryckta affischer, dukar eller direktnedladdade digitala filer. V\u00e4lj den storlek och det format som b\u00e4st passar dina \u00f6nskem\u00e5l, s\u00e5 tar vi hand om resten.<\/p>\r\n          \r\n\r\n          \r\n\r\n          <h2 class=\"grenB f24 cblue\" style=\"margin-top: 3rem;\">En personlig och vacker g\u00e5va<\/h2>\r\n          \r\n\r\n          <p style=\"margin-top: 1rem;\">Fotocollage med hundbokst\u00e4ver \u00e4r mer \u00e4n bara en g\u00e5va &#8211; det \u00e4r ett k\u00e4rt minne inkapslat i ett personligt konstverk. Till skillnad fr\u00e5n alla andra presenter du kan hitta p\u00e5 en butikshylla \u00e4r detta collage skr\u00e4ddarsytt f\u00f6r att \u00e5terspegla det unika bandet mellan dig och din lurviga v\u00e4n. Oavsett om det \u00e4r ett speciellt tillf\u00e4lle eller en k\u00e4rleksfull hyllning till ett \u00e4lskat husdjur, kommer detta collage s\u00e4kert att ge v\u00e4rme och gl\u00e4dje till mottagarens hj\u00e4rta.<\/p>\r\n          \r\n\r\n          <p style=\"margin-top: 1rem;\">Best\u00e4ll ditt fotocollage med hundbokst\u00e4ver idag och ge hund\u00e4lskaren i ditt liv en g\u00e5va som de kommer att uppskatta f\u00f6r alltid. Upplev sk\u00f6nheten i en personlig och innerlig present som hyllar den villkorsl\u00f6sa k\u00e4rlek och kamratskap som bara en hund kan erbjuda.<\/p>","protected":false},"excerpt":{"rendered":"\n<ul class=\"check-list\">\n<li>Visa upp din lurviga v\u00e4n och dela din k\u00e4rlek till ditt husdjur med alla som kommer in i ditt hem eller p\u00e5 ditt kontor<\/li>\n<li>Inkludera en meningsfull personlig text<\/li>\n<li>Anpassa i 3 enkla steg<\/li>\n<li>V\u00e4lj en mall eller var kreativ<\/li>\n<li>Se resultatet direkt \u2013 den interaktiva f\u00f6rhandsvisningen l\u00e5ter dig finjustera varje detalj<\/li>\n<\/ul>\n","protected":false},"featured_media":1671638,"template":"","meta":[],"product_brand":[],"product_cat":[7459,7902,8973],"product_tag":[16087,16096,16098,16093,8698,16097,13929,13927],"class_list":{"0":"post-960975","1":"product","2":"type-product","3":"status-publish","4":"has-post-thumbnail","6":"product_cat-alla-produkter","7":"product_cat-gavor-for-hundalskare","8":"product_cat-fotobrev","9":"product_tag-animals-sv","10":"product_tag-custom-dog-gifts-sv","11":"product_tag-dog-mom-gifts-sv","12":"product_tag-dog-owner-sv","13":"product_tag-dog-lovers-sv","14":"product_tag-gifts-for-dog-owners-sv","15":"product_tag-presenter-till-hundalskare","16":"product_tag-presenter-till-hundpappa","18":"first","19":"instock","20":"sale","21":"taxable","22":"shipping-taxable","23":"purchasable","24":"product-type-variable"},"yoast_head":"<!-- This site is optimized with the Yoast SEO Premium plugin v27.2 (Yoast SEO v27.2) - https:\/\/yoast.com\/product\/yoast-seo-premium-wordpress\/ -->\n<title>Hundbrev fotocollage - positiva tryck<\/title>\n<meta name=\"description\" content=\"Skapa ett fotocollage med hundbokst\u00e4ver. Detta personliga tryck eller canvas \u00e4r ett speciellt och unikt s\u00e4tt att hylla bandet mellan dig och ditt \u00e4lskade husdjur.\" \/>\n<meta name=\"robots\" content=\"index, follow, max-snippet:-1, max-image-preview:large, max-video-preview:-1\" \/>\n<link rel=\"canonical\" href=\"https:\/\/positiveprints.com\/sv\/produkt\/hund-brev-foto-collage\/\" \/>\n<meta property=\"og:locale\" content=\"sv_SE\" \/>\n<meta property=\"og:type\" content=\"article\" \/>\n<meta property=\"og:title\" content=\"Hund Bokstav Fotocollage\" \/>\n<meta property=\"og:description\" content=\"Visa upp din lurviga v\u00e4n och dela din k\u00e4rlek till ditt husdjur med alla som kommer in i ditt hem eller p\u00e5 ditt kontor  Inkludera en meningsfull personlig text  Anpassa i 3 enkla steg  V\u00e4lj en mall eller var kreativ  Se resultatet direkt \u2013 den interaktiva f\u00f6rhandsvisningen l\u00e5ter dig finjustera varje detalj\" \/>\n<meta property=\"og:url\" content=\"https:\/\/positiveprints.com\/sv\/produkt\/hund-brev-foto-collage\/\" \/>\n<meta property=\"og:site_name\" content=\"Positive Prints\" \/>\n<meta property=\"article:publisher\" content=\"https:\/\/www.facebook.com\/positiveprintscom\" \/>\n<meta property=\"article:modified_time\" content=\"2026-04-03T02:13:41+00:00\" \/>\n<meta property=\"og:image\" content=\"https:\/\/positiveprints.com\/wp-content\/uploads\/2024\/11\/Packshot_SE_Dog-Letter-Photo-Collage-product-image-.webp\" \/>\n\t<meta property=\"og:image:width\" content=\"1450\" \/>\n\t<meta property=\"og:image:height\" content=\"1450\" \/>\n\t<meta property=\"og:image:type\" content=\"image\/webp\" \/>\n<meta name=\"twitter:card\" content=\"summary_large_image\" \/>\n<meta name=\"twitter:label1\" content=\"Ber\u00e4knad l\u00e4stid\" \/>\n\t<meta name=\"twitter:data1\" content=\"2 minut\" \/>\n<!-- \/ Yoast SEO Premium plugin. -->","yoast_head_json":{"title":"Hundbrev fotocollage - positiva tryck","description":"Skapa ett fotocollage med hundbokst\u00e4ver. Detta personliga tryck eller canvas \u00e4r ett speciellt och unikt s\u00e4tt att hylla bandet mellan dig och ditt \u00e4lskade husdjur.","robots":{"index":"index","follow":"follow","max-snippet":"max-snippet:-1","max-image-preview":"max-image-preview:large","max-video-preview":"max-video-preview:-1"},"canonical":"https:\/\/positiveprints.com\/sv\/produkt\/hund-brev-foto-collage\/","og_locale":"sv_SE","og_type":"article","og_title":"Hund Bokstav Fotocollage","og_description":"Visa upp din lurviga v\u00e4n och dela din k\u00e4rlek till ditt husdjur med alla som kommer in i ditt hem eller p\u00e5 ditt kontor  Inkludera en meningsfull personlig text  Anpassa i 3 enkla steg  V\u00e4lj en mall eller var kreativ  Se resultatet direkt \u2013 den interaktiva f\u00f6rhandsvisningen l\u00e5ter dig finjustera varje detalj","og_url":"https:\/\/positiveprints.com\/sv\/produkt\/hund-brev-foto-collage\/","og_site_name":"Positive Prints","article_publisher":"https:\/\/www.facebook.com\/positiveprintscom","article_modified_time":"2026-04-03T02:13:41+00:00","og_image":[{"width":1450,"height":1450,"url":"https:\/\/positiveprints.com\/wp-content\/uploads\/2024\/11\/Packshot_SE_Dog-Letter-Photo-Collage-product-image-.webp","type":"image\/webp"}],"twitter_card":"summary_large_image","twitter_misc":{"Ber\u00e4knad l\u00e4stid":"2 minut"},"schema":{"@context":"https:\/\/schema.org","@graph":[{"@type":["WebPage","ItemPage"],"@id":"https:\/\/positiveprints.com\/sv\/produkt\/hund-brev-foto-collage\/","url":"https:\/\/positiveprints.com\/sv\/produkt\/hund-brev-foto-collage\/","name":"Hundbrev fotocollage - positiva tryck","isPartOf":{"@id":"https:\/\/positiveprints.com\/sv\/#website"},"primaryImageOfPage":{"@id":"https:\/\/positiveprints.com\/sv\/produkt\/hund-brev-foto-collage\/#primaryimage"},"image":{"@id":"https:\/\/positiveprints.com\/sv\/produkt\/hund-brev-foto-collage\/#primaryimage"},"thumbnailUrl":"https:\/\/positiveprints.com\/wp-content\/uploads\/2026\/03\/Dog_EN.webp","datePublished":"2023-06-07T20:37:46+00:00","dateModified":"2026-04-03T02:13:41+00:00","description":"Skapa ett fotocollage med hundbokst\u00e4ver. Detta personliga tryck eller canvas \u00e4r ett speciellt och unikt s\u00e4tt att hylla bandet mellan dig och ditt \u00e4lskade husdjur.","breadcrumb":{"@id":"https:\/\/positiveprints.com\/sv\/produkt\/hund-brev-foto-collage\/#breadcrumb"},"inLanguage":"sv-SE","potentialAction":[{"@type":"ReadAction","target":["https:\/\/positiveprints.com\/sv\/produkt\/hund-brev-foto-collage\/"]}]},{"@type":"ImageObject","inLanguage":"sv-SE","@id":"https:\/\/positiveprints.com\/sv\/produkt\/hund-brev-foto-collage\/#primaryimage","url":"https:\/\/positiveprints.com\/wp-content\/uploads\/2026\/03\/Dog_EN.webp","contentUrl":"https:\/\/positiveprints.com\/wp-content\/uploads\/2026\/03\/Dog_EN.webp","width":1450,"height":1450},{"@type":"BreadcrumbList","@id":"https:\/\/positiveprints.com\/sv\/produkt\/hund-brev-foto-collage\/#breadcrumb","itemListElement":[{"@type":"ListItem","position":1,"name":"Home","item":"https:\/\/positiveprints.com\/sv\/"},{"@type":"ListItem","position":2,"name":"Produkter","item":"https:\/\/positiveprints.com\/sv\/shop\/"},{"@type":"ListItem","position":3,"name":"Hund Bokstav Fotocollage"}]},{"@type":"WebSite","@id":"https:\/\/positiveprints.com\/sv\/#website","url":"https:\/\/positiveprints.com\/sv\/","name":"Positive Prints","description":"Amazing Custom Personalized Gifts","publisher":{"@id":"https:\/\/positiveprints.com\/sv\/#organization"},"potentialAction":[{"@type":"SearchAction","target":{"@type":"EntryPoint","urlTemplate":"https:\/\/positiveprints.com\/sv\/?s={search_term_string}"},"query-input":{"@type":"PropertyValueSpecification","valueRequired":true,"valueName":"search_term_string"}}],"inLanguage":"sv-SE"},{"@type":"Organization","@id":"https:\/\/positiveprints.com\/sv\/#organization","name":"Positive Prints","alternateName":"Positive Prints","url":"https:\/\/positiveprints.com\/sv\/","logo":{"@type":"ImageObject","inLanguage":"sv-SE","@id":"https:\/\/positiveprints.com\/sv\/#\/schema\/logo\/image\/","url":"https:\/\/positiveprints.com\/wp-content\/uploads\/2026\/03\/245815646_1337939713319158_5671353136411139666_n.png","contentUrl":"https:\/\/positiveprints.com\/wp-content\/uploads\/2026\/03\/245815646_1337939713319158_5671353136411139666_n.png","width":800,"height":800,"caption":"Positive Prints"},"image":{"@id":"https:\/\/positiveprints.com\/sv\/#\/schema\/logo\/image\/"},"sameAs":["https:\/\/www.facebook.com\/positiveprintscom","https:\/\/www.instagram.com\/positiveprintscom\/","https:\/\/www.tiktok.com\/@positiveprintscom","https:\/\/www.pinterest.com\/positiveprintscom\/"]}]}},"jetpack_sharing_enabled":true,"_links":{"self":[{"href":"https:\/\/positiveprints.com\/sv\/wp-json\/wp\/v2\/product\/960975","targetHints":{"allow":["GET"]}}],"collection":[{"href":"https:\/\/positiveprints.com\/sv\/wp-json\/wp\/v2\/product"}],"about":[{"href":"https:\/\/positiveprints.com\/sv\/wp-json\/wp\/v2\/types\/product"}],"wp:featuredmedia":[{"embeddable":true,"href":"https:\/\/positiveprints.com\/sv\/wp-json\/wp\/v2\/media\/1671638"}],"wp:attachment":[{"href":"https:\/\/positiveprints.com\/sv\/wp-json\/wp\/v2\/media?parent=960975"}],"wp:term":[{"taxonomy":"product_brand","embeddable":true,"href":"https:\/\/positiveprints.com\/sv\/wp-json\/wp\/v2\/product_brand?post=960975"},{"taxonomy":"product_cat","embeddable":true,"href":"https:\/\/positiveprints.com\/sv\/wp-json\/wp\/v2\/product_cat?post=960975"},{"taxonomy":"product_tag","embeddable":true,"href":"https:\/\/positiveprints.com\/sv\/wp-json\/wp\/v2\/product_tag?post=960975"}],"curies":[{"name":"wp","href":"https:\/\/api.w.org\/{rel}","templated":true}]}}