{"id":960968,"date":"2023-06-07T12:25:32","date_gmt":"2023-06-07T11:25:32","guid":{"rendered":"https:\/\/positiveprints.com\/product\/familjenamn-fotocollage\/"},"modified":"2026-04-07T14:52:21","modified_gmt":"2026-04-07T13:52:21","slug":"familjenamn-foto-collage","status":"publish","type":"product","link":"https:\/\/positiveprints.com\/sv\/produkt\/familjenamn-foto-collage\/","title":{"rendered":"Familjenamn Fotocollage"},"content":{"rendered":"<h2 class=\"grenB f24 cblue\" style=\"margin-top: 3rem\">Personligt och unikt: Fotocollage med familjenamn<\/h2>\r\n          \r\n\r\n          \r\n\r\n          <p style=\"margin-top: 1rem\">Skapa en speciell och unik g\u00e5va med fotocollage med familjenamn. Detta personliga tryck eller canvas f\u00f6rvandlar dina \u00e4lskade familjefoton till ett fantastiskt collage i form av ditt efternamn. Oavsett om du letar efter en omt\u00e4nksam <a href=\"https:\/\/positiveprints.com\/christmas-gifts\/\">julklapp<\/a>, en <a href=\"https:\/\/positiveprints.com\/housewarming-gifts\/\">inflyttningspresent<\/a> eller en \u00f6verraskning till dina f\u00f6r\u00e4ldrar eller n\u00e5gon annan familjemedlem \u00e4r det h\u00e4r collaget det perfekta valet.<\/p>\r\n          \r\n\r\n          \r\n\r\n          <h2 class=\"grenB f24 cblue\" style=\"margin-top: 3rem\">Enkel och bekv\u00e4m skapandeprocess<\/h2>\r\n          \r\n\r\n          \r\n\r\n          <p style=\"margin-top: 1rem\">Det \u00e4r enkelt att skapa ditt eget fotocollage med efternamn med v\u00e5r anv\u00e4ndarv\u00e4nliga online-redigerare. Med bara tre enkla steg kan du skapa en g\u00e5va som l\u00e4mnar ett best\u00e5ende intryck. V\u00e5r onlineredakt\u00f6r \u00e4r utformad f\u00f6r att vara tillg\u00e4nglig och kan anv\u00e4ndas utan problem p\u00e5 b\u00e5de datorer och mobila enheter, vilket g\u00f6r det bekv\u00e4mt f\u00f6r alla. B\u00f6rja med att ange ditt efternamn och v\u00e4lj sedan f\u00e4rg f\u00f6r symbolernas konturer eller v\u00e4lj en ren vit kontur. Ladda sedan upp ett foto f\u00f6r varje bokstav i ditt efternamn, och ha friheten att zooma in, justera deras positioner och l\u00e4gga till ett personligt meddelande nedan. V\u00e4lj slutligen den storlek och det format som b\u00e4st passar dina \u00f6nskem\u00e5l, oavsett om det \u00e4r ett inramat tryck, en canvasduk eller en direkt digital nedladdningsfil.<\/p>\r\n          \r\n\r\n          \r\n\r\n          <h2 class=\"grenB f24 cblue\" style=\"margin-top: 3rem\">Meningsfullt och vackert<\/h2>\r\n          \r\n\r\n          \r\n\r\n          <p style=\"margin-top: 1rem\">N\u00e4r du letar efter en g\u00e5va som verkligen f\u00e5ngar familjens innersta v\u00e4sen \u00e4r fotocollage med familjenamn svaret. Detta personliga konstverk \u00e4r inte bara hj\u00e4rtev\u00e4rmande utan ocks\u00e5 visuellt fantastiskt. Den skiljer sig fr\u00e5n vanliga k\u00f6pta presenter, eftersom den \u00e5terspeglar de unika band och minnen som delas mellan familjemedlemmarna. Dina n\u00e4ra och k\u00e4ra kommer att bli r\u00f6rda av omtanken bakom denna anm\u00e4rkningsv\u00e4rda g\u00e5va och veta att deras familjenamn visas vackert med hj\u00e4lp av de v\u00e4rdefulla \u00f6gonblick som f\u00e5ngats i fotografier.<\/p>\r\n          \r\n\r\n          \r\n\r\n          <h2 class=\"grenB f24 cblue\" style=\"margin-top: 3rem\">Sl\u00e4pp loss din kreativitet med fotocollage med efternamn<\/h2>\r\n          \r\n\r\n          \r\n\r\n          <p style=\"margin-top: 1rem\">Uttryck din kreativitet och visa hur mycket du \u00e4lskar din familj genom detta fantastiska collage. Varje foto ber\u00e4ttar en historia och symboliserar ett speciellt minne, vilket g\u00f6r fotokollage med familjenamn till ett verkligt personligt konstverk. Det \u00e4r du som best\u00e4mmer hur du vill att bilderna ska se ut och arrangera dem p\u00e5 ett s\u00e4tt som passar din familjs personlighet och historia. Slutresultatet \u00e4r ett fantastiskt och skr\u00e4ddarsytt m\u00e4sterverk som kommer att bli en v\u00e4rdefull arvegods och hylla de band som h\u00e5ller din familj samman.<\/p>\r\n          \r\n\r\n          \r\n\r\n          <p style=\"margin-top: 1rem\">Best\u00e4ll ditt fotocollage med familjenamn idag och \u00f6verraska dina n\u00e4ra och k\u00e4ra med en innerlig och visuellt f\u00e4ngslande g\u00e5va. L\u00e5t denna unika skapelse bli en p\u00e5minnelse om den k\u00e4rlek, det skratt och den gl\u00e4dje som din familj delar, och skapa ett best\u00e5ende minne som kommer att uppskattas i m\u00e5nga \u00e5r fram\u00f6ver.<\/p>","protected":false},"excerpt":{"rendered":"\n<ul class=\"check-list\">\n<li>Skapa en speciell familjeklenod och visa din familjs historia p\u00e5 ett coolt och uppseendev\u00e4ckande s\u00e4tt.<\/li>\n<li>Inkludera en meningsfull personlig text<\/li>\n<li>Anpassa i 3 enkla steg<\/li>\n<li>V\u00e4lj en mall eller var kreativ<\/li>\n<li>Se resultatet direkt \u2013 den interaktiva f\u00f6rhandsvisningen l\u00e5ter dig finjustera varje detalj<\/li>\n<\/ul>\n","protected":false},"featured_media":1282823,"template":"","meta":[],"product_brand":[],"product_cat":[7459,8973,8108,15061,7854,11475],"product_tag":[16082,16081,8542,13470],"class_list":{"0":"post-960968","1":"product","2":"type-product","3":"status-publish","4":"has-post-thumbnail","6":"product_cat-alla-produkter","7":"product_cat-fotobrev","8":"product_cat-julpresenter","9":"product_cat-julklappar-till-familjen","10":"product_cat-gavor-till-familjen","11":"product_cat-julklappar-till-foraldrarna","12":"product_tag-cadeaux-de-noel-pour-la-famille-sv","13":"product_tag-family-fr-sv","14":"product_tag-family-sv","15":"product_tag-julklappar-till-familjen","17":"first","18":"instock","19":"sale","20":"taxable","21":"shipping-taxable","22":"purchasable","23":"product-type-variable"},"yoast_head":"<!-- This site is optimized with the Yoast SEO Premium plugin v27.2 (Yoast SEO v27.2) - https:\/\/yoast.com\/product\/yoast-seo-premium-wordpress\/ -->\n<title>Fotocollage med familjenamn - Positiva tryck<\/title>\n<meta name=\"description\" content=\"Family Name Photo Collage \u00e4r ett personligt tryck som f\u00f6rvandlar dina k\u00e4ra familjefoton till ett fantastiskt collage i form av ditt efternamn.\" \/>\n<meta name=\"robots\" content=\"index, follow, max-snippet:-1, max-image-preview:large, max-video-preview:-1\" \/>\n<link rel=\"canonical\" href=\"https:\/\/positiveprints.com\/sv\/produkt\/familjenamn-foto-collage\/\" \/>\n<meta property=\"og:locale\" content=\"sv_SE\" \/>\n<meta property=\"og:type\" content=\"article\" \/>\n<meta property=\"og:title\" content=\"Familjenamn Fotocollage\" \/>\n<meta property=\"og:description\" content=\"Skapa en speciell familjeklenod och visa din familjs historia p\u00e5 ett coolt och uppseendev\u00e4ckande s\u00e4tt.               Inkludera en meningsfull personlig text               Anpassa i 3 enkla steg               V\u00e4lj en mall eller var kreativ               Se resultatet direkt \u2013 den interaktiva f\u00f6rhandsvisningen l\u00e5ter dig finjustera varje detalj\" \/>\n<meta property=\"og:url\" content=\"https:\/\/positiveprints.com\/sv\/produkt\/familjenamn-foto-collage\/\" \/>\n<meta property=\"og:site_name\" content=\"Positive Prints\" \/>\n<meta property=\"article:publisher\" content=\"https:\/\/www.facebook.com\/positiveprintscom\" \/>\n<meta property=\"article:modified_time\" content=\"2026-04-07T13:52:21+00:00\" \/>\n<meta property=\"og:image\" content=\"https:\/\/positiveprints.com\/wp-content\/uploads\/2024\/11\/Packshot_SE_Family-Name-Photo-Collage-product-image-1.webp\" \/>\n\t<meta property=\"og:image:width\" content=\"1450\" \/>\n\t<meta property=\"og:image:height\" content=\"1450\" \/>\n\t<meta property=\"og:image:type\" content=\"image\/webp\" \/>\n<meta name=\"twitter:card\" content=\"summary_large_image\" \/>\n<meta name=\"twitter:label1\" content=\"Ber\u00e4knad l\u00e4stid\" \/>\n\t<meta name=\"twitter:data1\" content=\"2 minut\" \/>\n<!-- \/ Yoast SEO Premium plugin. -->","yoast_head_json":{"title":"Fotocollage med familjenamn - Positiva tryck","description":"Family Name Photo Collage \u00e4r ett personligt tryck som f\u00f6rvandlar dina k\u00e4ra familjefoton till ett fantastiskt collage i form av ditt efternamn.","robots":{"index":"index","follow":"follow","max-snippet":"max-snippet:-1","max-image-preview":"max-image-preview:large","max-video-preview":"max-video-preview:-1"},"canonical":"https:\/\/positiveprints.com\/sv\/produkt\/familjenamn-foto-collage\/","og_locale":"sv_SE","og_type":"article","og_title":"Familjenamn Fotocollage","og_description":"Skapa en speciell familjeklenod och visa din familjs historia p\u00e5 ett coolt och uppseendev\u00e4ckande s\u00e4tt.               Inkludera en meningsfull personlig text               Anpassa i 3 enkla steg               V\u00e4lj en mall eller var kreativ               Se resultatet direkt \u2013 den interaktiva f\u00f6rhandsvisningen l\u00e5ter dig finjustera varje detalj","og_url":"https:\/\/positiveprints.com\/sv\/produkt\/familjenamn-foto-collage\/","og_site_name":"Positive Prints","article_publisher":"https:\/\/www.facebook.com\/positiveprintscom","article_modified_time":"2026-04-07T13:52:21+00:00","og_image":[{"width":1450,"height":1450,"url":"https:\/\/positiveprints.com\/wp-content\/uploads\/2024\/11\/Packshot_SE_Family-Name-Photo-Collage-product-image-1.webp","type":"image\/webp"}],"twitter_card":"summary_large_image","twitter_misc":{"Ber\u00e4knad l\u00e4stid":"2 minut"},"schema":{"@context":"https:\/\/schema.org","@graph":[{"@type":["WebPage","ItemPage"],"@id":"https:\/\/positiveprints.com\/sv\/produkt\/familjenamn-foto-collage\/","url":"https:\/\/positiveprints.com\/sv\/produkt\/familjenamn-foto-collage\/","name":"Fotocollage med familjenamn - Positiva tryck","isPartOf":{"@id":"https:\/\/positiveprints.com\/sv\/#website"},"primaryImageOfPage":{"@id":"https:\/\/positiveprints.com\/sv\/produkt\/familjenamn-foto-collage\/#primaryimage"},"image":{"@id":"https:\/\/positiveprints.com\/sv\/produkt\/familjenamn-foto-collage\/#primaryimage"},"thumbnailUrl":"https:\/\/positiveprints.com\/wp-content\/uploads\/2024\/11\/Packshot_SE_Family-Name-Photo-Collage-product-image-1.webp","datePublished":"2023-06-07T11:25:32+00:00","dateModified":"2026-04-07T13:52:21+00:00","description":"Family Name Photo Collage \u00e4r ett personligt tryck som f\u00f6rvandlar dina k\u00e4ra familjefoton till ett fantastiskt collage i form av ditt efternamn.","breadcrumb":{"@id":"https:\/\/positiveprints.com\/sv\/produkt\/familjenamn-foto-collage\/#breadcrumb"},"inLanguage":"sv-SE","potentialAction":[{"@type":"ReadAction","target":["https:\/\/positiveprints.com\/sv\/produkt\/familjenamn-foto-collage\/"]}]},{"@type":"ImageObject","inLanguage":"sv-SE","@id":"https:\/\/positiveprints.com\/sv\/produkt\/familjenamn-foto-collage\/#primaryimage","url":"https:\/\/positiveprints.com\/wp-content\/uploads\/2024\/11\/Packshot_SE_Family-Name-Photo-Collage-product-image-1.webp","contentUrl":"https:\/\/positiveprints.com\/wp-content\/uploads\/2024\/11\/Packshot_SE_Family-Name-Photo-Collage-product-image-1.webp","width":1450,"height":1450},{"@type":"BreadcrumbList","@id":"https:\/\/positiveprints.com\/sv\/produkt\/familjenamn-foto-collage\/#breadcrumb","itemListElement":[{"@type":"ListItem","position":1,"name":"Home","item":"https:\/\/positiveprints.com\/sv\/"},{"@type":"ListItem","position":2,"name":"Produkter","item":"https:\/\/positiveprints.com\/sv\/shop\/"},{"@type":"ListItem","position":3,"name":"Familjenamn Fotocollage"}]},{"@type":"WebSite","@id":"https:\/\/positiveprints.com\/sv\/#website","url":"https:\/\/positiveprints.com\/sv\/","name":"Positive Prints","description":"Amazing Custom Personalized Gifts","publisher":{"@id":"https:\/\/positiveprints.com\/sv\/#organization"},"potentialAction":[{"@type":"SearchAction","target":{"@type":"EntryPoint","urlTemplate":"https:\/\/positiveprints.com\/sv\/?s={search_term_string}"},"query-input":{"@type":"PropertyValueSpecification","valueRequired":true,"valueName":"search_term_string"}}],"inLanguage":"sv-SE"},{"@type":"Organization","@id":"https:\/\/positiveprints.com\/sv\/#organization","name":"Positive Prints","alternateName":"Positive Prints","url":"https:\/\/positiveprints.com\/sv\/","logo":{"@type":"ImageObject","inLanguage":"sv-SE","@id":"https:\/\/positiveprints.com\/sv\/#\/schema\/logo\/image\/","url":"https:\/\/positiveprints.com\/wp-content\/uploads\/2026\/03\/245815646_1337939713319158_5671353136411139666_n.png","contentUrl":"https:\/\/positiveprints.com\/wp-content\/uploads\/2026\/03\/245815646_1337939713319158_5671353136411139666_n.png","width":800,"height":800,"caption":"Positive Prints"},"image":{"@id":"https:\/\/positiveprints.com\/sv\/#\/schema\/logo\/image\/"},"sameAs":["https:\/\/www.facebook.com\/positiveprintscom","https:\/\/www.instagram.com\/positiveprintscom\/","https:\/\/www.tiktok.com\/@positiveprintscom","https:\/\/www.pinterest.com\/positiveprintscom\/"]}]}},"jetpack_sharing_enabled":true,"_links":{"self":[{"href":"https:\/\/positiveprints.com\/sv\/wp-json\/wp\/v2\/product\/960968","targetHints":{"allow":["GET"]}}],"collection":[{"href":"https:\/\/positiveprints.com\/sv\/wp-json\/wp\/v2\/product"}],"about":[{"href":"https:\/\/positiveprints.com\/sv\/wp-json\/wp\/v2\/types\/product"}],"wp:featuredmedia":[{"embeddable":true,"href":"https:\/\/positiveprints.com\/sv\/wp-json\/wp\/v2\/media\/1282823"}],"wp:attachment":[{"href":"https:\/\/positiveprints.com\/sv\/wp-json\/wp\/v2\/media?parent=960968"}],"wp:term":[{"taxonomy":"product_brand","embeddable":true,"href":"https:\/\/positiveprints.com\/sv\/wp-json\/wp\/v2\/product_brand?post=960968"},{"taxonomy":"product_cat","embeddable":true,"href":"https:\/\/positiveprints.com\/sv\/wp-json\/wp\/v2\/product_cat?post=960968"},{"taxonomy":"product_tag","embeddable":true,"href":"https:\/\/positiveprints.com\/sv\/wp-json\/wp\/v2\/product_tag?post=960968"}],"curies":[{"name":"wp","href":"https:\/\/api.w.org\/{rel}","templated":true}]}}