{"id":960962,"date":"2023-06-07T11:04:30","date_gmt":"2023-06-07T10:04:30","guid":{"rendered":"https:\/\/positiveprints.com\/product\/familj-brev-foto-collage\/"},"modified":"2026-04-12T22:13:08","modified_gmt":"2026-04-12T21:13:08","slug":"familjebrev-foto-collage","status":"publish","type":"product","link":"https:\/\/positiveprints.com\/sv\/produkt\/familjebrev-foto-collage\/","title":{"rendered":"Familj Brev Foto Collage"},"content":{"rendered":"&nbsp;\r\n<h2 class=\"grenB f24 cblue\" style=\"margin-top: 3rem;\">Fotocollage med familjebrev: En personlig hyllning till familjens minnen<\/h2>\r\n<p style=\"margin-top: 1rem;\">Det har aldrig varit enklare att f\u00e5nga de viktigaste \u00f6gonblicken med familjen med fotokollaget Family Letter. Med denna unika produkt kan du f\u00f6rvandla dina favoritfoton till ett fantastiskt tryck eller en canvasduk i form av ordet &#8220;familj&#8221;. Oavsett om det \u00e4r en speciell <a href=\"https:\/\/positiveprints.com\/sv\/christmas-gifts\/\">julklapp<\/a>, en omt\u00e4nksam inflyttningspresent eller en innerlig gest till f\u00f6r\u00e4ldrar eller n\u00e5gon annan familjemedlem \u00e4r det h\u00e4r collaget det perfekta valet.<\/p>\r\n\r\n<h2 class=\"grenB f24 cblue\" style=\"margin-top: 3rem;\">Enkel skapandeprocess<\/h2>\r\n<p style=\"margin-top: 1rem;\">Det \u00e4r enkelt att skapa ditt eget fotocollage med familjebrev med hj\u00e4lp av v\u00e5r intuitiva online-redigerare. F\u00f6lj v\u00e5r enkla trestegsprocess s\u00e5 har du den perfekta presenten p\u00e5 nolltid. V\u00e5r anv\u00e4ndarv\u00e4nliga plattform \u00e4r ocks\u00e5 mobilv\u00e4nlig, s\u00e5 att du kan skapa ditt m\u00e4sterverk p\u00e5 vilken enhet som helst.<\/p>\r\n<p style=\"margin-top: 1rem;\">Till skillnad fr\u00e5n generiska g\u00e5vor \u00e4r Familjebrev fotocollage en innerlig hyllning som s\u00e4ger mycket om din k\u00e4rlek och uppskattning f\u00f6r din familj. Dess personliga karakt\u00e4r g\u00f6r den till en g\u00e5va som kommer att uppskattas i m\u00e5nga \u00e5r fram\u00f6ver och som st\u00e4ndigt p\u00e5minner om de speciella stunder och band som ni delar.<\/p>\r\n<p style=\"margin-top: 1rem;\">B\u00f6rja med att skriva in ordet &#8220;familj&#8221; i v\u00e5r editor. Om du har ett annat ord i \u00e5tanke, t.ex. ditt efternamn eller ett viktigt datum, kan du anv\u00e4nda det ist\u00e4llet. M\u00f6jligheterna \u00e4r o\u00e4ndliga, s\u00e5 att du kan skr\u00e4ddarsy collaget efter dina unika preferenser. Dessutom har du m\u00f6jlighet att v\u00e4lja en f\u00e4rg f\u00f6r symbolernas konturer eller v\u00e4lja vitt f\u00f6r ett rent och s\u00f6ml\u00f6st utseende.<\/p>\r\n<p style=\"margin-top: 1rem;\">Ladda sedan upp dina foton &#8211; ett f\u00f6r varje bokstav i det valda ordet. Med v\u00e5r editor kan du zooma in, justera positioner och se till att varje bild blir precis r\u00e4tt. Du kan \u00e4ven inkludera ett personligt meddelande under collaget, vilket ger en extra touch av v\u00e4rme och sentimentalitet.<\/p>\r\n<p style=\"margin-top: 1rem;\">I det sista steget kan du v\u00e4lja den storlek och det format som b\u00e4st passar dina behov. Oavsett om du f\u00f6redrar en inramad eller tryckt poster, canvas eller en direkt digital nedladdningsfil har vi det du beh\u00f6ver. Du kan vara s\u00e4ker p\u00e5 att ditt Family Letter Photo Collage kommer att levereras i det format som passar din vision.<\/p>\r\n\r\n<h2 class=\"grenB f24 cblue\" style=\"margin-top: 3rem;\">Fotocollage med familjebrev: Meningsfull och vacker present<\/h2>\r\n<p style=\"margin-top: 1rem;\">N\u00e4r det g\u00e4ller att hitta en meningsfull g\u00e5va till din familj beh\u00f6ver du inte leta l\u00e4ngre \u00e4n Family Letter Photo Collage. Detta personliga m\u00e4sterverk \u00e4r ett innerligt s\u00e4tt att fira de band som knyter oss samman. Till skillnad fr\u00e5n alla andra k\u00f6pta presenter \u00e4r detta collage ett unikt och vackert konstverk som f\u00e5ngar essensen av din familjs k\u00e4rlek och samh\u00f6righet.<\/p>\r\n<p style=\"margin-top: 1rem;\">Varje fotocollage med familjebrev \u00e4r utformat f\u00f6r att bevara dina mest v\u00e4rdefulla minnen p\u00e5 ett enast\u00e5ende s\u00e4tt. Den fungerar som en visuell tidskapsel och sammanfattar den gl\u00e4dje, det skratt och den k\u00e4rlek som k\u00e4nnetecknar din familj.<\/p>\r\n<p style=\"margin-top: 1rem;\">Med Family Letter Photo Collage har du fullst\u00e4ndig kontroll \u00f6ver slutprodukten. Fr\u00e5n att v\u00e4lja det ord som representerar din familj till att anpassa f\u00e4rgschemat och l\u00e4gga till personliga meddelanden, kan du skr\u00e4ddarsy varje aspekt f\u00f6r att \u00e5terspegla din unika smak och preferenser.<\/p>\r\n<p style=\"margin-top: 1rem;\">Sammanfattningsvis \u00e4r fotocollage med familjebrev det ultimata s\u00e4ttet att hylla familjen och skapa ett best\u00e5ende minne. Med sin anv\u00e4ndarv\u00e4nliga skapandeprocess, personliga touch och vackra design framst\u00e5r den som en verkligt speciell g\u00e5va. Bevara dina v\u00e4rdefulla minnen, visa din individualitet och uttryck din k\u00e4rlek till din familj med detta exceptionella collage.<\/p>","protected":false},"excerpt":{"rendered":"<p>&nbsp;<\/p>\n<ul class=\"check-list\">\n<li>Inkludera en meningsfull personlig text<\/li>\n<li>Anpassa i 3 enkla steg<\/li>\n<li>V\u00e4lj en mall eller var kreativ<\/li>\n<li>Se resultatet direkt \u2013 den interaktiva f\u00f6rhandsvisningen l\u00e5ter dig finjustera varje detalj<\/li>\n<\/ul>\n","protected":false},"featured_media":1671241,"template":"","meta":[],"product_brand":[],"product_cat":[9000,7459,7694,8014,8973,8108,7854,15061,11475],"product_tag":[16082,16076,16077,16081,16078,16079,16080],"class_list":{"0":"post-960962","1":"product","2":"type-product","3":"status-publish","4":"has-post-thumbnail","6":"product_cat-aldreomsorgens-dag","7":"product_cat-alla-produkter","8":"product_cat-gavor-for-kvinnor","9":"product_cat-gavor-for-man","10":"product_cat-fotobrev","11":"product_cat-julpresenter","12":"product_cat-gavor-till-familjen","13":"product_cat-julklappar-till-familjen","14":"product_cat-julklappar-till-foraldrarna","15":"product_tag-cadeaux-de-noel-pour-la-famille-sv","16":"product_tag-family-gift-ideas-sv","17":"product_tag-family-gifts-sv","18":"product_tag-family-fr-sv","19":"product_tag-gift-for-family-sv","20":"product_tag-gifts-for-family-sv","21":"product_tag-personalized-family-gifts-sv","23":"first","24":"instock","25":"sale","26":"taxable","27":"shipping-taxable","28":"purchasable","29":"product-type-variable"},"yoast_head":"<!-- This site is optimized with the Yoast SEO Premium plugin v27.2 (Yoast SEO v27.2) - https:\/\/yoast.com\/product\/yoast-seo-premium-wordpress\/ -->\n<title>Familj Brev Foto Collage - Positive Prints<\/title>\n<meta name=\"description\" content=\"Skapa ett personligt fotokollage med familjebokst\u00e4ver! En unik familjeg\u00e5va fylld med k\u00e4ra minnen \u2013 perfekt f\u00f6r att fira k\u00e4rlek och gemenskap.\" \/>\n<meta name=\"robots\" content=\"index, follow, max-snippet:-1, max-image-preview:large, max-video-preview:-1\" \/>\n<link rel=\"canonical\" href=\"https:\/\/positiveprints.com\/sv\/produkt\/familjebrev-foto-collage\/\" \/>\n<meta property=\"og:locale\" content=\"sv_SE\" \/>\n<meta property=\"og:type\" content=\"article\" \/>\n<meta property=\"og:title\" content=\"Familj Brev Foto Collage\" \/>\n<meta property=\"og:description\" content=\"&nbsp;   Inkludera en meningsfull personlig text  Anpassa i 3 enkla steg  V\u00e4lj en mall eller var kreativ  Se resultatet direkt \u2013 den interaktiva f\u00f6rhandsvisningen l\u00e5ter dig finjustera varje detalj\" \/>\n<meta property=\"og:url\" content=\"https:\/\/positiveprints.com\/sv\/produkt\/familjebrev-foto-collage\/\" \/>\n<meta property=\"og:site_name\" content=\"Positive Prints\" \/>\n<meta property=\"article:publisher\" content=\"https:\/\/www.facebook.com\/positiveprintscom\" \/>\n<meta property=\"article:modified_time\" content=\"2026-04-12T21:13:08+00:00\" \/>\n<meta property=\"og:image\" content=\"https:\/\/positiveprints.com\/wp-content\/uploads\/2025\/03\/Packshot_SE_FAMILJ.webp\" \/>\n\t<meta property=\"og:image:width\" content=\"1450\" \/>\n\t<meta property=\"og:image:height\" content=\"1450\" \/>\n\t<meta property=\"og:image:type\" content=\"image\/webp\" \/>\n<meta name=\"twitter:card\" content=\"summary_large_image\" \/>\n<meta name=\"twitter:label1\" content=\"Ber\u00e4knad l\u00e4stid\" \/>\n\t<meta name=\"twitter:data1\" content=\"3 minut\" \/>\n<!-- \/ Yoast SEO Premium plugin. -->","yoast_head_json":{"title":"Familj Brev Foto Collage - Positive Prints","description":"Skapa ett personligt fotokollage med familjebokst\u00e4ver! En unik familjeg\u00e5va fylld med k\u00e4ra minnen \u2013 perfekt f\u00f6r att fira k\u00e4rlek och gemenskap.","robots":{"index":"index","follow":"follow","max-snippet":"max-snippet:-1","max-image-preview":"max-image-preview:large","max-video-preview":"max-video-preview:-1"},"canonical":"https:\/\/positiveprints.com\/sv\/produkt\/familjebrev-foto-collage\/","og_locale":"sv_SE","og_type":"article","og_title":"Familj Brev Foto Collage","og_description":"&nbsp;   Inkludera en meningsfull personlig text  Anpassa i 3 enkla steg  V\u00e4lj en mall eller var kreativ  Se resultatet direkt \u2013 den interaktiva f\u00f6rhandsvisningen l\u00e5ter dig finjustera varje detalj","og_url":"https:\/\/positiveprints.com\/sv\/produkt\/familjebrev-foto-collage\/","og_site_name":"Positive Prints","article_publisher":"https:\/\/www.facebook.com\/positiveprintscom","article_modified_time":"2026-04-12T21:13:08+00:00","og_image":[{"width":1450,"height":1450,"url":"https:\/\/positiveprints.com\/wp-content\/uploads\/2025\/03\/Packshot_SE_FAMILJ.webp","type":"image\/webp"}],"twitter_card":"summary_large_image","twitter_misc":{"Ber\u00e4knad l\u00e4stid":"3 minut"},"schema":{"@context":"https:\/\/schema.org","@graph":[{"@type":["WebPage","ItemPage"],"@id":"https:\/\/positiveprints.com\/sv\/produkt\/familjebrev-foto-collage\/","url":"https:\/\/positiveprints.com\/sv\/produkt\/familjebrev-foto-collage\/","name":"Familj Brev Foto Collage - Positive Prints","isPartOf":{"@id":"https:\/\/positiveprints.com\/sv\/#website"},"primaryImageOfPage":{"@id":"https:\/\/positiveprints.com\/sv\/produkt\/familjebrev-foto-collage\/#primaryimage"},"image":{"@id":"https:\/\/positiveprints.com\/sv\/produkt\/familjebrev-foto-collage\/#primaryimage"},"thumbnailUrl":"https:\/\/positiveprints.com\/wp-content\/uploads\/2026\/03\/Family_EN.webp","datePublished":"2023-06-07T10:04:30+00:00","dateModified":"2026-04-12T21:13:08+00:00","description":"Skapa ett personligt fotokollage med familjebokst\u00e4ver! En unik familjeg\u00e5va fylld med k\u00e4ra minnen \u2013 perfekt f\u00f6r att fira k\u00e4rlek och gemenskap.","breadcrumb":{"@id":"https:\/\/positiveprints.com\/sv\/produkt\/familjebrev-foto-collage\/#breadcrumb"},"inLanguage":"sv-SE","potentialAction":[{"@type":"ReadAction","target":["https:\/\/positiveprints.com\/sv\/produkt\/familjebrev-foto-collage\/"]}]},{"@type":"ImageObject","inLanguage":"sv-SE","@id":"https:\/\/positiveprints.com\/sv\/produkt\/familjebrev-foto-collage\/#primaryimage","url":"https:\/\/positiveprints.com\/wp-content\/uploads\/2026\/03\/Family_EN.webp","contentUrl":"https:\/\/positiveprints.com\/wp-content\/uploads\/2026\/03\/Family_EN.webp","width":1450,"height":1450},{"@type":"BreadcrumbList","@id":"https:\/\/positiveprints.com\/sv\/produkt\/familjebrev-foto-collage\/#breadcrumb","itemListElement":[{"@type":"ListItem","position":1,"name":"Home","item":"https:\/\/positiveprints.com\/sv\/"},{"@type":"ListItem","position":2,"name":"Produkter","item":"https:\/\/positiveprints.com\/sv\/shop\/"},{"@type":"ListItem","position":3,"name":"Familj Brev Foto Collage"}]},{"@type":"WebSite","@id":"https:\/\/positiveprints.com\/sv\/#website","url":"https:\/\/positiveprints.com\/sv\/","name":"Positive Prints","description":"Amazing Custom Personalized Gifts","publisher":{"@id":"https:\/\/positiveprints.com\/sv\/#organization"},"potentialAction":[{"@type":"SearchAction","target":{"@type":"EntryPoint","urlTemplate":"https:\/\/positiveprints.com\/sv\/?s={search_term_string}"},"query-input":{"@type":"PropertyValueSpecification","valueRequired":true,"valueName":"search_term_string"}}],"inLanguage":"sv-SE"},{"@type":"Organization","@id":"https:\/\/positiveprints.com\/sv\/#organization","name":"Positive Prints","alternateName":"Positive Prints","url":"https:\/\/positiveprints.com\/sv\/","logo":{"@type":"ImageObject","inLanguage":"sv-SE","@id":"https:\/\/positiveprints.com\/sv\/#\/schema\/logo\/image\/","url":"https:\/\/positiveprints.com\/wp-content\/uploads\/2026\/03\/245815646_1337939713319158_5671353136411139666_n.png","contentUrl":"https:\/\/positiveprints.com\/wp-content\/uploads\/2026\/03\/245815646_1337939713319158_5671353136411139666_n.png","width":800,"height":800,"caption":"Positive Prints"},"image":{"@id":"https:\/\/positiveprints.com\/sv\/#\/schema\/logo\/image\/"},"sameAs":["https:\/\/www.facebook.com\/positiveprintscom","https:\/\/www.instagram.com\/positiveprintscom\/","https:\/\/www.tiktok.com\/@positiveprintscom","https:\/\/www.pinterest.com\/positiveprintscom\/"]}]}},"jetpack_sharing_enabled":true,"_links":{"self":[{"href":"https:\/\/positiveprints.com\/sv\/wp-json\/wp\/v2\/product\/960962","targetHints":{"allow":["GET"]}}],"collection":[{"href":"https:\/\/positiveprints.com\/sv\/wp-json\/wp\/v2\/product"}],"about":[{"href":"https:\/\/positiveprints.com\/sv\/wp-json\/wp\/v2\/types\/product"}],"wp:featuredmedia":[{"embeddable":true,"href":"https:\/\/positiveprints.com\/sv\/wp-json\/wp\/v2\/media\/1671241"}],"wp:attachment":[{"href":"https:\/\/positiveprints.com\/sv\/wp-json\/wp\/v2\/media?parent=960962"}],"wp:term":[{"taxonomy":"product_brand","embeddable":true,"href":"https:\/\/positiveprints.com\/sv\/wp-json\/wp\/v2\/product_brand?post=960962"},{"taxonomy":"product_cat","embeddable":true,"href":"https:\/\/positiveprints.com\/sv\/wp-json\/wp\/v2\/product_cat?post=960962"},{"taxonomy":"product_tag","embeddable":true,"href":"https:\/\/positiveprints.com\/sv\/wp-json\/wp\/v2\/product_tag?post=960962"}],"curies":[{"name":"wp","href":"https:\/\/api.w.org\/{rel}","templated":true}]}}