{"id":960952,"date":"2023-10-05T15:30:58","date_gmt":"2023-10-05T14:30:58","guid":{"rendered":"https:\/\/positiveprints.com\/product\/nygifta-brev-fotocollage\/"},"modified":"2026-04-12T21:38:06","modified_gmt":"2026-04-12T20:38:06","slug":"brev-till-nygifta-fotokollage","status":"publish","type":"product","link":"https:\/\/positiveprints.com\/sv\/produkt\/brev-till-nygifta-fotokollage\/","title":{"rendered":"Nygifta Brev Fotocollage"},"content":{"rendered":"<h2 class=\"grenB f24 cblue\" style=\"margin-top: 3rem\">F\u00e5nga deras k\u00e4rlek med ett personligt fotocollage med brev till nygifta<\/h2>\r\n          \r\n\r\n          \r\n\r\n          <p style=\"margin-top: 1rem\">The Newlyweds Letter Photo Collage \u00e4r ett extraordin\u00e4rt och unikt personligt tryck eller en canvasduk skapad av dina egna foton. Med detta exceptionella collage kan du forma dina foton till ett ord, vilket g\u00f6r det till en verkligt speciell present till nygifta.<\/p>\r\n          \r\n\r\n          \r\n\r\n          <h2 class=\"grenB f24 cblue\" style=\"margin-top: 3rem\">Skapa ditt perfekta fotocollage med brev fr\u00e5n nygifta i bara tre enkla steg<\/h2>\r\n          \r\n\r\n          \r\n\r\n          <p style=\"margin-top: 1rem\">Att skapa ett fotocollage med nygifta brev \u00e4r superenkelt med v\u00e5r praktiska online-redigerare. Med bara tre enkla steg kan du enkelt designa den perfekta presenten. V\u00e5r anv\u00e4ndarv\u00e4nliga editor \u00e4r kompatibel med mobila enheter, s\u00e5 att du kan skapa ditt m\u00e4sterverk var du \u00e4n befinner dig. S\u00e4g adj\u00f6 till timmar av frustration och hej till en stressfri upplevelse!<\/p>\r\n          \r\n\r\n          \r\n\r\n          <p style=\"margin-top: 1rem\">F\u00f6r att komma ig\u00e5ng v\u00e4ljer du helt enkelt ett ord som har betydelse f\u00f6r paret. Det kan vara deras efternamn, initialer, br\u00f6llopsdatum eller till och med ord som &#8220;k\u00e4rlek&#8221; eller &#8220;alltid&#8221; &#8211; alternativen \u00e4r o\u00e4ndliga! N\u00e4r du har valt ordet kan du anpassa collaget ytterligare genom att v\u00e4lja en f\u00e4rg f\u00f6r symbolernas konturer eller v\u00e4lja en ren vit kontur.<\/p>\r\n          \r\n\r\n          \r\n\r\n          <p style=\"margin-top: 1rem\">N\u00e4sta steg \u00e4r att ladda upp dina foton. Du beh\u00f6ver ett foto f\u00f6r varje bokstav i det valda ordet. Med v\u00e5r editor kan du zooma in, justera bildernas position och verkligen skr\u00e4ddarsy arrangemanget. Dessutom kan du l\u00e4gga till ett personligt meddelande under collaget f\u00f6r att g\u00f6ra det \u00e4nnu mer speciellt.<\/p>\r\n          \r\n\r\n          \r\n\r\n          <p style=\"margin-top: 1rem\">N\u00e4r du \u00e4r n\u00f6jd med din skapelse \u00e4r det dags att v\u00e4lja den storlek och det format som passar dina behov. Du kan best\u00e4lla ett inramat tryck, en tryckt affisch, en fantastisk canvasduk eller till och med en digital nedladdningsfil &#8211; valet \u00e4r ditt!<\/p>\r\n          \r\n\r\n          \r\n\r\n          <h2 class=\"grenB f24 cblue\" style=\"margin-top: 3rem\">Ett unikt och meningsfullt tillskott till nygifta pars vardagsrum<\/h2>\r\n          \r\n\r\n          \r\n\r\n          <p style=\"margin-top: 1rem\">Om du letar efter en meningsfull present till nygifta \u00e4r Newlyweds Letter Photo Collage det perfekta valet. Det kommer utan tvekan att bli ett sl\u00e5ende tillskott i deras vardagsrum, med en personlig pr\u00e4gel och visar upp deras k\u00e4ra stunder tillsammans. Till skillnad fr\u00e5n alla andra presenter du kan hitta p\u00e5 en butikshylla \u00e4r det h\u00e4r collaget unikt och vackert och f\u00e5ngar essensen av deras k\u00e4rlek och engagemang.<\/p>\r\n          \r\n\r\n          \r\n\r\n          <p style=\"margin-top: 1rem\">\u00d6verraska det lyckliga paret med ett fotocollage med nygifta brev och se hur deras ansikten lyser upp av gl\u00e4dje och uppskattning. Fira deras f\u00f6rening p\u00e5 ett riktigt anm\u00e4rkningsv\u00e4rt s\u00e4tt med denna of\u00f6rgl\u00f6mliga g\u00e5va. Best\u00e4ll ditt exemplar idag och l\u00e5t k\u00e4rleken lysa igenom!<\/p>","protected":false},"excerpt":{"rendered":"\n<ul class=\"check-list\">\n<li>Skapa ett best\u00e5ende minne av de nygiftas speciella dag som kommer att p\u00e5minna om deras k\u00e4rlek och engagemang f\u00f6r varandra<\/li>\n<li>Inkludera en meningsfull personlig text<\/li>\n<li>Anpassa i 3 enkla steg<\/li>\n<li>V\u00e4lj en mall eller var kreativ<\/li>\n<li>Se resultatet direkt \u2013 den interaktiva f\u00f6rhandsvisningen l\u00e5ter dig finjustera varje detalj<\/li>\n<\/ul>\n","protected":false},"featured_media":1288154,"template":"","meta":[],"product_brand":[],"product_cat":[7459,8973],"product_tag":[],"class_list":{"0":"post-960952","1":"product","2":"type-product","3":"status-publish","4":"has-post-thumbnail","6":"product_cat-alla-produkter","7":"product_cat-fotobrev","9":"first","10":"instock","11":"sale","12":"taxable","13":"shipping-taxable","14":"purchasable","15":"product-type-variable"},"yoast_head":"<!-- This site is optimized with the Yoast SEO Premium plugin v27.2 (Yoast SEO v27.2) - https:\/\/yoast.com\/product\/yoast-seo-premium-wordpress\/ -->\n<title>Fotocollage med brev fr\u00e5n nygifta - Positiva tryck<\/title>\n<meta name=\"description\" content=\"\u00d6verraska det lyckliga paret med ett fotocollage med nygifta brev och se hur deras ansikten lyser upp av gl\u00e4dje och uppskattning.\" \/>\n<meta name=\"robots\" content=\"index, follow, max-snippet:-1, max-image-preview:large, max-video-preview:-1\" \/>\n<link rel=\"canonical\" href=\"https:\/\/positiveprints.com\/sv\/produkt\/brev-till-nygifta-fotokollage\/\" \/>\n<meta property=\"og:locale\" content=\"sv_SE\" \/>\n<meta property=\"og:type\" content=\"article\" \/>\n<meta property=\"og:title\" content=\"Nygifta Brev Fotocollage\" \/>\n<meta property=\"og:description\" content=\"Skapa ett best\u00e5ende minne av de nygiftas speciella dag som kommer att p\u00e5minna om deras k\u00e4rlek och engagemang f\u00f6r varandra               Inkludera en meningsfull personlig text               Anpassa i 3 enkla steg               V\u00e4lj en mall eller var kreativ               Se resultatet direkt \u2013 den interaktiva f\u00f6rhandsvisningen l\u00e5ter dig finjustera varje detalj\" \/>\n<meta property=\"og:url\" content=\"https:\/\/positiveprints.com\/sv\/produkt\/brev-till-nygifta-fotokollage\/\" \/>\n<meta property=\"og:site_name\" content=\"Positive Prints\" \/>\n<meta property=\"article:publisher\" content=\"https:\/\/www.facebook.com\/positiveprintscom\" \/>\n<meta property=\"article:modified_time\" content=\"2026-04-12T20:38:06+00:00\" \/>\n<meta property=\"og:image\" content=\"https:\/\/positiveprints.com\/wp-content\/uploads\/2024\/11\/Packshot_SE_Newlyweds-Letter-Photo-Collage-product-image.webp\" \/>\n\t<meta property=\"og:image:width\" content=\"1450\" \/>\n\t<meta property=\"og:image:height\" content=\"1450\" \/>\n\t<meta property=\"og:image:type\" content=\"image\/webp\" \/>\n<meta name=\"twitter:card\" content=\"summary_large_image\" \/>\n<meta name=\"twitter:label1\" content=\"Ber\u00e4knad l\u00e4stid\" \/>\n\t<meta name=\"twitter:data1\" content=\"2 minut\" \/>\n<!-- \/ Yoast SEO Premium plugin. -->","yoast_head_json":{"title":"Fotocollage med brev fr\u00e5n nygifta - Positiva tryck","description":"\u00d6verraska det lyckliga paret med ett fotocollage med nygifta brev och se hur deras ansikten lyser upp av gl\u00e4dje och uppskattning.","robots":{"index":"index","follow":"follow","max-snippet":"max-snippet:-1","max-image-preview":"max-image-preview:large","max-video-preview":"max-video-preview:-1"},"canonical":"https:\/\/positiveprints.com\/sv\/produkt\/brev-till-nygifta-fotokollage\/","og_locale":"sv_SE","og_type":"article","og_title":"Nygifta Brev Fotocollage","og_description":"Skapa ett best\u00e5ende minne av de nygiftas speciella dag som kommer att p\u00e5minna om deras k\u00e4rlek och engagemang f\u00f6r varandra               Inkludera en meningsfull personlig text               Anpassa i 3 enkla steg               V\u00e4lj en mall eller var kreativ               Se resultatet direkt \u2013 den interaktiva f\u00f6rhandsvisningen l\u00e5ter dig finjustera varje detalj","og_url":"https:\/\/positiveprints.com\/sv\/produkt\/brev-till-nygifta-fotokollage\/","og_site_name":"Positive Prints","article_publisher":"https:\/\/www.facebook.com\/positiveprintscom","article_modified_time":"2026-04-12T20:38:06+00:00","og_image":[{"width":1450,"height":1450,"url":"https:\/\/positiveprints.com\/wp-content\/uploads\/2024\/11\/Packshot_SE_Newlyweds-Letter-Photo-Collage-product-image.webp","type":"image\/webp"}],"twitter_card":"summary_large_image","twitter_misc":{"Ber\u00e4knad l\u00e4stid":"2 minut"},"schema":{"@context":"https:\/\/schema.org","@graph":[{"@type":["WebPage","ItemPage"],"@id":"https:\/\/positiveprints.com\/sv\/produkt\/brev-till-nygifta-fotokollage\/","url":"https:\/\/positiveprints.com\/sv\/produkt\/brev-till-nygifta-fotokollage\/","name":"Fotocollage med brev fr\u00e5n nygifta - Positiva tryck","isPartOf":{"@id":"https:\/\/positiveprints.com\/sv\/#website"},"primaryImageOfPage":{"@id":"https:\/\/positiveprints.com\/sv\/produkt\/brev-till-nygifta-fotokollage\/#primaryimage"},"image":{"@id":"https:\/\/positiveprints.com\/sv\/produkt\/brev-till-nygifta-fotokollage\/#primaryimage"},"thumbnailUrl":"https:\/\/positiveprints.com\/wp-content\/uploads\/2024\/11\/Packshot_SE_Newlyweds-Letter-Photo-Collage-product-image.webp","datePublished":"2023-10-05T14:30:58+00:00","dateModified":"2026-04-12T20:38:06+00:00","description":"\u00d6verraska det lyckliga paret med ett fotocollage med nygifta brev och se hur deras ansikten lyser upp av gl\u00e4dje och uppskattning.","breadcrumb":{"@id":"https:\/\/positiveprints.com\/sv\/produkt\/brev-till-nygifta-fotokollage\/#breadcrumb"},"inLanguage":"sv-SE","potentialAction":[{"@type":"ReadAction","target":["https:\/\/positiveprints.com\/sv\/produkt\/brev-till-nygifta-fotokollage\/"]}]},{"@type":"ImageObject","inLanguage":"sv-SE","@id":"https:\/\/positiveprints.com\/sv\/produkt\/brev-till-nygifta-fotokollage\/#primaryimage","url":"https:\/\/positiveprints.com\/wp-content\/uploads\/2024\/11\/Packshot_SE_Newlyweds-Letter-Photo-Collage-product-image.webp","contentUrl":"https:\/\/positiveprints.com\/wp-content\/uploads\/2024\/11\/Packshot_SE_Newlyweds-Letter-Photo-Collage-product-image.webp","width":1450,"height":1450},{"@type":"BreadcrumbList","@id":"https:\/\/positiveprints.com\/sv\/produkt\/brev-till-nygifta-fotokollage\/#breadcrumb","itemListElement":[{"@type":"ListItem","position":1,"name":"Home","item":"https:\/\/positiveprints.com\/sv\/"},{"@type":"ListItem","position":2,"name":"Produkter","item":"https:\/\/positiveprints.com\/sv\/shop\/"},{"@type":"ListItem","position":3,"name":"Nygifta Brev Fotocollage"}]},{"@type":"WebSite","@id":"https:\/\/positiveprints.com\/sv\/#website","url":"https:\/\/positiveprints.com\/sv\/","name":"Positive Prints","description":"Amazing Custom Personalized Gifts","publisher":{"@id":"https:\/\/positiveprints.com\/sv\/#organization"},"potentialAction":[{"@type":"SearchAction","target":{"@type":"EntryPoint","urlTemplate":"https:\/\/positiveprints.com\/sv\/?s={search_term_string}"},"query-input":{"@type":"PropertyValueSpecification","valueRequired":true,"valueName":"search_term_string"}}],"inLanguage":"sv-SE"},{"@type":"Organization","@id":"https:\/\/positiveprints.com\/sv\/#organization","name":"Positive Prints","alternateName":"Positive Prints","url":"https:\/\/positiveprints.com\/sv\/","logo":{"@type":"ImageObject","inLanguage":"sv-SE","@id":"https:\/\/positiveprints.com\/sv\/#\/schema\/logo\/image\/","url":"https:\/\/positiveprints.com\/wp-content\/uploads\/2026\/03\/245815646_1337939713319158_5671353136411139666_n.png","contentUrl":"https:\/\/positiveprints.com\/wp-content\/uploads\/2026\/03\/245815646_1337939713319158_5671353136411139666_n.png","width":800,"height":800,"caption":"Positive Prints"},"image":{"@id":"https:\/\/positiveprints.com\/sv\/#\/schema\/logo\/image\/"},"sameAs":["https:\/\/www.facebook.com\/positiveprintscom","https:\/\/www.instagram.com\/positiveprintscom\/","https:\/\/www.tiktok.com\/@positiveprintscom","https:\/\/www.pinterest.com\/positiveprintscom\/"]}]}},"jetpack_sharing_enabled":true,"_links":{"self":[{"href":"https:\/\/positiveprints.com\/sv\/wp-json\/wp\/v2\/product\/960952","targetHints":{"allow":["GET"]}}],"collection":[{"href":"https:\/\/positiveprints.com\/sv\/wp-json\/wp\/v2\/product"}],"about":[{"href":"https:\/\/positiveprints.com\/sv\/wp-json\/wp\/v2\/types\/product"}],"wp:featuredmedia":[{"embeddable":true,"href":"https:\/\/positiveprints.com\/sv\/wp-json\/wp\/v2\/media\/1288154"}],"wp:attachment":[{"href":"https:\/\/positiveprints.com\/sv\/wp-json\/wp\/v2\/media?parent=960952"}],"wp:term":[{"taxonomy":"product_brand","embeddable":true,"href":"https:\/\/positiveprints.com\/sv\/wp-json\/wp\/v2\/product_brand?post=960952"},{"taxonomy":"product_cat","embeddable":true,"href":"https:\/\/positiveprints.com\/sv\/wp-json\/wp\/v2\/product_cat?post=960952"},{"taxonomy":"product_tag","embeddable":true,"href":"https:\/\/positiveprints.com\/sv\/wp-json\/wp\/v2\/product_tag?post=960952"}],"curies":[{"name":"wp","href":"https:\/\/api.w.org\/{rel}","templated":true}]}}