{"id":960946,"date":"2023-10-05T15:26:59","date_gmt":"2023-10-05T14:26:59","guid":{"rendered":"https:\/\/positiveprints.com\/product\/fotocollage-av-baby\/"},"modified":"2026-04-23T11:17:18","modified_gmt":"2026-04-23T10:17:18","slug":"baby-foto-collage","status":"publish","type":"product","link":"https:\/\/positiveprints.com\/sv\/produkt\/baby-foto-collage\/","title":{"rendered":"Fotocollage av baby"},"content":{"rendered":"<h2 class=\"grenB f24 cblue\" style=\"margin-top: 3rem\">G\u00f6r dina minnen personliga med babyfotocollage<\/h2>\r\n          \r\n\r\n          \r\n\r\n          \r\n\r\n          <p style=\"margin-top: 1rem\">Babyfotocollage \u00e4r ett fantastiskt s\u00e4tt att bevara dina v\u00e4rdefulla minnen och skapa ett unikt och personligt tryck eller canvas. Med det h\u00e4r speciella collaget kan du forma dina foton till olika symboler, t.ex. stj\u00e4rnor, fotavtryck, hj\u00e4rtan eller h\u00e4nder. Dessutom har du m\u00f6jlighet att anv\u00e4nda siffror eller bokst\u00e4ver f\u00f6r att g\u00f6ra det \u00e4nnu mer meningsfullt. Denna extraordin\u00e4ra skapelse \u00e4r inte bara en perfekt present till en bebis f\u00f6delsedag, utan fungerar ocks\u00e5 som en underbar dekoration f\u00f6r alla barnrum.<\/p>\r\n          \r\n\r\n          \r\n\r\n          <h2 class=\"grenB f24 cblue\" style=\"margin-top: 3rem\">S\u00e5 skapar du ett fantastiskt fotocollage med babybilder<\/h2>\r\n          \r\n\r\n          \r\n\r\n          <p style=\"margin-top: 1rem\">Du kan skapa ett fotocollage med bebisnamn med v\u00e5r anv\u00e4ndarv\u00e4nliga online-redigerare. Processen \u00e4r lika enkel som 1-2-3, och du kan slutf\u00f6ra den p\u00e5 nolltid. Oavsett om du anv\u00e4nder en dator eller en mobil enhet garanterar v\u00e5r redakt\u00f6r en s\u00f6ml\u00f6s upplevelse. V\u00e4lj f\u00f6rst ut de symboler eller bokst\u00e4ver som du vill ha med i din layout. Det \u00e4r h\u00e4r du kan l\u00e5ta din kreativitet lysa genom att arrangera en unik sekvens av symboler, bokst\u00e4ver och siffror. Du kan t.ex. v\u00e4lja den f\u00f6rsta bokstaven i ditt barns namn och kombinera den med speciella babysymboler som ballonger eller fotavtryck. M\u00f6jligheterna \u00e4r o\u00e4ndliga! Om du vill l\u00e4gga till en touch av stil kan du v\u00e4lja en f\u00e4rg f\u00f6r symbolernas konturer eller v\u00e4lja en ren och enkel vit kontur.<\/p>\r\n          \r\n\r\n          \r\n\r\n          <p style=\"margin-top: 1rem\">N\u00e4r du har slutf\u00f6rt din layout \u00e4r det dags att ladda upp dina foton. Du kan enkelt ladda upp ett foto f\u00f6r varje symbol, och med v\u00e5r redigerare kan du zooma in, justera positionen och till och med l\u00e4gga till ett personligt meddelande under bilderna. P\u00e5 s\u00e5 s\u00e4tt kan du l\u00e4gga till en hj\u00e4rtlig touch till ditt collage. Slutligen v\u00e4ljer du \u00f6nskad storlek och format f\u00f6r ditt Baby Photo Collage. Oavsett om du f\u00f6redrar en inramad affisch, en tryckt canvasduk eller en direkt digital nedladdningsfil har vi alternativ som passar dina behov.<\/p>\r\n          \r\n\r\n          \r\n\r\n          <h2 class=\"grenB f24 cblue\" style=\"margin-top: 3rem\">Den perfekta presenten f\u00f6r att fira barnets milstolpar<\/h2>\r\n          \r\n\r\n          \r\n\r\n          <p style=\"margin-top: 1rem\">Letar du efter en meningsfull present till ett barns f\u00f6rsta, andra eller n\u00e5gon annan kommande f\u00f6delsedag? Titta inte l\u00e4ngre \u00e4n Baby Photo Collage. Denna fantastiska skapelse kommer inte bara att f\u00e5nga allas uppm\u00e4rksamhet utan kommer ocks\u00e5 att ge en touch av v\u00e4rme och personlighet till alla barnrum. Till skillnad fr\u00e5n generiska k\u00f6pta presenter \u00e4r v\u00e5rt collage en unik och vacker present som sticker ut fr\u00e5n m\u00e4ngden. Bevara de d\u00e4r speciella minnena och fira barndomens gl\u00e4dje med Baby Photo Collage.<\/p>","protected":false},"excerpt":{"rendered":"\n<ul class=\"check-list\">\n<li>G\u00f6r ett collage som blir ett speciellt minne f\u00f6r b\u00e5de barnet och deras f\u00f6r\u00e4ldrar<\/li>\n<li>Inkludera en meningsfull personlig text<\/li>\n<li>Anpassa i 3 enkla steg<\/li>\n<li>V\u00e4lj en mall eller var kreativ<\/li>\n<li>Se resultatet direkt \u2013 den interaktiva f\u00f6rhandsvisningen l\u00e5ter dig finjustera varje detalj<\/li>\n<\/ul>\n","protected":false},"featured_media":1270507,"template":"","meta":[],"product_brand":[],"product_cat":[7459,8117,11221,11222,8973,8115,7822],"product_tag":[],"class_list":{"0":"post-960946","1":"product","2":"type-product","3":"status-publish","4":"has-post-thumbnail","6":"product_cat-alla-produkter","7":"product_cat-fodelsedagspresenter-presenttillfallen","8":"product_cat-fodelsedagspresenter-till-henne","9":"product_cat-fodelsedagspresenter-till-honom","10":"product_cat-fotobrev","11":"product_cat-gavor-till-nyfodda-barn-presenttillfallen","12":"product_cat-gavor-till-nya-foraldrar","14":"first","15":"instock","16":"sale","17":"taxable","18":"shipping-taxable","19":"purchasable","20":"product-type-variable"},"yoast_head":"<!-- This site is optimized with the Yoast SEO Premium plugin v27.2 (Yoast SEO v27.2) - https:\/\/yoast.com\/product\/yoast-seo-premium-wordpress\/ -->\n<title>Fotocollage f\u00f6r baby - babyg\u00e5va med tryck - positiva tryck<\/title>\n<meta name=\"description\" content=\"Baby Photo Collage \u00e4r inte bara en perfekt present till en bebis f\u00f6delsedag, utan fungerar ocks\u00e5 som en underbar dekoration f\u00f6r alla barns rum.\" \/>\n<meta name=\"robots\" content=\"index, follow, max-snippet:-1, max-image-preview:large, max-video-preview:-1\" \/>\n<link rel=\"canonical\" href=\"https:\/\/positiveprints.com\/sv\/produkt\/baby-foto-collage\/\" \/>\n<meta property=\"og:locale\" content=\"sv_SE\" \/>\n<meta property=\"og:type\" content=\"article\" \/>\n<meta property=\"og:title\" content=\"Fotocollage av baby\" \/>\n<meta property=\"og:description\" content=\"G\u00f6r ett collage som blir ett speciellt minne f\u00f6r b\u00e5de barnet och deras f\u00f6r\u00e4ldrar               Inkludera en meningsfull personlig text               Anpassa i 3 enkla steg               V\u00e4lj en mall eller var kreativ               Se resultatet direkt \u2013 den interaktiva f\u00f6rhandsvisningen l\u00e5ter dig finjustera varje detalj\" \/>\n<meta property=\"og:url\" content=\"https:\/\/positiveprints.com\/sv\/produkt\/baby-foto-collage\/\" \/>\n<meta property=\"og:site_name\" content=\"Positive Prints\" \/>\n<meta property=\"article:publisher\" content=\"https:\/\/www.facebook.com\/positiveprintscom\" \/>\n<meta property=\"article:modified_time\" content=\"2026-04-23T10:17:18+00:00\" \/>\n<meta property=\"og:image\" content=\"https:\/\/positiveprints.com\/wp-content\/uploads\/2024\/11\/Packshot_SE_Baby-Photo-Collage-product-image-.webp\" \/>\n\t<meta property=\"og:image:width\" content=\"1450\" \/>\n\t<meta property=\"og:image:height\" content=\"1450\" \/>\n\t<meta property=\"og:image:type\" content=\"image\/webp\" \/>\n<meta name=\"twitter:card\" content=\"summary_large_image\" \/>\n<!-- \/ Yoast SEO Premium plugin. -->","yoast_head_json":{"title":"Fotocollage f\u00f6r baby - babyg\u00e5va med tryck - positiva tryck","description":"Baby Photo Collage \u00e4r inte bara en perfekt present till en bebis f\u00f6delsedag, utan fungerar ocks\u00e5 som en underbar dekoration f\u00f6r alla barns rum.","robots":{"index":"index","follow":"follow","max-snippet":"max-snippet:-1","max-image-preview":"max-image-preview:large","max-video-preview":"max-video-preview:-1"},"canonical":"https:\/\/positiveprints.com\/sv\/produkt\/baby-foto-collage\/","og_locale":"sv_SE","og_type":"article","og_title":"Fotocollage av baby","og_description":"G\u00f6r ett collage som blir ett speciellt minne f\u00f6r b\u00e5de barnet och deras f\u00f6r\u00e4ldrar               Inkludera en meningsfull personlig text               Anpassa i 3 enkla steg               V\u00e4lj en mall eller var kreativ               Se resultatet direkt \u2013 den interaktiva f\u00f6rhandsvisningen l\u00e5ter dig finjustera varje detalj","og_url":"https:\/\/positiveprints.com\/sv\/produkt\/baby-foto-collage\/","og_site_name":"Positive Prints","article_publisher":"https:\/\/www.facebook.com\/positiveprintscom","article_modified_time":"2026-04-23T10:17:18+00:00","og_image":[{"width":1450,"height":1450,"url":"https:\/\/positiveprints.com\/wp-content\/uploads\/2024\/11\/Packshot_SE_Baby-Photo-Collage-product-image-.webp","type":"image\/webp"}],"twitter_card":"summary_large_image","schema":{"@context":"https:\/\/schema.org","@graph":[{"@type":["WebPage","ItemPage"],"@id":"https:\/\/positiveprints.com\/sv\/produkt\/baby-foto-collage\/","url":"https:\/\/positiveprints.com\/sv\/produkt\/baby-foto-collage\/","name":"Fotocollage f\u00f6r baby - babyg\u00e5va med tryck - positiva tryck","isPartOf":{"@id":"https:\/\/positiveprints.com\/sv\/#website"},"primaryImageOfPage":{"@id":"https:\/\/positiveprints.com\/sv\/produkt\/baby-foto-collage\/#primaryimage"},"image":{"@id":"https:\/\/positiveprints.com\/sv\/produkt\/baby-foto-collage\/#primaryimage"},"thumbnailUrl":"https:\/\/positiveprints.com\/wp-content\/uploads\/2024\/11\/Packshot_SE_Baby-Photo-Collage-product-image-.webp","datePublished":"2023-10-05T14:26:59+00:00","dateModified":"2026-04-23T10:17:18+00:00","description":"Baby Photo Collage \u00e4r inte bara en perfekt present till en bebis f\u00f6delsedag, utan fungerar ocks\u00e5 som en underbar dekoration f\u00f6r alla barns rum.","breadcrumb":{"@id":"https:\/\/positiveprints.com\/sv\/produkt\/baby-foto-collage\/#breadcrumb"},"inLanguage":"sv-SE","potentialAction":[{"@type":"ReadAction","target":["https:\/\/positiveprints.com\/sv\/produkt\/baby-foto-collage\/"]}]},{"@type":"ImageObject","inLanguage":"sv-SE","@id":"https:\/\/positiveprints.com\/sv\/produkt\/baby-foto-collage\/#primaryimage","url":"https:\/\/positiveprints.com\/wp-content\/uploads\/2024\/11\/Packshot_SE_Baby-Photo-Collage-product-image-.webp","contentUrl":"https:\/\/positiveprints.com\/wp-content\/uploads\/2024\/11\/Packshot_SE_Baby-Photo-Collage-product-image-.webp","width":1450,"height":1450,"caption":"Packshot_SE_Baby Photo Collage product image"},{"@type":"BreadcrumbList","@id":"https:\/\/positiveprints.com\/sv\/produkt\/baby-foto-collage\/#breadcrumb","itemListElement":[{"@type":"ListItem","position":1,"name":"Home","item":"https:\/\/positiveprints.com\/sv\/"},{"@type":"ListItem","position":2,"name":"Produkter","item":"https:\/\/positiveprints.com\/sv\/shop\/"},{"@type":"ListItem","position":3,"name":"Fotocollage av baby"}]},{"@type":"WebSite","@id":"https:\/\/positiveprints.com\/sv\/#website","url":"https:\/\/positiveprints.com\/sv\/","name":"Positive Prints","description":"Amazing Custom Personalized Gifts","publisher":{"@id":"https:\/\/positiveprints.com\/sv\/#organization"},"potentialAction":[{"@type":"SearchAction","target":{"@type":"EntryPoint","urlTemplate":"https:\/\/positiveprints.com\/sv\/?s={search_term_string}"},"query-input":{"@type":"PropertyValueSpecification","valueRequired":true,"valueName":"search_term_string"}}],"inLanguage":"sv-SE"},{"@type":"Organization","@id":"https:\/\/positiveprints.com\/sv\/#organization","name":"Positive Prints","alternateName":"Positive Prints","url":"https:\/\/positiveprints.com\/sv\/","logo":{"@type":"ImageObject","inLanguage":"sv-SE","@id":"https:\/\/positiveprints.com\/sv\/#\/schema\/logo\/image\/","url":"https:\/\/positiveprints.com\/wp-content\/uploads\/2026\/03\/245815646_1337939713319158_5671353136411139666_n.png","contentUrl":"https:\/\/positiveprints.com\/wp-content\/uploads\/2026\/03\/245815646_1337939713319158_5671353136411139666_n.png","width":800,"height":800,"caption":"Positive Prints"},"image":{"@id":"https:\/\/positiveprints.com\/sv\/#\/schema\/logo\/image\/"},"sameAs":["https:\/\/www.facebook.com\/positiveprintscom","https:\/\/www.instagram.com\/positiveprintscom\/","https:\/\/www.tiktok.com\/@positiveprintscom","https:\/\/www.pinterest.com\/positiveprintscom\/"]}]}},"jetpack_sharing_enabled":true,"_links":{"self":[{"href":"https:\/\/positiveprints.com\/sv\/wp-json\/wp\/v2\/product\/960946","targetHints":{"allow":["GET"]}}],"collection":[{"href":"https:\/\/positiveprints.com\/sv\/wp-json\/wp\/v2\/product"}],"about":[{"href":"https:\/\/positiveprints.com\/sv\/wp-json\/wp\/v2\/types\/product"}],"wp:featuredmedia":[{"embeddable":true,"href":"https:\/\/positiveprints.com\/sv\/wp-json\/wp\/v2\/media\/1270507"}],"wp:attachment":[{"href":"https:\/\/positiveprints.com\/sv\/wp-json\/wp\/v2\/media?parent=960946"}],"wp:term":[{"taxonomy":"product_brand","embeddable":true,"href":"https:\/\/positiveprints.com\/sv\/wp-json\/wp\/v2\/product_brand?post=960946"},{"taxonomy":"product_cat","embeddable":true,"href":"https:\/\/positiveprints.com\/sv\/wp-json\/wp\/v2\/product_cat?post=960946"},{"taxonomy":"product_tag","embeddable":true,"href":"https:\/\/positiveprints.com\/sv\/wp-json\/wp\/v2\/product_tag?post=960946"}],"curies":[{"name":"wp","href":"https:\/\/api.w.org\/{rel}","templated":true}]}}