{"id":960938,"date":"2023-06-02T13:37:25","date_gmt":"2023-10-05T14:23:51","guid":{"rendered":"https:\/\/positiveprints.com\/product\/fotocollage-med-bebisnamn\/"},"modified":"2026-04-12T22:14:28","modified_gmt":"2026-04-12T21:14:28","slug":"baby-namn-foto-collage","status":"publish","type":"product","link":"https:\/\/positiveprints.com\/sv\/produkt\/baby-namn-foto-collage\/","title":{"rendered":"Fotocollage med bebisnamn"},"content":{"rendered":"&nbsp;\r\n<h2 class=\"grenB f24 cblue\" style=\"margin-top: 3rem;\">Skapa ett personligt och unikt fotocollage med bebisnamn<\/h2>\r\n<p style=\"margin-top: 1rem;\">Fotokollage med babynamn \u00e4r en speciell och unik <a href=\"https:\/\/positiveprints.com\/sv\/gavor-till-nyfodda-barn-presenttillfallen\/\">personlig g\u00e5va till nyf\u00f6dda<\/a> som kommer att gl\u00e4dja <a href=\"https:\/\/positiveprints.com\/sv\/gavor-till-nya-foraldrar\/\">nyblivna f\u00f6r\u00e4ldrar<\/a> och ge en perfekt touch av dekoration till alla barnrum. Detta personliga tryck eller canvasduk \u00e4r gjord med barnets namn med hj\u00e4lp av deras egna foton, vilket g\u00f6r det verkligen unikt.<\/p>\r\n\r\n<h2 class=\"grenB f24 cblue\" style=\"margin-top: 3rem;\">Enkla steg f\u00f6r att designa ett fotocollage med barnets namn<\/h2>\r\n<p style=\"margin-top: 1rem;\">Att skapa ett fotocollage med bebisnamn \u00e4r superenkelt med v\u00e5r l\u00e4ttanv\u00e4nda online-redigerare. Med bara tre enkla steg kan du skapa en perfekt g\u00e5va som kommer att uppskattas i m\u00e5nga \u00e5r fram\u00f6ver. V\u00e5r onlineredigerare \u00e4r ocks\u00e5 mobilv\u00e4nlig, s\u00e5 att du kan skapa ditt m\u00e4sterverk p\u00e5 spr\u00e5ng!<\/p>\r\n<p style=\"margin-top: 1rem;\">Allt du beh\u00f6ver g\u00f6ra \u00e4r att ange barnets namn f\u00f6r att skapa en anpassad layout. Du har m\u00f6jlighet att v\u00e4lja en f\u00e4rg f\u00f6r bokst\u00e4vernas konturer, eller om du f\u00f6redrar det kan du v\u00e4lja vitt f\u00f6r en ren och minimalistisk look. N\u00e4sta steg \u00e4r att ladda upp foton &#8211; ett f\u00f6r varje bokstav i barnets namn. Med m\u00f6jligheten att zooma in och justera positionen f\u00f6r varje foto kan du se till att varje bild passar perfekt. Dessutom kan du l\u00e4gga till ett personligt meddelande under collaget f\u00f6r att g\u00f6ra det \u00e4nnu mer innerligt. Slutligen \u00e4r det dags att v\u00e4lja den storlek och det format som passar dina behov. Oavsett om du f\u00f6redrar en inramad affisch, en tryckt canvasduk eller en direkt digital nedladdningsfil har vi det du beh\u00f6ver.<\/p>\r\n\r\n<h2 class=\"grenB f24 cblue\" style=\"margin-top: 3rem;\">Den perfekta presenten till nyblivna f\u00f6r\u00e4ldrar och dekoration av barnkammaren<\/h2>\r\n<p style=\"margin-top: 1rem;\">N\u00e4r du letar efter en meningsfull <a href=\"https:\/\/positiveprints.com\/sv\/gavor-till-nyfodda-barn-presenttillfallen\/\">personlig present till nyf\u00f6dda<\/a> beh\u00f6ver du inte leta l\u00e4ngre \u00e4n till fotokollaget Baby Name. Det \u00e4r inte bara ett fantastiskt tillskott till barnkammaren, utan ocks\u00e5 en personlig och vacker g\u00e5va som sticker ut fr\u00e5n allt du kan hitta p\u00e5 en butikshylla. Med sin unika kombination av barnets namn och deras egna v\u00e4rdefulla foton kommer detta collage att bli en v\u00e4rdefull minnessak f\u00f6r b\u00e5de barnet och dess f\u00f6r\u00e4ldrar.<\/p>\r\n<p style=\"margin-top: 1rem;\">V\u00e4nta inte l\u00e4ngre med att ge bort den perfekta g\u00e5van som f\u00e5ngar essensen av den nyf\u00f6ddas namn. Skapa ditt personliga fotocollage redan idag och se hur glada de som f\u00e5r det blir.<\/p>","protected":false},"excerpt":{"rendered":"<p>&nbsp;<\/p>\n<ul class=\"check-list\">\n<li>Inkludera en meningsfull personlig text<\/li>\n<li>Anpassa i 3 enkla steg<\/li>\n<li>V\u00e4lj en mall eller var kreativ<\/li>\n<li>Se resultatet direkt \u2013 den interaktiva f\u00f6rhandsvisningen l\u00e5ter dig finjustera varje detalj<\/li>\n<\/ul>\n","protected":false},"featured_media":1399932,"template":"","meta":[],"product_brand":[],"product_cat":[7459,9281,8117,11221,11222,7694,8973,8115,7774,7822],"product_tag":[16180,16161,8458,9493],"class_list":{"0":"post-960938","1":"product","2":"type-product","3":"status-publish","4":"has-post-thumbnail","6":"product_cat-alla-produkter","7":"product_cat-bestsellers-label-sv","8":"product_cat-fodelsedagspresenter-presenttillfallen","9":"product_cat-fodelsedagspresenter-till-henne","10":"product_cat-fodelsedagspresenter-till-honom","11":"product_cat-gavor-for-kvinnor","12":"product_cat-fotobrev","13":"product_cat-gavor-till-nyfodda-barn-presenttillfallen","14":"product_cat-gavor-till-dottern","15":"product_cat-gavor-till-nya-foraldrar","16":"product_tag-babypresent","17":"product_tag-ett-barns-fodelse","18":"product_tag-new-parents-sv","19":"product_tag-nyfodd","21":"first","22":"instock","23":"sale","24":"taxable","25":"shipping-taxable","26":"purchasable","27":"product-type-variable"},"yoast_head":"<!-- This site is optimized with the Yoast SEO Premium plugin v27.2 (Yoast SEO v27.2) - https:\/\/yoast.com\/product\/yoast-seo-premium-wordpress\/ -->\n<title>Fotocollage med bebisnamn - Positive Prints<\/title>\n<meta name=\"description\" content=\"Ge en personlig g\u00e5va som varar livet ut. Skapa en Namntavla med Foto f\u00f6r Baby, fylld med minnen och barnets namn \u2013 perfekt f\u00f6r dop, namngivning eller som en k\u00e4rleksfull present till nyblivna f\u00f6r\u00e4ldrar.\" \/>\n<meta name=\"robots\" content=\"index, follow, max-snippet:-1, max-image-preview:large, max-video-preview:-1\" \/>\n<link rel=\"canonical\" href=\"https:\/\/positiveprints.com\/sv\/produkt\/baby-namn-foto-collage\/\" \/>\n<meta property=\"og:locale\" content=\"sv_SE\" \/>\n<meta property=\"og:type\" content=\"article\" \/>\n<meta property=\"og:title\" content=\"Fotocollage med bebisnamn\" \/>\n<meta property=\"og:description\" content=\"&nbsp;   Inkludera en meningsfull personlig text  Anpassa i 3 enkla steg  V\u00e4lj en mall eller var kreativ  Se resultatet direkt \u2013 den interaktiva f\u00f6rhandsvisningen l\u00e5ter dig finjustera varje detalj\" \/>\n<meta property=\"og:url\" content=\"https:\/\/positiveprints.com\/sv\/produkt\/baby-namn-foto-collage\/\" \/>\n<meta property=\"og:site_name\" content=\"Positive Prints\" \/>\n<meta property=\"article:publisher\" content=\"https:\/\/www.facebook.com\/positiveprintscom\" \/>\n<meta property=\"article:modified_time\" content=\"2026-04-12T21:14:28+00:00\" \/>\n<meta property=\"og:image\" content=\"https:\/\/positiveprints.com\/wp-content\/uploads\/2025\/04\/Packshot_SE_BABY_NAME.webp\" \/>\n\t<meta property=\"og:image:width\" content=\"1450\" \/>\n\t<meta property=\"og:image:height\" content=\"1450\" \/>\n\t<meta property=\"og:image:type\" content=\"image\/webp\" \/>\n<meta name=\"twitter:card\" content=\"summary_large_image\" \/>\n<meta name=\"twitter:label1\" content=\"Ber\u00e4knad l\u00e4stid\" \/>\n\t<meta name=\"twitter:data1\" content=\"2 minut\" \/>\n<!-- \/ Yoast SEO Premium plugin. -->","yoast_head_json":{"title":"Fotocollage med bebisnamn - Positive Prints","description":"Ge en personlig g\u00e5va som varar livet ut. Skapa en Namntavla med Foto f\u00f6r Baby, fylld med minnen och barnets namn \u2013 perfekt f\u00f6r dop, namngivning eller som en k\u00e4rleksfull present till nyblivna f\u00f6r\u00e4ldrar.","robots":{"index":"index","follow":"follow","max-snippet":"max-snippet:-1","max-image-preview":"max-image-preview:large","max-video-preview":"max-video-preview:-1"},"canonical":"https:\/\/positiveprints.com\/sv\/produkt\/baby-namn-foto-collage\/","og_locale":"sv_SE","og_type":"article","og_title":"Fotocollage med bebisnamn","og_description":"&nbsp;   Inkludera en meningsfull personlig text  Anpassa i 3 enkla steg  V\u00e4lj en mall eller var kreativ  Se resultatet direkt \u2013 den interaktiva f\u00f6rhandsvisningen l\u00e5ter dig finjustera varje detalj","og_url":"https:\/\/positiveprints.com\/sv\/produkt\/baby-namn-foto-collage\/","og_site_name":"Positive Prints","article_publisher":"https:\/\/www.facebook.com\/positiveprintscom","article_modified_time":"2026-04-12T21:14:28+00:00","og_image":[{"width":1450,"height":1450,"url":"https:\/\/positiveprints.com\/wp-content\/uploads\/2025\/04\/Packshot_SE_BABY_NAME.webp","type":"image\/webp"}],"twitter_card":"summary_large_image","twitter_misc":{"Ber\u00e4knad l\u00e4stid":"2 minut"},"schema":{"@context":"https:\/\/schema.org","@graph":[{"@type":["WebPage","ItemPage"],"@id":"https:\/\/positiveprints.com\/sv\/produkt\/baby-namn-foto-collage\/","url":"https:\/\/positiveprints.com\/sv\/produkt\/baby-namn-foto-collage\/","name":"Fotocollage med bebisnamn - Positive Prints","isPartOf":{"@id":"https:\/\/positiveprints.com\/sv\/#website"},"primaryImageOfPage":{"@id":"https:\/\/positiveprints.com\/sv\/produkt\/baby-namn-foto-collage\/#primaryimage"},"image":{"@id":"https:\/\/positiveprints.com\/sv\/produkt\/baby-namn-foto-collage\/#primaryimage"},"thumbnailUrl":"https:\/\/positiveprints.com\/wp-content\/uploads\/2025\/04\/Packshot_SE_BABY_NAME.webp","datePublished":"2023-10-05T14:23:51+00:00","dateModified":"2026-04-12T21:14:28+00:00","description":"Ge en personlig g\u00e5va som varar livet ut. Skapa en Namntavla med Foto f\u00f6r Baby, fylld med minnen och barnets namn \u2013 perfekt f\u00f6r dop, namngivning eller som en k\u00e4rleksfull present till nyblivna f\u00f6r\u00e4ldrar.","breadcrumb":{"@id":"https:\/\/positiveprints.com\/sv\/produkt\/baby-namn-foto-collage\/#breadcrumb"},"inLanguage":"sv-SE","potentialAction":[{"@type":"ReadAction","target":["https:\/\/positiveprints.com\/sv\/produkt\/baby-namn-foto-collage\/"]}]},{"@type":"ImageObject","inLanguage":"sv-SE","@id":"https:\/\/positiveprints.com\/sv\/produkt\/baby-namn-foto-collage\/#primaryimage","url":"https:\/\/positiveprints.com\/wp-content\/uploads\/2025\/04\/Packshot_SE_BABY_NAME.webp","contentUrl":"https:\/\/positiveprints.com\/wp-content\/uploads\/2025\/04\/Packshot_SE_BABY_NAME.webp","width":1450,"height":1450,"caption":"Packshot_SE_BABY_NAME"},{"@type":"BreadcrumbList","@id":"https:\/\/positiveprints.com\/sv\/produkt\/baby-namn-foto-collage\/#breadcrumb","itemListElement":[{"@type":"ListItem","position":1,"name":"Home","item":"https:\/\/positiveprints.com\/sv\/"},{"@type":"ListItem","position":2,"name":"Produkter","item":"https:\/\/positiveprints.com\/sv\/shop\/"},{"@type":"ListItem","position":3,"name":"Fotocollage med bebisnamn"}]},{"@type":"WebSite","@id":"https:\/\/positiveprints.com\/sv\/#website","url":"https:\/\/positiveprints.com\/sv\/","name":"Positive Prints","description":"Amazing Custom Personalized Gifts","publisher":{"@id":"https:\/\/positiveprints.com\/sv\/#organization"},"potentialAction":[{"@type":"SearchAction","target":{"@type":"EntryPoint","urlTemplate":"https:\/\/positiveprints.com\/sv\/?s={search_term_string}"},"query-input":{"@type":"PropertyValueSpecification","valueRequired":true,"valueName":"search_term_string"}}],"inLanguage":"sv-SE"},{"@type":"Organization","@id":"https:\/\/positiveprints.com\/sv\/#organization","name":"Positive Prints","alternateName":"Positive Prints","url":"https:\/\/positiveprints.com\/sv\/","logo":{"@type":"ImageObject","inLanguage":"sv-SE","@id":"https:\/\/positiveprints.com\/sv\/#\/schema\/logo\/image\/","url":"https:\/\/positiveprints.com\/wp-content\/uploads\/2026\/03\/245815646_1337939713319158_5671353136411139666_n.png","contentUrl":"https:\/\/positiveprints.com\/wp-content\/uploads\/2026\/03\/245815646_1337939713319158_5671353136411139666_n.png","width":800,"height":800,"caption":"Positive Prints"},"image":{"@id":"https:\/\/positiveprints.com\/sv\/#\/schema\/logo\/image\/"},"sameAs":["https:\/\/www.facebook.com\/positiveprintscom","https:\/\/www.instagram.com\/positiveprintscom\/","https:\/\/www.tiktok.com\/@positiveprintscom","https:\/\/www.pinterest.com\/positiveprintscom\/"]}]}},"jetpack_sharing_enabled":true,"_links":{"self":[{"href":"https:\/\/positiveprints.com\/sv\/wp-json\/wp\/v2\/product\/960938","targetHints":{"allow":["GET"]}}],"collection":[{"href":"https:\/\/positiveprints.com\/sv\/wp-json\/wp\/v2\/product"}],"about":[{"href":"https:\/\/positiveprints.com\/sv\/wp-json\/wp\/v2\/types\/product"}],"wp:featuredmedia":[{"embeddable":true,"href":"https:\/\/positiveprints.com\/sv\/wp-json\/wp\/v2\/media\/1399932"}],"wp:attachment":[{"href":"https:\/\/positiveprints.com\/sv\/wp-json\/wp\/v2\/media?parent=960938"}],"wp:term":[{"taxonomy":"product_brand","embeddable":true,"href":"https:\/\/positiveprints.com\/sv\/wp-json\/wp\/v2\/product_brand?post=960938"},{"taxonomy":"product_cat","embeddable":true,"href":"https:\/\/positiveprints.com\/sv\/wp-json\/wp\/v2\/product_cat?post=960938"},{"taxonomy":"product_tag","embeddable":true,"href":"https:\/\/positiveprints.com\/sv\/wp-json\/wp\/v2\/product_tag?post=960938"}],"curies":[{"name":"wp","href":"https:\/\/api.w.org\/{rel}","templated":true}]}}