{"id":960924,"date":"2023-05-29T11:07:07","date_gmt":"2023-10-05T14:17:53","guid":{"rendered":"https:\/\/positiveprints.com\/product\/40-arsdag-fotocollage\/"},"modified":"2026-04-12T22:16:00","modified_gmt":"2026-04-12T21:16:00","slug":"40-arsdag-fotokollage","status":"publish","type":"product","link":"https:\/\/positiveprints.com\/sv\/produkt\/40-arsdag-fotokollage\/","title":{"rendered":"40-\u00e5rsdag fotocollage"},"content":{"rendered":"<h2 class=\"grenB f24 cblue\" style=\"margin-top: 3rem;\">Personligt fotocollage f\u00f6r 40-\u00e5rsdag<\/h2>\r\n          \r\n\r\n          <p style=\"margin-top: 1rem;\">40th Birthday Photo Collage \u00e4r en speciell present som du kan anpassa med foton. Det \u00e4r en unik g\u00e5va till n\u00e5gon som fyller 40 \u00e5r. Collaget best\u00e5r av bilder som bildar talet 40. Du kan v\u00e4lja vilka foton du vill f\u00f6r varje siffra. Det beh\u00f6ver inte se ut exakt som siffran 40. Du kan vara kreativ och anv\u00e4nda siffror, ord eller symboler ist\u00e4llet. Det kan vara f\u00f6delsedagsbarnets namn, f\u00f6delse\u00e5ret eller till och med ord som &#8220;Jag \u00e4lskar dig&#8221; eller &#8220;Hurra&#8221;.<\/p>\r\n          \r\n\r\n          \r\n\r\n          <h2 class=\"grenB f24 cblue\" style=\"margin-top: 3rem;\">Skapa ditt unika collage<\/h2>\r\n          \r\n\r\n          <p style=\"margin-top: 1rem;\">F\u00f6r att g\u00f6ra ett fotocollage f\u00f6r 40-\u00e5rsdagen beh\u00f6ver du bara g\u00e5 till v\u00e5r webbplats. Det finns en online-editor d\u00e4r du kan ange en siffra eller ett ord. Du kan ocks\u00e5 v\u00e4lja f\u00e4rg p\u00e5 siffrorna eller konturerna p\u00e5 brevet. Sedan kan du ladda upp dina favoritbilder f\u00f6r varje siffra eller bokstav. Du kan \u00e4ven l\u00e4gga till ett personligt meddelande under collaget.<\/p>\r\n          \r\n\r\n          <p style=\"margin-top: 1rem;\">Det finns olika alternativ f\u00f6r att best\u00e4lla ett anpassat fotocollage. Du kan v\u00e4lja att f\u00e5 den utskriven som poster eller inramad, eller s\u00e5 kan du f\u00e5 den p\u00e5 en duk. Om du f\u00f6redrar det kan du ocks\u00e5 ladda ner en digital fil direkt.<\/p>\r\n          \r\n\r\n          \r\n\r\n          <h2 class=\"grenB f24 cblue\" style=\"margin-top: 3rem;\">St\u00e5 ut med en unik och personlig g\u00e5va<\/h2>\r\n          \r\n\r\n          <p style=\"margin-top: 1rem;\">40th Birthday Photo Collage \u00e4r en speciell <a href=\"https:\/\/positiveprints.com\/birthday-gifts\/\">personlig<\/a> f\u00f6delsedagspresent som du inte hittar i en vanlig butik. Det \u00e4r unikt och personligt anpassat just f\u00f6r f\u00f6delsedagsbarnet. Det \u00e4r ett bra s\u00e4tt att visa hur mycket du bryr dig om dem. Ist\u00e4llet f\u00f6r att k\u00f6pa n\u00e5got fr\u00e5n en hylla kan du ge dem en g\u00e5va som \u00e4r speciellt framtagen f\u00f6r dem. Det \u00e4r n\u00e5got de kommer att uppskatta och minnas l\u00e4nge. S\u00e5 fira deras 40-\u00e5rsdag med en unik personlig present och g\u00f6r deras speciella dag \u00e4nnu mer minnesv\u00e4rd.<\/p>","protected":false},"excerpt":{"rendered":"\n<ul class=\"check-list\">\n<li>G\u00f6r n\u00e5gons f\u00f6delsedag extra speciell med en g\u00e5va som ber\u00e4ttar historien om deras liv, och se deras ansikte lysa upp av gl\u00e4dje<\/li>\n<li>Inkludera en meningsfull personlig text<\/li>\n<li>Anpassa i 3 enkla steg<\/li>\n<li>V\u00e4lj en mall eller var kreativ<\/li>\n<li>Se resultatet direkt \u2013 den interaktiva f\u00f6rhandsvisningen l\u00e5ter dig finjustera varje detalj<\/li>\n<\/ul>\n","protected":false},"featured_media":1269034,"template":"","meta":[],"product_brand":[],"product_cat":[11588,7459,8117,11221,11222,8973],"product_tag":[13176,15100,8472,17303,17359,17373,17439],"class_list":{"0":"post-960924","1":"product","2":"type-product","3":"status-publish","4":"has-post-thumbnail","6":"product_cat-40-arsdag","7":"product_cat-alla-produkter","8":"product_cat-fodelsedagspresenter-presenttillfallen","9":"product_cat-fodelsedagspresenter-till-henne","10":"product_cat-fodelsedagspresenter-till-honom","11":"product_cat-fotobrev","12":"product_tag-40-arsdag","13":"product_tag-birthday-pl-sv","14":"product_tag-birthday-sv","15":"product_tag-fodelsedagspresent","16":"product_tag-fodelsedagspresent-till-henne","17":"product_tag-fodelsedagspresent-till-honom","18":"product_tag-fodelsedagspresenter","20":"first","21":"instock","22":"sale","23":"taxable","24":"shipping-taxable","25":"purchasable","26":"product-type-variable"},"yoast_head":"<!-- This site is optimized with the Yoast SEO Premium plugin v27.2 (Yoast SEO v27.2) - https:\/\/yoast.com\/product\/yoast-seo-premium-wordpress\/ -->\n<title>Fotocollage f\u00f6r 40-\u00e5rsdagen - Positive Prints<\/title>\n<meta name=\"description\" content=\"40-\u00e5rsdagen fotocollage \u00e4r en f\u00f6delsedagspresent som du inte hittar i en vanlig butik. Det \u00e4r unikt och personligt anpassat just f\u00f6r f\u00f6delsedagsbarnet.\" \/>\n<meta name=\"robots\" content=\"index, follow, max-snippet:-1, max-image-preview:large, max-video-preview:-1\" \/>\n<link rel=\"canonical\" href=\"https:\/\/positiveprints.com\/sv\/produkt\/40-arsdag-fotokollage\/\" \/>\n<meta property=\"og:locale\" content=\"sv_SE\" \/>\n<meta property=\"og:type\" content=\"article\" \/>\n<meta property=\"og:title\" content=\"40-\u00e5rsdag fotocollage\" \/>\n<meta property=\"og:description\" content=\"G\u00f6r n\u00e5gons f\u00f6delsedag extra speciell med en g\u00e5va som ber\u00e4ttar historien om deras liv, och se deras ansikte lysa upp av gl\u00e4dje  Inkludera en meningsfull personlig text  Anpassa i 3 enkla steg  V\u00e4lj en mall eller var kreativ  Se resultatet direkt \u2013 den interaktiva f\u00f6rhandsvisningen l\u00e5ter dig finjustera varje detalj\" \/>\n<meta property=\"og:url\" content=\"https:\/\/positiveprints.com\/sv\/produkt\/40-arsdag-fotokollage\/\" \/>\n<meta property=\"og:site_name\" content=\"Positive Prints\" \/>\n<meta property=\"article:publisher\" content=\"https:\/\/www.facebook.com\/positiveprintscom\" \/>\n<meta property=\"article:modified_time\" content=\"2026-04-12T21:16:00+00:00\" \/>\n<meta property=\"og:image\" content=\"https:\/\/positiveprints.com\/wp-content\/uploads\/2024\/11\/Packshot_SE_40th-Birthday-Photo-Collage-product-image-.webp\" \/>\n\t<meta property=\"og:image:width\" content=\"1450\" \/>\n\t<meta property=\"og:image:height\" content=\"1450\" \/>\n\t<meta property=\"og:image:type\" content=\"image\/webp\" \/>\n<meta name=\"twitter:card\" content=\"summary_large_image\" \/>\n<meta name=\"twitter:label1\" content=\"Ber\u00e4knad l\u00e4stid\" \/>\n\t<meta name=\"twitter:data1\" content=\"2 minut\" \/>\n<!-- \/ Yoast SEO Premium plugin. -->","yoast_head_json":{"title":"Fotocollage f\u00f6r 40-\u00e5rsdagen - Positive Prints","description":"40-\u00e5rsdagen fotocollage \u00e4r en f\u00f6delsedagspresent som du inte hittar i en vanlig butik. Det \u00e4r unikt och personligt anpassat just f\u00f6r f\u00f6delsedagsbarnet.","robots":{"index":"index","follow":"follow","max-snippet":"max-snippet:-1","max-image-preview":"max-image-preview:large","max-video-preview":"max-video-preview:-1"},"canonical":"https:\/\/positiveprints.com\/sv\/produkt\/40-arsdag-fotokollage\/","og_locale":"sv_SE","og_type":"article","og_title":"40-\u00e5rsdag fotocollage","og_description":"G\u00f6r n\u00e5gons f\u00f6delsedag extra speciell med en g\u00e5va som ber\u00e4ttar historien om deras liv, och se deras ansikte lysa upp av gl\u00e4dje  Inkludera en meningsfull personlig text  Anpassa i 3 enkla steg  V\u00e4lj en mall eller var kreativ  Se resultatet direkt \u2013 den interaktiva f\u00f6rhandsvisningen l\u00e5ter dig finjustera varje detalj","og_url":"https:\/\/positiveprints.com\/sv\/produkt\/40-arsdag-fotokollage\/","og_site_name":"Positive Prints","article_publisher":"https:\/\/www.facebook.com\/positiveprintscom","article_modified_time":"2026-04-12T21:16:00+00:00","og_image":[{"width":1450,"height":1450,"url":"https:\/\/positiveprints.com\/wp-content\/uploads\/2024\/11\/Packshot_SE_40th-Birthday-Photo-Collage-product-image-.webp","type":"image\/webp"}],"twitter_card":"summary_large_image","twitter_misc":{"Ber\u00e4knad l\u00e4stid":"2 minut"},"schema":{"@context":"https:\/\/schema.org","@graph":[{"@type":["WebPage","ItemPage"],"@id":"https:\/\/positiveprints.com\/sv\/produkt\/40-arsdag-fotokollage\/","url":"https:\/\/positiveprints.com\/sv\/produkt\/40-arsdag-fotokollage\/","name":"Fotocollage f\u00f6r 40-\u00e5rsdagen - Positive Prints","isPartOf":{"@id":"https:\/\/positiveprints.com\/sv\/#website"},"primaryImageOfPage":{"@id":"https:\/\/positiveprints.com\/sv\/produkt\/40-arsdag-fotokollage\/#primaryimage"},"image":{"@id":"https:\/\/positiveprints.com\/sv\/produkt\/40-arsdag-fotokollage\/#primaryimage"},"thumbnailUrl":"https:\/\/positiveprints.com\/wp-content\/uploads\/2024\/11\/Packshot_SE_40th-Birthday-Photo-Collage-product-image-.webp","datePublished":"2023-10-05T14:17:53+00:00","dateModified":"2026-04-12T21:16:00+00:00","description":"40-\u00e5rsdagen fotocollage \u00e4r en f\u00f6delsedagspresent som du inte hittar i en vanlig butik. Det \u00e4r unikt och personligt anpassat just f\u00f6r f\u00f6delsedagsbarnet.","breadcrumb":{"@id":"https:\/\/positiveprints.com\/sv\/produkt\/40-arsdag-fotokollage\/#breadcrumb"},"inLanguage":"sv-SE","potentialAction":[{"@type":"ReadAction","target":["https:\/\/positiveprints.com\/sv\/produkt\/40-arsdag-fotokollage\/"]}]},{"@type":"ImageObject","inLanguage":"sv-SE","@id":"https:\/\/positiveprints.com\/sv\/produkt\/40-arsdag-fotokollage\/#primaryimage","url":"https:\/\/positiveprints.com\/wp-content\/uploads\/2024\/11\/Packshot_SE_40th-Birthday-Photo-Collage-product-image-.webp","contentUrl":"https:\/\/positiveprints.com\/wp-content\/uploads\/2024\/11\/Packshot_SE_40th-Birthday-Photo-Collage-product-image-.webp","width":1450,"height":1450},{"@type":"BreadcrumbList","@id":"https:\/\/positiveprints.com\/sv\/produkt\/40-arsdag-fotokollage\/#breadcrumb","itemListElement":[{"@type":"ListItem","position":1,"name":"Home","item":"https:\/\/positiveprints.com\/sv\/"},{"@type":"ListItem","position":2,"name":"Produkter","item":"https:\/\/positiveprints.com\/sv\/shop\/"},{"@type":"ListItem","position":3,"name":"40-\u00e5rsdag fotocollage"}]},{"@type":"WebSite","@id":"https:\/\/positiveprints.com\/sv\/#website","url":"https:\/\/positiveprints.com\/sv\/","name":"Positive Prints","description":"Amazing Custom Personalized Gifts","publisher":{"@id":"https:\/\/positiveprints.com\/sv\/#organization"},"potentialAction":[{"@type":"SearchAction","target":{"@type":"EntryPoint","urlTemplate":"https:\/\/positiveprints.com\/sv\/?s={search_term_string}"},"query-input":{"@type":"PropertyValueSpecification","valueRequired":true,"valueName":"search_term_string"}}],"inLanguage":"sv-SE"},{"@type":"Organization","@id":"https:\/\/positiveprints.com\/sv\/#organization","name":"Positive Prints","alternateName":"Positive Prints","url":"https:\/\/positiveprints.com\/sv\/","logo":{"@type":"ImageObject","inLanguage":"sv-SE","@id":"https:\/\/positiveprints.com\/sv\/#\/schema\/logo\/image\/","url":"https:\/\/positiveprints.com\/wp-content\/uploads\/2026\/03\/245815646_1337939713319158_5671353136411139666_n.png","contentUrl":"https:\/\/positiveprints.com\/wp-content\/uploads\/2026\/03\/245815646_1337939713319158_5671353136411139666_n.png","width":800,"height":800,"caption":"Positive Prints"},"image":{"@id":"https:\/\/positiveprints.com\/sv\/#\/schema\/logo\/image\/"},"sameAs":["https:\/\/www.facebook.com\/positiveprintscom","https:\/\/www.instagram.com\/positiveprintscom\/","https:\/\/www.tiktok.com\/@positiveprintscom","https:\/\/www.pinterest.com\/positiveprintscom\/"]}]}},"jetpack_sharing_enabled":true,"_links":{"self":[{"href":"https:\/\/positiveprints.com\/sv\/wp-json\/wp\/v2\/product\/960924","targetHints":{"allow":["GET"]}}],"collection":[{"href":"https:\/\/positiveprints.com\/sv\/wp-json\/wp\/v2\/product"}],"about":[{"href":"https:\/\/positiveprints.com\/sv\/wp-json\/wp\/v2\/types\/product"}],"wp:featuredmedia":[{"embeddable":true,"href":"https:\/\/positiveprints.com\/sv\/wp-json\/wp\/v2\/media\/1269034"}],"wp:attachment":[{"href":"https:\/\/positiveprints.com\/sv\/wp-json\/wp\/v2\/media?parent=960924"}],"wp:term":[{"taxonomy":"product_brand","embeddable":true,"href":"https:\/\/positiveprints.com\/sv\/wp-json\/wp\/v2\/product_brand?post=960924"},{"taxonomy":"product_cat","embeddable":true,"href":"https:\/\/positiveprints.com\/sv\/wp-json\/wp\/v2\/product_cat?post=960924"},{"taxonomy":"product_tag","embeddable":true,"href":"https:\/\/positiveprints.com\/sv\/wp-json\/wp\/v2\/product_tag?post=960924"}],"curies":[{"name":"wp","href":"https:\/\/api.w.org\/{rel}","templated":true}]}}