{"id":960920,"date":"2023-05-29T09:58:20","date_gmt":"2023-05-29T08:58:20","guid":{"rendered":"https:\/\/positiveprints.com\/product\/fodelsedag-med-artal-fotocollage\/"},"modified":"2026-04-12T22:17:14","modified_gmt":"2026-04-12T21:17:14","slug":"fodelsedag-med-artal-fotokollage","status":"publish","type":"product","link":"https:\/\/positiveprints.com\/sv\/produkt\/fodelsedag-med-artal-fotokollage\/","title":{"rendered":"F\u00f6delsedag med \u00e5rtal fotokollage"},"content":{"rendered":"<h2 class=\"grenB f24 cblue\" style=\"margin-top: 3rem\">F\u00f6delsedag med \u00e5rtal fotokollage i \u00e5rsform: En unik personlig present<\/h2>\r\n\r\n<p style=\"margin-top: 1rem\">\u00c5rsformat f\u00f6delsedags fotokollage \u00e4r en speciell och unik present som du kan ge f\u00f6r att fira n\u00e5gons <a href=\"https:\/\/positiveprints.com\/sv\/fodelsedagspresenter\/\">f\u00f6delsedag<\/a>. Denna fantastiska g\u00e5va \u00e4r ett personligt tryck eller en kanvasduk som \u00e4r designad speciellt f\u00f6r f\u00f6delsedagsbarnet. Det \u00e4r ett fotokollage som bildar ett nummer som representerar det \u00e5r de f\u00f6ddes. \u00c4r inte det fantastiskt?<\/p>\r\n\r\n<h2 class=\"grenB f24 cblue\" style=\"margin-top: 3rem\">Skapa ditt \u00e5rsformade f\u00f6delsedagsfotokollage<\/h2>\r\n\r\n<p style=\"margin-top: 1rem\">Att skapa ett \u00e5rsformat f\u00f6delsedagsfotokollage \u00e4r superenkelt. Allt du beh\u00f6ver g\u00f6ra \u00e4r att bes\u00f6ka v\u00e5r online-editor. D\u00e4r kan du ange f\u00f6delsedagsbarnets f\u00f6delse\u00e5r. Sedan har du m\u00f6jlighet att v\u00e4lja f\u00e4rg p\u00e5 konturerna av siffrorna i kollaget. Det \u00e4r som att v\u00e4lja den perfekta ramen f\u00f6r ett \u00e4lskat fotografi.<\/p>\r\n\r\n<p style=\"margin-top: 1rem\">N\u00e4r du har valt \u00e5r och konturf\u00e4rg b\u00f6rjar det roliga! Du kan ladda upp speciella foton f\u00f6r varje siffra i kollaget. T\u00e4nk dig att kunna minnas och visa upp minnesv\u00e4rda \u00f6gonblick fr\u00e5n det f\u00f6rflutna. Du kan v\u00e4lja ett foto som representerar varje siffra i f\u00f6delse\u00e5ret.<\/p>\r\n\r\n<p style=\"margin-top: 1rem\">F\u00f6r att g\u00f6ra denna g\u00e5va \u00e4nnu mer personlig har du m\u00f6jlighet att l\u00e4gga till en text eller ett innerligt meddelande under kollaget. Det h\u00e4r \u00e4r din chans att uttrycka din k\u00e4rlek, dela med dig av interna sk\u00e4mt eller bara \u00f6nska dem en fantastisk f\u00f6delsedag. Det \u00e4r som att s\u00e4tta en personlig pr\u00e4gel p\u00e5 ett m\u00e4sterverk.<\/p>\r\n\r\n<h2 class=\"grenB f24 cblue\" style=\"margin-top: 3rem\">Best\u00e4llningsalternativ f\u00f6r din perfekta g\u00e5va<\/h2>\r\n\r\n<p style=\"margin-top: 1rem\">Fotokollage med \u00e5rsformad f\u00f6delsedag kan best\u00e4llas i olika format och storlekar. Du kan v\u00e4lja att f\u00e5 den utskriven eller inramad som poster. Om du f\u00f6redrar en mer konstn\u00e4rlig touch kan du f\u00e5 den tryckt p\u00e5 kanvas. Och f\u00f6r dem som vill ha omedelbar tillfredsst\u00e4llelse erbjuder vi ocks\u00e5 ett digitalt nedladdningsalternativ. Valet \u00e4r ditt!<\/p>\r\n\r\n<h2 class=\"grenB f24 cblue\" style=\"margin-top: 3rem\">En g\u00e5va som sticker ut fr\u00e5n m\u00e4ngden<\/h2>\r\n\r\n<p style=\"margin-top: 1rem\">Denna extraordin\u00e4ra g\u00e5va skiljer sig fr\u00e5n andra som du kan hitta p\u00e5 butikshyllorna. Det \u00e4r inte bara en slumpm\u00e4ssig sak som l\u00e4tt kan gl\u00f6mmas bort. Det \u00e4r en g\u00e5va som verkligen \u00e4r unik och personlig. Fotokollage med \u00e5rtalsformade f\u00f6delsedagsfoton firar det speciella \u00e5ret d\u00e5 n\u00e5gon \u00e4r f\u00f6dd och visar upp deras k\u00e4raste minnen. Det \u00e4r en g\u00e5va som de kommer \u00e4lska i m\u00e5nga \u00e5r fram\u00f6ver och p\u00e5minna dem om de glada stunder som de har upplevt l\u00e4ngs v\u00e4gen.<\/p>","protected":false},"excerpt":{"rendered":"\n<ul class=\"check-list\">\n<li>Ladda upp dina favoritfoton f\u00f6r att g\u00f6ra varje bokstav personlig<\/li>\n<li>L\u00e4gg till ett hj\u00e4rtligt meddelande f\u00f6r att g\u00f6ra kollaget till ditt eget<\/li>\n<li>Anpassa i 3 enkla steg med v\u00e5r l\u00e4ttanv\u00e4nda editor<\/li>\n<li>Se din design direkt med en interaktiv f\u00f6rhandsgranskning<\/li>\n<\/ul>\n","protected":false},"featured_media":1679364,"template":"","meta":[],"product_brand":[],"product_cat":[8973,7459,8117,11221,11222,8014,7662,7694,7774],"product_tag":[15100,17303,17359,17373,17439],"class_list":{"0":"post-960920","1":"product","2":"type-product","3":"status-publish","4":"has-post-thumbnail","6":"product_cat-fotobrev","7":"product_cat-alla-produkter","8":"product_cat-fodelsedagspresenter-presenttillfallen","9":"product_cat-fodelsedagspresenter-till-henne","10":"product_cat-fodelsedagspresenter-till-honom","11":"product_cat-gavor-for-man","12":"product_cat-gavor-till-sonen","13":"product_cat-gavor-for-kvinnor","14":"product_cat-gavor-till-dottern","15":"product_tag-birthday-pl-sv","16":"product_tag-fodelsedagspresent","17":"product_tag-fodelsedagspresent-till-henne","18":"product_tag-fodelsedagspresent-till-honom","19":"product_tag-fodelsedagspresenter","21":"first","22":"instock","23":"sale","24":"taxable","25":"shipping-taxable","26":"purchasable","27":"product-type-variable"},"yoast_head":"<!-- This site is optimized with the Yoast SEO Premium plugin v27.2 (Yoast SEO v27.2) - https:\/\/yoast.com\/product\/yoast-seo-premium-wordpress\/ -->\n<title>F\u00f6delsedag med \u00e5rtal fotokollage - Positive Prints<\/title>\n<meta name=\"description\" content=\"Letar du efter en unik f\u00f6delsedagspresent? Skapa ett personligt fotokollage fullt av speciella minnen \u2013 en minnesv\u00e4rd g\u00e5va.\" \/>\n<meta name=\"robots\" content=\"index, follow, max-snippet:-1, max-image-preview:large, max-video-preview:-1\" \/>\n<link rel=\"canonical\" href=\"https:\/\/positiveprints.com\/sv\/produkt\/fodelsedag-med-artal-fotokollage\/\" \/>\n<meta property=\"og:locale\" content=\"sv_SE\" \/>\n<meta property=\"og:type\" content=\"article\" \/>\n<meta property=\"og:title\" content=\"F\u00f6delsedag med \u00e5rtal fotokollage\" \/>\n<meta property=\"og:description\" content=\"Ladda upp dina favoritfoton f\u00f6r att g\u00f6ra varje bokstav personlig                  L\u00e4gg till ett hj\u00e4rtligt meddelande f\u00f6r att g\u00f6ra kollaget till ditt eget                  Anpassa i 3 enkla steg med v\u00e5r l\u00e4ttanv\u00e4nda editor                  Se din design direkt med en interaktiv f\u00f6rhandsgranskning\" \/>\n<meta property=\"og:url\" content=\"https:\/\/positiveprints.com\/sv\/produkt\/fodelsedag-med-artal-fotokollage\/\" \/>\n<meta property=\"og:site_name\" content=\"Positive Prints\" \/>\n<meta property=\"article:publisher\" content=\"https:\/\/www.facebook.com\/positiveprintscom\" \/>\n<meta property=\"article:modified_time\" content=\"2026-04-12T21:17:14+00:00\" \/>\n<meta property=\"og:image\" content=\"https:\/\/positiveprints.com\/wp-content\/uploads\/2025\/06\/Packshot_SE_Fo\u0308delsedag-med-a\u030artal-fotokollage.webp\" \/>\n\t<meta property=\"og:image:width\" content=\"1450\" \/>\n\t<meta property=\"og:image:height\" content=\"1450\" \/>\n\t<meta property=\"og:image:type\" content=\"image\/webp\" \/>\n<meta name=\"twitter:card\" content=\"summary_large_image\" \/>\n<meta name=\"twitter:label1\" content=\"Ber\u00e4knad l\u00e4stid\" \/>\n\t<meta name=\"twitter:data1\" content=\"2 minut\" \/>\n<!-- \/ Yoast SEO Premium plugin. -->","yoast_head_json":{"title":"F\u00f6delsedag med \u00e5rtal fotokollage - Positive Prints","description":"Letar du efter en unik f\u00f6delsedagspresent? Skapa ett personligt fotokollage fullt av speciella minnen \u2013 en minnesv\u00e4rd g\u00e5va.","robots":{"index":"index","follow":"follow","max-snippet":"max-snippet:-1","max-image-preview":"max-image-preview:large","max-video-preview":"max-video-preview:-1"},"canonical":"https:\/\/positiveprints.com\/sv\/produkt\/fodelsedag-med-artal-fotokollage\/","og_locale":"sv_SE","og_type":"article","og_title":"F\u00f6delsedag med \u00e5rtal fotokollage","og_description":"Ladda upp dina favoritfoton f\u00f6r att g\u00f6ra varje bokstav personlig                  L\u00e4gg till ett hj\u00e4rtligt meddelande f\u00f6r att g\u00f6ra kollaget till ditt eget                  Anpassa i 3 enkla steg med v\u00e5r l\u00e4ttanv\u00e4nda editor                  Se din design direkt med en interaktiv f\u00f6rhandsgranskning","og_url":"https:\/\/positiveprints.com\/sv\/produkt\/fodelsedag-med-artal-fotokollage\/","og_site_name":"Positive Prints","article_publisher":"https:\/\/www.facebook.com\/positiveprintscom","article_modified_time":"2026-04-12T21:17:14+00:00","og_image":[{"width":1450,"height":1450,"url":"https:\/\/positiveprints.com\/wp-content\/uploads\/2025\/06\/Packshot_SE_Fo\u0308delsedag-med-a\u030artal-fotokollage.webp","type":"image\/webp"}],"twitter_card":"summary_large_image","twitter_misc":{"Ber\u00e4knad l\u00e4stid":"2 minut"},"schema":{"@context":"https:\/\/schema.org","@graph":[{"@type":["WebPage","ItemPage"],"@id":"https:\/\/positiveprints.com\/sv\/produkt\/fodelsedag-med-artal-fotokollage\/","url":"https:\/\/positiveprints.com\/sv\/produkt\/fodelsedag-med-artal-fotokollage\/","name":"F\u00f6delsedag med \u00e5rtal fotokollage - Positive Prints","isPartOf":{"@id":"https:\/\/positiveprints.com\/sv\/#website"},"primaryImageOfPage":{"@id":"https:\/\/positiveprints.com\/sv\/produkt\/fodelsedag-med-artal-fotokollage\/#primaryimage"},"image":{"@id":"https:\/\/positiveprints.com\/sv\/produkt\/fodelsedag-med-artal-fotokollage\/#primaryimage"},"thumbnailUrl":"https:\/\/positiveprints.com\/wp-content\/uploads\/2026\/03\/Year_EN-Packshot.webp","datePublished":"2023-05-29T08:58:20+00:00","dateModified":"2026-04-12T21:17:14+00:00","description":"Letar du efter en unik f\u00f6delsedagspresent? Skapa ett personligt fotokollage fullt av speciella minnen \u2013 en minnesv\u00e4rd g\u00e5va.","breadcrumb":{"@id":"https:\/\/positiveprints.com\/sv\/produkt\/fodelsedag-med-artal-fotokollage\/#breadcrumb"},"inLanguage":"sv-SE","potentialAction":[{"@type":"ReadAction","target":["https:\/\/positiveprints.com\/sv\/produkt\/fodelsedag-med-artal-fotokollage\/"]}]},{"@type":"ImageObject","inLanguage":"sv-SE","@id":"https:\/\/positiveprints.com\/sv\/produkt\/fodelsedag-med-artal-fotokollage\/#primaryimage","url":"https:\/\/positiveprints.com\/wp-content\/uploads\/2026\/03\/Year_EN-Packshot.webp","contentUrl":"https:\/\/positiveprints.com\/wp-content\/uploads\/2026\/03\/Year_EN-Packshot.webp","width":1450,"height":1450,"caption":"Year_EN Packshot"},{"@type":"BreadcrumbList","@id":"https:\/\/positiveprints.com\/sv\/produkt\/fodelsedag-med-artal-fotokollage\/#breadcrumb","itemListElement":[{"@type":"ListItem","position":1,"name":"Home","item":"https:\/\/positiveprints.com\/sv\/"},{"@type":"ListItem","position":2,"name":"Produkter","item":"https:\/\/positiveprints.com\/sv\/shop\/"},{"@type":"ListItem","position":3,"name":"F\u00f6delsedag med \u00e5rtal fotokollage"}]},{"@type":"WebSite","@id":"https:\/\/positiveprints.com\/sv\/#website","url":"https:\/\/positiveprints.com\/sv\/","name":"Positive Prints","description":"Amazing Custom Personalized Gifts","publisher":{"@id":"https:\/\/positiveprints.com\/sv\/#organization"},"potentialAction":[{"@type":"SearchAction","target":{"@type":"EntryPoint","urlTemplate":"https:\/\/positiveprints.com\/sv\/?s={search_term_string}"},"query-input":{"@type":"PropertyValueSpecification","valueRequired":true,"valueName":"search_term_string"}}],"inLanguage":"sv-SE"},{"@type":"Organization","@id":"https:\/\/positiveprints.com\/sv\/#organization","name":"Positive Prints","alternateName":"Positive Prints","url":"https:\/\/positiveprints.com\/sv\/","logo":{"@type":"ImageObject","inLanguage":"sv-SE","@id":"https:\/\/positiveprints.com\/sv\/#\/schema\/logo\/image\/","url":"https:\/\/positiveprints.com\/wp-content\/uploads\/2026\/03\/245815646_1337939713319158_5671353136411139666_n.png","contentUrl":"https:\/\/positiveprints.com\/wp-content\/uploads\/2026\/03\/245815646_1337939713319158_5671353136411139666_n.png","width":800,"height":800,"caption":"Positive Prints"},"image":{"@id":"https:\/\/positiveprints.com\/sv\/#\/schema\/logo\/image\/"},"sameAs":["https:\/\/www.facebook.com\/positiveprintscom","https:\/\/www.instagram.com\/positiveprintscom\/","https:\/\/www.tiktok.com\/@positiveprintscom","https:\/\/www.pinterest.com\/positiveprintscom\/"]}]}},"jetpack_sharing_enabled":true,"_links":{"self":[{"href":"https:\/\/positiveprints.com\/sv\/wp-json\/wp\/v2\/product\/960920","targetHints":{"allow":["GET"]}}],"collection":[{"href":"https:\/\/positiveprints.com\/sv\/wp-json\/wp\/v2\/product"}],"about":[{"href":"https:\/\/positiveprints.com\/sv\/wp-json\/wp\/v2\/types\/product"}],"wp:featuredmedia":[{"embeddable":true,"href":"https:\/\/positiveprints.com\/sv\/wp-json\/wp\/v2\/media\/1679364"}],"wp:attachment":[{"href":"https:\/\/positiveprints.com\/sv\/wp-json\/wp\/v2\/media?parent=960920"}],"wp:term":[{"taxonomy":"product_brand","embeddable":true,"href":"https:\/\/positiveprints.com\/sv\/wp-json\/wp\/v2\/product_brand?post=960920"},{"taxonomy":"product_cat","embeddable":true,"href":"https:\/\/positiveprints.com\/sv\/wp-json\/wp\/v2\/product_cat?post=960920"},{"taxonomy":"product_tag","embeddable":true,"href":"https:\/\/positiveprints.com\/sv\/wp-json\/wp\/v2\/product_tag?post=960920"}],"curies":[{"name":"wp","href":"https:\/\/api.w.org\/{rel}","templated":true}]}}