{"id":960914,"date":"2023-10-05T15:14:00","date_gmt":"2023-10-05T14:14:00","guid":{"rendered":"https:\/\/positiveprints.com\/product\/forlovningsbrev-fotocollage\/"},"modified":"2026-04-28T14:07:37","modified_gmt":"2026-04-28T13:07:37","slug":"forlovningsbrev-foto-collage","status":"publish","type":"product","link":"https:\/\/positiveprints.com\/sv\/produkt\/forlovningsbrev-foto-collage\/","title":{"rendered":"F\u00f6rlovningsbrev Fotocollage"},"content":{"rendered":"<p style=\"margin-top: 1rem\">Fotocollage med f\u00f6rlovningsbrev \u00e4r en cool <a href=\"https:\/\/positiveprints.com\/engagement-gifts\/\">present till f\u00f6rlovade<\/a>. Det \u00e4r en speciell tavla eller canvas som handlar om dig! Det \u00e4r ett collage av bilder d\u00e4r du kan v\u00e4lja vilket kort ord du vill. Det kan vara ert f\u00f6rlovningsdatum eller ord som &#8220;ja!&#8221;, &#8220;f\u00f6rlovad&#8221; eller &#8220;\u00e4lskar dig&#8221;. Det \u00e4r du som best\u00e4mmer!<\/p>\r\n          \r\n\r\n          \r\n\r\n          <p style=\"margin-top: 1rem\">Det \u00e4r superenkelt att g\u00f6ra ett fotocollage med f\u00f6rlovningsbrev. G\u00e5 bara till v\u00e5r webbplats och anv\u00e4nd v\u00e5rt specialverktyg. V\u00e4lj f\u00f6rst ett ord eller skriv ett eget. Du kan \u00e4ven v\u00e4lja f\u00e4rg p\u00e5 konturerna runt varje bokstav. Sedan kan du l\u00e4gga till en bild f\u00f6r varje bokstav. Gl\u00f6m inte att du ocks\u00e5 kan l\u00e4gga till ett personligt meddelande under collaget.<\/p>\r\n          \r\n\r\n          \r\n\r\n          <p style=\"margin-top: 1rem\">Det b\u00e4sta \u00e4r att du kan v\u00e4lja hur du vill ha ditt personliga konstverk. Vi erbjuder olika storlekar och format. Du kan f\u00e5 en tryckt affisch, en inramad, en cool canvas eller till och med en digital nedladdning som du kan f\u00e5 direkt.<\/p>\r\n          \r\n\r\n          \r\n\r\n          <p style=\"margin-top: 1rem\">Det som g\u00f6r fotocollage med f\u00f6rlovningsbrev s\u00e5 speciellt \u00e4r att det inte \u00e4r som vilken present som helst som du bara kan k\u00f6pa i en butik. Den \u00e4r unik och tillverkad just f\u00f6r dig. Det \u00e4r ett s\u00e4tt att visa sin k\u00e4rlek och skapa minnen som varar f\u00f6r evigt. Det \u00e4r en g\u00e5va som \u00e4r unik och personlig, precis som k\u00e4rleken mellan dig och den du h\u00e5ller k\u00e4r.<\/p>\r\n          \r\n\r\n          \r\n\r\n          <p style=\"margin-top: 1rem\">S\u00e5 fira er f\u00f6rlovning med ett fotocollage med f\u00f6rlovningsbrev. Det \u00e4r en g\u00e5va som handlar om dig, fylld med k\u00e4rlek och v\u00e4rdefulla \u00f6gonblick. Det \u00e4r en p\u00e5minnelse om ert speciella band som kommer att f\u00e5 dig att le varje g\u00e5ng du ser den. Var kreativ, ber\u00e4tta din historia och skapa en g\u00e5va som kommer att vara v\u00e4rdefull f\u00f6r alltid.<\/p>","protected":false},"excerpt":{"rendered":"\n<ul class=\"check-list\">\n<li>Fira det of\u00f6rgl\u00f6mliga \u00f6gonblicket av er f\u00f6rlovning genom att uttrycka er k\u00e4rlek och tacksamhet p\u00e5 ett meningsfullt och unikt s\u00e4tt<\/li>\n<li>Inkludera en meningsfull personlig text<\/li>\n<li>Anpassa i 3 enkla steg<\/li>\n<li>V\u00e4lj en mall eller var kreativ<\/li>\n<li>Se resultatet direkt \u2013 den interaktiva f\u00f6rhandsvisningen l\u00e5ter dig finjustera varje detalj<\/li>\n<\/ul>\n","protected":false},"featured_media":1280327,"template":"","meta":[],"product_brand":[],"product_cat":[7459,7934,8973,8118],"product_tag":[8441],"class_list":{"0":"post-960914","1":"product","2":"type-product","3":"status-publish","4":"has-post-thumbnail","6":"product_cat-alla-produkter","7":"product_cat-gavor-till-brollopsdusch","8":"product_cat-fotobrev","9":"product_cat-gavor-for-nyforlovade-par-presenttillfallen","10":"product_tag-forlovning","12":"first","13":"instock","14":"sale","15":"taxable","16":"shipping-taxable","17":"purchasable","18":"product-type-variable"},"yoast_head":"<!-- This site is optimized with the Yoast SEO Premium plugin v27.2 (Yoast SEO v27.2) - https:\/\/yoast.com\/product\/yoast-seo-premium-wordpress\/ -->\n<title>Fotocollage med f\u00f6rlovningsbrev - Positiva tryck<\/title>\n<meta name=\"description\" content=\"Fira f\u00f6rlovningen med ett fotocollage med f\u00f6rlovningsbrev. Det \u00e4r en g\u00e5va som handlar om dig, fylld med k\u00e4rlek och v\u00e4rdefulla \u00f6gonblick.\" \/>\n<meta name=\"robots\" content=\"index, follow, max-snippet:-1, max-image-preview:large, max-video-preview:-1\" \/>\n<link rel=\"canonical\" href=\"https:\/\/positiveprints.com\/sv\/produkt\/forlovningsbrev-foto-collage\/\" \/>\n<meta property=\"og:locale\" content=\"sv_SE\" \/>\n<meta property=\"og:type\" content=\"article\" \/>\n<meta property=\"og:title\" content=\"F\u00f6rlovningsbrev Fotocollage\" \/>\n<meta property=\"og:description\" content=\"Fira det of\u00f6rgl\u00f6mliga \u00f6gonblicket av er f\u00f6rlovning genom att uttrycka er k\u00e4rlek och tacksamhet p\u00e5 ett meningsfullt och unikt s\u00e4tt               Inkludera en meningsfull personlig text               Anpassa i 3 enkla steg               V\u00e4lj en mall eller var kreativ               Se resultatet direkt \u2013 den interaktiva f\u00f6rhandsvisningen l\u00e5ter dig finjustera varje detalj\" \/>\n<meta property=\"og:url\" content=\"https:\/\/positiveprints.com\/sv\/produkt\/forlovningsbrev-foto-collage\/\" \/>\n<meta property=\"og:site_name\" content=\"Positive Prints\" \/>\n<meta property=\"article:publisher\" content=\"https:\/\/www.facebook.com\/positiveprintscom\" \/>\n<meta property=\"article:modified_time\" content=\"2026-04-28T13:07:37+00:00\" \/>\n<meta property=\"og:image\" content=\"https:\/\/positiveprints.com\/wp-content\/uploads\/2024\/11\/Packshot_SE_Engagement-Letter-Photo-Collage-product-image.webp\" \/>\n\t<meta property=\"og:image:width\" content=\"1450\" \/>\n\t<meta property=\"og:image:height\" content=\"1450\" \/>\n\t<meta property=\"og:image:type\" content=\"image\/webp\" \/>\n<meta name=\"twitter:card\" content=\"summary_large_image\" \/>\n<!-- \/ Yoast SEO Premium plugin. -->","yoast_head_json":{"title":"Fotocollage med f\u00f6rlovningsbrev - Positiva tryck","description":"Fira f\u00f6rlovningen med ett fotocollage med f\u00f6rlovningsbrev. Det \u00e4r en g\u00e5va som handlar om dig, fylld med k\u00e4rlek och v\u00e4rdefulla \u00f6gonblick.","robots":{"index":"index","follow":"follow","max-snippet":"max-snippet:-1","max-image-preview":"max-image-preview:large","max-video-preview":"max-video-preview:-1"},"canonical":"https:\/\/positiveprints.com\/sv\/produkt\/forlovningsbrev-foto-collage\/","og_locale":"sv_SE","og_type":"article","og_title":"F\u00f6rlovningsbrev Fotocollage","og_description":"Fira det of\u00f6rgl\u00f6mliga \u00f6gonblicket av er f\u00f6rlovning genom att uttrycka er k\u00e4rlek och tacksamhet p\u00e5 ett meningsfullt och unikt s\u00e4tt               Inkludera en meningsfull personlig text               Anpassa i 3 enkla steg               V\u00e4lj en mall eller var kreativ               Se resultatet direkt \u2013 den interaktiva f\u00f6rhandsvisningen l\u00e5ter dig finjustera varje detalj","og_url":"https:\/\/positiveprints.com\/sv\/produkt\/forlovningsbrev-foto-collage\/","og_site_name":"Positive Prints","article_publisher":"https:\/\/www.facebook.com\/positiveprintscom","article_modified_time":"2026-04-28T13:07:37+00:00","og_image":[{"width":1450,"height":1450,"url":"https:\/\/positiveprints.com\/wp-content\/uploads\/2024\/11\/Packshot_SE_Engagement-Letter-Photo-Collage-product-image.webp","type":"image\/webp"}],"twitter_card":"summary_large_image","schema":{"@context":"https:\/\/schema.org","@graph":[{"@type":["WebPage","ItemPage"],"@id":"https:\/\/positiveprints.com\/sv\/produkt\/forlovningsbrev-foto-collage\/","url":"https:\/\/positiveprints.com\/sv\/produkt\/forlovningsbrev-foto-collage\/","name":"Fotocollage med f\u00f6rlovningsbrev - Positiva tryck","isPartOf":{"@id":"https:\/\/positiveprints.com\/sv\/#website"},"primaryImageOfPage":{"@id":"https:\/\/positiveprints.com\/sv\/produkt\/forlovningsbrev-foto-collage\/#primaryimage"},"image":{"@id":"https:\/\/positiveprints.com\/sv\/produkt\/forlovningsbrev-foto-collage\/#primaryimage"},"thumbnailUrl":"https:\/\/positiveprints.com\/wp-content\/uploads\/2024\/11\/Packshot_SE_Engagement-Letter-Photo-Collage-product-image.webp","datePublished":"2023-10-05T14:14:00+00:00","dateModified":"2026-04-28T13:07:37+00:00","description":"Fira f\u00f6rlovningen med ett fotocollage med f\u00f6rlovningsbrev. Det \u00e4r en g\u00e5va som handlar om dig, fylld med k\u00e4rlek och v\u00e4rdefulla \u00f6gonblick.","breadcrumb":{"@id":"https:\/\/positiveprints.com\/sv\/produkt\/forlovningsbrev-foto-collage\/#breadcrumb"},"inLanguage":"sv-SE","potentialAction":[{"@type":"ReadAction","target":["https:\/\/positiveprints.com\/sv\/produkt\/forlovningsbrev-foto-collage\/"]}]},{"@type":"ImageObject","inLanguage":"sv-SE","@id":"https:\/\/positiveprints.com\/sv\/produkt\/forlovningsbrev-foto-collage\/#primaryimage","url":"https:\/\/positiveprints.com\/wp-content\/uploads\/2024\/11\/Packshot_SE_Engagement-Letter-Photo-Collage-product-image.webp","contentUrl":"https:\/\/positiveprints.com\/wp-content\/uploads\/2024\/11\/Packshot_SE_Engagement-Letter-Photo-Collage-product-image.webp","width":1450,"height":1450},{"@type":"BreadcrumbList","@id":"https:\/\/positiveprints.com\/sv\/produkt\/forlovningsbrev-foto-collage\/#breadcrumb","itemListElement":[{"@type":"ListItem","position":1,"name":"Home","item":"https:\/\/positiveprints.com\/sv\/"},{"@type":"ListItem","position":2,"name":"Produkter","item":"https:\/\/positiveprints.com\/sv\/shop\/"},{"@type":"ListItem","position":3,"name":"F\u00f6rlovningsbrev Fotocollage"}]},{"@type":"WebSite","@id":"https:\/\/positiveprints.com\/sv\/#website","url":"https:\/\/positiveprints.com\/sv\/","name":"Positive Prints","description":"Amazing Custom Personalized Gifts","publisher":{"@id":"https:\/\/positiveprints.com\/sv\/#organization"},"potentialAction":[{"@type":"SearchAction","target":{"@type":"EntryPoint","urlTemplate":"https:\/\/positiveprints.com\/sv\/?s={search_term_string}"},"query-input":{"@type":"PropertyValueSpecification","valueRequired":true,"valueName":"search_term_string"}}],"inLanguage":"sv-SE"},{"@type":"Organization","@id":"https:\/\/positiveprints.com\/sv\/#organization","name":"Positive Prints","alternateName":"Positive Prints","url":"https:\/\/positiveprints.com\/sv\/","logo":{"@type":"ImageObject","inLanguage":"sv-SE","@id":"https:\/\/positiveprints.com\/sv\/#\/schema\/logo\/image\/","url":"https:\/\/positiveprints.com\/wp-content\/uploads\/2026\/03\/245815646_1337939713319158_5671353136411139666_n.png","contentUrl":"https:\/\/positiveprints.com\/wp-content\/uploads\/2026\/03\/245815646_1337939713319158_5671353136411139666_n.png","width":800,"height":800,"caption":"Positive Prints"},"image":{"@id":"https:\/\/positiveprints.com\/sv\/#\/schema\/logo\/image\/"},"sameAs":["https:\/\/www.facebook.com\/positiveprintscom","https:\/\/www.instagram.com\/positiveprintscom\/","https:\/\/www.tiktok.com\/@positiveprintscom","https:\/\/www.pinterest.com\/positiveprintscom\/"]}]}},"jetpack_sharing_enabled":true,"_links":{"self":[{"href":"https:\/\/positiveprints.com\/sv\/wp-json\/wp\/v2\/product\/960914","targetHints":{"allow":["GET"]}}],"collection":[{"href":"https:\/\/positiveprints.com\/sv\/wp-json\/wp\/v2\/product"}],"about":[{"href":"https:\/\/positiveprints.com\/sv\/wp-json\/wp\/v2\/types\/product"}],"wp:featuredmedia":[{"embeddable":true,"href":"https:\/\/positiveprints.com\/sv\/wp-json\/wp\/v2\/media\/1280327"}],"wp:attachment":[{"href":"https:\/\/positiveprints.com\/sv\/wp-json\/wp\/v2\/media?parent=960914"}],"wp:term":[{"taxonomy":"product_brand","embeddable":true,"href":"https:\/\/positiveprints.com\/sv\/wp-json\/wp\/v2\/product_brand?post=960914"},{"taxonomy":"product_cat","embeddable":true,"href":"https:\/\/positiveprints.com\/sv\/wp-json\/wp\/v2\/product_cat?post=960914"},{"taxonomy":"product_tag","embeddable":true,"href":"https:\/\/positiveprints.com\/sv\/wp-json\/wp\/v2\/product_tag?post=960914"}],"curies":[{"name":"wp","href":"https:\/\/api.w.org\/{rel}","templated":true}]}}