{"id":960908,"date":"2023-05-24T11:19:29","date_gmt":"2023-05-24T10:19:29","guid":{"rendered":"https:\/\/positiveprints.com\/product\/brollop-brev-fotocollage\/"},"modified":"2026-04-12T22:17:25","modified_gmt":"2026-04-12T21:17:25","slug":"brollopsbrev-foto-collage","status":"publish","type":"product","link":"https:\/\/positiveprints.com\/sv\/produkt\/brollopsbrev-foto-collage\/","title":{"rendered":"Mr &#038; Mrs &#8211; Bokstavskollage"},"content":{"rendered":"<p style=\"margin-top: 1rem;\">Fotokollage med br\u00f6llopsbokst\u00e4ver \u00e4r en extraordin\u00e4r och speciell produkt som utformats speciellt f\u00f6r br\u00f6llop. Det fungerar som ett anm\u00e4rkningsv\u00e4rt personligt tryck eller duk, vilket g\u00f6r det till den perfekta <a href=\"https:\/\/positiveprints.com\/sv\/brollopspresenter\/\">br\u00f6llopspresenten<\/a>. Detta fotokollage \u00e4r unikt och du kan f\u00f6rvandla dina \u00e4lskade foton till ett fantastiskt ord eller tecken. Oavsett om det \u00e4r ert br\u00f6llopsdatum eller ord som &#8220;love you&#8221;, &#8220;i do!&#8221;, &#8220;mr&amp;mrs&#8221; eller &#8220;br\u00f6llop&#8221;, s\u00e5 \u00e4r m\u00f6jligheterna o\u00e4ndliga. Med fotokfollage med br\u00f6llopsbokst\u00e4ver har du m\u00f6jlighet att visa din kreativitet och f\u00e5nga sj\u00e4len av din speciella dag.<\/p>\r\n<p style=\"margin-top: 1rem;\">Att skapa ditt eget fotokollage med br\u00f6llopsbokst\u00e4ver \u00e4r en barnlek med v\u00e5r praktiska online-redigerare. B\u00f6rja med att v\u00e4lja ett ord eller skriv in ett ord som du sj\u00e4lv v\u00e4ljer. Dessutom kan du v\u00e4lja f\u00e4rg p\u00e5 bokst\u00e4vernas konturer, s\u00e5 att du kan skr\u00e4ddarsy kollaget efter din personliga stil. N\u00e4r du har gjort dina val laddar du helt enkelt upp ett unikt foto f\u00f6r varje bokstav. Detta g\u00f6r det m\u00f6jligt f\u00f6r dig att presentera en samling fina minnen som har ett sentimentalt v\u00e4rde. F\u00f6r en extra personlig touch har du m\u00f6jlighet att inkludera text eller ett innerligt meddelande under kollaget.<\/p>\r\n<p style=\"margin-top: 1rem;\">Fotokollage med br\u00f6llopsbokst\u00e4ver finns i olika format och storlekar f\u00f6r att passa dina \u00f6nskem\u00e5l. Du kan v\u00e4lja mellan en tryckt eller inramad affisch, en kanvasduk f\u00f6r en elegantare presentation eller en direkt digital nedladdningsfil f\u00f6r extra bekv\u00e4mlighet. Oavsett vilket format du v\u00e4ljer kan du vara s\u00e4ker p\u00e5 att ditt personliga konstverk kommer att sticka ut som en verkligt anm\u00e4rkningsv\u00e4rd g\u00e5va.<\/p>\r\n<p style=\"margin-top: 1rem;\">Till skillnad fr\u00e5n andra varor som vanligtvis finns p\u00e5 butikshyllorna \u00e4r <a href=\"https:\/\/positiveprints.com\/product\/letter-photo-collage\/\">Letter Photo Collage<\/a> verkligen unikt. Det sammanfattar essensen av paret och deras speciella dag, vilket g\u00f6r det till en extraordin\u00e4r och personlig g\u00e5va. Denna omsorgsfullt utformade produkt \u00e4r ett bevis p\u00e5 det band som de nygifta delar med varandra, och den kommer s\u00e4kert att sk\u00e4nka gl\u00e4dje och lycka i m\u00e5nga \u00e5r fram\u00f6ver. \u00d6verraska det lyckliga paret med ett fotokollage med br\u00f6llopsbokst\u00e4ver och hylla deras k\u00e4rlek p\u00e5 ett of\u00f6rgl\u00f6mligt s\u00e4tt.<\/p>","protected":false},"excerpt":{"rendered":"<ul class=\"check-list\">\n<li>Ladda upp dina favoritfoton f\u00f6r att g\u00f6ra varje bokstav personlig<\/li>\n<li>L\u00e4gg till ett hj\u00e4rtligt meddelande f\u00f6r att g\u00f6ra kollaget till ditt eget<\/li>\n<li>Anpassa i 3 enkla steg med v\u00e5r l\u00e4ttanv\u00e4nda editor<\/li>\n<li>Se din design direkt med en interaktiv f\u00f6rhandsgranskning<\/li>\n<\/ul>\n","protected":false},"featured_media":1672553,"template":"","meta":[],"product_brand":[],"product_cat":[7459,7934,8120,8973,7647,7758,9767],"product_tag":[16316,16317,15005,16526,15071],"class_list":{"0":"post-960908","1":"product","2":"type-product","3":"status-publish","4":"has-post-thumbnail","6":"product_cat-alla-produkter","7":"product_cat-gavor-till-brollopsdusch","8":"product_cat-brollopspresenter-presenttillfallen","9":"product_cat-fotobrev","10":"product_cat-gavor-till-din-man","11":"product_cat-gavor-till-fru","12":"product_cat-trending-label-sv","13":"product_tag-brollopspresent","14":"product_tag-brollopspresenter","15":"product_tag-couple-gift-sv","16":"product_tag-present-till-nygifta","17":"product_tag-wedding-pl-sv","19":"first","20":"instock","21":"sale","22":"taxable","23":"shipping-taxable","24":"purchasable","25":"product-type-variable"},"yoast_head":"<!-- This site is optimized with the Yoast SEO Premium plugin v27.2 (Yoast SEO v27.2) - https:\/\/yoast.com\/product\/yoast-seo-premium-wordpress\/ -->\n<title>Mr &amp; Mrs - Bokstavskollage - Positive Prints<\/title>\n<meta name=\"description\" content=\"En tidl\u00f6s br\u00f6llopspresent! Designa ditt \u2018Mr &amp; Mrs\u2019 bokstavsfotokollage med dina favoritminnen f\u00f6r att skapa en vacker minnessak.\" \/>\n<meta name=\"robots\" content=\"index, follow, max-snippet:-1, max-image-preview:large, max-video-preview:-1\" \/>\n<link rel=\"canonical\" href=\"https:\/\/positiveprints.com\/sv\/produkt\/brollopsbrev-foto-collage\/\" \/>\n<meta property=\"og:locale\" content=\"sv_SE\" \/>\n<meta property=\"og:type\" content=\"article\" \/>\n<meta property=\"og:title\" content=\"Mr &amp; Mrs - Bokstavskollage\" \/>\n<meta property=\"og:description\" content=\"Ladda upp dina favoritfoton f\u00f6r att g\u00f6ra varje bokstav personlig  L\u00e4gg till ett hj\u00e4rtligt meddelande f\u00f6r att g\u00f6ra kollaget till ditt eget  Anpassa i 3 enkla steg med v\u00e5r l\u00e4ttanv\u00e4nda editor  Se din design direkt med en interaktiv f\u00f6rhandsgranskning\" \/>\n<meta property=\"og:url\" content=\"https:\/\/positiveprints.com\/sv\/produkt\/brollopsbrev-foto-collage\/\" \/>\n<meta property=\"og:site_name\" content=\"Positive Prints\" \/>\n<meta property=\"article:publisher\" content=\"https:\/\/www.facebook.com\/positiveprintscom\" \/>\n<meta property=\"article:modified_time\" content=\"2026-04-12T21:17:25+00:00\" \/>\n<meta property=\"og:image\" content=\"https:\/\/positiveprints.com\/wp-content\/uploads\/2025\/04\/Packshot_SE_MRMRS.webp\" \/>\n\t<meta property=\"og:image:width\" content=\"1450\" \/>\n\t<meta property=\"og:image:height\" content=\"1450\" \/>\n\t<meta property=\"og:image:type\" content=\"image\/webp\" \/>\n<meta name=\"twitter:card\" content=\"summary_large_image\" \/>\n<meta name=\"twitter:label1\" content=\"Ber\u00e4knad l\u00e4stid\" \/>\n\t<meta name=\"twitter:data1\" content=\"2 minut\" \/>\n<!-- \/ Yoast SEO Premium plugin. -->","yoast_head_json":{"title":"Mr & Mrs - Bokstavskollage - Positive Prints","description":"En tidl\u00f6s br\u00f6llopspresent! Designa ditt \u2018Mr & Mrs\u2019 bokstavsfotokollage med dina favoritminnen f\u00f6r att skapa en vacker minnessak.","robots":{"index":"index","follow":"follow","max-snippet":"max-snippet:-1","max-image-preview":"max-image-preview:large","max-video-preview":"max-video-preview:-1"},"canonical":"https:\/\/positiveprints.com\/sv\/produkt\/brollopsbrev-foto-collage\/","og_locale":"sv_SE","og_type":"article","og_title":"Mr & Mrs - Bokstavskollage","og_description":"Ladda upp dina favoritfoton f\u00f6r att g\u00f6ra varje bokstav personlig  L\u00e4gg till ett hj\u00e4rtligt meddelande f\u00f6r att g\u00f6ra kollaget till ditt eget  Anpassa i 3 enkla steg med v\u00e5r l\u00e4ttanv\u00e4nda editor  Se din design direkt med en interaktiv f\u00f6rhandsgranskning","og_url":"https:\/\/positiveprints.com\/sv\/produkt\/brollopsbrev-foto-collage\/","og_site_name":"Positive Prints","article_publisher":"https:\/\/www.facebook.com\/positiveprintscom","article_modified_time":"2026-04-12T21:17:25+00:00","og_image":[{"width":1450,"height":1450,"url":"https:\/\/positiveprints.com\/wp-content\/uploads\/2025\/04\/Packshot_SE_MRMRS.webp","type":"image\/webp"}],"twitter_card":"summary_large_image","twitter_misc":{"Ber\u00e4knad l\u00e4stid":"2 minut"},"schema":{"@context":"https:\/\/schema.org","@graph":[{"@type":["WebPage","ItemPage"],"@id":"https:\/\/positiveprints.com\/sv\/produkt\/brollopsbrev-foto-collage\/","url":"https:\/\/positiveprints.com\/sv\/produkt\/brollopsbrev-foto-collage\/","name":"Mr & Mrs - Bokstavskollage - Positive Prints","isPartOf":{"@id":"https:\/\/positiveprints.com\/sv\/#website"},"primaryImageOfPage":{"@id":"https:\/\/positiveprints.com\/sv\/produkt\/brollopsbrev-foto-collage\/#primaryimage"},"image":{"@id":"https:\/\/positiveprints.com\/sv\/produkt\/brollopsbrev-foto-collage\/#primaryimage"},"thumbnailUrl":"https:\/\/positiveprints.com\/wp-content\/uploads\/2026\/03\/MrMrs_EN-phtoo-collage.webp","datePublished":"2023-05-24T10:19:29+00:00","dateModified":"2026-04-12T21:17:25+00:00","description":"En tidl\u00f6s br\u00f6llopspresent! Designa ditt \u2018Mr & Mrs\u2019 bokstavsfotokollage med dina favoritminnen f\u00f6r att skapa en vacker minnessak.","breadcrumb":{"@id":"https:\/\/positiveprints.com\/sv\/produkt\/brollopsbrev-foto-collage\/#breadcrumb"},"inLanguage":"sv-SE","potentialAction":[{"@type":"ReadAction","target":["https:\/\/positiveprints.com\/sv\/produkt\/brollopsbrev-foto-collage\/"]}]},{"@type":"ImageObject","inLanguage":"sv-SE","@id":"https:\/\/positiveprints.com\/sv\/produkt\/brollopsbrev-foto-collage\/#primaryimage","url":"https:\/\/positiveprints.com\/wp-content\/uploads\/2026\/03\/MrMrs_EN-phtoo-collage.webp","contentUrl":"https:\/\/positiveprints.com\/wp-content\/uploads\/2026\/03\/MrMrs_EN-phtoo-collage.webp","width":1450,"height":1450},{"@type":"BreadcrumbList","@id":"https:\/\/positiveprints.com\/sv\/produkt\/brollopsbrev-foto-collage\/#breadcrumb","itemListElement":[{"@type":"ListItem","position":1,"name":"Home","item":"https:\/\/positiveprints.com\/sv\/"},{"@type":"ListItem","position":2,"name":"Produkter","item":"https:\/\/positiveprints.com\/sv\/shop\/"},{"@type":"ListItem","position":3,"name":"Mr &#038; Mrs &#8211; Bokstavskollage"}]},{"@type":"WebSite","@id":"https:\/\/positiveprints.com\/sv\/#website","url":"https:\/\/positiveprints.com\/sv\/","name":"Positive Prints","description":"Amazing Custom Personalized Gifts","publisher":{"@id":"https:\/\/positiveprints.com\/sv\/#organization"},"potentialAction":[{"@type":"SearchAction","target":{"@type":"EntryPoint","urlTemplate":"https:\/\/positiveprints.com\/sv\/?s={search_term_string}"},"query-input":{"@type":"PropertyValueSpecification","valueRequired":true,"valueName":"search_term_string"}}],"inLanguage":"sv-SE"},{"@type":"Organization","@id":"https:\/\/positiveprints.com\/sv\/#organization","name":"Positive Prints","alternateName":"Positive Prints","url":"https:\/\/positiveprints.com\/sv\/","logo":{"@type":"ImageObject","inLanguage":"sv-SE","@id":"https:\/\/positiveprints.com\/sv\/#\/schema\/logo\/image\/","url":"https:\/\/positiveprints.com\/wp-content\/uploads\/2026\/03\/245815646_1337939713319158_5671353136411139666_n.png","contentUrl":"https:\/\/positiveprints.com\/wp-content\/uploads\/2026\/03\/245815646_1337939713319158_5671353136411139666_n.png","width":800,"height":800,"caption":"Positive Prints"},"image":{"@id":"https:\/\/positiveprints.com\/sv\/#\/schema\/logo\/image\/"},"sameAs":["https:\/\/www.facebook.com\/positiveprintscom","https:\/\/www.instagram.com\/positiveprintscom\/","https:\/\/www.tiktok.com\/@positiveprintscom","https:\/\/www.pinterest.com\/positiveprintscom\/"]}]}},"jetpack_sharing_enabled":true,"_links":{"self":[{"href":"https:\/\/positiveprints.com\/sv\/wp-json\/wp\/v2\/product\/960908","targetHints":{"allow":["GET"]}}],"collection":[{"href":"https:\/\/positiveprints.com\/sv\/wp-json\/wp\/v2\/product"}],"about":[{"href":"https:\/\/positiveprints.com\/sv\/wp-json\/wp\/v2\/types\/product"}],"wp:featuredmedia":[{"embeddable":true,"href":"https:\/\/positiveprints.com\/sv\/wp-json\/wp\/v2\/media\/1672553"}],"wp:attachment":[{"href":"https:\/\/positiveprints.com\/sv\/wp-json\/wp\/v2\/media?parent=960908"}],"wp:term":[{"taxonomy":"product_brand","embeddable":true,"href":"https:\/\/positiveprints.com\/sv\/wp-json\/wp\/v2\/product_brand?post=960908"},{"taxonomy":"product_cat","embeddable":true,"href":"https:\/\/positiveprints.com\/sv\/wp-json\/wp\/v2\/product_cat?post=960908"},{"taxonomy":"product_tag","embeddable":true,"href":"https:\/\/positiveprints.com\/sv\/wp-json\/wp\/v2\/product_tag?post=960908"}],"curies":[{"name":"wp","href":"https:\/\/api.w.org\/{rel}","templated":true}]}}