{"id":960891,"date":"2023-05-23T11:25:45","date_gmt":"2023-05-23T10:25:45","guid":{"rendered":"https:\/\/positiveprints.com\/product\/1-ars-jubileum-brev-foto-collage\/"},"modified":"2026-04-28T14:19:53","modified_gmt":"2026-04-28T13:19:53","slug":"1-arsjubileum-brev-foto-collage","status":"publish","type":"product","link":"https:\/\/positiveprints.com\/sv\/produkt\/1-arsjubileum-brev-foto-collage\/","title":{"rendered":"1 \u00e5rs jubileum Brev Foto Collage"},"content":{"rendered":"&nbsp;\r\n<p style=\"margin-top: 1rem;\">Vi presenterar fotocollage med 1-\u00e5rsjubileumsbrev! Det \u00e4r en speciell och personlig g\u00e5va som du kan ge f\u00f6r att fira er ett\u00e5rsdag. Det \u00e4r som en bild som best\u00e5r av olika foton som bildar ett ord eller tecken. Du kan v\u00e4lja vilket kort ord du vill, t.ex. &#8220;1 \u00e5r&#8221;, &#8220;tillsammans&#8221; eller &#8220;k\u00e4rlek&#8221;. Det \u00e4r du som best\u00e4mmer!<\/p>\r\n<p style=\"margin-top: 1rem;\">F\u00f6r att skapa ditt personliga konstverk, g\u00e5 bara till v\u00e5r webbplats och anv\u00e4nd v\u00e5r enkla online-redigerare. Du kan v\u00e4lja ett ord eller skriva in det sj\u00e4lv. Du kan ocks\u00e5 v\u00e4lja f\u00e4rg p\u00e5 konturerna runt bokst\u00e4verna. Sedan kan du ladda upp ett foto f\u00f6r varje bokstav. Du kan \u00e4ven l\u00e4gga till ditt eget personliga meddelande under collaget.<\/p>\r\n<p style=\"margin-top: 1rem;\">Det finns olika s\u00e4tt att best\u00e4lla ditt fotocollage med 1-\u00e5rsjubileumsbrev. Du kan f\u00e5 den utskriven som affisch eller inramad bild. Eller s\u00e5 kan du v\u00e4lja en canvasversion. Om du f\u00f6redrar det kan du ocks\u00e5 f\u00e5 en direkt digital nedladdningsfil.<\/p>\r\n<p style=\"margin-top: 1rem;\">1 \u00e5rs jubileumsbrev fotocollage \u00e4r inte som andra presenter du hittar i butiker. Det \u00e4r unikt och speciellt eftersom det handlar om dig och din relation. Det \u00e4r ett s\u00e4tt att minnas alla de fina stunder ni har haft tillsammans. Ge bort en <a href=\"https:\/\/positiveprints.com\/sv\/anniversary-gifts\/\">\u00e5rsdagspresent<\/a> som visar hur mycket du bryr dig med fotocollage med brev till 1-\u00e5rsjubileum!<\/p>\r\n<p style=\"margin-top: 1rem;\">F\u00f6rest\u00e4ll dig gl\u00e4djen i din partners ansikte n\u00e4r de ser det vackra collaget som du har skapat bara f\u00f6r dem. Det \u00e4r en g\u00e5va som visar hur mycket du bryr dig och hur viktigt ert f\u00f6rh\u00e5llande \u00e4r. Dessutom \u00e4r det n\u00e5got de kan uppskatta i m\u00e5nga \u00e5r fram\u00f6ver.<\/p>\r\n<p style=\"margin-top: 1rem;\">Fotocollage med brev till 1-\u00e5rsjubileum \u00e4r inte bara en omt\u00e4nksam och k\u00e4nslosam present, det \u00e4r ocks\u00e5 roligt att skapa. Du kan \u00e4gna tid \u00e5t att g\u00e5 igenom dina foton och v\u00e4lja ut de perfekta bilderna f\u00f6r varje brev. Det \u00e4r ett tillf\u00e4lle att minnas era b\u00e4sta stunder och reflektera \u00f6ver hur l\u00e5ngt ni har kommit som par.<\/p>\r\n<p style=\"margin-top: 1rem;\">S\u00e5 varf\u00f6r n\u00f6ja sig med en generisk g\u00e5va n\u00e4r du kan ge n\u00e5got verkligt unikt? <a href=\"https:\/\/positiveprints.com\/sv\/produkt\/brev-fotocollage\/\">Fotocollage med brev<\/a> \u00e4r ett underbart s\u00e4tt att hylla din k\u00e4rlek och minnas denna speciella milstolpe. Det \u00e4r en g\u00e5va som kommer att g\u00f6ra er \u00e5rsdag \u00e4nnu mer minnesv\u00e4rd och meningsfull. V\u00e4nta inte &#8211; b\u00f6rja skapa ditt personliga collage redan idag och l\u00e5t minnena komma till liv!<\/p>","protected":false},"excerpt":{"rendered":"<p>&nbsp;<\/p>\n<ul class=\"check-list\">\n<li>Inkludera en meningsfull personlig text<\/li>\n<li>Anpassa i 3 enkla steg<\/li>\n<li>V\u00e4lj en mall eller var kreativ<\/li>\n<li>Se resultatet direkt \u2013 den interaktiva f\u00f6rhandsvisningen l\u00e5ter dig finjustera varje detalj<\/li>\n<\/ul>\n","protected":false},"featured_media":1672362,"template":"","meta":[],"product_brand":[],"product_cat":[8973,7459,8114,11579,11192,11190,11191,8014,7694],"product_tag":[14998,14996,15000,14999,15005,15006,15001,15002,15004,15008,14201,15009,15010,15003,15011,14997],"class_list":{"0":"post-960891","1":"product","2":"type-product","3":"status-publish","4":"has-post-thumbnail","6":"product_cat-fotobrev","7":"product_cat-alla-produkter","8":"product_cat-jubileumspresent-presenttillfallen","9":"product_cat-1-arsjubileum","10":"product_cat-arsdagspresenter-till-par","11":"product_cat-arsdagspresenter-till-henne","12":"product_cat-arsdagspresenter-till-honom","13":"product_cat-gavor-for-man","14":"product_cat-gavor-for-kvinnor","15":"product_tag-anniversary-sv","16":"product_tag-anniversary-gift-sv","17":"product_tag-anniversary-gifts-sv","18":"product_tag-anniversary-present-sv","19":"product_tag-couple-gift-sv","20":"product_tag-gift-for-couple-sv","21":"product_tag-love-sv","22":"product_tag-love-gift-sv","23":"product_tag-personalized-gift-sv","24":"product_tag-romantic-gifts-sv","25":"product_tag-romantisk-present","26":"product_tag-sentimental-gift-sv","27":"product_tag-special-occasion-sv-2","28":"product_tag-thoughtful-gift-sv","29":"product_tag-unique-gift-sv","30":"product_tag-wedding-anniversary-sv","32":"first","33":"instock","34":"sale","35":"taxable","36":"shipping-taxable","37":"purchasable","38":"product-type-variable"},"yoast_head":"<!-- This site is optimized with the Yoast SEO Premium plugin v27.2 (Yoast SEO v27.2) - https:\/\/yoast.com\/product\/yoast-seo-premium-wordpress\/ -->\n<title>1 \u00e5rs jubileum Brev Foto Collage - Positive Prints<\/title>\n<meta name=\"description\" content=\"Fira er k\u00e4rlek med en personlig present till 1-\u00e5rsdagen! Skapa ett unikt bokstavscollage fyllt med era favoritminnen och bevara dem i ett vackert minne f\u00f6r livet.\" \/>\n<meta name=\"robots\" content=\"index, follow, max-snippet:-1, max-image-preview:large, max-video-preview:-1\" \/>\n<link rel=\"canonical\" href=\"https:\/\/positiveprints.com\/sv\/produkt\/1-arsjubileum-brev-foto-collage\/\" \/>\n<meta property=\"og:locale\" content=\"sv_SE\" \/>\n<meta property=\"og:type\" content=\"article\" \/>\n<meta property=\"og:title\" content=\"1 \u00e5rs jubileum Brev Foto Collage\" \/>\n<meta property=\"og:description\" content=\"&nbsp;   Inkludera en meningsfull personlig text  Anpassa i 3 enkla steg  V\u00e4lj en mall eller var kreativ  Se resultatet direkt \u2013 den interaktiva f\u00f6rhandsvisningen l\u00e5ter dig finjustera varje detalj\" \/>\n<meta property=\"og:url\" content=\"https:\/\/positiveprints.com\/sv\/produkt\/1-arsjubileum-brev-foto-collage\/\" \/>\n<meta property=\"og:site_name\" content=\"Positive Prints\" \/>\n<meta property=\"article:publisher\" content=\"https:\/\/www.facebook.com\/positiveprintscom\" \/>\n<meta property=\"article:modified_time\" content=\"2026-04-28T13:19:53+00:00\" \/>\n<meta property=\"og:image\" content=\"https:\/\/positiveprints.com\/wp-content\/uploads\/2025\/03\/Packshot_SE_1ar.webp\" \/>\n\t<meta property=\"og:image:width\" content=\"1450\" \/>\n\t<meta property=\"og:image:height\" content=\"1450\" \/>\n\t<meta property=\"og:image:type\" content=\"image\/webp\" \/>\n<meta name=\"twitter:card\" content=\"summary_large_image\" \/>\n<!-- \/ Yoast SEO Premium plugin. -->","yoast_head_json":{"title":"1 \u00e5rs jubileum Brev Foto Collage - Positive Prints","description":"Fira er k\u00e4rlek med en personlig present till 1-\u00e5rsdagen! Skapa ett unikt bokstavscollage fyllt med era favoritminnen och bevara dem i ett vackert minne f\u00f6r livet.","robots":{"index":"index","follow":"follow","max-snippet":"max-snippet:-1","max-image-preview":"max-image-preview:large","max-video-preview":"max-video-preview:-1"},"canonical":"https:\/\/positiveprints.com\/sv\/produkt\/1-arsjubileum-brev-foto-collage\/","og_locale":"sv_SE","og_type":"article","og_title":"1 \u00e5rs jubileum Brev Foto Collage","og_description":"&nbsp;   Inkludera en meningsfull personlig text  Anpassa i 3 enkla steg  V\u00e4lj en mall eller var kreativ  Se resultatet direkt \u2013 den interaktiva f\u00f6rhandsvisningen l\u00e5ter dig finjustera varje detalj","og_url":"https:\/\/positiveprints.com\/sv\/produkt\/1-arsjubileum-brev-foto-collage\/","og_site_name":"Positive Prints","article_publisher":"https:\/\/www.facebook.com\/positiveprintscom","article_modified_time":"2026-04-28T13:19:53+00:00","og_image":[{"width":1450,"height":1450,"url":"https:\/\/positiveprints.com\/wp-content\/uploads\/2025\/03\/Packshot_SE_1ar.webp","type":"image\/webp"}],"twitter_card":"summary_large_image","schema":{"@context":"https:\/\/schema.org","@graph":[{"@type":["WebPage","ItemPage"],"@id":"https:\/\/positiveprints.com\/sv\/produkt\/1-arsjubileum-brev-foto-collage\/","url":"https:\/\/positiveprints.com\/sv\/produkt\/1-arsjubileum-brev-foto-collage\/","name":"1 \u00e5rs jubileum Brev Foto Collage - Positive Prints","isPartOf":{"@id":"https:\/\/positiveprints.com\/sv\/#website"},"primaryImageOfPage":{"@id":"https:\/\/positiveprints.com\/sv\/produkt\/1-arsjubileum-brev-foto-collage\/#primaryimage"},"image":{"@id":"https:\/\/positiveprints.com\/sv\/produkt\/1-arsjubileum-brev-foto-collage\/#primaryimage"},"thumbnailUrl":"https:\/\/positiveprints.com\/wp-content\/uploads\/2026\/03\/1_year_EN-phtoo-collage.webp","datePublished":"2023-05-23T10:25:45+00:00","dateModified":"2026-04-28T13:19:53+00:00","description":"Fira er k\u00e4rlek med en personlig present till 1-\u00e5rsdagen! Skapa ett unikt bokstavscollage fyllt med era favoritminnen och bevara dem i ett vackert minne f\u00f6r livet.","breadcrumb":{"@id":"https:\/\/positiveprints.com\/sv\/produkt\/1-arsjubileum-brev-foto-collage\/#breadcrumb"},"inLanguage":"sv-SE","potentialAction":[{"@type":"ReadAction","target":["https:\/\/positiveprints.com\/sv\/produkt\/1-arsjubileum-brev-foto-collage\/"]}]},{"@type":"ImageObject","inLanguage":"sv-SE","@id":"https:\/\/positiveprints.com\/sv\/produkt\/1-arsjubileum-brev-foto-collage\/#primaryimage","url":"https:\/\/positiveprints.com\/wp-content\/uploads\/2026\/03\/1_year_EN-phtoo-collage.webp","contentUrl":"https:\/\/positiveprints.com\/wp-content\/uploads\/2026\/03\/1_year_EN-phtoo-collage.webp","width":1450,"height":1450},{"@type":"BreadcrumbList","@id":"https:\/\/positiveprints.com\/sv\/produkt\/1-arsjubileum-brev-foto-collage\/#breadcrumb","itemListElement":[{"@type":"ListItem","position":1,"name":"Home","item":"https:\/\/positiveprints.com\/sv\/"},{"@type":"ListItem","position":2,"name":"Produkter","item":"https:\/\/positiveprints.com\/sv\/shop\/"},{"@type":"ListItem","position":3,"name":"1 \u00e5rs jubileum Brev Foto Collage"}]},{"@type":"WebSite","@id":"https:\/\/positiveprints.com\/sv\/#website","url":"https:\/\/positiveprints.com\/sv\/","name":"Positive Prints","description":"Amazing Custom Personalized Gifts","publisher":{"@id":"https:\/\/positiveprints.com\/sv\/#organization"},"potentialAction":[{"@type":"SearchAction","target":{"@type":"EntryPoint","urlTemplate":"https:\/\/positiveprints.com\/sv\/?s={search_term_string}"},"query-input":{"@type":"PropertyValueSpecification","valueRequired":true,"valueName":"search_term_string"}}],"inLanguage":"sv-SE"},{"@type":"Organization","@id":"https:\/\/positiveprints.com\/sv\/#organization","name":"Positive Prints","alternateName":"Positive Prints","url":"https:\/\/positiveprints.com\/sv\/","logo":{"@type":"ImageObject","inLanguage":"sv-SE","@id":"https:\/\/positiveprints.com\/sv\/#\/schema\/logo\/image\/","url":"https:\/\/positiveprints.com\/wp-content\/uploads\/2026\/03\/245815646_1337939713319158_5671353136411139666_n.png","contentUrl":"https:\/\/positiveprints.com\/wp-content\/uploads\/2026\/03\/245815646_1337939713319158_5671353136411139666_n.png","width":800,"height":800,"caption":"Positive Prints"},"image":{"@id":"https:\/\/positiveprints.com\/sv\/#\/schema\/logo\/image\/"},"sameAs":["https:\/\/www.facebook.com\/positiveprintscom","https:\/\/www.instagram.com\/positiveprintscom\/","https:\/\/www.tiktok.com\/@positiveprintscom","https:\/\/www.pinterest.com\/positiveprintscom\/"]}]}},"jetpack_sharing_enabled":true,"_links":{"self":[{"href":"https:\/\/positiveprints.com\/sv\/wp-json\/wp\/v2\/product\/960891","targetHints":{"allow":["GET"]}}],"collection":[{"href":"https:\/\/positiveprints.com\/sv\/wp-json\/wp\/v2\/product"}],"about":[{"href":"https:\/\/positiveprints.com\/sv\/wp-json\/wp\/v2\/types\/product"}],"wp:featuredmedia":[{"embeddable":true,"href":"https:\/\/positiveprints.com\/sv\/wp-json\/wp\/v2\/media\/1672362"}],"wp:attachment":[{"href":"https:\/\/positiveprints.com\/sv\/wp-json\/wp\/v2\/media?parent=960891"}],"wp:term":[{"taxonomy":"product_brand","embeddable":true,"href":"https:\/\/positiveprints.com\/sv\/wp-json\/wp\/v2\/product_brand?post=960891"},{"taxonomy":"product_cat","embeddable":true,"href":"https:\/\/positiveprints.com\/sv\/wp-json\/wp\/v2\/product_cat?post=960891"},{"taxonomy":"product_tag","embeddable":true,"href":"https:\/\/positiveprints.com\/sv\/wp-json\/wp\/v2\/product_tag?post=960891"}],"curies":[{"name":"wp","href":"https:\/\/api.w.org\/{rel}","templated":true}]}}