{"id":960887,"date":"2023-05-24T09:36:42","date_gmt":"2023-05-24T08:36:42","guid":{"rendered":"https:\/\/positiveprints.com\/product\/fodelsedag-brev-fotocollage\/"},"modified":"2026-04-03T03:15:41","modified_gmt":"2026-04-03T02:15:41","slug":"jubileumsbrev-foto-collage","status":"publish","type":"product","link":"https:\/\/positiveprints.com\/sv\/produkt\/jubileumsbrev-foto-collage\/","title":{"rendered":"\u00c5rsdag &#8211; Fotokollage"},"content":{"rendered":"<p style=\"margin-top: 1rem;\">Fotocollage med jubileumsbrev \u00e4r en fantastisk present som utformats speciellt f\u00f6r <a href=\"https:\/\/positiveprints.com\/sv\/jubileumspresent-presenttillfallen\/\">jubileer<\/a>. Det \u00e4r ett personligt tryck eller en canvasduk som ger en unik touch till ditt jubileumsfirande. Med det h\u00e4r collaget kan du skapa ett ord eller tecken med dina egna foton. Du har friheten att v\u00e4lja vilket kort ord du vill, till exempel ditt br\u00f6llopsdatum eller meningsfulla ord som &#8220;tillsammans&#8221;, &#8220;f\u00f6r alltid&#8221; eller &#8220;k\u00e4rlek&#8221;. M\u00f6jligheterna \u00e4r o\u00e4ndliga, s\u00e5 att du kan g\u00f6ra det riktigt speciellt. Allt du beh\u00f6ver g\u00f6ra \u00e4r att ladda upp ett foto f\u00f6r varje bokstav.<\/p>\r\n<p style=\"margin-top: 1rem;\">Det \u00e4r enkelt och bekv\u00e4mt att skapa ett fotocollage med jubileumsbrev. Bes\u00f6k bara v\u00e5r online-redaktion och f\u00f6lj n\u00e5gra enkla steg. V\u00e4lj f\u00f6rst ditt ord eller skriv in ditt eget f\u00f6r en personlig touch. Du kan ocks\u00e5 v\u00e4lja f\u00e4rg p\u00e5 bokst\u00e4vernas konturer f\u00f6r att matcha dina preferenser. Sedan \u00e4r det dags att ladda upp dina foton. Varje bokstav kommer att representeras av ett foto, vilket ger dig m\u00f6jlighet att visa upp dina favoritminnen. Dessutom kan du inkludera ett personligt meddelande eller text under collaget f\u00f6r att g\u00f6ra det \u00e4nnu mer innerligt.<\/p>\r\n<p style=\"margin-top: 1rem;\">Fotocollage med jubileumsbrev finns i olika format och storlekar f\u00f6r att passa dina behov. Du kan best\u00e4lla en tryckt eller inramad affisch, en canvasduk eller en digital nedladdningsfil f\u00f6r obegr\u00e4nsade utskriftsm\u00f6jligheter. Oavsett vilket format du v\u00e4ljer kan du vara s\u00e4ker p\u00e5 att kvaliteten och h\u00e5llbarheten \u00e4r exceptionella, s\u00e5 att din g\u00e5va kommer att uppskattas i m\u00e5nga \u00e5r fram\u00f6ver.<\/p>\r\n<p style=\"margin-top: 1rem;\">Det som skiljer Anniversary Letter Photo Collage fr\u00e5n k\u00f6pta presenter \u00e4r dess unika och personliga touch. Det \u00e4r en g\u00e5va som sticker ut och speglar den omtanke du lagt ner p\u00e5 att v\u00e4lja ut n\u00e5got speciellt. Det \u00e4r en symbol f\u00f6r er k\u00e4rlek och ett innerligt s\u00e4tt att uttrycka era k\u00e4nslor.<\/p>\r\n<p style=\"margin-top: 1rem;\">\u00d6verraska din partner med fotocollaget Anniversary Letter och g\u00f6r er br\u00f6llopsdag minnesv\u00e4rd. Denna <a href=\"https:\/\/positiveprints.com\/sv\/jubileumspresent-presenttillfallen\/\">personliga \u00e5rsdagspresent<\/a> f\u00e5ngar essensen av ert f\u00f6rh\u00e5llande och skapar best\u00e5ende minnen. Ta vara p\u00e5 kraften i personlig konst och visa din \u00e4lskade hur mycket de betyder f\u00f6r dig. Fira din \u00e5rsdag med stil med denna innerliga och anm\u00e4rkningsv\u00e4rda g\u00e5va. Det \u00e4r ett bevis p\u00e5 er k\u00e4rlek som kommer att uppskattas under en livstid.<\/p>\r\n<p style=\"margin-top: 1rem;\">Fotokollage av sbokst\u00e4ver \u00e4r en fantastisk present som utformats speciellt f\u00f6r \u00e5rsdagar. Det \u00e4r ett personligt tryck eller en canvasduk som ger en unik touch till ditt \u00e5rsdagsfirande. Med det h\u00e4r kollaget kan du skapa ett ord eller tecken med dina egna foton. Du har friheten att v\u00e4lja vilket kort ord du vill, till exempel ditt br\u00f6llopsdatum eller meningsfulla ord som &#8220;tillsammans&#8221;, &#8220;f\u00f6r alltid&#8221; eller &#8220;k\u00e4rlek&#8221;. M\u00f6jligheterna \u00e4r o\u00e4ndliga, s\u00e5 att du kan g\u00f6ra det riktigt speciellt. Allt du beh\u00f6ver g\u00f6ra \u00e4r att ladda upp ett foto f\u00f6r varje bokstav.<\/p>\r\n<p style=\"margin-top: 1rem;\">Det \u00e4r enkelt och bekv\u00e4mt att skapa ett fotokollage med \u00e5rsdagsbokst\u00e4ver. Bes\u00f6k bara v\u00e5r online-editor och f\u00f6lj n\u00e5gra enkla steg. V\u00e4lj f\u00f6rst ditt ord eller skriv in ditt eget f\u00f6r en personlig touch. Du kan ocks\u00e5 v\u00e4lja f\u00e4rg p\u00e5 bokst\u00e4vernas konturer f\u00f6r att matcha dina preferenser. Sedan \u00e4r det dags att ladda upp dina foton. Varje bokstav kommer att representeras av ett foto, vilket ger dig m\u00f6jlighet att visa upp dina favoritminnen. Dessutom kan du inkludera ett personligt meddelande eller text under kollaget f\u00f6r att g\u00f6ra det \u00e4nnu mer innerligt.<\/p>\r\n<p style=\"margin-top: 1rem;\">Fotokollage med \u00e5rsdagsbokst\u00e4ver finns i olika format och storlekar f\u00f6r att passa dina behov. Du kan best\u00e4lla en tryckt eller inramad affisch, en canvasduk eller en digital nedladdningsfil f\u00f6r obegr\u00e4nsade utskriftsm\u00f6jligheter. Oavsett vilket format du v\u00e4ljer kan du vara s\u00e4ker p\u00e5 att kvaliteten och h\u00e5llbarheten \u00e4r exceptionella, s\u00e5 att din g\u00e5va kommer att uppskattas i m\u00e5nga \u00e5r fram\u00f6ver.<\/p>\r\n<p style=\"margin-top: 1rem;\">Det som skiljer Anniversary Letter Photo Collage fr\u00e5n k\u00f6pta presenter \u00e4r dess unika och personliga touch. Det \u00e4r en g\u00e5va som sticker ut och speglar den omtanke du lagt ner p\u00e5 att v\u00e4lja ut n\u00e5got speciellt. Det \u00e4r en symbol f\u00f6r er k\u00e4rlek och ett innerligt s\u00e4tt att uttrycka era k\u00e4nslor.<\/p>\r\n<p style=\"margin-top: 1rem;\">\u00d6verraska din partner med fotokollaget Anniversary Letter och g\u00f6r er br\u00f6llopsdag minnesv\u00e4rd. Denna personliga \u00e5rsdagspresent f\u00e5ngar essensen av ert f\u00f6rh\u00e5llande och skapar best\u00e5ende minnen. Ta vara p\u00e5 kraften i personlig konst och visa din \u00e4lskade hur mycket de betyder f\u00f6r dig. Fira din \u00e5rsdag med stil med denna innerliga och anm\u00e4rkningsv\u00e4rda g\u00e5va. Det \u00e4r ett bevis p\u00e5 er k\u00e4rlek som kommer att uppskattas under en livstid.<\/p>","protected":false},"excerpt":{"rendered":"<ul class=\"check-list\">\n<li>Ladda upp dina favoritfoton f\u00f6r att g\u00f6ra varje tecken personligt<\/li>\n<li>L\u00e4gg till ett hj\u00e4rtligt meddelande f\u00f6r att g\u00f6ra kollaget till ditt eget<\/li>\n<li>Anpassa i 3 enkla steg med v\u00e5r l\u00e4ttanv\u00e4nda editor<\/li>\n<li>Se din design direkt med en interaktiv f\u00f6rhandsgranskning<\/li>\n<\/ul>\n","protected":false},"featured_media":1672530,"template":"","meta":[],"product_brand":[],"product_cat":[7459,11190,11191,11192,8973,8114,9767],"product_tag":[14998,14996,15000,14999,15005,15006,15001,15002,15004,15008,14201,15009,15010,15003,15011,14997],"class_list":{"0":"post-960887","1":"product","2":"type-product","3":"status-publish","4":"has-post-thumbnail","6":"product_cat-alla-produkter","7":"product_cat-arsdagspresenter-till-henne","8":"product_cat-arsdagspresenter-till-honom","9":"product_cat-arsdagspresenter-till-par","10":"product_cat-fotobrev","11":"product_cat-jubileumspresent-presenttillfallen","12":"product_cat-trending-label-sv","13":"product_tag-anniversary-sv","14":"product_tag-anniversary-gift-sv","15":"product_tag-anniversary-gifts-sv","16":"product_tag-anniversary-present-sv","17":"product_tag-couple-gift-sv","18":"product_tag-gift-for-couple-sv","19":"product_tag-love-sv","20":"product_tag-love-gift-sv","21":"product_tag-personalized-gift-sv","22":"product_tag-romantic-gifts-sv","23":"product_tag-romantisk-present","24":"product_tag-sentimental-gift-sv","25":"product_tag-special-occasion-sv-2","26":"product_tag-thoughtful-gift-sv","27":"product_tag-unique-gift-sv","28":"product_tag-wedding-anniversary-sv","30":"first","31":"instock","32":"sale","33":"taxable","34":"shipping-taxable","35":"purchasable","36":"product-type-variable"},"yoast_head":"<!-- This site is optimized with the Yoast SEO Premium plugin v27.2 (Yoast SEO v27.2) - https:\/\/yoast.com\/product\/yoast-seo-premium-wordpress\/ -->\n<title>\u00c5rsdag - Fotokollage - Positive Prints<\/title>\n<meta name=\"description\" content=\"Fira er k\u00e4rlek med en unik \u00e5rsdagspresent! G\u00f6r ert speciella datum till ett underbart fotokollage fullt av minnen ni alltid kommer \u00e4lska.\" \/>\n<meta name=\"robots\" content=\"index, follow, max-snippet:-1, max-image-preview:large, max-video-preview:-1\" \/>\n<link rel=\"canonical\" href=\"https:\/\/positiveprints.com\/sv\/produkt\/jubileumsbrev-foto-collage\/\" \/>\n<meta property=\"og:locale\" content=\"sv_SE\" \/>\n<meta property=\"og:type\" content=\"article\" \/>\n<meta property=\"og:title\" content=\"\u00c5rsdag - Fotokollage\" \/>\n<meta property=\"og:description\" content=\"Ladda upp dina favoritfoton f\u00f6r att g\u00f6ra varje tecken personligt  L\u00e4gg till ett hj\u00e4rtligt meddelande f\u00f6r att g\u00f6ra kollaget till ditt eget  Anpassa i 3 enkla steg med v\u00e5r l\u00e4ttanv\u00e4nda editor  Se din design direkt med en interaktiv f\u00f6rhandsgranskning\" \/>\n<meta property=\"og:url\" content=\"https:\/\/positiveprints.com\/sv\/produkt\/jubileumsbrev-foto-collage\/\" \/>\n<meta property=\"og:site_name\" content=\"Positive Prints\" \/>\n<meta property=\"article:publisher\" content=\"https:\/\/www.facebook.com\/positiveprintscom\" \/>\n<meta property=\"article:modified_time\" content=\"2026-04-03T02:15:41+00:00\" \/>\n<meta property=\"og:image\" content=\"https:\/\/positiveprints.com\/wp-content\/uploads\/2025\/04\/Packshot_SE_ANNIVERSARY.webp\" \/>\n\t<meta property=\"og:image:width\" content=\"1450\" \/>\n\t<meta property=\"og:image:height\" content=\"1450\" \/>\n\t<meta property=\"og:image:type\" content=\"image\/webp\" \/>\n<meta name=\"twitter:card\" content=\"summary_large_image\" \/>\n<meta name=\"twitter:label1\" content=\"Ber\u00e4knad l\u00e4stid\" \/>\n\t<meta name=\"twitter:data1\" content=\"4 minut\" \/>\n<!-- \/ Yoast SEO Premium plugin. -->","yoast_head_json":{"title":"\u00c5rsdag - Fotokollage - Positive Prints","description":"Fira er k\u00e4rlek med en unik \u00e5rsdagspresent! G\u00f6r ert speciella datum till ett underbart fotokollage fullt av minnen ni alltid kommer \u00e4lska.","robots":{"index":"index","follow":"follow","max-snippet":"max-snippet:-1","max-image-preview":"max-image-preview:large","max-video-preview":"max-video-preview:-1"},"canonical":"https:\/\/positiveprints.com\/sv\/produkt\/jubileumsbrev-foto-collage\/","og_locale":"sv_SE","og_type":"article","og_title":"\u00c5rsdag - Fotokollage","og_description":"Ladda upp dina favoritfoton f\u00f6r att g\u00f6ra varje tecken personligt  L\u00e4gg till ett hj\u00e4rtligt meddelande f\u00f6r att g\u00f6ra kollaget till ditt eget  Anpassa i 3 enkla steg med v\u00e5r l\u00e4ttanv\u00e4nda editor  Se din design direkt med en interaktiv f\u00f6rhandsgranskning","og_url":"https:\/\/positiveprints.com\/sv\/produkt\/jubileumsbrev-foto-collage\/","og_site_name":"Positive Prints","article_publisher":"https:\/\/www.facebook.com\/positiveprintscom","article_modified_time":"2026-04-03T02:15:41+00:00","og_image":[{"width":1450,"height":1450,"url":"https:\/\/positiveprints.com\/wp-content\/uploads\/2025\/04\/Packshot_SE_ANNIVERSARY.webp","type":"image\/webp"}],"twitter_card":"summary_large_image","twitter_misc":{"Ber\u00e4knad l\u00e4stid":"4 minut"},"schema":{"@context":"https:\/\/schema.org","@graph":[{"@type":["WebPage","ItemPage"],"@id":"https:\/\/positiveprints.com\/sv\/produkt\/jubileumsbrev-foto-collage\/","url":"https:\/\/positiveprints.com\/sv\/produkt\/jubileumsbrev-foto-collage\/","name":"\u00c5rsdag - Fotokollage - Positive Prints","isPartOf":{"@id":"https:\/\/positiveprints.com\/sv\/#website"},"primaryImageOfPage":{"@id":"https:\/\/positiveprints.com\/sv\/produkt\/jubileumsbrev-foto-collage\/#primaryimage"},"image":{"@id":"https:\/\/positiveprints.com\/sv\/produkt\/jubileumsbrev-foto-collage\/#primaryimage"},"thumbnailUrl":"https:\/\/positiveprints.com\/wp-content\/uploads\/2026\/03\/Anniversary_EN-photo-collage.webp","datePublished":"2023-05-24T08:36:42+00:00","dateModified":"2026-04-03T02:15:41+00:00","description":"Fira er k\u00e4rlek med en unik \u00e5rsdagspresent! G\u00f6r ert speciella datum till ett underbart fotokollage fullt av minnen ni alltid kommer \u00e4lska.","breadcrumb":{"@id":"https:\/\/positiveprints.com\/sv\/produkt\/jubileumsbrev-foto-collage\/#breadcrumb"},"inLanguage":"sv-SE","potentialAction":[{"@type":"ReadAction","target":["https:\/\/positiveprints.com\/sv\/produkt\/jubileumsbrev-foto-collage\/"]}]},{"@type":"ImageObject","inLanguage":"sv-SE","@id":"https:\/\/positiveprints.com\/sv\/produkt\/jubileumsbrev-foto-collage\/#primaryimage","url":"https:\/\/positiveprints.com\/wp-content\/uploads\/2026\/03\/Anniversary_EN-photo-collage.webp","contentUrl":"https:\/\/positiveprints.com\/wp-content\/uploads\/2026\/03\/Anniversary_EN-photo-collage.webp","width":1450,"height":1450},{"@type":"BreadcrumbList","@id":"https:\/\/positiveprints.com\/sv\/produkt\/jubileumsbrev-foto-collage\/#breadcrumb","itemListElement":[{"@type":"ListItem","position":1,"name":"Home","item":"https:\/\/positiveprints.com\/sv\/"},{"@type":"ListItem","position":2,"name":"Produkter","item":"https:\/\/positiveprints.com\/sv\/shop\/"},{"@type":"ListItem","position":3,"name":"\u00c5rsdag &#8211; Fotokollage"}]},{"@type":"WebSite","@id":"https:\/\/positiveprints.com\/sv\/#website","url":"https:\/\/positiveprints.com\/sv\/","name":"Positive Prints","description":"Amazing Custom Personalized Gifts","publisher":{"@id":"https:\/\/positiveprints.com\/sv\/#organization"},"potentialAction":[{"@type":"SearchAction","target":{"@type":"EntryPoint","urlTemplate":"https:\/\/positiveprints.com\/sv\/?s={search_term_string}"},"query-input":{"@type":"PropertyValueSpecification","valueRequired":true,"valueName":"search_term_string"}}],"inLanguage":"sv-SE"},{"@type":"Organization","@id":"https:\/\/positiveprints.com\/sv\/#organization","name":"Positive Prints","alternateName":"Positive Prints","url":"https:\/\/positiveprints.com\/sv\/","logo":{"@type":"ImageObject","inLanguage":"sv-SE","@id":"https:\/\/positiveprints.com\/sv\/#\/schema\/logo\/image\/","url":"https:\/\/positiveprints.com\/wp-content\/uploads\/2026\/03\/245815646_1337939713319158_5671353136411139666_n.png","contentUrl":"https:\/\/positiveprints.com\/wp-content\/uploads\/2026\/03\/245815646_1337939713319158_5671353136411139666_n.png","width":800,"height":800,"caption":"Positive Prints"},"image":{"@id":"https:\/\/positiveprints.com\/sv\/#\/schema\/logo\/image\/"},"sameAs":["https:\/\/www.facebook.com\/positiveprintscom","https:\/\/www.instagram.com\/positiveprintscom\/","https:\/\/www.tiktok.com\/@positiveprintscom","https:\/\/www.pinterest.com\/positiveprintscom\/"]}]}},"jetpack_sharing_enabled":true,"_links":{"self":[{"href":"https:\/\/positiveprints.com\/sv\/wp-json\/wp\/v2\/product\/960887","targetHints":{"allow":["GET"]}}],"collection":[{"href":"https:\/\/positiveprints.com\/sv\/wp-json\/wp\/v2\/product"}],"about":[{"href":"https:\/\/positiveprints.com\/sv\/wp-json\/wp\/v2\/types\/product"}],"wp:featuredmedia":[{"embeddable":true,"href":"https:\/\/positiveprints.com\/sv\/wp-json\/wp\/v2\/media\/1672530"}],"wp:attachment":[{"href":"https:\/\/positiveprints.com\/sv\/wp-json\/wp\/v2\/media?parent=960887"}],"wp:term":[{"taxonomy":"product_brand","embeddable":true,"href":"https:\/\/positiveprints.com\/sv\/wp-json\/wp\/v2\/product_brand?post=960887"},{"taxonomy":"product_cat","embeddable":true,"href":"https:\/\/positiveprints.com\/sv\/wp-json\/wp\/v2\/product_cat?post=960887"},{"taxonomy":"product_tag","embeddable":true,"href":"https:\/\/positiveprints.com\/sv\/wp-json\/wp\/v2\/product_tag?post=960887"}],"curies":[{"name":"wp","href":"https:\/\/api.w.org\/{rel}","templated":true}]}}