{"id":664454,"date":"2023-08-28T16:08:33","date_gmt":"2023-08-30T21:57:53","guid":{"rendered":"https:\/\/positiveprints.com\/product\/skytten-aura-stjarntecken\/"},"modified":"2026-04-28T14:08:49","modified_gmt":"2026-04-28T13:08:49","slug":"sagittarius-aura-zodiac-sign-2","status":"publish","type":"product","link":"https:\/\/positiveprints.com\/sv\/produkt\/sagittarius-aura-zodiac-sign-2\/","title":{"rendered":"Skytten Aura Stj\u00e4rntecken"},"content":{"rendered":"<h2 class=\"grenB f24 cblue\" style=\"margin-top: 3rem\">Skytten Aura Zodiac: Personlig himmelsk konst<\/h2>\n\n<p style=\"margin-top: 1rem\">Kliv in i den magiska v\u00e4rlden av personlig konst med v\u00e5r Sagittarius Aura Zodiac Sign poster. Uttryck din egen speciella stil med detta otroliga m\u00e4sterverk, som finns i tre fantastiska stilar: spirituell, modern eller vintage. V\u00e4lj den stil som k\u00e4nns r\u00e4tt f\u00f6r dig och som visar upp ditt unika jag.<\/p>\n\n<h2 class=\"grenB f24 cblue\" style=\"margin-top: 3rem\">\u00c4ventyrlig Skytten Energi<\/h2>\n\n<p style=\"margin-top: 1rem\">K\u00e4nn Skyttens \u00e4ventyrliga och frispr\u00e5kiga energi som aldrig f\u00f6rr. V\u00e5r Aura-design f\u00f6rvandlar duken till en explosion av livfulla f\u00e4rger, precis som Skyttens dj\u00e4rva natur. F\u00f6rest\u00e4ll dig livfulla bl\u00e5toner och energiska lila toner som f\u00e5ngar det h\u00e4r stj\u00e4rntecknets v\u00e5ghalsiga anda.<\/p>\n\n<h2 class=\"grenB f24 cblue\" style=\"margin-top: 3rem\">Skapad just f\u00f6r dig<\/h2>\n\n<p style=\"margin-top: 1rem\">G\u00f6r affischen till din egen genom att l\u00e4gga till dina personliga detaljer. L\u00e4gg till ditt stj\u00e4rnnamn, ett fint meddelande eller v\u00e4lj att framh\u00e4va Skyttens f\u00f6delsesten, styrande planet och speciella element. Dessa detaljer g\u00f6r ditt konstverk \u00e4nnu mer speciellt och visar din koppling till Skyttens v\u00e4sen.<\/p>\n\n<h2 class=\"grenB f24 cblue\" style=\"margin-top: 3rem\">Fira med Skytten Aura Zodiac<\/h2>\n\n<p style=\"margin-top: 1rem\">Letar du efter den perfekta presenten? Leta inte l\u00e4ngre. Sagittarius Aura Zodiac Sign poster \u00e4r ett underbart s\u00e4tt att fira en speciell f\u00f6delsedag. Genom att blanda konst och astrologi blir det en minnessak som f\u00e5ngar hj\u00e4rtat i deras stj\u00e4rntecken och unika egenskaper.<\/p>\n\n<h2 class=\"grenB f24 cblue\" style=\"margin-top: 3rem\">L\u00e4tt att skapa<\/h2>\n\n<p style=\"margin-top: 1rem\">Det \u00e4r superenkelt att skapa din egen affisch. G\u00e5 till v\u00e5r online editor, v\u00e4lj din favorit layout och stil, v\u00e4lj de detaljer du gillar, och v\u00e4lj Sagittarius som stj\u00e4rntecken. Du kan v\u00e4lja en tryckt poster, inramad konst, canvas eller direkt digital nedladdning &#8211; oavsett vad du v\u00e4ljer kommer du att ha en fantastisk skapelse som tillf\u00f6r kosmisk sk\u00f6nhet till ditt utrymme.<\/p>\n\n<h2 class=\"grenB f24 cblue\" style=\"margin-top: 3rem\">F\u00f6rb\u00e4ttra ditt utrymme med Sagittarius Aura Zodiac<\/h2>\n\n<p style=\"margin-top: 1rem\">L\u00e5t ditt rum lysa med Sagittarius Aura Zodiac Sign poster. Det \u00e4r en tidl\u00f6s blandning av konst och astrologi som talar till ditt hj\u00e4rta och din sj\u00e4l och f\u00e5r ditt hem att str\u00e5la av kosmisk magi.<\/p>","protected":false},"excerpt":{"rendered":"<p>Skytten Aura Zodiac: Personlig himmelsk konst Kliv in i den magiska v\u00e4rlden av personlig konst med v\u00e5r Sagittarius Aura Zodiac Sign poster. Uttryck din egen speciella stil med detta otroliga m\u00e4sterverk, som finns i tre fantastiska stilar: spirituell, modern eller vintage. V\u00e4lj den stil som k\u00e4nns r\u00e4tt f\u00f6r dig och som visar upp ditt unika [&hellip;]<\/p>\n","protected":false},"featured_media":662277,"template":"","meta":[],"product_brand":[],"product_cat":[7459,9016],"product_tag":[9151],"class_list":{"0":"post-664454","1":"product","2":"type-product","3":"status-publish","4":"has-post-thumbnail","6":"product_cat-alla-produkter","7":"product_cat-zodiac-sv","8":"product_tag-aura-sv","10":"first","11":"instock","12":"sale","13":"taxable","14":"shipping-taxable","15":"purchasable","16":"product-type-variable"},"yoast_head":"<!-- This site is optimized with the Yoast SEO Premium plugin v27.2 (Yoast SEO v27.2) - https:\/\/yoast.com\/product\/yoast-seo-premium-wordpress\/ -->\n<title>Skytten Aura Zodiac Art - Positiva tryck<\/title>\n<meta name=\"description\" content=\"\u00c4ventyr f\u00f6r dina v\u00e4ggar. Sagittarius Aura Zodiac Sign - en unik g\u00e5va som inspirerar och imponerar.\" \/>\n<meta name=\"robots\" content=\"index, follow, max-snippet:-1, max-image-preview:large, max-video-preview:-1\" \/>\n<link rel=\"canonical\" href=\"https:\/\/positiveprints.com\/sv\/produkt\/sagittarius-aura-zodiac-sign-2\/\" \/>\n<meta property=\"og:locale\" content=\"sv_SE\" \/>\n<meta property=\"og:type\" content=\"article\" \/>\n<meta property=\"og:title\" content=\"Skytten Aura Stj\u00e4rntecken\" \/>\n<meta property=\"og:description\" content=\"Skytten Aura Zodiac: Personlig himmelsk konst Kliv in i den magiska v\u00e4rlden av personlig konst med v\u00e5r Sagittarius Aura Zodiac Sign poster. Uttryck din\" \/>\n<meta property=\"og:url\" content=\"https:\/\/positiveprints.com\/sv\/produkt\/sagittarius-aura-zodiac-sign-2\/\" \/>\n<meta property=\"og:site_name\" content=\"Positive Prints\" \/>\n<meta property=\"article:publisher\" content=\"https:\/\/www.facebook.com\/positiveprintscom\" \/>\n<meta property=\"article:modified_time\" content=\"2026-04-28T13:08:49+00:00\" \/>\n<meta property=\"og:image\" content=\"https:\/\/positiveprints.com\/wp-content\/uploads\/2026\/03\/Open-graph-2026-1200x630-1.jpg\" \/>\n\t<meta property=\"og:image:width\" content=\"1200\" \/>\n\t<meta property=\"og:image:height\" content=\"630\" \/>\n\t<meta property=\"og:image:type\" content=\"image\/jpeg\" \/>\n<meta name=\"twitter:card\" content=\"summary_large_image\" \/>\n<!-- \/ Yoast SEO Premium plugin. -->","yoast_head_json":{"title":"Skytten Aura Zodiac Art - Positiva tryck","description":"\u00c4ventyr f\u00f6r dina v\u00e4ggar. Sagittarius Aura Zodiac Sign - en unik g\u00e5va som inspirerar och imponerar.","robots":{"index":"index","follow":"follow","max-snippet":"max-snippet:-1","max-image-preview":"max-image-preview:large","max-video-preview":"max-video-preview:-1"},"canonical":"https:\/\/positiveprints.com\/sv\/produkt\/sagittarius-aura-zodiac-sign-2\/","og_locale":"sv_SE","og_type":"article","og_title":"Skytten Aura Stj\u00e4rntecken","og_description":"Skytten Aura Zodiac: Personlig himmelsk konst Kliv in i den magiska v\u00e4rlden av personlig konst med v\u00e5r Sagittarius Aura Zodiac Sign poster. Uttryck din","og_url":"https:\/\/positiveprints.com\/sv\/produkt\/sagittarius-aura-zodiac-sign-2\/","og_site_name":"Positive Prints","article_publisher":"https:\/\/www.facebook.com\/positiveprintscom","article_modified_time":"2026-04-28T13:08:49+00:00","og_image":[{"width":1200,"height":630,"url":"https:\/\/positiveprints.com\/wp-content\/uploads\/2026\/03\/Open-graph-2026-1200x630-1.jpg","type":"image\/jpeg"}],"twitter_card":"summary_large_image","schema":{"@context":"https:\/\/schema.org","@graph":[{"@type":["WebPage","ItemPage"],"@id":"https:\/\/positiveprints.com\/sv\/produkt\/sagittarius-aura-zodiac-sign-2\/","url":"https:\/\/positiveprints.com\/sv\/produkt\/sagittarius-aura-zodiac-sign-2\/","name":"Skytten Aura Zodiac Art - Positiva tryck","isPartOf":{"@id":"https:\/\/positiveprints.com\/sv\/#website"},"primaryImageOfPage":{"@id":"https:\/\/positiveprints.com\/sv\/produkt\/sagittarius-aura-zodiac-sign-2\/#primaryimage"},"image":{"@id":"https:\/\/positiveprints.com\/sv\/produkt\/sagittarius-aura-zodiac-sign-2\/#primaryimage"},"thumbnailUrl":"https:\/\/positiveprints.com\/wp-content\/uploads\/2023\/08\/Sagittarius-Aura-Zodiac-Art.jpg","datePublished":"2023-08-30T21:57:53+00:00","dateModified":"2026-04-28T13:08:49+00:00","description":"\u00c4ventyr f\u00f6r dina v\u00e4ggar. Sagittarius Aura Zodiac Sign - en unik g\u00e5va som inspirerar och imponerar.","breadcrumb":{"@id":"https:\/\/positiveprints.com\/sv\/produkt\/sagittarius-aura-zodiac-sign-2\/#breadcrumb"},"inLanguage":"sv-SE","potentialAction":[{"@type":"ReadAction","target":["https:\/\/positiveprints.com\/sv\/produkt\/sagittarius-aura-zodiac-sign-2\/"]}]},{"@type":"ImageObject","inLanguage":"sv-SE","@id":"https:\/\/positiveprints.com\/sv\/produkt\/sagittarius-aura-zodiac-sign-2\/#primaryimage","url":"https:\/\/positiveprints.com\/wp-content\/uploads\/2023\/08\/Sagittarius-Aura-Zodiac-Art.jpg","contentUrl":"https:\/\/positiveprints.com\/wp-content\/uploads\/2023\/08\/Sagittarius-Aura-Zodiac-Art.jpg","width":1080,"height":1080,"caption":"Sagittarius Aura Zodiac Art"},{"@type":"BreadcrumbList","@id":"https:\/\/positiveprints.com\/sv\/produkt\/sagittarius-aura-zodiac-sign-2\/#breadcrumb","itemListElement":[{"@type":"ListItem","position":1,"name":"Home","item":"https:\/\/positiveprints.com\/sv\/"},{"@type":"ListItem","position":2,"name":"Produkter","item":"https:\/\/positiveprints.com\/sv\/shop\/"},{"@type":"ListItem","position":3,"name":"Skytten Aura Stj\u00e4rntecken"}]},{"@type":"WebSite","@id":"https:\/\/positiveprints.com\/sv\/#website","url":"https:\/\/positiveprints.com\/sv\/","name":"Positive Prints","description":"Amazing Custom Personalized Gifts","publisher":{"@id":"https:\/\/positiveprints.com\/sv\/#organization"},"potentialAction":[{"@type":"SearchAction","target":{"@type":"EntryPoint","urlTemplate":"https:\/\/positiveprints.com\/sv\/?s={search_term_string}"},"query-input":{"@type":"PropertyValueSpecification","valueRequired":true,"valueName":"search_term_string"}}],"inLanguage":"sv-SE"},{"@type":"Organization","@id":"https:\/\/positiveprints.com\/sv\/#organization","name":"Positive Prints","alternateName":"Positive Prints","url":"https:\/\/positiveprints.com\/sv\/","logo":{"@type":"ImageObject","inLanguage":"sv-SE","@id":"https:\/\/positiveprints.com\/sv\/#\/schema\/logo\/image\/","url":"https:\/\/positiveprints.com\/wp-content\/uploads\/2026\/03\/245815646_1337939713319158_5671353136411139666_n.png","contentUrl":"https:\/\/positiveprints.com\/wp-content\/uploads\/2026\/03\/245815646_1337939713319158_5671353136411139666_n.png","width":800,"height":800,"caption":"Positive Prints"},"image":{"@id":"https:\/\/positiveprints.com\/sv\/#\/schema\/logo\/image\/"},"sameAs":["https:\/\/www.facebook.com\/positiveprintscom","https:\/\/www.instagram.com\/positiveprintscom\/","https:\/\/www.tiktok.com\/@positiveprintscom","https:\/\/www.pinterest.com\/positiveprintscom\/"]}]}},"jetpack_sharing_enabled":true,"_links":{"self":[{"href":"https:\/\/positiveprints.com\/sv\/wp-json\/wp\/v2\/product\/664454","targetHints":{"allow":["GET"]}}],"collection":[{"href":"https:\/\/positiveprints.com\/sv\/wp-json\/wp\/v2\/product"}],"about":[{"href":"https:\/\/positiveprints.com\/sv\/wp-json\/wp\/v2\/types\/product"}],"wp:featuredmedia":[{"embeddable":true,"href":"https:\/\/positiveprints.com\/sv\/wp-json\/wp\/v2\/media\/662277"}],"wp:attachment":[{"href":"https:\/\/positiveprints.com\/sv\/wp-json\/wp\/v2\/media?parent=664454"}],"wp:term":[{"taxonomy":"product_brand","embeddable":true,"href":"https:\/\/positiveprints.com\/sv\/wp-json\/wp\/v2\/product_brand?post=664454"},{"taxonomy":"product_cat","embeddable":true,"href":"https:\/\/positiveprints.com\/sv\/wp-json\/wp\/v2\/product_cat?post=664454"},{"taxonomy":"product_tag","embeddable":true,"href":"https:\/\/positiveprints.com\/sv\/wp-json\/wp\/v2\/product_tag?post=664454"}],"curies":[{"name":"wp","href":"https:\/\/api.w.org\/{rel}","templated":true}]}}