{"id":646798,"date":"2022-12-14T11:54:00","date_gmt":"2022-12-14T10:54:00","guid":{"rendered":"https:\/\/positiveprints.com\/product\/borjan-pa-nagot-speciellt\/"},"modified":"2026-04-12T22:45:24","modified_gmt":"2026-04-12T21:45:24","slug":"borjan-pa-nagot-speciellt","status":"publish","type":"product","link":"https:\/\/positiveprints.com\/sv\/produkt\/borjan-pa-nagot-speciellt\/","title":{"rendered":"B\u00f6rjan p\u00e5 n\u00e5got speciellt"},"content":{"rendered":"<p style=\"margin-top: 1rem\">Att skapa en personlig kartg\u00e5va \u00e4r ett av de b\u00e4sta s\u00e4tten att visa n\u00e5gon hur mycket du bryr dig om dem och f\u00e5 dem att k\u00e4nna sig riktigt speciella. Med &#8220;The Start of Something Special&#8221; kan du vara s\u00e4ker p\u00e5 att hitta n\u00e5got perfekt f\u00f6r att fira en h\u00e4ndelse i m\u00e4nniskors liv &#8211; oavsett hur stor eller liten den \u00e4r!<\/p>\r\n          \r\n\r\n          \r\n\r\n          \r\n\r\n          <h2 class=\"grenB f24 cblue\" style=\"margin-top: 3rem\">En perfekt p\u00e5minnelse om var allt b\u00f6rjade<\/h2>\r\n          \r\n\r\n          \r\n\r\n          <p style=\"margin-top: 1rem\">Det finns m\u00e5nga platser i v\u00e4rlden som betyder n\u00e5got speciellt f\u00f6r oss, oavsett om det \u00e4r d\u00e4r vi f\u00f6rst tr\u00e4ffade v\u00e5ra n\u00e4ra och k\u00e4ra, gifte oss eller upplevde en livsf\u00f6r\u00e4ndrande h\u00e4ndelse. Var och en av dessa platser har en unik betydelse f\u00f6r oss och kan vara en k\u00e4lla till best\u00e5ende minnen.  <\/p>\r\n          \r\n\r\n          \r\n\r\n          \r\n\r\n          \r\n\r\n          <p style=\"margin-top: 1rem\">F\u00f6r dem som vill fira s\u00e5dana speciella tillf\u00e4llen \u00e4r The Start of Something Special ett perfekt s\u00e4tt att f\u00e5nga \u00f6gonblicket. Med denna unika och omt\u00e4nksamma present kan du f\u00f6rvandla vilken speciell plats som helst till ett meningsfullt minne som kommer att vara f\u00f6r evigt. V\u00e4lj lokalisering och anpassa grafiken med din egen design eller f\u00e4rgschema. F\u00f6r att g\u00f6ra det \u00e4nnu mer meningsfullt kan du l\u00e4gga till en personlig text som beskriver platsens betydelse och best\u00e4lla som antingen en tryckt eller inramad poster, duk eller direkt digital nedladdningsfil.  <\/p>\r\n          \r\n\r\n          \r\n\r\n          \r\n\r\n          \r\n\r\n          <p style=\"margin-top: 1rem\">P\u00e5 s\u00e5 s\u00e4tt kommer din mottagare alltid att ha n\u00e5got konkret som h\u00e5ller dem kopplade till den plats d\u00e4r n\u00e5got speciellt startade i deras liv. Oavsett om det \u00e4r en f\u00f6delsedag, ett jubileum, en examen eller n\u00e5got annat viktigt tillf\u00e4lle &#8211; denna omt\u00e4nksamma g\u00e5va kommer att fungera som en perfekt p\u00e5minnelse om var allt b\u00f6rjade.  <\/p>\r\n          \r\n\r\n          \r\n\r\n          <h2 class=\"grenB f24 cblue\" style=\"margin-top: 3rem\">Skapa Personligt B\u00f6rjan p\u00e5 n\u00e5got speciellt<\/h2>\r\n          \r\n\r\n          \r\n\r\n          <p style=\"margin-top: 1rem\">Att skapa en personlig g\u00e5va \u00e4r det perfekta s\u00e4ttet att visa n\u00e5gon att du bryr dig och f\u00e5 dem att k\u00e4nna sig speciella. Oavsett om det \u00e4r till en f\u00f6delsedag, ett jubileum eller n\u00e5got annat speciellt tillf\u00e4lle kommer en personlig kartg\u00e5va att bli en of\u00f6rgl\u00f6mlig p\u00e5minnelse om var n\u00e5got fantastiskt b\u00f6rjade.  <\/p>\r\n          \r\n\r\n          \r\n\r\n          <p style=\"margin-top: 1rem\">F\u00f6r en tidl\u00f6s och omt\u00e4nksam g\u00e5va, v\u00e4lj The Start of Something Special. Denna unika present \u00e4r det perfekta s\u00e4ttet att fira ett speciellt tillf\u00e4lle. Dela din ber\u00e4ttelse med dem du \u00e4lskar idag!  <\/p>\r\n          \r\n\r\n          \r\n\r\n          \r\n\r\n          \r\n\r\n          <p style=\"margin-top: 1rem\">Lycka till med g\u00e5vorna! :)  <\/p>","protected":false},"excerpt":{"rendered":"\n<ul class=\"check-list\">\n<li>V\u00e4lj en mall eller var kreativ<\/li>\n<li>Anpassa i 3 enkla steg<\/li>\n<li>Inkludera en meningsfull personlig text<\/li>\n<li>Se resultatet direkt \u2013 den interaktiva f\u00f6rhandsvisningen l\u00e5ter dig finjustera varje detalj<\/li>\n<\/ul>\n","protected":false},"featured_media":1214240,"template":"","meta":[],"product_brand":[],"product_cat":[7459,7694,8014,8108,9119,11473,11464,7630,7854,15061,8214,7614,11467,11468,7662,11476,7838,9767],"product_tag":[16082,8527,13430,13460,13470],"class_list":{"0":"post-646798","1":"product","2":"type-product","3":"status-publish","4":"has-post-thumbnail","6":"product_cat-alla-produkter","7":"product_cat-gavor-for-kvinnor","8":"product_cat-gavor-for-man","9":"product_cat-julpresenter","10":"product_cat-map-sv","11":"product_cat-julklappar-till-barnen","12":"product_cat-julklappar-till-brodern","13":"product_cat-gavor-till-din-bror","14":"product_cat-gavor-till-familjen","15":"product_cat-julklappar-till-familjen","16":"product_cat-till-honom","17":"product_cat-gavor-till-morfar","18":"product_cat-julklappar-till-morfar","19":"product_cat-julklappar-till-mormor","20":"product_cat-gavor-till-sonen","21":"product_cat-julklappar-till-systern","22":"product_cat-gavor-till-vanner","23":"product_cat-trending-label-sv","24":"product_tag-cadeaux-de-noel-pour-la-famille-sv","25":"product_tag-couples-sv","26":"product_tag-julklapp-till-syster","27":"product_tag-julklappar-till-bror","28":"product_tag-julklappar-till-familjen","30":"first","31":"instock","32":"sale","33":"taxable","34":"shipping-taxable","35":"purchasable","36":"product-type-variable"},"yoast_head":"<!-- This site is optimized with the Yoast SEO Premium plugin v27.2 (Yoast SEO v27.2) - https:\/\/yoast.com\/product\/yoast-seo-premium-wordpress\/ -->\n<title>B\u00f6rjan p\u00e5 n\u00e5got speciellt - personlig g\u00e5va - Positive Prints<\/title>\n<meta name=\"description\" content=\"Skapa b\u00f6rjan p\u00e5 n\u00e5got speciellt kartkonst. Din mottagare kommer att \u00e4lska denna helt unika g\u00e5va som firar starten p\u00e5 n\u00e5got fantastiskt.\" \/>\n<meta name=\"robots\" content=\"index, follow, max-snippet:-1, max-image-preview:large, max-video-preview:-1\" \/>\n<link rel=\"canonical\" href=\"https:\/\/positiveprints.com\/sv\/produkt\/borjan-pa-nagot-speciellt\/\" \/>\n<meta property=\"og:locale\" content=\"sv_SE\" \/>\n<meta property=\"og:type\" content=\"article\" \/>\n<meta property=\"og:title\" content=\"B\u00f6rjan p\u00e5 n\u00e5got speciellt\" \/>\n<meta property=\"og:description\" content=\"V\u00e4lj en mall eller var kreativ               Anpassa i 3 enkla steg               Inkludera en meningsfull personlig text               Se resultatet direkt \u2013 den interaktiva f\u00f6rhandsvisningen l\u00e5ter dig finjustera varje detalj\" \/>\n<meta property=\"og:url\" content=\"https:\/\/positiveprints.com\/sv\/produkt\/borjan-pa-nagot-speciellt\/\" \/>\n<meta property=\"og:site_name\" content=\"Positive Prints\" \/>\n<meta property=\"article:publisher\" content=\"https:\/\/www.facebook.com\/positiveprintscom\" \/>\n<meta property=\"article:modified_time\" content=\"2026-04-12T21:45:24+00:00\" \/>\n<meta property=\"og:image\" content=\"https:\/\/positiveprints.com\/wp-content\/uploads\/2024\/10\/Packshot_EN_the-start-of-something-special-map-product-image.webp\" \/>\n\t<meta property=\"og:image:width\" content=\"1450\" \/>\n\t<meta property=\"og:image:height\" content=\"1450\" \/>\n\t<meta property=\"og:image:type\" content=\"image\/webp\" \/>\n<meta name=\"twitter:card\" content=\"summary_large_image\" \/>\n<meta name=\"twitter:label1\" content=\"Ber\u00e4knad l\u00e4stid\" \/>\n\t<meta name=\"twitter:data1\" content=\"2 minut\" \/>\n<!-- \/ Yoast SEO Premium plugin. -->","yoast_head_json":{"title":"B\u00f6rjan p\u00e5 n\u00e5got speciellt - personlig g\u00e5va - Positive Prints","description":"Skapa b\u00f6rjan p\u00e5 n\u00e5got speciellt kartkonst. Din mottagare kommer att \u00e4lska denna helt unika g\u00e5va som firar starten p\u00e5 n\u00e5got fantastiskt.","robots":{"index":"index","follow":"follow","max-snippet":"max-snippet:-1","max-image-preview":"max-image-preview:large","max-video-preview":"max-video-preview:-1"},"canonical":"https:\/\/positiveprints.com\/sv\/produkt\/borjan-pa-nagot-speciellt\/","og_locale":"sv_SE","og_type":"article","og_title":"B\u00f6rjan p\u00e5 n\u00e5got speciellt","og_description":"V\u00e4lj en mall eller var kreativ               Anpassa i 3 enkla steg               Inkludera en meningsfull personlig text               Se resultatet direkt \u2013 den interaktiva f\u00f6rhandsvisningen l\u00e5ter dig finjustera varje detalj","og_url":"https:\/\/positiveprints.com\/sv\/produkt\/borjan-pa-nagot-speciellt\/","og_site_name":"Positive Prints","article_publisher":"https:\/\/www.facebook.com\/positiveprintscom","article_modified_time":"2026-04-12T21:45:24+00:00","og_image":[{"width":1450,"height":1450,"url":"https:\/\/positiveprints.com\/wp-content\/uploads\/2024\/10\/Packshot_EN_the-start-of-something-special-map-product-image.webp","type":"image\/webp"}],"twitter_card":"summary_large_image","twitter_misc":{"Ber\u00e4knad l\u00e4stid":"2 minut"},"schema":{"@context":"https:\/\/schema.org","@graph":[{"@type":["WebPage","ItemPage"],"@id":"https:\/\/positiveprints.com\/sv\/produkt\/borjan-pa-nagot-speciellt\/","url":"https:\/\/positiveprints.com\/sv\/produkt\/borjan-pa-nagot-speciellt\/","name":"B\u00f6rjan p\u00e5 n\u00e5got speciellt - personlig g\u00e5va - Positive Prints","isPartOf":{"@id":"https:\/\/positiveprints.com\/sv\/#website"},"primaryImageOfPage":{"@id":"https:\/\/positiveprints.com\/sv\/produkt\/borjan-pa-nagot-speciellt\/#primaryimage"},"image":{"@id":"https:\/\/positiveprints.com\/sv\/produkt\/borjan-pa-nagot-speciellt\/#primaryimage"},"thumbnailUrl":"https:\/\/positiveprints.com\/wp-content\/uploads\/2024\/10\/Packshot_EN_the-start-of-something-special-map-product-image.webp","datePublished":"2022-12-14T10:54:00+00:00","dateModified":"2026-04-12T21:45:24+00:00","description":"Skapa b\u00f6rjan p\u00e5 n\u00e5got speciellt kartkonst. Din mottagare kommer att \u00e4lska denna helt unika g\u00e5va som firar starten p\u00e5 n\u00e5got fantastiskt.","breadcrumb":{"@id":"https:\/\/positiveprints.com\/sv\/produkt\/borjan-pa-nagot-speciellt\/#breadcrumb"},"inLanguage":"sv-SE","potentialAction":[{"@type":"ReadAction","target":["https:\/\/positiveprints.com\/sv\/produkt\/borjan-pa-nagot-speciellt\/"]}]},{"@type":"ImageObject","inLanguage":"sv-SE","@id":"https:\/\/positiveprints.com\/sv\/produkt\/borjan-pa-nagot-speciellt\/#primaryimage","url":"https:\/\/positiveprints.com\/wp-content\/uploads\/2024\/10\/Packshot_EN_the-start-of-something-special-map-product-image.webp","contentUrl":"https:\/\/positiveprints.com\/wp-content\/uploads\/2024\/10\/Packshot_EN_the-start-of-something-special-map-product-image.webp","width":1450,"height":1450},{"@type":"BreadcrumbList","@id":"https:\/\/positiveprints.com\/sv\/produkt\/borjan-pa-nagot-speciellt\/#breadcrumb","itemListElement":[{"@type":"ListItem","position":1,"name":"Home","item":"https:\/\/positiveprints.com\/sv\/"},{"@type":"ListItem","position":2,"name":"Produkter","item":"https:\/\/positiveprints.com\/sv\/shop\/"},{"@type":"ListItem","position":3,"name":"B\u00f6rjan p\u00e5 n\u00e5got speciellt"}]},{"@type":"WebSite","@id":"https:\/\/positiveprints.com\/sv\/#website","url":"https:\/\/positiveprints.com\/sv\/","name":"Positive Prints","description":"Amazing Custom Personalized Gifts","publisher":{"@id":"https:\/\/positiveprints.com\/sv\/#organization"},"potentialAction":[{"@type":"SearchAction","target":{"@type":"EntryPoint","urlTemplate":"https:\/\/positiveprints.com\/sv\/?s={search_term_string}"},"query-input":{"@type":"PropertyValueSpecification","valueRequired":true,"valueName":"search_term_string"}}],"inLanguage":"sv-SE"},{"@type":"Organization","@id":"https:\/\/positiveprints.com\/sv\/#organization","name":"Positive Prints","alternateName":"Positive Prints","url":"https:\/\/positiveprints.com\/sv\/","logo":{"@type":"ImageObject","inLanguage":"sv-SE","@id":"https:\/\/positiveprints.com\/sv\/#\/schema\/logo\/image\/","url":"https:\/\/positiveprints.com\/wp-content\/uploads\/2026\/03\/245815646_1337939713319158_5671353136411139666_n.png","contentUrl":"https:\/\/positiveprints.com\/wp-content\/uploads\/2026\/03\/245815646_1337939713319158_5671353136411139666_n.png","width":800,"height":800,"caption":"Positive Prints"},"image":{"@id":"https:\/\/positiveprints.com\/sv\/#\/schema\/logo\/image\/"},"sameAs":["https:\/\/www.facebook.com\/positiveprintscom","https:\/\/www.instagram.com\/positiveprintscom\/","https:\/\/www.tiktok.com\/@positiveprintscom","https:\/\/www.pinterest.com\/positiveprintscom\/"]}]}},"jetpack_sharing_enabled":true,"_links":{"self":[{"href":"https:\/\/positiveprints.com\/sv\/wp-json\/wp\/v2\/product\/646798","targetHints":{"allow":["GET"]}}],"collection":[{"href":"https:\/\/positiveprints.com\/sv\/wp-json\/wp\/v2\/product"}],"about":[{"href":"https:\/\/positiveprints.com\/sv\/wp-json\/wp\/v2\/types\/product"}],"wp:featuredmedia":[{"embeddable":true,"href":"https:\/\/positiveprints.com\/sv\/wp-json\/wp\/v2\/media\/1214240"}],"wp:attachment":[{"href":"https:\/\/positiveprints.com\/sv\/wp-json\/wp\/v2\/media?parent=646798"}],"wp:term":[{"taxonomy":"product_brand","embeddable":true,"href":"https:\/\/positiveprints.com\/sv\/wp-json\/wp\/v2\/product_brand?post=646798"},{"taxonomy":"product_cat","embeddable":true,"href":"https:\/\/positiveprints.com\/sv\/wp-json\/wp\/v2\/product_cat?post=646798"},{"taxonomy":"product_tag","embeddable":true,"href":"https:\/\/positiveprints.com\/sv\/wp-json\/wp\/v2\/product_tag?post=646798"}],"curies":[{"name":"wp","href":"https:\/\/api.w.org\/{rel}","templated":true}]}}