{"id":646791,"date":"2023-03-10T13:15:20","date_gmt":"2023-03-10T12:15:20","guid":{"rendered":"https:\/\/positiveprints.com\/product\/karta-over-flyttning\/"},"modified":"2026-04-28T14:27:10","modified_gmt":"2026-04-28T13:27:10","slug":"karta-over-flyttning","status":"publish","type":"product","link":"https:\/\/positiveprints.com\/sv\/produkt\/karta-over-flyttning\/","title":{"rendered":"Karta \u00f6ver flyttning"},"content":{"rendered":"<p style=\"margin-top: 1rem\">Letar du efter en unik och omt\u00e4nksam present till n\u00e5gon speciell i ditt liv? \u00d6verv\u00e4g att ge dem en Moving Away-karta i g\u00e5va! Denna <a href=\"https:\/\/positiveprints.com\/product\/custom-map-art\/\">personliga karta<\/a> kan f\u00e5nga minnen och upplevelser av en specifik plats som har betydelse f\u00f6r n\u00e5gon som flyttar bort.<\/p>\r\n          \r\n\r\n          \r\n\r\n          \r\n\r\n          <h2 class=\"grenB f24 cblue\" style=\"margin-top: 3rem\">Vad \u00e4r en Moving Away-karta?  <\/h2>\r\n          \r\n\r\n          \r\n\r\n          <p style=\"margin-top: 1rem\">En Moving Away-karta kan visa vilken plats som helst som \u00e4r betydelsefull f\u00f6r dig och din v\u00e4n. Det kan vara en karta \u00f6ver den stad eller ort som din v\u00e4n ska flytta till. Alternativt kan det vara en karta \u00f6ver den plats d\u00e4r ni b\u00e5da delat speciella minnen tillsammans. Oavsett om det \u00e4r ett barndomshem, en favoritsemesterort eller en stad som de alltid har dr\u00f6mt om att bes\u00f6ka, kan m\u00f6jligheten att anpassa kartan med sin egen personliga titel eller text g\u00f6ra den till en \u00e4nnu mer personlig g\u00e5va. Det fina med v\u00e5rt karttryck \u00e4r att det kan anpassas f\u00f6r att \u00e5terspegla er unika v\u00e4nskap och era upplevelser tillsammans.<\/p>\r\n          \r\n\r\n          \r\n\r\n          <h2 class=\"grenB f24 cblue\" style=\"margin-top: 3rem\">Varf\u00f6r ge bort en flyttkarta?  <\/h2>\r\n          \r\n\r\n          \r\n\r\n          <p style=\"margin-top: 1rem\">En Moving Away-karta \u00e4r en omt\u00e4nksam och personlig g\u00e5va till en v\u00e4n som ska flytta, men den kan ocks\u00e5 vara en bra present till alla som \u00e4lskar att resa eller har en speciell koppling till en viss plats. Du kan till exempel skapa ett karttryck till en familjemedlem som ska flytta till en ny stad, eller till n\u00e5gon som har fina minnen fr\u00e5n sin hemstad. Det \u00e4r helt upp till dig hur du v\u00e4ljer att anpassa kartan och g\u00f6ra den meningsfull f\u00f6r mottagaren. Alla som uppskattar unika och personliga g\u00e5vor kommer att \u00e4lska att f\u00e5 en Moving Away Map.<\/p>\r\n          \r\n\r\n          \r\n\r\n          \r\n\r\n          \r\n\r\n          <p style=\"margin-top: 1rem\">En Moving Away-karta \u00e4r speciell eftersom det \u00e4r en personlig och omt\u00e4nksam g\u00e5va som \u00e5terspeglar den unika relationen mellan dig och mottagaren. Det visar att du har tagit dig tid att fundera \u00f6ver deras intressen, minnen och erfarenheter, och att du har skapat n\u00e5got som passar just dem. Kartan kan fungera som en p\u00e5minnelse om er v\u00e4nskap eller koppling, \u00e4ven om ni \u00e4r fysiskt \u00e5tskilda av avst\u00e5nd. Att skapa eller v\u00e4lja en avskedsg\u00e5va inneb\u00e4r dessutom en niv\u00e5 av kreativitet och omtanke som kan g\u00f6ra det till en s\u00e4rskilt meningsfull g\u00e5va. En Moving Away-karta \u00e4r speciell eftersom den kombinerar personlig utformning med praktiska egenskaper, vilket g\u00f6r den till en unik present.<\/p>\r\n          \r\n\r\n          \r\n\r\n          \r\n\r\n          \r\n\r\n          <h2 class=\"grenB f24 cblue\" style=\"margin-top: 3rem\">En g\u00e5va som din v\u00e4n eller familjemedlem kommer att uppskatta i m\u00e5nga \u00e5r fram\u00f6ver<\/h2>\r\n          \r\n\r\n          \r\n\r\n          <p style=\"margin-top: 1rem\">Med Moving Away Map kan du v\u00e4lja mellan olika stilar och f\u00e4rger f\u00f6r att passa deras personlighet, l\u00e4gga till en personlig titel eller text under kartan och v\u00e4lja mellan en m\u00e4ngd olika storlekar och format, inklusive canvasutskrifter, posterutskrifter eller till och med digitala nedladdningar!<\/p>\r\n          \r\n\r\n          \r\n\r\n          \r\n\r\n          \r\n\r\n          <p style=\"margin-top: 1rem\">Moving Away Map \u00e4r inte bara ett vackert tillskott till inredningen i hemmet eller p\u00e5 kontoret, den fungerar ocks\u00e5 som en p\u00e5minnelse om den fantastiska plats d\u00e4r de har bott. Det \u00e4r perfekt f\u00f6r dig som ska flytta hemifr\u00e5n eller f\u00f6r dig som bara \u00e4lskar att resa. V\u00e5ra h\u00f6gkvalitativa material garanterar att g\u00e5van kommer att h\u00e5lla i m\u00e5nga \u00e5r fram\u00f6ver, vilket g\u00f6r den till en investering v\u00e4rd att g\u00f6ra. Med v\u00e5r l\u00e4ttanv\u00e4nda online editor har det dessutom aldrig varit enklare att skapa sin egen personliga karta.<\/p>\r\n          \r\n\r\n          \r\n\r\n          \r\n\r\n          \r\n\r\n          <p style=\"margin-top: 1rem\">Visa dina n\u00e4ra och k\u00e4ra hur mycket du bryr dig genom att ge dem n\u00e5got alldeles speciellt &#8211; ge dem en Moving Away-karta i g\u00e5va. B\u00f6rja skapa dina egna redan idag &#8211; lita p\u00e5 oss, de kommer att \u00e4lska det!<\/p>","protected":false},"excerpt":{"rendered":"\n<ul class=\"check-list\">\n<li>Markera den exakta adressen med en vald symbol<\/li>\n<li>Anpassa i 3 enkla steg<\/li>\n<li>Inkludera en meningsfull personlig text<\/li>\n<li>Se resultatet direkt \u2013 den interaktiva f\u00f6rhandsvisningen l\u00e5ter dig finjustera varje detalj<\/li>\n<\/ul>\n","protected":false},"featured_media":1213504,"template":"","meta":[],"product_brand":[],"product_cat":[7459,9119,7630,7774,7743,7662,7838],"product_tag":[9806],"class_list":{"0":"post-646791","1":"product","2":"type-product","3":"status-publish","4":"has-post-thumbnail","6":"product_cat-alla-produkter","7":"product_cat-map-sv","8":"product_cat-gavor-till-din-bror","9":"product_cat-gavor-till-dottern","10":"product_cat-gavor-till-en-syster","11":"product_cat-gavor-till-sonen","12":"product_cat-gavor-till-vanner","13":"product_tag-flyttar-bort","15":"first","16":"instock","17":"sale","18":"taxable","19":"shipping-taxable","20":"purchasable","21":"product-type-variable"},"yoast_head":"<!-- This site is optimized with the Yoast SEO Premium plugin v27.2 (Yoast SEO v27.2) - https:\/\/yoast.com\/product\/yoast-seo-premium-wordpress\/ -->\n<title>Karta \u00f6ver att flytta bort - personlig present - positiva tryck<\/title>\n<meta name=\"description\" content=\"Letar du efter en unik och omt\u00e4nksam present till n\u00e5gon speciell i ditt liv? \u00d6verv\u00e4g att ge dem en Moving Away-karta i g\u00e5va\" \/>\n<meta name=\"robots\" content=\"index, follow, max-snippet:-1, max-image-preview:large, max-video-preview:-1\" \/>\n<link rel=\"canonical\" href=\"https:\/\/positiveprints.com\/sv\/produkt\/karta-over-flyttning\/\" \/>\n<meta property=\"og:locale\" content=\"sv_SE\" \/>\n<meta property=\"og:type\" content=\"article\" \/>\n<meta property=\"og:title\" content=\"Karta \u00f6ver flyttning\" \/>\n<meta property=\"og:description\" content=\"Markera den exakta adressen med en vald symbol               Anpassa i 3 enkla steg               Inkludera en meningsfull personlig text               Se resultatet direkt \u2013 den interaktiva f\u00f6rhandsvisningen l\u00e5ter dig finjustera varje detalj\" \/>\n<meta property=\"og:url\" content=\"https:\/\/positiveprints.com\/sv\/produkt\/karta-over-flyttning\/\" \/>\n<meta property=\"og:site_name\" content=\"Positive Prints\" \/>\n<meta property=\"article:publisher\" content=\"https:\/\/www.facebook.com\/positiveprintscom\" \/>\n<meta property=\"article:modified_time\" content=\"2026-04-28T13:27:10+00:00\" \/>\n<meta property=\"og:image\" content=\"https:\/\/positiveprints.com\/wp-content\/uploads\/2024\/10\/Packshot_EN_moving-away-map-product-image.webp\" \/>\n\t<meta property=\"og:image:width\" content=\"1450\" \/>\n\t<meta property=\"og:image:height\" content=\"1450\" \/>\n\t<meta property=\"og:image:type\" content=\"image\/webp\" \/>\n<meta name=\"twitter:card\" content=\"summary_large_image\" \/>\n<!-- \/ Yoast SEO Premium plugin. -->","yoast_head_json":{"title":"Karta \u00f6ver att flytta bort - personlig present - positiva tryck","description":"Letar du efter en unik och omt\u00e4nksam present till n\u00e5gon speciell i ditt liv? \u00d6verv\u00e4g att ge dem en Moving Away-karta i g\u00e5va","robots":{"index":"index","follow":"follow","max-snippet":"max-snippet:-1","max-image-preview":"max-image-preview:large","max-video-preview":"max-video-preview:-1"},"canonical":"https:\/\/positiveprints.com\/sv\/produkt\/karta-over-flyttning\/","og_locale":"sv_SE","og_type":"article","og_title":"Karta \u00f6ver flyttning","og_description":"Markera den exakta adressen med en vald symbol               Anpassa i 3 enkla steg               Inkludera en meningsfull personlig text               Se resultatet direkt \u2013 den interaktiva f\u00f6rhandsvisningen l\u00e5ter dig finjustera varje detalj","og_url":"https:\/\/positiveprints.com\/sv\/produkt\/karta-over-flyttning\/","og_site_name":"Positive Prints","article_publisher":"https:\/\/www.facebook.com\/positiveprintscom","article_modified_time":"2026-04-28T13:27:10+00:00","og_image":[{"width":1450,"height":1450,"url":"https:\/\/positiveprints.com\/wp-content\/uploads\/2024\/10\/Packshot_EN_moving-away-map-product-image.webp","type":"image\/webp"}],"twitter_card":"summary_large_image","schema":{"@context":"https:\/\/schema.org","@graph":[{"@type":["WebPage","ItemPage"],"@id":"https:\/\/positiveprints.com\/sv\/produkt\/karta-over-flyttning\/","url":"https:\/\/positiveprints.com\/sv\/produkt\/karta-over-flyttning\/","name":"Karta \u00f6ver att flytta bort - personlig present - positiva tryck","isPartOf":{"@id":"https:\/\/positiveprints.com\/sv\/#website"},"primaryImageOfPage":{"@id":"https:\/\/positiveprints.com\/sv\/produkt\/karta-over-flyttning\/#primaryimage"},"image":{"@id":"https:\/\/positiveprints.com\/sv\/produkt\/karta-over-flyttning\/#primaryimage"},"thumbnailUrl":"https:\/\/positiveprints.com\/wp-content\/uploads\/2024\/10\/Packshot_EN_moving-away-map-product-image.webp","datePublished":"2023-03-10T12:15:20+00:00","dateModified":"2026-04-28T13:27:10+00:00","description":"Letar du efter en unik och omt\u00e4nksam present till n\u00e5gon speciell i ditt liv? \u00d6verv\u00e4g att ge dem en Moving Away-karta i g\u00e5va","breadcrumb":{"@id":"https:\/\/positiveprints.com\/sv\/produkt\/karta-over-flyttning\/#breadcrumb"},"inLanguage":"sv-SE","potentialAction":[{"@type":"ReadAction","target":["https:\/\/positiveprints.com\/sv\/produkt\/karta-over-flyttning\/"]}]},{"@type":"ImageObject","inLanguage":"sv-SE","@id":"https:\/\/positiveprints.com\/sv\/produkt\/karta-over-flyttning\/#primaryimage","url":"https:\/\/positiveprints.com\/wp-content\/uploads\/2024\/10\/Packshot_EN_moving-away-map-product-image.webp","contentUrl":"https:\/\/positiveprints.com\/wp-content\/uploads\/2024\/10\/Packshot_EN_moving-away-map-product-image.webp","width":1450,"height":1450},{"@type":"BreadcrumbList","@id":"https:\/\/positiveprints.com\/sv\/produkt\/karta-over-flyttning\/#breadcrumb","itemListElement":[{"@type":"ListItem","position":1,"name":"Home","item":"https:\/\/positiveprints.com\/sv\/"},{"@type":"ListItem","position":2,"name":"Produkter","item":"https:\/\/positiveprints.com\/sv\/shop\/"},{"@type":"ListItem","position":3,"name":"Karta \u00f6ver flyttning"}]},{"@type":"WebSite","@id":"https:\/\/positiveprints.com\/sv\/#website","url":"https:\/\/positiveprints.com\/sv\/","name":"Positive Prints","description":"Amazing Custom Personalized Gifts","publisher":{"@id":"https:\/\/positiveprints.com\/sv\/#organization"},"potentialAction":[{"@type":"SearchAction","target":{"@type":"EntryPoint","urlTemplate":"https:\/\/positiveprints.com\/sv\/?s={search_term_string}"},"query-input":{"@type":"PropertyValueSpecification","valueRequired":true,"valueName":"search_term_string"}}],"inLanguage":"sv-SE"},{"@type":"Organization","@id":"https:\/\/positiveprints.com\/sv\/#organization","name":"Positive Prints","alternateName":"Positive Prints","url":"https:\/\/positiveprints.com\/sv\/","logo":{"@type":"ImageObject","inLanguage":"sv-SE","@id":"https:\/\/positiveprints.com\/sv\/#\/schema\/logo\/image\/","url":"https:\/\/positiveprints.com\/wp-content\/uploads\/2026\/03\/245815646_1337939713319158_5671353136411139666_n.png","contentUrl":"https:\/\/positiveprints.com\/wp-content\/uploads\/2026\/03\/245815646_1337939713319158_5671353136411139666_n.png","width":800,"height":800,"caption":"Positive Prints"},"image":{"@id":"https:\/\/positiveprints.com\/sv\/#\/schema\/logo\/image\/"},"sameAs":["https:\/\/www.facebook.com\/positiveprintscom","https:\/\/www.instagram.com\/positiveprintscom\/","https:\/\/www.tiktok.com\/@positiveprintscom","https:\/\/www.pinterest.com\/positiveprintscom\/"]}]}},"jetpack_sharing_enabled":true,"_links":{"self":[{"href":"https:\/\/positiveprints.com\/sv\/wp-json\/wp\/v2\/product\/646791","targetHints":{"allow":["GET"]}}],"collection":[{"href":"https:\/\/positiveprints.com\/sv\/wp-json\/wp\/v2\/product"}],"about":[{"href":"https:\/\/positiveprints.com\/sv\/wp-json\/wp\/v2\/types\/product"}],"wp:featuredmedia":[{"embeddable":true,"href":"https:\/\/positiveprints.com\/sv\/wp-json\/wp\/v2\/media\/1213504"}],"wp:attachment":[{"href":"https:\/\/positiveprints.com\/sv\/wp-json\/wp\/v2\/media?parent=646791"}],"wp:term":[{"taxonomy":"product_brand","embeddable":true,"href":"https:\/\/positiveprints.com\/sv\/wp-json\/wp\/v2\/product_brand?post=646791"},{"taxonomy":"product_cat","embeddable":true,"href":"https:\/\/positiveprints.com\/sv\/wp-json\/wp\/v2\/product_cat?post=646791"},{"taxonomy":"product_tag","embeddable":true,"href":"https:\/\/positiveprints.com\/sv\/wp-json\/wp\/v2\/product_tag?post=646791"}],"curies":[{"name":"wp","href":"https:\/\/api.w.org\/{rel}","templated":true}]}}