{"id":646787,"date":"2023-03-09T09:11:06","date_gmt":"2023-03-09T08:11:06","guid":{"rendered":"https:\/\/positiveprints.com\/product\/karta-over-nya-hem\/"},"modified":"2026-04-18T06:07:57","modified_gmt":"2026-04-18T05:07:57","slug":"karta-over-nya-hem","status":"publish","type":"product","link":"https:\/\/positiveprints.com\/sv\/produkt\/karta-over-nya-hem\/","title":{"rendered":"Karta \u00f6ver nya hem"},"content":{"rendered":"<p style=\"margin-top: 1rem\">Att flytta till ett nytt hem \u00e4r en sp\u00e4nnande milstolpe f\u00f6r alla familjer, vilket g\u00f6r det till ett perfekt tillf\u00e4lle att ge dem en minnesv\u00e4rd och omt\u00e4nksam g\u00e5va. Om du \u00e4r ute efter n\u00e5got speciellt kan du kolla in New Home Map &#8211; ett personligt tryck som visar den exakta platsen f\u00f6r deras nya hem eller n\u00e5gon annan betydelsefull plats. Denna vackra minnessak kan anpassas med olika f\u00e4rger och text f\u00f6r att g\u00f6ra den unik och unik. Det \u00e4r den perfekta <a href=\"https:\/\/positiveprints.com\/housewarming-gifts\/\">inflyttningspresenten<\/a> som de kommer att <a href=\"https:\/\/positiveprints.com\/housewarming-gifts\/\">uppskatta<\/a> i m\u00e5nga \u00e5r fram\u00f6ver! L\u00e4s vidare f\u00f6r att l\u00e4ra dig mer om denna kreativa id\u00e9.<\/p>\r\n          \r\n\r\n          \r\n\r\n          \r\n\r\n          \r\n\r\n          \r\n\r\n          <h2 class=\"grenB f24 cblue\" style=\"margin-top: 3rem\">Vad \u00e4r en ny hemkarta?<\/h2>\r\n          \r\n\r\n          \r\n\r\n          \r\n\r\n          \r\n\r\n          <p style=\"margin-top: 1rem\">Vi presenterar det perfekta s\u00e4ttet att fira en \u00e4lskad persons nya hem &#8211; New Home Map! Detta personliga konstverk \u00e4r ett vackert och unikt s\u00e4tt att fira ett speciellt tillf\u00e4lle.<\/p>\r\n          \r\n\r\n          \r\n\r\n          <p style=\"margin-top: 1rem\">Anpassa din New Home Map genom att v\u00e4lja bland en m\u00e4ngd olika stilar och f\u00e4rger som passar alla inredningar. L\u00e4gg till en personlig text f\u00f6r att g\u00f6ra den unik, t.ex. &#8220;V\u00e5rt f\u00f6rsta hem&#8221; eller &#8220;Familjen Johnsons hem&#8221;.<\/p>\r\n          \r\n\r\n          \r\n\r\n          <p style=\"margin-top: 1rem\">Fira denna sp\u00e4nnande milstolpe med ett unikt konstverk som f\u00e5ngar essensen av deras nya hem. New Home Map \u00e4r en utm\u00e4rkt inflyttningspresent eller ett tillskott till alla familjers samlingar.<\/p>\r\n          \r\n\r\n          \r\n\r\n          \r\n\r\n          \r\n\r\n          <h2 class=\"grenB f24 cblue\" style=\"margin-top: 3rem\">Hur anpassar man den nya hemkartan?<\/h2>\r\n          \r\n\r\n          \r\n\r\n          <p style=\"margin-top: 1rem\">F\u00f6r att komma ig\u00e5ng v\u00e4ljer du \u00f6nskad stil och f\u00e4rger f\u00f6r din karta. Ange den exakta platsen f\u00f6r den nya bostaden. Du kan anv\u00e4nda en adress eller till och med s\u00f6ka efter en specifik plats p\u00e5 en karta. Nu har du ocks\u00e5 m\u00f6jlighet att zooma in eller ut f\u00f6r att f\u00e5 en b\u00e4ttre bild.<\/p>\r\n          \r\n\r\n          \r\n\r\n          <p style=\"margin-top: 1rem\">L\u00e4gg till en personlig text som du vill ska visas p\u00e5 din karta. Det kan vara n\u00e5got i stil med &#8220;V\u00e5rt f\u00f6rsta hem&#8221; eller &#8220;Familjen Smiths hem&#8221;.<\/p>\r\n          \r\n\r\n          \r\n\r\n          <p style=\"margin-top: 1rem\">V\u00e4lj format och storlek p\u00e5 ditt konstverk. Du kan v\u00e4lja mellan canvasbilder, inramade bilder eller posters i olika storlekar. F\u00f6rhandsgranska din slutprodukt innan du l\u00e4gger din best\u00e4llning. Vi erbjuder en f\u00f6rhandsgranskning online s\u00e5 att du kan se exakt hur din skr\u00e4ddarsydda New Home Map kommer att se ut innan den skrivs ut och skickas.<\/p>\r\n          \r\n\r\n          \r\n\r\n          <p style=\"margin-top: 1rem\">Att skapa en personlig New Home Map \u00e4r en rolig och enkel process som g\u00f6r att du kan skapa ett unikt konstverk som hyllar en \u00e4lskad persons nya hem. Med s\u00e5 m\u00e5nga olika anpassningsm\u00f6jligheter kan du verkligen g\u00f6ra den unik!<\/p>\r\n          \r\n\r\n          \r\n\r\n          \r\n\r\n          \r\n\r\n          <h2 class=\"grenB f24 cblue\" style=\"margin-top: 3rem\">Vad g\u00f6r New Home Map till en bra inflyttningspresent?<\/h2>\r\n          \r\n\r\n          \r\n\r\n          <p style=\"margin-top: 1rem\">New Home Map \u00e4r en omt\u00e4nksam och personlig g\u00e5va som visar att du har anstr\u00e4ngt dig f\u00f6r att hitta n\u00e5got speciellt till de nya hus\u00e4garna. Det \u00e4r inte bara en vanlig present som ett ljus eller en tavelram. Och eftersom den kan g\u00f6ras personlig med deras adress blir den en vacker p\u00e5minnelse om deras nya hem och alla minnen de kommer att skapa d\u00e4r. Kartan finns ocks\u00e5 i flera olika format f\u00f6r att passa alla budgetar och stilpreferenser. Allt detta g\u00f6r den till en perfekt inflyttningspresent!<\/p>\r\n          \r\n\r\n          \r\n\r\n          \r\n\r\n          \r\n\r\n          <p style=\"margin-top: 1rem\">Om du letar efter en unik och meningsfull inflyttningspresent beh\u00f6ver du inte leta l\u00e4ngre \u00e4n till New Home Map. Det \u00e4r personligt anpassat till de nya hus\u00e4garnas adress, vilket g\u00f6r det riktigt speciellt. Ge dem n\u00e5got de kommer att uppskatta f\u00f6r alltid med denna kreativa och hj\u00e4rtliga inflyttningspresent!<\/p>","protected":false},"excerpt":{"rendered":"\n<ul class=\"check-list\">\n<li>Markera den exakta adressen med en vald symbol<\/li>\n<li>Anpassa i 3 enkla steg<\/li>\n<li>Inkludera en meningsfull personlig text<\/li>\n<li>Se resultatet direkt \u2013 den interaktiva f\u00f6rhandsvisningen l\u00e5ter dig finjustera varje detalj<\/li>\n<\/ul>\n","protected":false},"featured_media":1213597,"template":"","meta":[],"product_brand":[],"product_cat":[7459,9281,7694,8014,8119,9119,7854,7822],"product_tag":[15013],"class_list":{"0":"post-646787","1":"product","2":"type-product","3":"status-publish","4":"has-post-thumbnail","6":"product_cat-alla-produkter","7":"product_cat-bestsellers-label-sv","8":"product_cat-gavor-for-kvinnor","9":"product_cat-gavor-for-man","10":"product_cat-inflyttningspresenter-presenttillfallen","11":"product_cat-map-sv","12":"product_cat-gavor-till-familjen","13":"product_cat-gavor-till-nya-foraldrar","14":"product_tag-housewarming-sv-2","16":"first","17":"instock","18":"sale","19":"taxable","20":"shipping-taxable","21":"purchasable","22":"product-type-variable"},"yoast_head":"<!-- This site is optimized with the Yoast SEO Premium plugin v27.2 (Yoast SEO v27.2) - https:\/\/yoast.com\/product\/yoast-seo-premium-wordpress\/ -->\n<title>Karta \u00f6ver nytt hem - personlig inflyttningspresent - positiva tryck<\/title>\n<meta name=\"description\" content=\"Om du letar efter en unik och meningsfull inflyttningspresent beh\u00f6ver du inte leta l\u00e4ngre \u00e4n till New Home Map. Det \u00e4r personifierat till den nya hus\u00e4garens adress.\" \/>\n<meta name=\"robots\" content=\"index, follow, max-snippet:-1, max-image-preview:large, max-video-preview:-1\" \/>\n<link rel=\"canonical\" href=\"https:\/\/positiveprints.com\/sv\/produkt\/karta-over-nya-hem\/\" \/>\n<meta property=\"og:locale\" content=\"sv_SE\" \/>\n<meta property=\"og:type\" content=\"article\" \/>\n<meta property=\"og:title\" content=\"Karta \u00f6ver nya hem\" \/>\n<meta property=\"og:description\" content=\"Markera den exakta adressen med en vald symbol                  Anpassa i 3 enkla steg                  Inkludera en meningsfull personlig text                  Se resultatet direkt \u2013 den interaktiva f\u00f6rhandsvisningen l\u00e5ter dig finjustera varje detalj\" \/>\n<meta property=\"og:url\" content=\"https:\/\/positiveprints.com\/sv\/produkt\/karta-over-nya-hem\/\" \/>\n<meta property=\"og:site_name\" content=\"Positive Prints\" \/>\n<meta property=\"article:publisher\" content=\"https:\/\/www.facebook.com\/positiveprintscom\" \/>\n<meta property=\"article:modified_time\" content=\"2026-04-18T05:07:57+00:00\" \/>\n<meta property=\"og:image\" content=\"https:\/\/positiveprints.com\/wp-content\/uploads\/2024\/10\/Packshot_EN_new-home-map-product-image.webp\" \/>\n\t<meta property=\"og:image:width\" content=\"1450\" \/>\n\t<meta property=\"og:image:height\" content=\"1450\" \/>\n\t<meta property=\"og:image:type\" content=\"image\/webp\" \/>\n<meta name=\"twitter:card\" content=\"summary_large_image\" \/>\n<meta name=\"twitter:label1\" content=\"Ber\u00e4knad l\u00e4stid\" \/>\n\t<meta name=\"twitter:data1\" content=\"3 minut\" \/>\n<!-- \/ Yoast SEO Premium plugin. -->","yoast_head_json":{"title":"Karta \u00f6ver nytt hem - personlig inflyttningspresent - positiva tryck","description":"Om du letar efter en unik och meningsfull inflyttningspresent beh\u00f6ver du inte leta l\u00e4ngre \u00e4n till New Home Map. Det \u00e4r personifierat till den nya hus\u00e4garens adress.","robots":{"index":"index","follow":"follow","max-snippet":"max-snippet:-1","max-image-preview":"max-image-preview:large","max-video-preview":"max-video-preview:-1"},"canonical":"https:\/\/positiveprints.com\/sv\/produkt\/karta-over-nya-hem\/","og_locale":"sv_SE","og_type":"article","og_title":"Karta \u00f6ver nya hem","og_description":"Markera den exakta adressen med en vald symbol                  Anpassa i 3 enkla steg                  Inkludera en meningsfull personlig text                  Se resultatet direkt \u2013 den interaktiva f\u00f6rhandsvisningen l\u00e5ter dig finjustera varje detalj","og_url":"https:\/\/positiveprints.com\/sv\/produkt\/karta-over-nya-hem\/","og_site_name":"Positive Prints","article_publisher":"https:\/\/www.facebook.com\/positiveprintscom","article_modified_time":"2026-04-18T05:07:57+00:00","og_image":[{"width":1450,"height":1450,"url":"https:\/\/positiveprints.com\/wp-content\/uploads\/2024\/10\/Packshot_EN_new-home-map-product-image.webp","type":"image\/webp"}],"twitter_card":"summary_large_image","twitter_misc":{"Ber\u00e4knad l\u00e4stid":"3 minut"},"schema":{"@context":"https:\/\/schema.org","@graph":[{"@type":["WebPage","ItemPage"],"@id":"https:\/\/positiveprints.com\/sv\/produkt\/karta-over-nya-hem\/","url":"https:\/\/positiveprints.com\/sv\/produkt\/karta-over-nya-hem\/","name":"Karta \u00f6ver nytt hem - personlig inflyttningspresent - positiva tryck","isPartOf":{"@id":"https:\/\/positiveprints.com\/sv\/#website"},"primaryImageOfPage":{"@id":"https:\/\/positiveprints.com\/sv\/produkt\/karta-over-nya-hem\/#primaryimage"},"image":{"@id":"https:\/\/positiveprints.com\/sv\/produkt\/karta-over-nya-hem\/#primaryimage"},"thumbnailUrl":"https:\/\/positiveprints.com\/wp-content\/uploads\/2024\/10\/Packshot_EN_new-home-map-product-image.webp","datePublished":"2023-03-09T08:11:06+00:00","dateModified":"2026-04-18T05:07:57+00:00","description":"Om du letar efter en unik och meningsfull inflyttningspresent beh\u00f6ver du inte leta l\u00e4ngre \u00e4n till New Home Map. Det \u00e4r personifierat till den nya hus\u00e4garens adress.","breadcrumb":{"@id":"https:\/\/positiveprints.com\/sv\/produkt\/karta-over-nya-hem\/#breadcrumb"},"inLanguage":"sv-SE","potentialAction":[{"@type":"ReadAction","target":["https:\/\/positiveprints.com\/sv\/produkt\/karta-over-nya-hem\/"]}]},{"@type":"ImageObject","inLanguage":"sv-SE","@id":"https:\/\/positiveprints.com\/sv\/produkt\/karta-over-nya-hem\/#primaryimage","url":"https:\/\/positiveprints.com\/wp-content\/uploads\/2024\/10\/Packshot_EN_new-home-map-product-image.webp","contentUrl":"https:\/\/positiveprints.com\/wp-content\/uploads\/2024\/10\/Packshot_EN_new-home-map-product-image.webp","width":1450,"height":1450},{"@type":"BreadcrumbList","@id":"https:\/\/positiveprints.com\/sv\/produkt\/karta-over-nya-hem\/#breadcrumb","itemListElement":[{"@type":"ListItem","position":1,"name":"Home","item":"https:\/\/positiveprints.com\/sv\/"},{"@type":"ListItem","position":2,"name":"Produkter","item":"https:\/\/positiveprints.com\/sv\/shop\/"},{"@type":"ListItem","position":3,"name":"Karta \u00f6ver nya hem"}]},{"@type":"WebSite","@id":"https:\/\/positiveprints.com\/sv\/#website","url":"https:\/\/positiveprints.com\/sv\/","name":"Positive Prints","description":"Amazing Custom Personalized Gifts","publisher":{"@id":"https:\/\/positiveprints.com\/sv\/#organization"},"potentialAction":[{"@type":"SearchAction","target":{"@type":"EntryPoint","urlTemplate":"https:\/\/positiveprints.com\/sv\/?s={search_term_string}"},"query-input":{"@type":"PropertyValueSpecification","valueRequired":true,"valueName":"search_term_string"}}],"inLanguage":"sv-SE"},{"@type":"Organization","@id":"https:\/\/positiveprints.com\/sv\/#organization","name":"Positive Prints","alternateName":"Positive Prints","url":"https:\/\/positiveprints.com\/sv\/","logo":{"@type":"ImageObject","inLanguage":"sv-SE","@id":"https:\/\/positiveprints.com\/sv\/#\/schema\/logo\/image\/","url":"https:\/\/positiveprints.com\/wp-content\/uploads\/2026\/03\/245815646_1337939713319158_5671353136411139666_n.png","contentUrl":"https:\/\/positiveprints.com\/wp-content\/uploads\/2026\/03\/245815646_1337939713319158_5671353136411139666_n.png","width":800,"height":800,"caption":"Positive Prints"},"image":{"@id":"https:\/\/positiveprints.com\/sv\/#\/schema\/logo\/image\/"},"sameAs":["https:\/\/www.facebook.com\/positiveprintscom","https:\/\/www.instagram.com\/positiveprintscom\/","https:\/\/www.tiktok.com\/@positiveprintscom","https:\/\/www.pinterest.com\/positiveprintscom\/"]}]}},"jetpack_sharing_enabled":true,"_links":{"self":[{"href":"https:\/\/positiveprints.com\/sv\/wp-json\/wp\/v2\/product\/646787","targetHints":{"allow":["GET"]}}],"collection":[{"href":"https:\/\/positiveprints.com\/sv\/wp-json\/wp\/v2\/product"}],"about":[{"href":"https:\/\/positiveprints.com\/sv\/wp-json\/wp\/v2\/types\/product"}],"wp:featuredmedia":[{"embeddable":true,"href":"https:\/\/positiveprints.com\/sv\/wp-json\/wp\/v2\/media\/1213597"}],"wp:attachment":[{"href":"https:\/\/positiveprints.com\/sv\/wp-json\/wp\/v2\/media?parent=646787"}],"wp:term":[{"taxonomy":"product_brand","embeddable":true,"href":"https:\/\/positiveprints.com\/sv\/wp-json\/wp\/v2\/product_brand?post=646787"},{"taxonomy":"product_cat","embeddable":true,"href":"https:\/\/positiveprints.com\/sv\/wp-json\/wp\/v2\/product_cat?post=646787"},{"taxonomy":"product_tag","embeddable":true,"href":"https:\/\/positiveprints.com\/sv\/wp-json\/wp\/v2\/product_tag?post=646787"}],"curies":[{"name":"wp","href":"https:\/\/api.w.org\/{rel}","templated":true}]}}