{"id":646783,"date":"2023-02-24T14:16:34","date_gmt":"2023-07-28T15:19:53","guid":{"rendered":"https:\/\/positiveprints.com\/product\/where-we-met-cirkelkarta\/"},"modified":"2026-04-03T03:20:57","modified_gmt":"2026-04-03T02:20:57","slug":"where-we-met-cirkelkarta","status":"publish","type":"product","link":"https:\/\/positiveprints.com\/sv\/produkt\/where-we-met-cirkelkarta\/","title":{"rendered":"Where We Met Cirkelkarta"},"content":{"rendered":"<p style=\"margin-top: 1rem\">Letar du efter n\u00e5got speciellt att ge bort till din \u00e4lskade? Leta inte l\u00e4ngre \u00e4n till en Where We Met Circle Map. Detta personliga konstverk \u00e4r en unik och omt\u00e4nksam g\u00e5va som p\u00e5 ett vackert s\u00e4tt p\u00e5minner om fina minnen som tv\u00e5 personer har delat med varandra. Den cirkul\u00e4ra designen ger en extra touch av elegans och sofistikering till alla rum, vilket g\u00f6r att den sticker ut som ett statement-plagg.<\/p>\r\n          \r\n\r\n          \r\n\r\n          \r\n\r\n          \r\n\r\n          <h2 class=\"grenB f24 cblue\" style=\"margin-top: 3rem\">Vad \u00e4r en Where We Met Circle Map?<\/h2>\r\n          \r\n\r\n          \r\n\r\n          <p style=\"margin-top: 1rem\">V\u00e5r Where We Met Circle Map \u00e4r en variant av en <a href=\"https:\/\/positiveprints.com\/product\/where-we-met-map\/\">Where We Met-karta<\/a> som har en cirkul\u00e4r design. Detta personliga konstverk \u00e4r perfekt f\u00f6r dem som f\u00f6redrar en mer modern och elegant look i sin heminredning. Den visar platsen d\u00e4r tv\u00e5 personer f\u00f6rst tr\u00e4ffades p\u00e5 ett unikt och i\u00f6gonfallande s\u00e4tt, med en cirkelform som drar uppm\u00e4rksamheten till den speciella platsen.<\/p>\r\n          \r\n\r\n          \r\n\r\n          \r\n\r\n          \r\n\r\n          <p style=\"margin-top: 1rem\">En Where We Met Circle Map \u00e4r en perfekt present till <a href=\"https:\/\/positiveprints.com\/wedding-gifts\/\">br\u00f6llop<\/a>, <a href=\"https:\/\/positiveprints.com\/anniversary-gifts\/\">\u00e5rsdagar<\/a> eller som en omt\u00e4nksam gest till n\u00e5gon speciell. Den kan anpassas med olika f\u00e4rgscheman och stilar, vilket s\u00e4kerst\u00e4ller att den passar perfekt med alla heminredningar. Den finns ocks\u00e5 i olika storlekar, vilket g\u00f6r det enkelt att hitta den perfekta passformen f\u00f6r alla utrymmen.<\/p>\r\n          \r\n\r\n          \r\n\r\n          \r\n\r\n          \r\n\r\n          <p style=\"margin-top: 1rem\">Sammantaget ger v\u00e5rt karttryck en ny syn p\u00e5 traditionell kartkonst och fungerar som en vacker p\u00e5minnelse om v\u00e4rdefulla minnen som delats mellan tv\u00e5 personer.<\/p>\r\n          \r\n\r\n          \r\n\r\n          \r\n\r\n          \r\n\r\n          <h2 class=\"grenB f24 cblue\" style=\"margin-top: 3rem\">En unik och omt\u00e4nksam g\u00e5va<\/h2>\r\n          \r\n\r\n          \r\n\r\n          <p style=\"margin-top: 1rem\">Om du letar efter en g\u00e5va som b\u00e5de \u00e4r k\u00e4nslosam och visuellt fantastisk \u00e4r v\u00e5rt specialtryck ett utm\u00e4rkt val. Den kommer s\u00e4kert att uppskattas av alla som f\u00e5r den och fungera som ett k\u00e4rt minne i m\u00e5nga \u00e5r fram\u00f6ver. S\u00e5 oavsett om du firar en milstolpe i ditt f\u00f6rh\u00e5llande eller bara vill visa n\u00e5gon hur mycket de betyder f\u00f6r dig, \u00e4r en Where We Met Circle Map det perfekta s\u00e4ttet att g\u00f6ra det p\u00e5.<\/p>\r\n          \r\n\r\n          \r\n\r\n          \r\n\r\n          \r\n\r\n          \r\n\r\n          <p style=\"margin-top: 3rem\">Ge den speciella personen i ditt liv en g\u00e5va som \u00e4r b\u00e5de meningsfull och vacker med v\u00e5r Where We Met Circle Map. V\u00e5ra personliga konstverk kommer s\u00e4kert att uppskattas i m\u00e5nga \u00e5r fram\u00f6ver, s\u00e5 tveka inte att f\u00e5 ditt idag! Med sin unika design och anpassningsbara funktioner \u00e4r det det perfekta s\u00e4ttet att minnas er historia tillsammans. S\u00e5 v\u00e4nta inte &#8211; visa din \u00e4lskade hur mycket de betyder f\u00f6r dig med en Where We Met Circle Map!<\/p>","protected":false},"excerpt":{"rendered":"\n<ul class=\"check-list\">\n<li>Skapa en personlig karta \u00f6ver den plats d\u00e4r ni tr\u00e4ffades f\u00f6rsta g\u00e5ngen<\/li>\n<li>V\u00e4lj en mall eller var kreativ<\/li>\n<li>Anpassa i 3 enkla steg<\/li>\n<li>Inkludera en meningsfull personlig text<\/li>\n<li>Se resultatet direkt \u2013 den interaktiva f\u00f6rhandsvisningen l\u00e5ter dig finjustera varje detalj<\/li>\n<\/ul>\n","protected":false},"featured_media":1478516,"template":"","meta":[],"product_brand":[],"product_cat":[7459,7694,8014,9119],"product_tag":[8776],"class_list":{"0":"post-646783","1":"product","2":"type-product","3":"status-publish","4":"has-post-thumbnail","6":"product_cat-alla-produkter","7":"product_cat-gavor-for-kvinnor","8":"product_cat-gavor-for-man","9":"product_cat-map-sv","10":"product_tag-where-we-met-sv","12":"first","13":"instock","14":"sale","15":"taxable","16":"shipping-taxable","17":"purchasable","18":"product-type-variable"},"yoast_head":"<!-- This site is optimized with the Yoast SEO Premium plugin v27.2 (Yoast SEO v27.2) - https:\/\/yoast.com\/product\/yoast-seo-premium-wordpress\/ -->\n<title>Where We Met Cirkelkarta - Personlig g\u00e5va - Positive Prints<\/title>\n<meta name=\"description\" content=\"En personlig Where We Met Circle Map \u00e4r en perfekt present till br\u00f6llop, \u00e5rsdagar eller som en omt\u00e4nksam gest till n\u00e5gon speciell.\" \/>\n<meta name=\"robots\" content=\"index, follow, max-snippet:-1, max-image-preview:large, max-video-preview:-1\" \/>\n<link rel=\"canonical\" href=\"https:\/\/positiveprints.com\/sv\/produkt\/where-we-met-cirkelkarta\/\" \/>\n<meta property=\"og:locale\" content=\"sv_SE\" \/>\n<meta property=\"og:type\" content=\"article\" \/>\n<meta property=\"og:title\" content=\"Where We Met Cirkelkarta\" \/>\n<meta property=\"og:description\" content=\"Skapa en personlig karta \u00f6ver den plats d\u00e4r ni tr\u00e4ffades f\u00f6rsta g\u00e5ngen               V\u00e4lj en mall eller var kreativ               Anpassa i 3 enkla steg               Inkludera en meningsfull personlig text               Se resultatet direkt \u2013 den interaktiva f\u00f6rhandsvisningen l\u00e5ter dig finjustera varje detalj\" \/>\n<meta property=\"og:url\" content=\"https:\/\/positiveprints.com\/sv\/produkt\/where-we-met-cirkelkarta\/\" \/>\n<meta property=\"og:site_name\" content=\"Positive Prints\" \/>\n<meta property=\"article:publisher\" content=\"https:\/\/www.facebook.com\/positiveprintscom\" \/>\n<meta property=\"article:modified_time\" content=\"2026-04-03T02:20:57+00:00\" \/>\n<meta property=\"og:image\" content=\"https:\/\/positiveprints.com\/wp-content\/uploads\/2023\/09\/Where-We-Met-Cirkelkarta.jpg\" \/>\n\t<meta property=\"og:image:width\" content=\"1080\" \/>\n\t<meta property=\"og:image:height\" content=\"1080\" \/>\n\t<meta property=\"og:image:type\" content=\"image\/jpeg\" \/>\n<meta name=\"twitter:card\" content=\"summary_large_image\" \/>\n<meta name=\"twitter:label1\" content=\"Ber\u00e4knad l\u00e4stid\" \/>\n\t<meta name=\"twitter:data1\" content=\"2 minut\" \/>\n<!-- \/ Yoast SEO Premium plugin. -->","yoast_head_json":{"title":"Where We Met Cirkelkarta - Personlig g\u00e5va - Positive Prints","description":"En personlig Where We Met Circle Map \u00e4r en perfekt present till br\u00f6llop, \u00e5rsdagar eller som en omt\u00e4nksam gest till n\u00e5gon speciell.","robots":{"index":"index","follow":"follow","max-snippet":"max-snippet:-1","max-image-preview":"max-image-preview:large","max-video-preview":"max-video-preview:-1"},"canonical":"https:\/\/positiveprints.com\/sv\/produkt\/where-we-met-cirkelkarta\/","og_locale":"sv_SE","og_type":"article","og_title":"Where We Met Cirkelkarta","og_description":"Skapa en personlig karta \u00f6ver den plats d\u00e4r ni tr\u00e4ffades f\u00f6rsta g\u00e5ngen               V\u00e4lj en mall eller var kreativ               Anpassa i 3 enkla steg               Inkludera en meningsfull personlig text               Se resultatet direkt \u2013 den interaktiva f\u00f6rhandsvisningen l\u00e5ter dig finjustera varje detalj","og_url":"https:\/\/positiveprints.com\/sv\/produkt\/where-we-met-cirkelkarta\/","og_site_name":"Positive Prints","article_publisher":"https:\/\/www.facebook.com\/positiveprintscom","article_modified_time":"2026-04-03T02:20:57+00:00","og_image":[{"width":1080,"height":1080,"url":"https:\/\/positiveprints.com\/wp-content\/uploads\/2023\/09\/Where-We-Met-Cirkelkarta.jpg","type":"image\/jpeg"}],"twitter_card":"summary_large_image","twitter_misc":{"Ber\u00e4knad l\u00e4stid":"2 minut"},"schema":{"@context":"https:\/\/schema.org","@graph":[{"@type":["WebPage","ItemPage"],"@id":"https:\/\/positiveprints.com\/sv\/produkt\/where-we-met-cirkelkarta\/","url":"https:\/\/positiveprints.com\/sv\/produkt\/where-we-met-cirkelkarta\/","name":"Where We Met Cirkelkarta - Personlig g\u00e5va - Positive Prints","isPartOf":{"@id":"https:\/\/positiveprints.com\/sv\/#website"},"primaryImageOfPage":{"@id":"https:\/\/positiveprints.com\/sv\/produkt\/where-we-met-cirkelkarta\/#primaryimage"},"image":{"@id":"https:\/\/positiveprints.com\/sv\/produkt\/where-we-met-cirkelkarta\/#primaryimage"},"thumbnailUrl":"https:\/\/positiveprints.com\/wp-content\/uploads\/2025\/07\/Packshot_SE_Where-We-Met-Cirkelkarta.webp","datePublished":"2023-07-28T15:19:53+00:00","dateModified":"2026-04-03T02:20:57+00:00","description":"En personlig Where We Met Circle Map \u00e4r en perfekt present till br\u00f6llop, \u00e5rsdagar eller som en omt\u00e4nksam gest till n\u00e5gon speciell.","breadcrumb":{"@id":"https:\/\/positiveprints.com\/sv\/produkt\/where-we-met-cirkelkarta\/#breadcrumb"},"inLanguage":"sv-SE","potentialAction":[{"@type":"ReadAction","target":["https:\/\/positiveprints.com\/sv\/produkt\/where-we-met-cirkelkarta\/"]}]},{"@type":"ImageObject","inLanguage":"sv-SE","@id":"https:\/\/positiveprints.com\/sv\/produkt\/where-we-met-cirkelkarta\/#primaryimage","url":"https:\/\/positiveprints.com\/wp-content\/uploads\/2025\/07\/Packshot_SE_Where-We-Met-Cirkelkarta.webp","contentUrl":"https:\/\/positiveprints.com\/wp-content\/uploads\/2025\/07\/Packshot_SE_Where-We-Met-Cirkelkarta.webp","width":1450,"height":1450},{"@type":"BreadcrumbList","@id":"https:\/\/positiveprints.com\/sv\/produkt\/where-we-met-cirkelkarta\/#breadcrumb","itemListElement":[{"@type":"ListItem","position":1,"name":"Home","item":"https:\/\/positiveprints.com\/sv\/"},{"@type":"ListItem","position":2,"name":"Produkter","item":"https:\/\/positiveprints.com\/sv\/shop\/"},{"@type":"ListItem","position":3,"name":"Where We Met Cirkelkarta"}]},{"@type":"WebSite","@id":"https:\/\/positiveprints.com\/sv\/#website","url":"https:\/\/positiveprints.com\/sv\/","name":"Positive Prints","description":"Amazing Custom Personalized Gifts","publisher":{"@id":"https:\/\/positiveprints.com\/sv\/#organization"},"potentialAction":[{"@type":"SearchAction","target":{"@type":"EntryPoint","urlTemplate":"https:\/\/positiveprints.com\/sv\/?s={search_term_string}"},"query-input":{"@type":"PropertyValueSpecification","valueRequired":true,"valueName":"search_term_string"}}],"inLanguage":"sv-SE"},{"@type":"Organization","@id":"https:\/\/positiveprints.com\/sv\/#organization","name":"Positive Prints","alternateName":"Positive Prints","url":"https:\/\/positiveprints.com\/sv\/","logo":{"@type":"ImageObject","inLanguage":"sv-SE","@id":"https:\/\/positiveprints.com\/sv\/#\/schema\/logo\/image\/","url":"https:\/\/positiveprints.com\/wp-content\/uploads\/2026\/03\/245815646_1337939713319158_5671353136411139666_n.png","contentUrl":"https:\/\/positiveprints.com\/wp-content\/uploads\/2026\/03\/245815646_1337939713319158_5671353136411139666_n.png","width":800,"height":800,"caption":"Positive Prints"},"image":{"@id":"https:\/\/positiveprints.com\/sv\/#\/schema\/logo\/image\/"},"sameAs":["https:\/\/www.facebook.com\/positiveprintscom","https:\/\/www.instagram.com\/positiveprintscom\/","https:\/\/www.tiktok.com\/@positiveprintscom","https:\/\/www.pinterest.com\/positiveprintscom\/"]}]}},"jetpack_sharing_enabled":true,"_links":{"self":[{"href":"https:\/\/positiveprints.com\/sv\/wp-json\/wp\/v2\/product\/646783","targetHints":{"allow":["GET"]}}],"collection":[{"href":"https:\/\/positiveprints.com\/sv\/wp-json\/wp\/v2\/product"}],"about":[{"href":"https:\/\/positiveprints.com\/sv\/wp-json\/wp\/v2\/types\/product"}],"wp:featuredmedia":[{"embeddable":true,"href":"https:\/\/positiveprints.com\/sv\/wp-json\/wp\/v2\/media\/1478516"}],"wp:attachment":[{"href":"https:\/\/positiveprints.com\/sv\/wp-json\/wp\/v2\/media?parent=646783"}],"wp:term":[{"taxonomy":"product_brand","embeddable":true,"href":"https:\/\/positiveprints.com\/sv\/wp-json\/wp\/v2\/product_brand?post=646783"},{"taxonomy":"product_cat","embeddable":true,"href":"https:\/\/positiveprints.com\/sv\/wp-json\/wp\/v2\/product_cat?post=646783"},{"taxonomy":"product_tag","embeddable":true,"href":"https:\/\/positiveprints.com\/sv\/wp-json\/wp\/v2\/product_tag?post=646783"}],"curies":[{"name":"wp","href":"https:\/\/api.w.org\/{rel}","templated":true}]}}