{"id":646779,"date":"2023-02-24T12:00:29","date_gmt":"2023-07-28T15:18:10","guid":{"rendered":"https:\/\/positiveprints.com\/product\/where-we-met-hjartkarta\/"},"modified":"2026-04-18T06:09:36","modified_gmt":"2026-04-18T05:09:36","slug":"where-we-met-hjartkarta","status":"publish","type":"product","link":"https:\/\/positiveprints.com\/sv\/produkt\/where-we-met-hjartkarta\/","title":{"rendered":"Where We Met Hj\u00e4rtkarta"},"content":{"rendered":"<p style=\"margin-top: 1rem\">Uppt\u00e4ck en Where We Met Heart Map! Detta personliga konstverk \u00e4r en unik och meningsfull g\u00e5va f\u00f6r alla speciella tillf\u00e4llen och minns den exakta platsen d\u00e4r tv\u00e5 m\u00e4nniskors v\u00e4gar korsades. Med en karta \u00f6ver den plats d\u00e4r tv\u00e5 personer f\u00f6rst tr\u00e4ffades eller delade k\u00e4ra minnen kommer hj\u00e4rtkartan Where We Met s\u00e4kert att ge leenden och samtal under m\u00e5nga \u00e5r fram\u00f6ver.<\/p>\r\n          \r\n\r\n          \r\n\r\n          \r\n\r\n          <h2 class=\"grenB f24 cblue\" style=\"margin-top: 3rem\">  Vad \u00e4r en Where We Met Heart-karta?<\/h2>\r\n          \r\n\r\n          \r\n\r\n          <p style=\"margin-top: 1rem\">En Where We Met Heart Map \u00e4r ett personligt konstverk i form av ett hj\u00e4rta som ber\u00e4ttar om de speciella minnen som tv\u00e5 personer har delat med varandra. Den visar en karta \u00f6ver den plats d\u00e4r tv\u00e5 personers v\u00e4gar korsades, med en hj\u00e4rtsymbol som markerar den exakta platsen. Denna unika och meningsfulla g\u00e5va \u00e4r perfekt f\u00f6r br\u00f6llop, \u00e5rsdagar eller som en omt\u00e4nksam gest till n\u00e5gon speciell. Den fungerar inte bara som ett vackert konstverk utan har ocks\u00e5 ett affektionsv\u00e4rde som inte kan \u00e5terskapas med en vanlig present. Hj\u00e4rtkartan Where We Met \u00e4r ett perfekt s\u00e4tt att fira fina minnen.<\/p>\r\n          \r\n\r\n          \r\n\r\n          \r\n\r\n          \r\n\r\n          <h2 class=\"grenB f24 cblue\" style=\"margin-top: 3rem\">  En vacker p\u00e5minnelse om de speciella minnena<\/h2>\r\n          \r\n\r\n          \r\n\r\n          <p style=\"margin-top: 1rem\">Du kan skapa en Where We Met Heart Map av m\u00e5nga olika anledningar. Det \u00e4r en unik och omt\u00e4nksam g\u00e5va till <a href=\"https:\/\/positiveprints.com\/wedding-gifts\/\">br\u00f6llop<\/a>, <a href=\"https:\/\/positiveprints.com\/anniversary-gifts\/\">\u00e5rsdagar<\/a> eller speciella tillf\u00e4llen som <a href=\"https:\/\/positiveprints.com\/valentines-day-gifts\/\">Alla hj\u00e4rtans dag<\/a>. Det \u00e4r ocks\u00e5 ett bra s\u00e4tt att minnas den plats d\u00e4r tv\u00e5 personer tr\u00e4ffades f\u00f6r f\u00f6rsta g\u00e5ngen, oavsett om det var en slump eller ett planerat m\u00f6te. Kartan \u00e4r en vacker p\u00e5minnelse om de speciella minnen som tv\u00e5 personer har delat med varandra och kan ge en personlig touch till alla utrymmen d\u00e4r den visas upp. Dessutom tycker vissa m\u00e4nniskor helt enkelt om att ha personliga konstverk som \u00e5terspeglar deras egna unika erfarenheter och historia.<\/p>\r\n          \r\n\r\n          \r\n\r\n          \r\n\r\n          \r\n\r\n          <h2 class=\"grenB f24 cblue\" style=\"margin-top: 3rem\">  Personliga g\u00e5vor<\/h2>\r\n          \r\n\r\n          \r\n\r\n          <p style=\"margin-top: 1rem\">Det \u00e4r definitivt n\u00e5got speciellt med att skapa personliga presenter som Where We Met Heart Map. Den h\u00e4r typen av g\u00e5vor \u00e4r skr\u00e4ddarsydda f\u00f6r mottagaren och speglar dennes unika upplevelser och minnen. Det visar att g\u00e5vogivaren har tagit sig tid att verkligen t\u00e4nka p\u00e5 vad som skulle vara meningsfullt f\u00f6r den person som f\u00e5r g\u00e5van, snarare \u00e4n att bara k\u00f6pa en generisk present.  <a href=\"https:\/\/positiveprints.com\/product\/where-we-met-map\/\">Where We Met Map<\/a> kan ocks\u00e5 anv\u00e4ndas f\u00f6r att starta en konversation och v\u00e4cka minnen eller ber\u00e4ttelser fr\u00e5n det f\u00f6rflutna. Att skapa en personlig g\u00e5va ger ett extra lager av omtanke och sentimentalitet som inte kan \u00e5terskapas med en massproducerad g\u00e5va.<\/p>\r\n          \r\n\r\n          \r\n\r\n          \r\n\r\n          \r\n\r\n          \r\n\r\n          \r\n\r\n          <p style=\"margin-top: 3rem\">Oavsett om det \u00e4r f\u00f6r ett speciellt tillf\u00e4lle eller bara som en omt\u00e4nksam gest, denna unika karta firar den exakta platsen d\u00e4r tv\u00e5 m\u00e4nniskors v\u00e4gar korsades, och kommer att vara en best\u00e5ende p\u00e5minnelse om de k\u00e4ra minnen som delades mellan dem.  <\/p>\r\n          \r\n\r\n          \r\n\r\n          \r\n\r\n          \r\n\r\n          <p style=\"margin-top: 1rem\">Hj\u00e4rtkartan Where We Met \u00e4r det perfekta s\u00e4ttet att visa n\u00e5gon att du bryr dig och fira speciella minnen. G\u00f6r den till en of\u00f6rgl\u00f6mlig g\u00e5va redan idag!<\/p>","protected":false},"excerpt":{"rendered":"\n<ul class=\"check-list\">\n<li>Skapa en karta \u00f6ver platsen d\u00e4r ni tr\u00e4ffades f\u00f6r f\u00f6rsta g\u00e5ngen &#8211; med ett unikt personligt tryck<\/li>\n<li>V\u00e4lj en mall eller var kreativ<\/li>\n<li>Anpassa i 3 enkla steg<\/li>\n<li>Inkludera en meningsfull personlig text<\/li>\n<li>Se resultatet direkt \u2013 den interaktiva f\u00f6rhandsvisningen l\u00e5ter dig finjustera varje detalj<\/li>\n<\/ul>\n","protected":false},"featured_media":1462692,"template":"","meta":[],"product_brand":[],"product_cat":[7459,7694,8014,9119],"product_tag":[8776],"class_list":{"0":"post-646779","1":"product","2":"type-product","3":"status-publish","4":"has-post-thumbnail","6":"product_cat-alla-produkter","7":"product_cat-gavor-for-kvinnor","8":"product_cat-gavor-for-man","9":"product_cat-map-sv","10":"product_tag-where-we-met-sv","12":"first","13":"instock","14":"sale","15":"taxable","16":"shipping-taxable","17":"purchasable","18":"product-type-variable"},"yoast_head":"<!-- This site is optimized with the Yoast SEO Premium plugin v27.2 (Yoast SEO v27.2) - https:\/\/yoast.com\/product\/yoast-seo-premium-wordpress\/ -->\n<title>Where We Met Hj\u00e4rtkarta - Personlig g\u00e5va - Positive Prints<\/title>\n<meta name=\"description\" content=\"En Where We Met Heart Map \u00e4r ett personligt konstverk i form av ett hj\u00e4rta som ber\u00e4ttar om de speciella minnen som tv\u00e5 personer har delat med varandra.\" \/>\n<meta name=\"robots\" content=\"index, follow, max-snippet:-1, max-image-preview:large, max-video-preview:-1\" \/>\n<link rel=\"canonical\" href=\"https:\/\/positiveprints.com\/sv\/produkt\/where-we-met-hjartkarta\/\" \/>\n<meta property=\"og:locale\" content=\"sv_SE\" \/>\n<meta property=\"og:type\" content=\"article\" \/>\n<meta property=\"og:title\" content=\"Where We Met Hj\u00e4rtkarta\" \/>\n<meta property=\"og:description\" content=\"Skapa en karta \u00f6ver platsen d\u00e4r ni tr\u00e4ffades f\u00f6r f\u00f6rsta g\u00e5ngen - med ett unikt personligt tryck               V\u00e4lj en mall eller var kreativ               Anpassa i 3 enkla steg               Inkludera en meningsfull personlig text               Se resultatet direkt \u2013 den interaktiva f\u00f6rhandsvisningen l\u00e5ter dig finjustera varje detalj\" \/>\n<meta property=\"og:url\" content=\"https:\/\/positiveprints.com\/sv\/produkt\/where-we-met-hjartkarta\/\" \/>\n<meta property=\"og:site_name\" content=\"Positive Prints\" \/>\n<meta property=\"article:publisher\" content=\"https:\/\/www.facebook.com\/positiveprintscom\" \/>\n<meta property=\"article:modified_time\" content=\"2026-04-18T05:09:36+00:00\" \/>\n<meta property=\"og:image\" content=\"https:\/\/positiveprints.com\/wp-content\/uploads\/2023\/09\/Where-We-Met-Hjartkarta.jpg\" \/>\n\t<meta property=\"og:image:width\" content=\"1080\" \/>\n\t<meta property=\"og:image:height\" content=\"1080\" \/>\n\t<meta property=\"og:image:type\" content=\"image\/jpeg\" \/>\n<meta name=\"twitter:card\" content=\"summary_large_image\" \/>\n<meta name=\"twitter:label1\" content=\"Ber\u00e4knad l\u00e4stid\" \/>\n\t<meta name=\"twitter:data1\" content=\"2 minut\" \/>\n<!-- \/ Yoast SEO Premium plugin. -->","yoast_head_json":{"title":"Where We Met Hj\u00e4rtkarta - Personlig g\u00e5va - Positive Prints","description":"En Where We Met Heart Map \u00e4r ett personligt konstverk i form av ett hj\u00e4rta som ber\u00e4ttar om de speciella minnen som tv\u00e5 personer har delat med varandra.","robots":{"index":"index","follow":"follow","max-snippet":"max-snippet:-1","max-image-preview":"max-image-preview:large","max-video-preview":"max-video-preview:-1"},"canonical":"https:\/\/positiveprints.com\/sv\/produkt\/where-we-met-hjartkarta\/","og_locale":"sv_SE","og_type":"article","og_title":"Where We Met Hj\u00e4rtkarta","og_description":"Skapa en karta \u00f6ver platsen d\u00e4r ni tr\u00e4ffades f\u00f6r f\u00f6rsta g\u00e5ngen - med ett unikt personligt tryck               V\u00e4lj en mall eller var kreativ               Anpassa i 3 enkla steg               Inkludera en meningsfull personlig text               Se resultatet direkt \u2013 den interaktiva f\u00f6rhandsvisningen l\u00e5ter dig finjustera varje detalj","og_url":"https:\/\/positiveprints.com\/sv\/produkt\/where-we-met-hjartkarta\/","og_site_name":"Positive Prints","article_publisher":"https:\/\/www.facebook.com\/positiveprintscom","article_modified_time":"2026-04-18T05:09:36+00:00","og_image":[{"width":1080,"height":1080,"url":"https:\/\/positiveprints.com\/wp-content\/uploads\/2023\/09\/Where-We-Met-Hjartkarta.jpg","type":"image\/jpeg"}],"twitter_card":"summary_large_image","twitter_misc":{"Ber\u00e4knad l\u00e4stid":"2 minut"},"schema":{"@context":"https:\/\/schema.org","@graph":[{"@type":["WebPage","ItemPage"],"@id":"https:\/\/positiveprints.com\/sv\/produkt\/where-we-met-hjartkarta\/","url":"https:\/\/positiveprints.com\/sv\/produkt\/where-we-met-hjartkarta\/","name":"Where We Met Hj\u00e4rtkarta - Personlig g\u00e5va - Positive Prints","isPartOf":{"@id":"https:\/\/positiveprints.com\/sv\/#website"},"primaryImageOfPage":{"@id":"https:\/\/positiveprints.com\/sv\/produkt\/where-we-met-hjartkarta\/#primaryimage"},"image":{"@id":"https:\/\/positiveprints.com\/sv\/produkt\/where-we-met-hjartkarta\/#primaryimage"},"thumbnailUrl":"https:\/\/positiveprints.com\/wp-content\/uploads\/2025\/06\/Packshot_SE_Where-We-Met-Hja\u0308rtkarta.webp","datePublished":"2023-07-28T15:18:10+00:00","dateModified":"2026-04-18T05:09:36+00:00","description":"En Where We Met Heart Map \u00e4r ett personligt konstverk i form av ett hj\u00e4rta som ber\u00e4ttar om de speciella minnen som tv\u00e5 personer har delat med varandra.","breadcrumb":{"@id":"https:\/\/positiveprints.com\/sv\/produkt\/where-we-met-hjartkarta\/#breadcrumb"},"inLanguage":"sv-SE","potentialAction":[{"@type":"ReadAction","target":["https:\/\/positiveprints.com\/sv\/produkt\/where-we-met-hjartkarta\/"]}]},{"@type":"ImageObject","inLanguage":"sv-SE","@id":"https:\/\/positiveprints.com\/sv\/produkt\/where-we-met-hjartkarta\/#primaryimage","url":"https:\/\/positiveprints.com\/wp-content\/uploads\/2025\/06\/Packshot_SE_Where-We-Met-Hja\u0308rtkarta.webp","contentUrl":"https:\/\/positiveprints.com\/wp-content\/uploads\/2025\/06\/Packshot_SE_Where-We-Met-Hja\u0308rtkarta.webp","width":1450,"height":1450},{"@type":"BreadcrumbList","@id":"https:\/\/positiveprints.com\/sv\/produkt\/where-we-met-hjartkarta\/#breadcrumb","itemListElement":[{"@type":"ListItem","position":1,"name":"Home","item":"https:\/\/positiveprints.com\/sv\/"},{"@type":"ListItem","position":2,"name":"Produkter","item":"https:\/\/positiveprints.com\/sv\/shop\/"},{"@type":"ListItem","position":3,"name":"Where We Met Hj\u00e4rtkarta"}]},{"@type":"WebSite","@id":"https:\/\/positiveprints.com\/sv\/#website","url":"https:\/\/positiveprints.com\/sv\/","name":"Positive Prints","description":"Amazing Custom Personalized Gifts","publisher":{"@id":"https:\/\/positiveprints.com\/sv\/#organization"},"potentialAction":[{"@type":"SearchAction","target":{"@type":"EntryPoint","urlTemplate":"https:\/\/positiveprints.com\/sv\/?s={search_term_string}"},"query-input":{"@type":"PropertyValueSpecification","valueRequired":true,"valueName":"search_term_string"}}],"inLanguage":"sv-SE"},{"@type":"Organization","@id":"https:\/\/positiveprints.com\/sv\/#organization","name":"Positive Prints","alternateName":"Positive Prints","url":"https:\/\/positiveprints.com\/sv\/","logo":{"@type":"ImageObject","inLanguage":"sv-SE","@id":"https:\/\/positiveprints.com\/sv\/#\/schema\/logo\/image\/","url":"https:\/\/positiveprints.com\/wp-content\/uploads\/2026\/03\/245815646_1337939713319158_5671353136411139666_n.png","contentUrl":"https:\/\/positiveprints.com\/wp-content\/uploads\/2026\/03\/245815646_1337939713319158_5671353136411139666_n.png","width":800,"height":800,"caption":"Positive Prints"},"image":{"@id":"https:\/\/positiveprints.com\/sv\/#\/schema\/logo\/image\/"},"sameAs":["https:\/\/www.facebook.com\/positiveprintscom","https:\/\/www.instagram.com\/positiveprintscom\/","https:\/\/www.tiktok.com\/@positiveprintscom","https:\/\/www.pinterest.com\/positiveprintscom\/"]}]}},"jetpack_sharing_enabled":true,"_links":{"self":[{"href":"https:\/\/positiveprints.com\/sv\/wp-json\/wp\/v2\/product\/646779","targetHints":{"allow":["GET"]}}],"collection":[{"href":"https:\/\/positiveprints.com\/sv\/wp-json\/wp\/v2\/product"}],"about":[{"href":"https:\/\/positiveprints.com\/sv\/wp-json\/wp\/v2\/types\/product"}],"wp:featuredmedia":[{"embeddable":true,"href":"https:\/\/positiveprints.com\/sv\/wp-json\/wp\/v2\/media\/1462692"}],"wp:attachment":[{"href":"https:\/\/positiveprints.com\/sv\/wp-json\/wp\/v2\/media?parent=646779"}],"wp:term":[{"taxonomy":"product_brand","embeddable":true,"href":"https:\/\/positiveprints.com\/sv\/wp-json\/wp\/v2\/product_brand?post=646779"},{"taxonomy":"product_cat","embeddable":true,"href":"https:\/\/positiveprints.com\/sv\/wp-json\/wp\/v2\/product_cat?post=646779"},{"taxonomy":"product_tag","embeddable":true,"href":"https:\/\/positiveprints.com\/sv\/wp-json\/wp\/v2\/product_tag?post=646779"}],"curies":[{"name":"wp","href":"https:\/\/api.w.org\/{rel}","templated":true}]}}