{"id":646775,"date":"2021-07-31T20:22:49","date_gmt":"2023-07-28T15:14:28","guid":{"rendered":"https:\/\/positiveprints.com\/product\/var-forsta-kyss-karta\/"},"modified":"2026-04-28T15:04:25","modified_gmt":"2026-04-28T14:04:25","slug":"var-forsta-kyss-karta","status":"publish","type":"product","link":"https:\/\/positiveprints.com\/sv\/produkt\/var-forsta-kyss-karta\/","title":{"rendered":"V\u00e5r f\u00f6rsta kyss Karta"},"content":{"rendered":"<p>Din f\u00f6rsta kyss var en av vad som skulle bli m\u00e5nga. \u00c4ven om du kanske har tappat r\u00e4kningen vid det h\u00e4r laget \u00e4r det kul att se tillbaka p\u00e5 den kyss som startade allt. Fira k\u00e4rleken med en Our First Kiss-karta fr\u00e5n Positive Prints.<\/p>\n\n\n\n\n          <h2 class=\"grenB f24 cblue\" style=\"margin-top: 3rem\">Vad \u00e4r en Our First Kiss-karta?<\/h2>\n\n\n\n\n          <p style=\"margin-top: 1rem\">Ett pars f\u00f6rsta kyss \u00e4r magisk. Det \u00e4r \u00f6gonblicket d\u00e5 ni tar ert f\u00f6rh\u00e5llande till nya h\u00f6jder och k\u00e4nner den d\u00e4r speciella kopplingen till varandra, en koppling som kanske kommer att vara livet ut. En Our First Kiss-karta \u00e4r en \u00f6gonblicksbild av denna speciella tid i era liv och markerar den exakta platsen d\u00e4r ni delade er f\u00f6rsta kyss. Vi f\u00f6rvandlar kartan till ett personligt konstverk som du kan st\u00e4lla ut i ditt hem och alltid bli p\u00e5mind om det kapitlet i ert f\u00f6rh\u00e5llande.<\/p>\n\n\n\n\n          <h2 class=\"grenB f24 cblue\" style=\"margin-top: 3rem\">Presenttips f\u00f6r en karta \u00f6ver v\u00e5r f\u00f6rsta kyss<\/h2>\n\n\n\n\n          <p style=\"margin-top: 1rem\">Det \u00e4r n\u00e5got speciellt och \u00f6verraskande med att ge och f\u00e5 en <a href=\"https:\/\/positiveprints.com\/product\/custom-map-art\/\">anpassad karta<\/a> i present. Det \u00e4r n\u00e5got som din \u00e4lskade inte f\u00f6rv\u00e4ntar sig. Det \u00e4r en g\u00e5va som inte bara kan k\u00f6pas fr\u00e5n hyllan. Det kr\u00e4vs extra eftertanke och uppm\u00e4rksamhet f\u00f6r att omvandla dina id\u00e9er till en illustration.  <\/p>\n\n\n\n\n          <p style=\"margin-top: 1rem\">Om du letar efter en unik present till Alla hj\u00e4rtans dag, <a href=\"https:\/\/positiveprints.com\/anniversary-gifts\/\">\u00e5rsdagen<\/a> eller till och med din egen br\u00f6llopsdag kan du \u00f6verraska din \u00e4lskade med en karta som \u00e4r gjord just f\u00f6r dem.  <\/p>\n\n\n\n\n          <p style=\"margin-top: 1rem\">P\u00e5 Positive Prints har vi gjort det sv\u00e5ra arbetet \u00e5t dig. Designen \u00e4r i stort sett klar, men den saknar din personliga touch! Ange detaljer som platsen f\u00f6r din f\u00f6rsta kyss s\u00e5 sk\u00f6ter vi resten! L\u00e4gg till citat, s\u00e5ngtexter, ordspr\u00e5k eller andra speciella k\u00e4nslor f\u00f6r att g\u00f6ra din g\u00e5va \u00e4nnu mer unik.<\/p>\n\n\n\n\n          <h2 class=\"grenB f24 cblue\" style=\"margin-top: 3rem\">Anpassa din karta med positiva tryck<\/h2>\n\n\n\n\n          <p style=\"margin-top: 1rem\">Positive Prints ger dig flera s\u00e4tt att anpassa din Our First Kiss-karta och g\u00f6ra den helt unik. B\u00f6rja med att v\u00e4lja en av v\u00e5ra f\u00f6rinst\u00e4llda kartdesigner och f\u00e4rgscheman. Lek med de olika alternativen och se hur dina \u00e4ndringar f\u00f6rverkligas!  <\/p>\n\n\n\n\n          <p style=\"margin-top: 1rem\">Du kan l\u00e4gga till ytterligare anpassning genom att v\u00e4lja platsen f\u00f6r din f\u00f6rsta kyss med din partner. L\u00e4gg till ett unikt meddelande som ger liv \u00e5t din karta: ett speciellt datum, namnet p\u00e5 platsen, ett citat fr\u00e5n en dikt eller s\u00e5ng, eller n\u00e5got som ni alltid s\u00e4ger till varandra.<\/p>\n\n\n\n\n          <p style=\"margin-top: 1rem\">Vi trycker g\u00e4rna din karta i v\u00e5ra atelj\u00e9er och skickar den till dig, var du \u00e4n befinner dig i v\u00e4rlden. F\u00f6r snabbare tillg\u00e4nglighet kan du v\u00e4lja digital nedladdning och f\u00e5 kartan skickad till din e-post. Vi erbjuder \u00e4ven tryck p\u00e5 duk samt inramade posters, vilket ger dig \u00e4nnu fler s\u00e4tt att anpassa din g\u00e5va!<\/p>\n\n\n\n\n          <h2 class=\"grenB f24 cblue\" style=\"margin-top: 3rem\">Kom ig\u00e5ng med att \u00e5terskapa ett av dina mest v\u00e4rdefulla minnen!<\/h2>\n\n\n\n\n          <p style=\"margin-top: 1rem\">Er f\u00f6rsta kyss var ett viktigt steg i ert f\u00f6rh\u00e5llande. F\u00f6rvandla detta minne till ett minne som kommer att vara livet ut eller mer. Kom ig\u00e5ng med din Our First Kiss-karta fr\u00e5n Positive Prints idag!<\/p>","protected":false},"excerpt":{"rendered":"\n<ul class=\"check-list\">\n<li>Skapa ett speciellt minne med kartan V\u00e5r f\u00f6rsta kyss &#8211; hitta var din k\u00e4rlekshistoria b\u00f6rjade med din f\u00f6rsta kyss<\/li>\n<li>Markera en speciell plats med en utvald symbol<\/li>\n<li>Anpassa i 3 enkla steg<\/li>\n<li>Inkludera en meningsfull personlig text<\/li>\n<li>Se resultatet direkt \u2013 den interaktiva f\u00f6rhandsvisningen l\u00e5ter dig finjustera varje detalj<\/li>\n<\/ul>\n","protected":false},"featured_media":1461593,"template":"","meta":[],"product_brand":[],"product_cat":[7459,9119,8014,7694],"product_tag":[8527],"class_list":{"0":"post-646775","1":"product","2":"type-product","3":"status-publish","4":"has-post-thumbnail","6":"product_cat-alla-produkter","7":"product_cat-map-sv","8":"product_cat-gavor-for-man","9":"product_cat-gavor-for-kvinnor","10":"product_tag-couples-sv","12":"first","13":"instock","14":"sale","15":"taxable","16":"shipping-taxable","17":"purchasable","18":"product-type-variable"},"yoast_head":"<!-- This site is optimized with the Yoast SEO Premium plugin v27.2 (Yoast SEO v27.2) - https:\/\/yoast.com\/product\/yoast-seo-premium-wordpress\/ -->\n<title>V\u00e5r f\u00f6rsta kyss karta - f\u00f6rsta kyssen \u00e5rsdag present - positiva tryck<\/title>\n<meta name=\"description\" content=\"Var var du n\u00e4r du fick din f\u00f6rsta kyss? Er k\u00e4rlek har vuxit sedan dess, men ni kan se tillbaka p\u00e5 det \u00f6gonblicket med en V\u00e5r f\u00f6rsta kyss-karta.\" \/>\n<meta name=\"robots\" content=\"index, follow, max-snippet:-1, max-image-preview:large, max-video-preview:-1\" \/>\n<link rel=\"canonical\" href=\"https:\/\/positiveprints.com\/sv\/produkt\/var-forsta-kyss-karta\/\" \/>\n<meta property=\"og:locale\" content=\"sv_SE\" \/>\n<meta property=\"og:type\" content=\"article\" \/>\n<meta property=\"og:title\" content=\"V\u00e5r f\u00f6rsta kyss Karta\" \/>\n<meta property=\"og:description\" content=\"Skapa ett speciellt minne med kartan V\u00e5r f\u00f6rsta kyss - hitta var din k\u00e4rlekshistoria b\u00f6rjade med din f\u00f6rsta kyss               Markera en speciell plats med en utvald symbol               Anpassa i 3 enkla steg               Inkludera en meningsfull personlig text               Se resultatet direkt \u2013 den interaktiva f\u00f6rhandsvisningen l\u00e5ter dig finjustera varje detalj\" \/>\n<meta property=\"og:url\" content=\"https:\/\/positiveprints.com\/sv\/produkt\/var-forsta-kyss-karta\/\" \/>\n<meta property=\"og:site_name\" content=\"Positive Prints\" \/>\n<meta property=\"article:publisher\" content=\"https:\/\/www.facebook.com\/positiveprintscom\" \/>\n<meta property=\"article:modified_time\" content=\"2026-04-28T14:04:25+00:00\" \/>\n<meta property=\"og:image\" content=\"https:\/\/positiveprints.com\/wp-content\/uploads\/2023\/09\/Var-forsta-kyss-Karta.jpg\" \/>\n\t<meta property=\"og:image:width\" content=\"1080\" \/>\n\t<meta property=\"og:image:height\" content=\"1080\" \/>\n\t<meta property=\"og:image:type\" content=\"image\/jpeg\" \/>\n<meta name=\"twitter:card\" content=\"summary_large_image\" \/>\n<!-- \/ Yoast SEO Premium plugin. -->","yoast_head_json":{"title":"V\u00e5r f\u00f6rsta kyss karta - f\u00f6rsta kyssen \u00e5rsdag present - positiva tryck","description":"Var var du n\u00e4r du fick din f\u00f6rsta kyss? Er k\u00e4rlek har vuxit sedan dess, men ni kan se tillbaka p\u00e5 det \u00f6gonblicket med en V\u00e5r f\u00f6rsta kyss-karta.","robots":{"index":"index","follow":"follow","max-snippet":"max-snippet:-1","max-image-preview":"max-image-preview:large","max-video-preview":"max-video-preview:-1"},"canonical":"https:\/\/positiveprints.com\/sv\/produkt\/var-forsta-kyss-karta\/","og_locale":"sv_SE","og_type":"article","og_title":"V\u00e5r f\u00f6rsta kyss Karta","og_description":"Skapa ett speciellt minne med kartan V\u00e5r f\u00f6rsta kyss - hitta var din k\u00e4rlekshistoria b\u00f6rjade med din f\u00f6rsta kyss               Markera en speciell plats med en utvald symbol               Anpassa i 3 enkla steg               Inkludera en meningsfull personlig text               Se resultatet direkt \u2013 den interaktiva f\u00f6rhandsvisningen l\u00e5ter dig finjustera varje detalj","og_url":"https:\/\/positiveprints.com\/sv\/produkt\/var-forsta-kyss-karta\/","og_site_name":"Positive Prints","article_publisher":"https:\/\/www.facebook.com\/positiveprintscom","article_modified_time":"2026-04-28T14:04:25+00:00","og_image":[{"width":1080,"height":1080,"url":"https:\/\/positiveprints.com\/wp-content\/uploads\/2023\/09\/Var-forsta-kyss-Karta.jpg","type":"image\/jpeg"}],"twitter_card":"summary_large_image","schema":{"@context":"https:\/\/schema.org","@graph":[{"@type":["WebPage","ItemPage"],"@id":"https:\/\/positiveprints.com\/sv\/produkt\/var-forsta-kyss-karta\/","url":"https:\/\/positiveprints.com\/sv\/produkt\/var-forsta-kyss-karta\/","name":"V\u00e5r f\u00f6rsta kyss karta - f\u00f6rsta kyssen \u00e5rsdag present - positiva tryck","isPartOf":{"@id":"https:\/\/positiveprints.com\/sv\/#website"},"primaryImageOfPage":{"@id":"https:\/\/positiveprints.com\/sv\/produkt\/var-forsta-kyss-karta\/#primaryimage"},"image":{"@id":"https:\/\/positiveprints.com\/sv\/produkt\/var-forsta-kyss-karta\/#primaryimage"},"thumbnailUrl":"https:\/\/positiveprints.com\/wp-content\/uploads\/2025\/06\/Packshot_SE_Va\u030ar-fo\u0308rsta-kyss-Karta.webp","datePublished":"2023-07-28T15:14:28+00:00","dateModified":"2026-04-28T14:04:25+00:00","description":"Var var du n\u00e4r du fick din f\u00f6rsta kyss? Er k\u00e4rlek har vuxit sedan dess, men ni kan se tillbaka p\u00e5 det \u00f6gonblicket med en V\u00e5r f\u00f6rsta kyss-karta.","breadcrumb":{"@id":"https:\/\/positiveprints.com\/sv\/produkt\/var-forsta-kyss-karta\/#breadcrumb"},"inLanguage":"sv-SE","potentialAction":[{"@type":"ReadAction","target":["https:\/\/positiveprints.com\/sv\/produkt\/var-forsta-kyss-karta\/"]}]},{"@type":"ImageObject","inLanguage":"sv-SE","@id":"https:\/\/positiveprints.com\/sv\/produkt\/var-forsta-kyss-karta\/#primaryimage","url":"https:\/\/positiveprints.com\/wp-content\/uploads\/2025\/06\/Packshot_SE_Va\u030ar-fo\u0308rsta-kyss-Karta.webp","contentUrl":"https:\/\/positiveprints.com\/wp-content\/uploads\/2025\/06\/Packshot_SE_Va\u030ar-fo\u0308rsta-kyss-Karta.webp","width":1450,"height":1450},{"@type":"BreadcrumbList","@id":"https:\/\/positiveprints.com\/sv\/produkt\/var-forsta-kyss-karta\/#breadcrumb","itemListElement":[{"@type":"ListItem","position":1,"name":"Home","item":"https:\/\/positiveprints.com\/sv\/"},{"@type":"ListItem","position":2,"name":"Produkter","item":"https:\/\/positiveprints.com\/sv\/shop\/"},{"@type":"ListItem","position":3,"name":"V\u00e5r f\u00f6rsta kyss Karta"}]},{"@type":"WebSite","@id":"https:\/\/positiveprints.com\/sv\/#website","url":"https:\/\/positiveprints.com\/sv\/","name":"Positive Prints","description":"Amazing Custom Personalized Gifts","publisher":{"@id":"https:\/\/positiveprints.com\/sv\/#organization"},"potentialAction":[{"@type":"SearchAction","target":{"@type":"EntryPoint","urlTemplate":"https:\/\/positiveprints.com\/sv\/?s={search_term_string}"},"query-input":{"@type":"PropertyValueSpecification","valueRequired":true,"valueName":"search_term_string"}}],"inLanguage":"sv-SE"},{"@type":"Organization","@id":"https:\/\/positiveprints.com\/sv\/#organization","name":"Positive Prints","alternateName":"Positive Prints","url":"https:\/\/positiveprints.com\/sv\/","logo":{"@type":"ImageObject","inLanguage":"sv-SE","@id":"https:\/\/positiveprints.com\/sv\/#\/schema\/logo\/image\/","url":"https:\/\/positiveprints.com\/wp-content\/uploads\/2026\/03\/245815646_1337939713319158_5671353136411139666_n.png","contentUrl":"https:\/\/positiveprints.com\/wp-content\/uploads\/2026\/03\/245815646_1337939713319158_5671353136411139666_n.png","width":800,"height":800,"caption":"Positive Prints"},"image":{"@id":"https:\/\/positiveprints.com\/sv\/#\/schema\/logo\/image\/"},"sameAs":["https:\/\/www.facebook.com\/positiveprintscom","https:\/\/www.instagram.com\/positiveprintscom\/","https:\/\/www.tiktok.com\/@positiveprintscom","https:\/\/www.pinterest.com\/positiveprintscom\/"]}]}},"jetpack_sharing_enabled":true,"_links":{"self":[{"href":"https:\/\/positiveprints.com\/sv\/wp-json\/wp\/v2\/product\/646775","targetHints":{"allow":["GET"]}}],"collection":[{"href":"https:\/\/positiveprints.com\/sv\/wp-json\/wp\/v2\/product"}],"about":[{"href":"https:\/\/positiveprints.com\/sv\/wp-json\/wp\/v2\/types\/product"}],"wp:featuredmedia":[{"embeddable":true,"href":"https:\/\/positiveprints.com\/sv\/wp-json\/wp\/v2\/media\/1461593"}],"wp:attachment":[{"href":"https:\/\/positiveprints.com\/sv\/wp-json\/wp\/v2\/media?parent=646775"}],"wp:term":[{"taxonomy":"product_brand","embeddable":true,"href":"https:\/\/positiveprints.com\/sv\/wp-json\/wp\/v2\/product_brand?post=646775"},{"taxonomy":"product_cat","embeddable":true,"href":"https:\/\/positiveprints.com\/sv\/wp-json\/wp\/v2\/product_cat?post=646775"},{"taxonomy":"product_tag","embeddable":true,"href":"https:\/\/positiveprints.com\/sv\/wp-json\/wp\/v2\/product_tag?post=646775"}],"curies":[{"name":"wp","href":"https:\/\/api.w.org\/{rel}","templated":true}]}}