{"id":625310,"date":"2023-06-22T16:44:26","date_gmt":"2023-06-22T15:44:26","guid":{"rendered":"https:\/\/positiveprints.com\/product\/stenbockens-stjarntecken-konst\/"},"modified":"2026-04-12T22:04:39","modified_gmt":"2026-04-12T21:04:39","slug":"stenbock-zodiak-konst","status":"publish","type":"product","link":"https:\/\/positiveprints.com\/sv\/produkt\/stenbock-zodiak-konst\/","title":{"rendered":"Stenbockens stj\u00e4rntecken Konst"},"content":{"rendered":"<h2 class=\"grenB f24 cblue\" style=\"margin-top: 3rem\">Stenbockens stj\u00e4rntecken konst som g\u00e5va<\/h2>\r\n\r\n<p style=\"margin-top: 1rem\">\u00c4r du p\u00e5 jakt efter en speciell g\u00e5va som kommer att f\u00e5 n\u00e5gon att le? Titta inte l\u00e4ngre \u00e4n till den f\u00e4ngslande Capricorn Zodiac Art! Det \u00e4r den perfekta presenten till n\u00e5gon som \u00e4lskar stj\u00e4rntecken och astrologi. Oavsett om det \u00e4r en f\u00f6delsedag, en semester eller bara en omt\u00e4nksam gest, kommer Capricorn Zodiac Art att g\u00f6ra deras dag riktigt speciell.<\/p>\r\n<p style=\"margin-top: 1rem\">Stenbocken \u00e4r ett stj\u00e4rntecken som representerar dem som \u00e4r f\u00f6dda mellan den 22 december och den 19 januari. M\u00e4nniskor f\u00f6dda under detta tecken har sina egna unika personlighetsdrag. Stenbockar \u00e4r k\u00e4nda f\u00f6r sin ambition och beslutsamhet. De har en stark arbetsmoral och str\u00e4var alltid efter framg\u00e5ng. Stenbockar \u00e4r ansvarsfulla och p\u00e5litliga. De \u00e4r praktiska och har en naturlig f\u00f6rm\u00e5ga att planera. Capricorn Zodiac Art \u00e4r den perfekta g\u00e5van f\u00f6r dem.<\/p>\r\n\r\n<h2 class=\"grenB f24 cblue\" style=\"margin-top: 3rem\">G\u00f6r din stenbockskonst personlig<\/h2>\r\n\r\n<p style=\"margin-top: 1rem\">Att skapa din personliga Capricorn Zodiac Art \u00e4r enkelt och roligt! Med en online-redigerare som \u00e4r l\u00e4tt att anv\u00e4nda kan du anpassa ditt konstverk i bara n\u00e5gra enkla steg. V\u00e4lj mellan olika stilar och layouter som f\u00e5ngar ditt \u00f6ga. V\u00e4lj en f\u00e4ngslande bild som f\u00f6rest\u00e4ller Stenbockens stj\u00e4rntecken eller en stj\u00e4rnkonstellation. Var kreativ genom att leka med f\u00e4rger eller v\u00e4lj fr\u00e5n f\u00f6rdesignade f\u00e4rgscheman. L\u00e4gg till personlig text f\u00f6r att g\u00f6ra det \u00e4nnu mer speciellt, eller inkludera intressanta fakta om Stenbocken, s\u00e5som information om f\u00f6delsesten eller den styrande planeten.<\/p>\r\n\r\n<p style=\"margin-top: 1rem\">N\u00e4r det \u00e4r dags att best\u00e4lla har du flera alternativ. V\u00e4lj en tryckt eller inramad poster, en h\u00f6gkvalitativ canvasduk eller till och med en direkt digital nedladdning. Valet \u00e4r helt och h\u00e5llet ditt!<\/p>\r\n\r\n<h2 class=\"grenB f24 cblue\" style=\"margin-top: 3rem\">G\u00f6r ett best\u00e5ende intryck med en personlig present<\/h2>\r\n\r\n<p style=\"margin-top: 1rem\">Stenbockens stj\u00e4rntecken Konst \u00e4r unik och omt\u00e4nksam och visar att du bryr dig. Det \u00e4r inte n\u00e5got man hittar i vanliga butiker, vilket g\u00f6r det \u00e4nnu mer speciellt. Den personliga touchen och kopplingen till deras stj\u00e4rntecken kommer att g\u00f6ra mottagaren glad. Om de uppskattar ambition, tillf\u00f6rlitlighet och planering, kommer Stenbockens stj\u00e4rnkonst verkligen att resonera med dem. Det \u00e4r en g\u00e5va som kommer att uppskattas och visas upp med stolthet. S\u00e5 varf\u00f6r v\u00e4nta? B\u00f6rja skapa din personliga Capricorn Zodiac Art idag och ge en touch av magi till n\u00e5gons v\u00e4rld!<\/p>","protected":false},"excerpt":{"rendered":"<ul class=\"check-list\">\n<li>Visa din stenbockstolthet med denna fantastiska poster med ditt stj\u00e4rnteckens symbol, element och egenskaper<\/li>\n<li>Uppt\u00e4ck de egenskaper som g\u00f6r ditt stj\u00e4rntecken speciellt<\/li>\n<li>V\u00e4lj en mall eller var kreativ<\/li>\n<li>Inkludera en meningsfull personlig text<\/li>\n<li>Se resultatet direkt \u2013 den interaktiva f\u00f6rhandsvisningen l\u00e5ter dig finjustera varje detalj<\/li>\n<\/ul>\n","protected":false},"featured_media":653225,"template":"","meta":[],"product_brand":[],"product_cat":[9016,7459],"product_tag":[9034],"class_list":{"0":"post-625310","1":"product","2":"type-product","3":"status-publish","4":"has-post-thumbnail","6":"product_cat-zodiac-sv","7":"product_cat-alla-produkter","8":"product_tag-zodiak","10":"first","11":"instock","12":"sale","13":"taxable","14":"shipping-taxable","15":"purchasable","16":"product-type-variable"},"yoast_head":"<!-- This site is optimized with the Yoast SEO Premium plugin v27.2 (Yoast SEO v27.2) - https:\/\/yoast.com\/product\/yoast-seo-premium-wordpress\/ -->\n<title>Stenbockens stj\u00e4rntecken Konst - Positiva tryck<\/title>\n<meta name=\"description\" content=\"Uppt\u00e4ck sk\u00f6nheten i Capricorn Zodiac Art - en unik g\u00e5va till alla som \u00e4lskar Stenbocken. Fira deras ambitioner och skapa gl\u00e4dje med detta speciella konstverk.\" \/>\n<meta name=\"robots\" content=\"index, follow, max-snippet:-1, max-image-preview:large, max-video-preview:-1\" \/>\n<link rel=\"canonical\" href=\"https:\/\/positiveprints.com\/sv\/produkt\/stenbock-zodiak-konst\/\" \/>\n<meta property=\"og:locale\" content=\"sv_SE\" \/>\n<meta property=\"og:type\" content=\"article\" \/>\n<meta property=\"og:title\" content=\"Stenbockens stj\u00e4rntecken Konst\" \/>\n<meta property=\"og:description\" content=\"Visa din stenbockstolthet med denna fantastiska poster med ditt stj\u00e4rnteckens symbol, element och egenskaper Uppt\u00e4ck de egenskaper som g\u00f6r ditt stj\u00e4rntecken speciellt V\u00e4lj en mall eller var kreativ Inkludera en meningsfull personlig text Se resultatet direkt \u2013 den interaktiva f\u00f6rhandsvisningen l\u00e5ter dig finjustera varje detalj\" \/>\n<meta property=\"og:url\" content=\"https:\/\/positiveprints.com\/sv\/produkt\/stenbock-zodiak-konst\/\" \/>\n<meta property=\"og:site_name\" content=\"Positive Prints\" \/>\n<meta property=\"article:publisher\" content=\"https:\/\/www.facebook.com\/positiveprintscom\" \/>\n<meta property=\"article:modified_time\" content=\"2026-04-12T21:04:39+00:00\" \/>\n<meta property=\"og:image\" content=\"https:\/\/positiveprints.com\/wp-content\/uploads\/2023\/08\/Capricorn-Zodiac-Art.jpg\" \/>\n\t<meta property=\"og:image:width\" content=\"1080\" \/>\n\t<meta property=\"og:image:height\" content=\"1080\" \/>\n\t<meta property=\"og:image:type\" content=\"image\/jpeg\" \/>\n<meta name=\"twitter:card\" content=\"summary_large_image\" \/>\n<meta name=\"twitter:label1\" content=\"Ber\u00e4knad l\u00e4stid\" \/>\n\t<meta name=\"twitter:data1\" content=\"2 minut\" \/>\n<!-- \/ Yoast SEO Premium plugin. -->","yoast_head_json":{"title":"Stenbockens stj\u00e4rntecken Konst - Positiva tryck","description":"Uppt\u00e4ck sk\u00f6nheten i Capricorn Zodiac Art - en unik g\u00e5va till alla som \u00e4lskar Stenbocken. Fira deras ambitioner och skapa gl\u00e4dje med detta speciella konstverk.","robots":{"index":"index","follow":"follow","max-snippet":"max-snippet:-1","max-image-preview":"max-image-preview:large","max-video-preview":"max-video-preview:-1"},"canonical":"https:\/\/positiveprints.com\/sv\/produkt\/stenbock-zodiak-konst\/","og_locale":"sv_SE","og_type":"article","og_title":"Stenbockens stj\u00e4rntecken Konst","og_description":"Visa din stenbockstolthet med denna fantastiska poster med ditt stj\u00e4rnteckens symbol, element och egenskaper Uppt\u00e4ck de egenskaper som g\u00f6r ditt stj\u00e4rntecken speciellt V\u00e4lj en mall eller var kreativ Inkludera en meningsfull personlig text Se resultatet direkt \u2013 den interaktiva f\u00f6rhandsvisningen l\u00e5ter dig finjustera varje detalj","og_url":"https:\/\/positiveprints.com\/sv\/produkt\/stenbock-zodiak-konst\/","og_site_name":"Positive Prints","article_publisher":"https:\/\/www.facebook.com\/positiveprintscom","article_modified_time":"2026-04-12T21:04:39+00:00","og_image":[{"width":1080,"height":1080,"url":"https:\/\/positiveprints.com\/wp-content\/uploads\/2023\/08\/Capricorn-Zodiac-Art.jpg","type":"image\/jpeg"}],"twitter_card":"summary_large_image","twitter_misc":{"Ber\u00e4knad l\u00e4stid":"2 minut"},"schema":{"@context":"https:\/\/schema.org","@graph":[{"@type":["WebPage","ItemPage"],"@id":"https:\/\/positiveprints.com\/sv\/produkt\/stenbock-zodiak-konst\/","url":"https:\/\/positiveprints.com\/sv\/produkt\/stenbock-zodiak-konst\/","name":"Stenbockens stj\u00e4rntecken Konst - Positiva tryck","isPartOf":{"@id":"https:\/\/positiveprints.com\/sv\/#website"},"primaryImageOfPage":{"@id":"https:\/\/positiveprints.com\/sv\/produkt\/stenbock-zodiak-konst\/#primaryimage"},"image":{"@id":"https:\/\/positiveprints.com\/sv\/produkt\/stenbock-zodiak-konst\/#primaryimage"},"thumbnailUrl":"https:\/\/positiveprints.com\/wp-content\/uploads\/2023\/08\/Capricorn-Zodiac-Art.jpg","datePublished":"2023-06-22T15:44:26+00:00","dateModified":"2026-04-12T21:04:39+00:00","description":"Uppt\u00e4ck sk\u00f6nheten i Capricorn Zodiac Art - en unik g\u00e5va till alla som \u00e4lskar Stenbocken. Fira deras ambitioner och skapa gl\u00e4dje med detta speciella konstverk.","breadcrumb":{"@id":"https:\/\/positiveprints.com\/sv\/produkt\/stenbock-zodiak-konst\/#breadcrumb"},"inLanguage":"sv-SE","potentialAction":[{"@type":"ReadAction","target":["https:\/\/positiveprints.com\/sv\/produkt\/stenbock-zodiak-konst\/"]}]},{"@type":"ImageObject","inLanguage":"sv-SE","@id":"https:\/\/positiveprints.com\/sv\/produkt\/stenbock-zodiak-konst\/#primaryimage","url":"https:\/\/positiveprints.com\/wp-content\/uploads\/2023\/08\/Capricorn-Zodiac-Art.jpg","contentUrl":"https:\/\/positiveprints.com\/wp-content\/uploads\/2023\/08\/Capricorn-Zodiac-Art.jpg","width":1080,"height":1080,"caption":"Capricorn Zodiac Art"},{"@type":"BreadcrumbList","@id":"https:\/\/positiveprints.com\/sv\/produkt\/stenbock-zodiak-konst\/#breadcrumb","itemListElement":[{"@type":"ListItem","position":1,"name":"Home","item":"https:\/\/positiveprints.com\/sv\/"},{"@type":"ListItem","position":2,"name":"Produkter","item":"https:\/\/positiveprints.com\/sv\/shop\/"},{"@type":"ListItem","position":3,"name":"Stenbockens stj\u00e4rntecken Konst"}]},{"@type":"WebSite","@id":"https:\/\/positiveprints.com\/sv\/#website","url":"https:\/\/positiveprints.com\/sv\/","name":"Positive Prints","description":"Amazing Custom Personalized Gifts","publisher":{"@id":"https:\/\/positiveprints.com\/sv\/#organization"},"potentialAction":[{"@type":"SearchAction","target":{"@type":"EntryPoint","urlTemplate":"https:\/\/positiveprints.com\/sv\/?s={search_term_string}"},"query-input":{"@type":"PropertyValueSpecification","valueRequired":true,"valueName":"search_term_string"}}],"inLanguage":"sv-SE"},{"@type":"Organization","@id":"https:\/\/positiveprints.com\/sv\/#organization","name":"Positive Prints","alternateName":"Positive Prints","url":"https:\/\/positiveprints.com\/sv\/","logo":{"@type":"ImageObject","inLanguage":"sv-SE","@id":"https:\/\/positiveprints.com\/sv\/#\/schema\/logo\/image\/","url":"https:\/\/positiveprints.com\/wp-content\/uploads\/2026\/03\/245815646_1337939713319158_5671353136411139666_n.png","contentUrl":"https:\/\/positiveprints.com\/wp-content\/uploads\/2026\/03\/245815646_1337939713319158_5671353136411139666_n.png","width":800,"height":800,"caption":"Positive Prints"},"image":{"@id":"https:\/\/positiveprints.com\/sv\/#\/schema\/logo\/image\/"},"sameAs":["https:\/\/www.facebook.com\/positiveprintscom","https:\/\/www.instagram.com\/positiveprintscom\/","https:\/\/www.tiktok.com\/@positiveprintscom","https:\/\/www.pinterest.com\/positiveprintscom\/"]}]}},"jetpack_sharing_enabled":true,"_links":{"self":[{"href":"https:\/\/positiveprints.com\/sv\/wp-json\/wp\/v2\/product\/625310","targetHints":{"allow":["GET"]}}],"collection":[{"href":"https:\/\/positiveprints.com\/sv\/wp-json\/wp\/v2\/product"}],"about":[{"href":"https:\/\/positiveprints.com\/sv\/wp-json\/wp\/v2\/types\/product"}],"wp:featuredmedia":[{"embeddable":true,"href":"https:\/\/positiveprints.com\/sv\/wp-json\/wp\/v2\/media\/653225"}],"wp:attachment":[{"href":"https:\/\/positiveprints.com\/sv\/wp-json\/wp\/v2\/media?parent=625310"}],"wp:term":[{"taxonomy":"product_brand","embeddable":true,"href":"https:\/\/positiveprints.com\/sv\/wp-json\/wp\/v2\/product_brand?post=625310"},{"taxonomy":"product_cat","embeddable":true,"href":"https:\/\/positiveprints.com\/sv\/wp-json\/wp\/v2\/product_cat?post=625310"},{"taxonomy":"product_tag","embeddable":true,"href":"https:\/\/positiveprints.com\/sv\/wp-json\/wp\/v2\/product_tag?post=625310"}],"curies":[{"name":"wp","href":"https:\/\/api.w.org\/{rel}","templated":true}]}}