{"id":625280,"date":"2023-06-22T16:35:28","date_gmt":"2023-06-22T15:35:28","guid":{"rendered":"https:\/\/positiveprints.com\/product\/leo-zodiac-konst\/"},"modified":"2026-04-12T22:04:42","modified_gmt":"2026-04-12T21:04:42","slug":"leo-zodiac-konst","status":"publish","type":"product","link":"https:\/\/positiveprints.com\/sv\/produkt\/leo-zodiac-konst\/","title":{"rendered":"Leo Zodiac Konst"},"content":{"rendered":"<h2 class=\"grenB f24 cblue\" style=\"margin-top: 3rem\">Leo Zodiac konst som g\u00e5va<\/h2>\r\n\r\n<p style=\"margin-top: 1rem\">Letar du efter en speciell g\u00e5va som kommer att g\u00f6ra n\u00e5gons dag of\u00f6rgl\u00f6mlig? Titta inte l\u00e4ngre \u00e4n till den fantastiska Leo Zodiac Art! Det \u00e4r den perfekta presenten till n\u00e5gon som \u00e4lskar stj\u00e4rntecken och astrologi. Oavsett om det \u00e4r en f\u00f6delsedag, en semester eller bara ett s\u00e4tt att visa att du bryr dig, kommer Leo Zodiac Art att f\u00e5 ett leende p\u00e5 deras ansikte.<\/p>\r\n<p style=\"margin-top: 1rem\">Lejonet \u00e4r ett stj\u00e4rntecken som representerar de som \u00e4r f\u00f6dda mellan 23 juli och 22 augusti. M\u00e4nniskor f\u00f6dda under detta tecken har sina egna unika personlighetsdrag. Lejon \u00e4r k\u00e4nda f\u00f6r sin sj\u00e4lvs\u00e4kerhet och sitt ledarskap. De \u00e4r naturbeg\u00e5vade ledare som \u00e4r fulla av energi och entusiasm. Lejonpersoner \u00e4r kreativa och har en k\u00e4nsla f\u00f6r det dramatiska. De \u00e4lskar att st\u00e5 i rampljuset och tycker om att uttrycka sig. Leo Zodiac Art \u00e4r den perfekta presenten f\u00f6r dem.<\/p>\r\n\r\n<h2 class=\"grenB f24 cblue\" style=\"margin-top: 3rem\">G\u00f6r din Leo Zodiac-konst personlig<\/h2>\r\n\r\n<p style=\"margin-top: 1rem\">Att skapa din personliga Leo Zodiac Art \u00e4r enkelt och roligt! Med en anv\u00e4ndarv\u00e4nlig online-redigerare kan du anpassa ditt konstverk med bara n\u00e5gra enkla steg. V\u00e4lj mellan olika stilar och layouter som f\u00e5ngar ditt \u00f6ga. V\u00e4lj en f\u00e4ngslande bild som f\u00f6rest\u00e4ller Lejonets stj\u00e4rntecken eller en stj\u00e4rnkonstellation. Var kreativ genom att experimentera med f\u00e4rger eller v\u00e4lj fr\u00e5n f\u00e4rdiga f\u00e4rgscheman. L\u00e4gg till personlig text f\u00f6r att g\u00f6ra det \u00e4nnu mer speciellt, eller inkludera intressanta fakta om Leo, s\u00e5som information om f\u00f6delsesten eller den styrande planeten.<\/p>\r\n\r\n<p style=\"margin-top: 1rem\">N\u00e4r det \u00e4r dags att best\u00e4lla har du flera alternativ. V\u00e4lj en tryckt eller inramad poster, en h\u00f6gkvalitativ canvasduk eller till och med en direkt digital nedladdning. Valet \u00e4r ditt!<\/p>\r\n\r\n<h2 class=\"grenB f24 cblue\" style=\"margin-top: 3rem\">G\u00f6r ett best\u00e5ende intryck med en personlig present<\/h2>\r\n\r\n<p style=\"margin-top: 1rem\">Leo Zodiac Art \u00e4r en unik och omt\u00e4nksam g\u00e5va som visar dina n\u00e4ra och k\u00e4ra hur mycket du bryr dig. Det \u00e4r inte n\u00e5got man hittar i vanliga butiker, vilket g\u00f6r det \u00e4nnu mer speciellt. Den personliga touchen och kopplingen till deras stj\u00e4rntecken kommer att g\u00f6ra mottagaren glad. Om de \u00e4lskar att st\u00e5 i rampljuset, \u00e4r fulla av energi och har en kreativ sida kommer Lejonets Zodiac Art verkligen att resonera med dem. Det \u00e4r en g\u00e5va som kommer att uppskattas och visas upp med stolthet. S\u00e5 varf\u00f6r v\u00e4nta? B\u00f6rja skapa din personliga Leo Zodiac Art idag och f\u00e5 n\u00e5gons v\u00e4rld att skina lite ljusare!<\/p>","protected":false},"excerpt":{"rendered":"<ul class=\"check-list\">\n<li>Hylla Lejonets eldiga sj\u00e4l med denna unika poster med stj\u00e4rntecken, en perfekt present till dig eller dina n\u00e4ra och k\u00e4ra<\/li>\n<li>Uppt\u00e4ck de egenskaper som g\u00f6r ditt stj\u00e4rntecken speciellt<\/li>\n<li>V\u00e4lj en mall eller var kreativ<\/li>\n<li>Inkludera en meningsfull personlig text<\/li>\n<li>Se resultatet direkt \u2013 den interaktiva f\u00f6rhandsvisningen l\u00e5ter dig finjustera varje detalj<\/li>\n<\/ul>\n","protected":false},"featured_media":652772,"template":"","meta":[],"product_brand":[],"product_cat":[7459,9016],"product_tag":[9034],"class_list":{"0":"post-625280","1":"product","2":"type-product","3":"status-publish","4":"has-post-thumbnail","6":"product_cat-alla-produkter","7":"product_cat-zodiac-sv","8":"product_tag-zodiak","10":"first","11":"instock","12":"sale","13":"taxable","14":"shipping-taxable","15":"purchasable","16":"product-type-variable"},"yoast_head":"<!-- This site is optimized with the Yoast SEO Premium plugin v27.2 (Yoast SEO v27.2) - https:\/\/yoast.com\/product\/yoast-seo-premium-wordpress\/ -->\n<title>Leo Zodiac Konst - Positiva tryck<\/title>\n<meta name=\"description\" content=\"Sl\u00e4pp loss kraften i Leo Zodiac Art - en anm\u00e4rkningsv\u00e4rd g\u00e5va till Leoentusiaster. Ge dem sj\u00e4lvf\u00f6rtroende och gl\u00e4dje med detta unika och inspirerande konstverk.\" \/>\n<meta name=\"robots\" content=\"index, follow, max-snippet:-1, max-image-preview:large, max-video-preview:-1\" \/>\n<link rel=\"canonical\" href=\"https:\/\/positiveprints.com\/sv\/produkt\/leo-zodiac-konst\/\" \/>\n<meta property=\"og:locale\" content=\"sv_SE\" \/>\n<meta property=\"og:type\" content=\"article\" \/>\n<meta property=\"og:title\" content=\"Leo Zodiac Konst\" \/>\n<meta property=\"og:description\" content=\"Hylla Lejonets eldiga sj\u00e4l med denna unika poster med stj\u00e4rntecken, en perfekt present till dig eller dina n\u00e4ra och k\u00e4ra Uppt\u00e4ck de egenskaper som g\u00f6r ditt stj\u00e4rntecken speciellt V\u00e4lj en mall eller var kreativ Inkludera en meningsfull personlig text Se resultatet direkt \u2013 den interaktiva f\u00f6rhandsvisningen l\u00e5ter dig finjustera varje detalj\" \/>\n<meta property=\"og:url\" content=\"https:\/\/positiveprints.com\/sv\/produkt\/leo-zodiac-konst\/\" \/>\n<meta property=\"og:site_name\" content=\"Positive Prints\" \/>\n<meta property=\"article:publisher\" content=\"https:\/\/www.facebook.com\/positiveprintscom\" \/>\n<meta property=\"article:modified_time\" content=\"2026-04-12T21:04:42+00:00\" \/>\n<meta property=\"og:image\" content=\"https:\/\/positiveprints.com\/wp-content\/uploads\/2023\/08\/Leo-Zodiac-Art.jpg\" \/>\n\t<meta property=\"og:image:width\" content=\"1080\" \/>\n\t<meta property=\"og:image:height\" content=\"1080\" \/>\n\t<meta property=\"og:image:type\" content=\"image\/jpeg\" \/>\n<meta name=\"twitter:card\" content=\"summary_large_image\" \/>\n<meta name=\"twitter:label1\" content=\"Ber\u00e4knad l\u00e4stid\" \/>\n\t<meta name=\"twitter:data1\" content=\"2 minut\" \/>\n<!-- \/ Yoast SEO Premium plugin. -->","yoast_head_json":{"title":"Leo Zodiac Konst - Positiva tryck","description":"Sl\u00e4pp loss kraften i Leo Zodiac Art - en anm\u00e4rkningsv\u00e4rd g\u00e5va till Leoentusiaster. Ge dem sj\u00e4lvf\u00f6rtroende och gl\u00e4dje med detta unika och inspirerande konstverk.","robots":{"index":"index","follow":"follow","max-snippet":"max-snippet:-1","max-image-preview":"max-image-preview:large","max-video-preview":"max-video-preview:-1"},"canonical":"https:\/\/positiveprints.com\/sv\/produkt\/leo-zodiac-konst\/","og_locale":"sv_SE","og_type":"article","og_title":"Leo Zodiac Konst","og_description":"Hylla Lejonets eldiga sj\u00e4l med denna unika poster med stj\u00e4rntecken, en perfekt present till dig eller dina n\u00e4ra och k\u00e4ra Uppt\u00e4ck de egenskaper som g\u00f6r ditt stj\u00e4rntecken speciellt V\u00e4lj en mall eller var kreativ Inkludera en meningsfull personlig text Se resultatet direkt \u2013 den interaktiva f\u00f6rhandsvisningen l\u00e5ter dig finjustera varje detalj","og_url":"https:\/\/positiveprints.com\/sv\/produkt\/leo-zodiac-konst\/","og_site_name":"Positive Prints","article_publisher":"https:\/\/www.facebook.com\/positiveprintscom","article_modified_time":"2026-04-12T21:04:42+00:00","og_image":[{"width":1080,"height":1080,"url":"https:\/\/positiveprints.com\/wp-content\/uploads\/2023\/08\/Leo-Zodiac-Art.jpg","type":"image\/jpeg"}],"twitter_card":"summary_large_image","twitter_misc":{"Ber\u00e4knad l\u00e4stid":"2 minut"},"schema":{"@context":"https:\/\/schema.org","@graph":[{"@type":["WebPage","ItemPage"],"@id":"https:\/\/positiveprints.com\/sv\/produkt\/leo-zodiac-konst\/","url":"https:\/\/positiveprints.com\/sv\/produkt\/leo-zodiac-konst\/","name":"Leo Zodiac Konst - Positiva tryck","isPartOf":{"@id":"https:\/\/positiveprints.com\/sv\/#website"},"primaryImageOfPage":{"@id":"https:\/\/positiveprints.com\/sv\/produkt\/leo-zodiac-konst\/#primaryimage"},"image":{"@id":"https:\/\/positiveprints.com\/sv\/produkt\/leo-zodiac-konst\/#primaryimage"},"thumbnailUrl":"https:\/\/positiveprints.com\/wp-content\/uploads\/2023\/08\/Leo-Zodiac-Art.jpg","datePublished":"2023-06-22T15:35:28+00:00","dateModified":"2026-04-12T21:04:42+00:00","description":"Sl\u00e4pp loss kraften i Leo Zodiac Art - en anm\u00e4rkningsv\u00e4rd g\u00e5va till Leoentusiaster. Ge dem sj\u00e4lvf\u00f6rtroende och gl\u00e4dje med detta unika och inspirerande konstverk.","breadcrumb":{"@id":"https:\/\/positiveprints.com\/sv\/produkt\/leo-zodiac-konst\/#breadcrumb"},"inLanguage":"sv-SE","potentialAction":[{"@type":"ReadAction","target":["https:\/\/positiveprints.com\/sv\/produkt\/leo-zodiac-konst\/"]}]},{"@type":"ImageObject","inLanguage":"sv-SE","@id":"https:\/\/positiveprints.com\/sv\/produkt\/leo-zodiac-konst\/#primaryimage","url":"https:\/\/positiveprints.com\/wp-content\/uploads\/2023\/08\/Leo-Zodiac-Art.jpg","contentUrl":"https:\/\/positiveprints.com\/wp-content\/uploads\/2023\/08\/Leo-Zodiac-Art.jpg","width":1080,"height":1080,"caption":"Leo Zodiac Art"},{"@type":"BreadcrumbList","@id":"https:\/\/positiveprints.com\/sv\/produkt\/leo-zodiac-konst\/#breadcrumb","itemListElement":[{"@type":"ListItem","position":1,"name":"Home","item":"https:\/\/positiveprints.com\/sv\/"},{"@type":"ListItem","position":2,"name":"Produkter","item":"https:\/\/positiveprints.com\/sv\/shop\/"},{"@type":"ListItem","position":3,"name":"Leo Zodiac Konst"}]},{"@type":"WebSite","@id":"https:\/\/positiveprints.com\/sv\/#website","url":"https:\/\/positiveprints.com\/sv\/","name":"Positive Prints","description":"Amazing Custom Personalized Gifts","publisher":{"@id":"https:\/\/positiveprints.com\/sv\/#organization"},"potentialAction":[{"@type":"SearchAction","target":{"@type":"EntryPoint","urlTemplate":"https:\/\/positiveprints.com\/sv\/?s={search_term_string}"},"query-input":{"@type":"PropertyValueSpecification","valueRequired":true,"valueName":"search_term_string"}}],"inLanguage":"sv-SE"},{"@type":"Organization","@id":"https:\/\/positiveprints.com\/sv\/#organization","name":"Positive Prints","alternateName":"Positive Prints","url":"https:\/\/positiveprints.com\/sv\/","logo":{"@type":"ImageObject","inLanguage":"sv-SE","@id":"https:\/\/positiveprints.com\/sv\/#\/schema\/logo\/image\/","url":"https:\/\/positiveprints.com\/wp-content\/uploads\/2026\/03\/245815646_1337939713319158_5671353136411139666_n.png","contentUrl":"https:\/\/positiveprints.com\/wp-content\/uploads\/2026\/03\/245815646_1337939713319158_5671353136411139666_n.png","width":800,"height":800,"caption":"Positive Prints"},"image":{"@id":"https:\/\/positiveprints.com\/sv\/#\/schema\/logo\/image\/"},"sameAs":["https:\/\/www.facebook.com\/positiveprintscom","https:\/\/www.instagram.com\/positiveprintscom\/","https:\/\/www.tiktok.com\/@positiveprintscom","https:\/\/www.pinterest.com\/positiveprintscom\/"]}]}},"jetpack_sharing_enabled":true,"_links":{"self":[{"href":"https:\/\/positiveprints.com\/sv\/wp-json\/wp\/v2\/product\/625280","targetHints":{"allow":["GET"]}}],"collection":[{"href":"https:\/\/positiveprints.com\/sv\/wp-json\/wp\/v2\/product"}],"about":[{"href":"https:\/\/positiveprints.com\/sv\/wp-json\/wp\/v2\/types\/product"}],"wp:featuredmedia":[{"embeddable":true,"href":"https:\/\/positiveprints.com\/sv\/wp-json\/wp\/v2\/media\/652772"}],"wp:attachment":[{"href":"https:\/\/positiveprints.com\/sv\/wp-json\/wp\/v2\/media?parent=625280"}],"wp:term":[{"taxonomy":"product_brand","embeddable":true,"href":"https:\/\/positiveprints.com\/sv\/wp-json\/wp\/v2\/product_brand?post=625280"},{"taxonomy":"product_cat","embeddable":true,"href":"https:\/\/positiveprints.com\/sv\/wp-json\/wp\/v2\/product_cat?post=625280"},{"taxonomy":"product_tag","embeddable":true,"href":"https:\/\/positiveprints.com\/sv\/wp-json\/wp\/v2\/product_tag?post=625280"}],"curies":[{"name":"wp","href":"https:\/\/api.w.org\/{rel}","templated":true}]}}