{"id":625273,"date":"2023-06-22T16:33:59","date_gmt":"2023-06-22T15:33:59","guid":{"rendered":"https:\/\/positiveprints.com\/product\/cancer-zodiac-konst\/"},"modified":"2026-04-12T22:04:43","modified_gmt":"2026-04-12T21:04:43","slug":"cancer-zodiac-konst","status":"publish","type":"product","link":"https:\/\/positiveprints.com\/sv\/produkt\/cancer-zodiac-konst\/","title":{"rendered":"Cancer Zodiac Konst"},"content":{"rendered":"<h2 class=\"grenB f24 cblue\" style=\"margin-top: 3rem\">Konst om cancerns stj\u00e4rntecken som g\u00e5va<\/h2>\r\n\r\n<p style=\"margin-top: 1rem\">\u00c4r du p\u00e5 jakt efter en speciell g\u00e5va som kommer att l\u00e4mna ett best\u00e5ende intryck? Titta inte l\u00e4ngre \u00e4n den underbara Cancer Zodiac Art! Det \u00e4r den perfekta presenten till n\u00e5gon som \u00e4lskar stj\u00e4rntecken och astrologi. Oavsett om det \u00e4r en f\u00f6delsedag, en semester eller helt enkelt ett s\u00e4tt att visa att du bryr dig, kommer Cancer Zodiac Art att ge gl\u00e4dje till deras hj\u00e4rta.<\/p>\r\n<p style=\"margin-top: 1rem\">Cancer \u00e4r ett stj\u00e4rntecken som representerar de som \u00e4r f\u00f6dda mellan 21 juni och 22 juli. M\u00e4nniskor f\u00f6dda under detta tecken har sina egna unika personlighetsdrag. Cancerindivider \u00e4r k\u00e4nda f\u00f6r sin k\u00e4nslighet och medk\u00e4nsla. De \u00e4r omt\u00e4nksamma och omh\u00e4ndertagande och tar alltid hand om andra. De har en djup k\u00e4nslom\u00e4ssig sida och \u00e4r ofta mycket intuitiva. Kr\u00e4ftm\u00e4nniskor v\u00e4rdes\u00e4tter sina hem och sin familj, och de uppskattar sentimentala gester. Cancer Zodiac Art \u00e4r den perfekta presenten f\u00f6r dem.<\/p>\r\n\r\n<h2 class=\"grenB f24 cblue\" style=\"margin-top: 3rem\">Personifiera din konst om cancerns stj\u00e4rntecken<\/h2>\r\n\r\n<p style=\"margin-top: 1rem\">Att skapa din personliga Cancer Zodiac Art \u00e4r enkelt och roligt! Med en enkel online-redigerare kan du anpassa dina konstverk i bara n\u00e5gra f\u00e5 steg. V\u00e4lj bland en m\u00e4ngd olika stilar och layouter som f\u00e5ngar ditt intresse. V\u00e4lj en vacker bild som f\u00f6rest\u00e4ller stj\u00e4rntecknet Cancer eller stj\u00e4rnkonstellationen. Var kreativ genom att leka med f\u00e4rger eller v\u00e4lj fr\u00e5n f\u00f6rdesignade f\u00e4rgscheman. Du kan \u00e4ven l\u00e4gga till personlig text f\u00f6r att g\u00f6ra den extra speciell eller inkludera intressanta fakta om Cancer, s\u00e5som information om f\u00f6delsesten eller den styrande planeten.<\/p>\r\n\r\n<p style=\"margin-top: 1rem\">N\u00e4r det \u00e4r dags att best\u00e4lla har du en rad olika alternativ. V\u00e4lj en tryckt eller inramad poster, en h\u00f6gkvalitativ canvasduk eller till och med en direkt digital nedladdning. Valet \u00e4r ditt!<\/p>\r\n\r\n<h2 class=\"grenB f24 cblue\" style=\"margin-top: 3rem\">G\u00f6r ett best\u00e5ende intryck med en personlig present<\/h2>\r\n\r\n<p style=\"margin-top: 1rem\">Cancer Zodiac Art \u00e4r en unik och omt\u00e4nksam g\u00e5va som visar dina n\u00e4ra och k\u00e4ra hur mycket du bryr dig. Det \u00e4r inte n\u00e5got man hittar i vanliga butiker, vilket g\u00f6r det \u00e4nnu mer speciellt. Den personliga touchen och kopplingen till deras stj\u00e4rntecken kommer att g\u00f6ra mottagaren glad. Om de uppskattar familjen, har en omt\u00e4nksam natur och \u00e4lskar sentimentala gester, kommer Cancer Zodiac Art verkligen att resonera med dem. Det \u00e4r en g\u00e5va som kommer att uppskattas och visas upp med stolthet. S\u00e5 varf\u00f6r v\u00e4nta? B\u00f6rja skapa din personliga Cancer Zodiac Art idag och bringa lycka till n\u00e5gons v\u00e4rld!<\/p>","protected":false},"excerpt":{"rendered":"<ul class=\"check-list\">\n<li>Visa din k\u00e4rlek till en Cancer med postern Stj\u00e4rntecken: ett perfekt s\u00e4tt att hylla deras personlighet och stil<\/li>\n<li>Uppt\u00e4ck de egenskaper som g\u00f6r ditt stj\u00e4rntecken speciellt<\/li>\n<li>V\u00e4lj en mall eller var kreativ<\/li>\n<li>Inkludera en meningsfull personlig text<\/li>\n<li>Se resultatet direkt \u2013 den interaktiva f\u00f6rhandsvisningen l\u00e5ter dig finjustera varje detalj<\/li>\n<\/ul>\n","protected":false},"featured_media":652700,"template":"","meta":[],"product_brand":[],"product_cat":[9016,7459],"product_tag":[9034],"class_list":{"0":"post-625273","1":"product","2":"type-product","3":"status-publish","4":"has-post-thumbnail","6":"product_cat-zodiac-sv","7":"product_cat-alla-produkter","8":"product_tag-zodiak","10":"first","11":"instock","12":"sale","13":"taxable","14":"shipping-taxable","15":"purchasable","16":"product-type-variable"},"yoast_head":"<!-- This site is optimized with the Yoast SEO Premium plugin v27.2 (Yoast SEO v27.2) - https:\/\/yoast.com\/product\/yoast-seo-premium-wordpress\/ -->\n<title>Cancer Zodiac Konst - Positiva tryck<\/title>\n<meta name=\"description\" content=\"Uppt\u00e4ck charmen med Cancer Zodiac Art - en innerlig g\u00e5va till alla som \u00e4lskar cancer. Hylla deras omt\u00e4nksamma sj\u00e4l med detta speciella konstverk som kommer att sk\u00e4nka gl\u00e4dje och inspiration.\" \/>\n<meta name=\"robots\" content=\"index, follow, max-snippet:-1, max-image-preview:large, max-video-preview:-1\" \/>\n<link rel=\"canonical\" href=\"https:\/\/positiveprints.com\/sv\/produkt\/cancer-zodiac-konst\/\" \/>\n<meta property=\"og:locale\" content=\"sv_SE\" \/>\n<meta property=\"og:type\" content=\"article\" \/>\n<meta property=\"og:title\" content=\"Cancer Zodiac Konst\" \/>\n<meta property=\"og:description\" content=\"Visa din k\u00e4rlek till en Cancer med postern Stj\u00e4rntecken: ett perfekt s\u00e4tt att hylla deras personlighet och stil Uppt\u00e4ck de egenskaper som g\u00f6r ditt stj\u00e4rntecken speciellt V\u00e4lj en mall eller var kreativ Inkludera en meningsfull personlig text Se resultatet direkt \u2013 den interaktiva f\u00f6rhandsvisningen l\u00e5ter dig finjustera varje detalj\" \/>\n<meta property=\"og:url\" content=\"https:\/\/positiveprints.com\/sv\/produkt\/cancer-zodiac-konst\/\" \/>\n<meta property=\"og:site_name\" content=\"Positive Prints\" \/>\n<meta property=\"article:publisher\" content=\"https:\/\/www.facebook.com\/positiveprintscom\" \/>\n<meta property=\"article:modified_time\" content=\"2026-04-12T21:04:43+00:00\" \/>\n<meta property=\"og:image\" content=\"https:\/\/positiveprints.com\/wp-content\/uploads\/2023\/08\/Cancer-Zodiac-Art.jpg\" \/>\n\t<meta property=\"og:image:width\" content=\"1080\" \/>\n\t<meta property=\"og:image:height\" content=\"1080\" \/>\n\t<meta property=\"og:image:type\" content=\"image\/jpeg\" \/>\n<meta name=\"twitter:card\" content=\"summary_large_image\" \/>\n<meta name=\"twitter:label1\" content=\"Ber\u00e4knad l\u00e4stid\" \/>\n\t<meta name=\"twitter:data1\" content=\"2 minut\" \/>\n<!-- \/ Yoast SEO Premium plugin. -->","yoast_head_json":{"title":"Cancer Zodiac Konst - Positiva tryck","description":"Uppt\u00e4ck charmen med Cancer Zodiac Art - en innerlig g\u00e5va till alla som \u00e4lskar cancer. Hylla deras omt\u00e4nksamma sj\u00e4l med detta speciella konstverk som kommer att sk\u00e4nka gl\u00e4dje och inspiration.","robots":{"index":"index","follow":"follow","max-snippet":"max-snippet:-1","max-image-preview":"max-image-preview:large","max-video-preview":"max-video-preview:-1"},"canonical":"https:\/\/positiveprints.com\/sv\/produkt\/cancer-zodiac-konst\/","og_locale":"sv_SE","og_type":"article","og_title":"Cancer Zodiac Konst","og_description":"Visa din k\u00e4rlek till en Cancer med postern Stj\u00e4rntecken: ett perfekt s\u00e4tt att hylla deras personlighet och stil Uppt\u00e4ck de egenskaper som g\u00f6r ditt stj\u00e4rntecken speciellt V\u00e4lj en mall eller var kreativ Inkludera en meningsfull personlig text Se resultatet direkt \u2013 den interaktiva f\u00f6rhandsvisningen l\u00e5ter dig finjustera varje detalj","og_url":"https:\/\/positiveprints.com\/sv\/produkt\/cancer-zodiac-konst\/","og_site_name":"Positive Prints","article_publisher":"https:\/\/www.facebook.com\/positiveprintscom","article_modified_time":"2026-04-12T21:04:43+00:00","og_image":[{"width":1080,"height":1080,"url":"https:\/\/positiveprints.com\/wp-content\/uploads\/2023\/08\/Cancer-Zodiac-Art.jpg","type":"image\/jpeg"}],"twitter_card":"summary_large_image","twitter_misc":{"Ber\u00e4knad l\u00e4stid":"2 minut"},"schema":{"@context":"https:\/\/schema.org","@graph":[{"@type":["WebPage","ItemPage"],"@id":"https:\/\/positiveprints.com\/sv\/produkt\/cancer-zodiac-konst\/","url":"https:\/\/positiveprints.com\/sv\/produkt\/cancer-zodiac-konst\/","name":"Cancer Zodiac Konst - Positiva tryck","isPartOf":{"@id":"https:\/\/positiveprints.com\/sv\/#website"},"primaryImageOfPage":{"@id":"https:\/\/positiveprints.com\/sv\/produkt\/cancer-zodiac-konst\/#primaryimage"},"image":{"@id":"https:\/\/positiveprints.com\/sv\/produkt\/cancer-zodiac-konst\/#primaryimage"},"thumbnailUrl":"https:\/\/positiveprints.com\/wp-content\/uploads\/2023\/08\/Cancer-Zodiac-Art.jpg","datePublished":"2023-06-22T15:33:59+00:00","dateModified":"2026-04-12T21:04:43+00:00","description":"Uppt\u00e4ck charmen med Cancer Zodiac Art - en innerlig g\u00e5va till alla som \u00e4lskar cancer. Hylla deras omt\u00e4nksamma sj\u00e4l med detta speciella konstverk som kommer att sk\u00e4nka gl\u00e4dje och inspiration.","breadcrumb":{"@id":"https:\/\/positiveprints.com\/sv\/produkt\/cancer-zodiac-konst\/#breadcrumb"},"inLanguage":"sv-SE","potentialAction":[{"@type":"ReadAction","target":["https:\/\/positiveprints.com\/sv\/produkt\/cancer-zodiac-konst\/"]}]},{"@type":"ImageObject","inLanguage":"sv-SE","@id":"https:\/\/positiveprints.com\/sv\/produkt\/cancer-zodiac-konst\/#primaryimage","url":"https:\/\/positiveprints.com\/wp-content\/uploads\/2023\/08\/Cancer-Zodiac-Art.jpg","contentUrl":"https:\/\/positiveprints.com\/wp-content\/uploads\/2023\/08\/Cancer-Zodiac-Art.jpg","width":1080,"height":1080,"caption":"Cancer Zodiac Art"},{"@type":"BreadcrumbList","@id":"https:\/\/positiveprints.com\/sv\/produkt\/cancer-zodiac-konst\/#breadcrumb","itemListElement":[{"@type":"ListItem","position":1,"name":"Home","item":"https:\/\/positiveprints.com\/sv\/"},{"@type":"ListItem","position":2,"name":"Produkter","item":"https:\/\/positiveprints.com\/sv\/shop\/"},{"@type":"ListItem","position":3,"name":"Cancer Zodiac Konst"}]},{"@type":"WebSite","@id":"https:\/\/positiveprints.com\/sv\/#website","url":"https:\/\/positiveprints.com\/sv\/","name":"Positive Prints","description":"Amazing Custom Personalized Gifts","publisher":{"@id":"https:\/\/positiveprints.com\/sv\/#organization"},"potentialAction":[{"@type":"SearchAction","target":{"@type":"EntryPoint","urlTemplate":"https:\/\/positiveprints.com\/sv\/?s={search_term_string}"},"query-input":{"@type":"PropertyValueSpecification","valueRequired":true,"valueName":"search_term_string"}}],"inLanguage":"sv-SE"},{"@type":"Organization","@id":"https:\/\/positiveprints.com\/sv\/#organization","name":"Positive Prints","alternateName":"Positive Prints","url":"https:\/\/positiveprints.com\/sv\/","logo":{"@type":"ImageObject","inLanguage":"sv-SE","@id":"https:\/\/positiveprints.com\/sv\/#\/schema\/logo\/image\/","url":"https:\/\/positiveprints.com\/wp-content\/uploads\/2026\/03\/245815646_1337939713319158_5671353136411139666_n.png","contentUrl":"https:\/\/positiveprints.com\/wp-content\/uploads\/2026\/03\/245815646_1337939713319158_5671353136411139666_n.png","width":800,"height":800,"caption":"Positive Prints"},"image":{"@id":"https:\/\/positiveprints.com\/sv\/#\/schema\/logo\/image\/"},"sameAs":["https:\/\/www.facebook.com\/positiveprintscom","https:\/\/www.instagram.com\/positiveprintscom\/","https:\/\/www.tiktok.com\/@positiveprintscom","https:\/\/www.pinterest.com\/positiveprintscom\/"]}]}},"jetpack_sharing_enabled":true,"_links":{"self":[{"href":"https:\/\/positiveprints.com\/sv\/wp-json\/wp\/v2\/product\/625273","targetHints":{"allow":["GET"]}}],"collection":[{"href":"https:\/\/positiveprints.com\/sv\/wp-json\/wp\/v2\/product"}],"about":[{"href":"https:\/\/positiveprints.com\/sv\/wp-json\/wp\/v2\/types\/product"}],"wp:featuredmedia":[{"embeddable":true,"href":"https:\/\/positiveprints.com\/sv\/wp-json\/wp\/v2\/media\/652700"}],"wp:attachment":[{"href":"https:\/\/positiveprints.com\/sv\/wp-json\/wp\/v2\/media?parent=625273"}],"wp:term":[{"taxonomy":"product_brand","embeddable":true,"href":"https:\/\/positiveprints.com\/sv\/wp-json\/wp\/v2\/product_brand?post=625273"},{"taxonomy":"product_cat","embeddable":true,"href":"https:\/\/positiveprints.com\/sv\/wp-json\/wp\/v2\/product_cat?post=625273"},{"taxonomy":"product_tag","embeddable":true,"href":"https:\/\/positiveprints.com\/sv\/wp-json\/wp\/v2\/product_tag?post=625273"}],"curies":[{"name":"wp","href":"https:\/\/api.w.org\/{rel}","templated":true}]}}