{"id":625267,"date":"2023-06-22T16:32:41","date_gmt":"2023-06-22T15:32:41","guid":{"rendered":"https:\/\/positiveprints.com\/product\/gemini-zodiac-konst\/"},"modified":"2026-04-12T22:04:44","modified_gmt":"2026-04-12T21:04:44","slug":"gemini-zodiac-konst","status":"publish","type":"product","link":"https:\/\/positiveprints.com\/sv\/produkt\/gemini-zodiac-konst\/","title":{"rendered":"Gemini Zodiac Konst"},"content":{"rendered":"<h2 class=\"grenB f24 cblue\" style=\"margin-top: 3rem\">Gemini Zodiac konst som en g\u00e5va<\/h2>\r\n\r\n<p style=\"margin-top: 1rem\">Letar du efter en speciell g\u00e5va som kommer att g\u00f6ra n\u00e5gons dag of\u00f6rgl\u00f6mlig? Titta inte l\u00e4ngre \u00e4n till den otroliga Gemini Zodiac Art! Det \u00e4r den perfekta presenten till n\u00e5gon som \u00e4lskar stj\u00e4rntecken och astrologi. Oavsett om det \u00e4r en f\u00f6delsedag, en semester eller bara en omt\u00e4nksam gest, kommer Gemini Zodiac Art att f\u00e5 ett leende p\u00e5 deras ansikte.<\/p>\r\n<p style=\"margin-top: 1rem\">Tvillingarna \u00e4r ett stj\u00e4rntecken som representerar de som \u00e4r f\u00f6dda mellan 21 maj och 20 juni. M\u00e4nniskor f\u00f6dda under detta tecken har sina egna unika personlighetsdrag. Tvillingarna \u00e4r k\u00e4nda f\u00f6r sin nyfikenhet och m\u00e5ngsidighet. De \u00e4r nyfikna p\u00e5 sin omv\u00e4rld och \u00e4lskar att l\u00e4ra sig nya saker. Tvillingarna \u00e4r utm\u00e4rkta kommunikat\u00f6rer och har l\u00e4tt f\u00f6r att uttrycka sig i ord. De \u00e4r sociala fj\u00e4rilar som tycker om att vara tillsammans med andra. De \u00e4r anpassningsbara och kan l\u00e4tt anpassa sig till olika situationer. Gemini Zodiac Art \u00e4r den perfekta g\u00e5van f\u00f6r dem.<\/p>\r\n\r\n<h2 class=\"grenB f24 cblue\" style=\"margin-top: 3rem\">Anpassa din konst om tvillingarnas stj\u00e4rntecken<\/h2>\r\n\r\n<p style=\"margin-top: 1rem\">Att skapa din personliga Gemini Zodiac Art \u00e4r enkelt och roligt! Med en anv\u00e4ndarv\u00e4nlig online-redigerare kan du anpassa ditt konstverk med bara n\u00e5gra enkla steg. V\u00e4lj mellan olika stilar och layouter som f\u00e5ngar ditt \u00f6ga. V\u00e4lj en f\u00e4ngslande bild som f\u00f6rest\u00e4ller Tvillingarnas stj\u00e4rntecken eller stj\u00e4rnkonstellationen. Var kreativ genom att experimentera med f\u00e4rger eller v\u00e4lj fr\u00e5n f\u00e4rdiga f\u00e4rgscheman. L\u00e4gg till personlig text f\u00f6r att g\u00f6ra det \u00e4nnu mer speciellt, eller inkludera intressanta fakta om Gemini, s\u00e5som information om f\u00f6delsesten eller den styrande planeten.<\/p>\r\n\r\n<p style=\"margin-top: 1rem\">N\u00e4r det \u00e4r dags att best\u00e4lla har du flera alternativ. V\u00e4lj en tryckt eller inramad poster, en h\u00f6gkvalitativ canvasduk eller till och med en direkt digital nedladdning. Valet \u00e4r ditt!<\/p>\r\n\r\n<h2 class=\"grenB f24 cblue\" style=\"margin-top: 3rem\">G\u00f6r ett best\u00e5ende intryck med en personlig present<\/h2>\r\n\r\n<p style=\"margin-top: 1rem\">Gemini Zodiac Art \u00e4r en unik och omt\u00e4nksam g\u00e5va som visar att du bryr dig. Det \u00e4r inte n\u00e5got man hittar i vanliga butiker, vilket g\u00f6r det \u00e4nnu mer speciellt. Den personliga touchen och kopplingen till deras stj\u00e4rntecken kommer att g\u00f6ra mottagaren glad. Om du \u00e4lskar att l\u00e4ra dig och har l\u00e4tt f\u00f6r att uttrycka dig i ord, kommer Gemini Zodiac Art verkligen att passa dig. Det \u00e4r en g\u00e5va som kommer att uppskattas och visas upp med stolthet. S\u00e5 varf\u00f6r v\u00e4nta? B\u00f6rja skapa din personliga Gemini Zodiac Art idag och g\u00f6r n\u00e5gons v\u00e4rld lite mer konstn\u00e4rlig och meningsfull!<\/p>","protected":false},"excerpt":{"rendered":"<ul class=\"check-list\">\n<li>Visa din Gemini-stolthet med denna fantastiska poster, med ditt stj\u00e4rnteckens symbol, element och egenskaper<\/li>\n<li>Uppt\u00e4ck de egenskaper som g\u00f6r ditt stj\u00e4rntecken speciellt<\/li>\n<li>V\u00e4lj en mall eller var kreativ<\/li>\n<li>Inkludera en meningsfull personlig text<\/li>\n<li>Se resultatet direkt \u2013 den interaktiva f\u00f6rhandsvisningen l\u00e5ter dig finjustera varje detalj<\/li>\n<\/ul>\n","protected":false},"featured_media":652609,"template":"","meta":[],"product_brand":[],"product_cat":[9016,7459],"product_tag":[9034],"class_list":{"0":"post-625267","1":"product","2":"type-product","3":"status-publish","4":"has-post-thumbnail","6":"product_cat-zodiac-sv","7":"product_cat-alla-produkter","8":"product_tag-zodiak","10":"first","11":"instock","12":"sale","13":"taxable","14":"shipping-taxable","15":"purchasable","16":"product-type-variable"},"yoast_head":"<!-- This site is optimized with the Yoast SEO Premium plugin v27.2 (Yoast SEO v27.2) - https:\/\/yoast.com\/product\/yoast-seo-premium-wordpress\/ -->\n<title>Gemini Zodiac Konst - Positiva tryck<\/title>\n<meta name=\"description\" content=\"Avsl\u00f6ja magin i Gemini Zodiac Art - en f\u00f6rtjusande present till Gemini fans. Fira deras dubbelhet med detta unika och f\u00e4ngslande konstverk som kommer att inspirera och sk\u00e4nka gl\u00e4dje.\" \/>\n<meta name=\"robots\" content=\"index, follow, max-snippet:-1, max-image-preview:large, max-video-preview:-1\" \/>\n<link rel=\"canonical\" href=\"https:\/\/positiveprints.com\/sv\/produkt\/gemini-zodiac-konst\/\" \/>\n<meta property=\"og:locale\" content=\"sv_SE\" \/>\n<meta property=\"og:type\" content=\"article\" \/>\n<meta property=\"og:title\" content=\"Gemini Zodiac Konst\" \/>\n<meta property=\"og:description\" content=\"Visa din Gemini-stolthet med denna fantastiska poster, med ditt stj\u00e4rnteckens symbol, element och egenskaper Uppt\u00e4ck de egenskaper som g\u00f6r ditt stj\u00e4rntecken speciellt V\u00e4lj en mall eller var kreativ Inkludera en meningsfull personlig text Se resultatet direkt \u2013 den interaktiva f\u00f6rhandsvisningen l\u00e5ter dig finjustera varje detalj\" \/>\n<meta property=\"og:url\" content=\"https:\/\/positiveprints.com\/sv\/produkt\/gemini-zodiac-konst\/\" \/>\n<meta property=\"og:site_name\" content=\"Positive Prints\" \/>\n<meta property=\"article:publisher\" content=\"https:\/\/www.facebook.com\/positiveprintscom\" \/>\n<meta property=\"article:modified_time\" content=\"2026-04-12T21:04:44+00:00\" \/>\n<meta property=\"og:image\" content=\"https:\/\/positiveprints.com\/wp-content\/uploads\/2023\/08\/Gemini-Zodiac-Art.jpg\" \/>\n\t<meta property=\"og:image:width\" content=\"1080\" \/>\n\t<meta property=\"og:image:height\" content=\"1080\" \/>\n\t<meta property=\"og:image:type\" content=\"image\/jpeg\" \/>\n<meta name=\"twitter:card\" content=\"summary_large_image\" \/>\n<meta name=\"twitter:label1\" content=\"Ber\u00e4knad l\u00e4stid\" \/>\n\t<meta name=\"twitter:data1\" content=\"2 minut\" \/>\n<!-- \/ Yoast SEO Premium plugin. -->","yoast_head_json":{"title":"Gemini Zodiac Konst - Positiva tryck","description":"Avsl\u00f6ja magin i Gemini Zodiac Art - en f\u00f6rtjusande present till Gemini fans. Fira deras dubbelhet med detta unika och f\u00e4ngslande konstverk som kommer att inspirera och sk\u00e4nka gl\u00e4dje.","robots":{"index":"index","follow":"follow","max-snippet":"max-snippet:-1","max-image-preview":"max-image-preview:large","max-video-preview":"max-video-preview:-1"},"canonical":"https:\/\/positiveprints.com\/sv\/produkt\/gemini-zodiac-konst\/","og_locale":"sv_SE","og_type":"article","og_title":"Gemini Zodiac Konst","og_description":"Visa din Gemini-stolthet med denna fantastiska poster, med ditt stj\u00e4rnteckens symbol, element och egenskaper Uppt\u00e4ck de egenskaper som g\u00f6r ditt stj\u00e4rntecken speciellt V\u00e4lj en mall eller var kreativ Inkludera en meningsfull personlig text Se resultatet direkt \u2013 den interaktiva f\u00f6rhandsvisningen l\u00e5ter dig finjustera varje detalj","og_url":"https:\/\/positiveprints.com\/sv\/produkt\/gemini-zodiac-konst\/","og_site_name":"Positive Prints","article_publisher":"https:\/\/www.facebook.com\/positiveprintscom","article_modified_time":"2026-04-12T21:04:44+00:00","og_image":[{"width":1080,"height":1080,"url":"https:\/\/positiveprints.com\/wp-content\/uploads\/2023\/08\/Gemini-Zodiac-Art.jpg","type":"image\/jpeg"}],"twitter_card":"summary_large_image","twitter_misc":{"Ber\u00e4knad l\u00e4stid":"2 minut"},"schema":{"@context":"https:\/\/schema.org","@graph":[{"@type":["WebPage","ItemPage"],"@id":"https:\/\/positiveprints.com\/sv\/produkt\/gemini-zodiac-konst\/","url":"https:\/\/positiveprints.com\/sv\/produkt\/gemini-zodiac-konst\/","name":"Gemini Zodiac Konst - Positiva tryck","isPartOf":{"@id":"https:\/\/positiveprints.com\/sv\/#website"},"primaryImageOfPage":{"@id":"https:\/\/positiveprints.com\/sv\/produkt\/gemini-zodiac-konst\/#primaryimage"},"image":{"@id":"https:\/\/positiveprints.com\/sv\/produkt\/gemini-zodiac-konst\/#primaryimage"},"thumbnailUrl":"https:\/\/positiveprints.com\/wp-content\/uploads\/2023\/08\/Gemini-Zodiac-Art.jpg","datePublished":"2023-06-22T15:32:41+00:00","dateModified":"2026-04-12T21:04:44+00:00","description":"Avsl\u00f6ja magin i Gemini Zodiac Art - en f\u00f6rtjusande present till Gemini fans. Fira deras dubbelhet med detta unika och f\u00e4ngslande konstverk som kommer att inspirera och sk\u00e4nka gl\u00e4dje.","breadcrumb":{"@id":"https:\/\/positiveprints.com\/sv\/produkt\/gemini-zodiac-konst\/#breadcrumb"},"inLanguage":"sv-SE","potentialAction":[{"@type":"ReadAction","target":["https:\/\/positiveprints.com\/sv\/produkt\/gemini-zodiac-konst\/"]}]},{"@type":"ImageObject","inLanguage":"sv-SE","@id":"https:\/\/positiveprints.com\/sv\/produkt\/gemini-zodiac-konst\/#primaryimage","url":"https:\/\/positiveprints.com\/wp-content\/uploads\/2023\/08\/Gemini-Zodiac-Art.jpg","contentUrl":"https:\/\/positiveprints.com\/wp-content\/uploads\/2023\/08\/Gemini-Zodiac-Art.jpg","width":1080,"height":1080,"caption":"Gemini Zodiac Art"},{"@type":"BreadcrumbList","@id":"https:\/\/positiveprints.com\/sv\/produkt\/gemini-zodiac-konst\/#breadcrumb","itemListElement":[{"@type":"ListItem","position":1,"name":"Home","item":"https:\/\/positiveprints.com\/sv\/"},{"@type":"ListItem","position":2,"name":"Produkter","item":"https:\/\/positiveprints.com\/sv\/shop\/"},{"@type":"ListItem","position":3,"name":"Gemini Zodiac Konst"}]},{"@type":"WebSite","@id":"https:\/\/positiveprints.com\/sv\/#website","url":"https:\/\/positiveprints.com\/sv\/","name":"Positive Prints","description":"Amazing Custom Personalized Gifts","publisher":{"@id":"https:\/\/positiveprints.com\/sv\/#organization"},"potentialAction":[{"@type":"SearchAction","target":{"@type":"EntryPoint","urlTemplate":"https:\/\/positiveprints.com\/sv\/?s={search_term_string}"},"query-input":{"@type":"PropertyValueSpecification","valueRequired":true,"valueName":"search_term_string"}}],"inLanguage":"sv-SE"},{"@type":"Organization","@id":"https:\/\/positiveprints.com\/sv\/#organization","name":"Positive Prints","alternateName":"Positive Prints","url":"https:\/\/positiveprints.com\/sv\/","logo":{"@type":"ImageObject","inLanguage":"sv-SE","@id":"https:\/\/positiveprints.com\/sv\/#\/schema\/logo\/image\/","url":"https:\/\/positiveprints.com\/wp-content\/uploads\/2026\/03\/245815646_1337939713319158_5671353136411139666_n.png","contentUrl":"https:\/\/positiveprints.com\/wp-content\/uploads\/2026\/03\/245815646_1337939713319158_5671353136411139666_n.png","width":800,"height":800,"caption":"Positive Prints"},"image":{"@id":"https:\/\/positiveprints.com\/sv\/#\/schema\/logo\/image\/"},"sameAs":["https:\/\/www.facebook.com\/positiveprintscom","https:\/\/www.instagram.com\/positiveprintscom\/","https:\/\/www.tiktok.com\/@positiveprintscom","https:\/\/www.pinterest.com\/positiveprintscom\/"]}]}},"jetpack_sharing_enabled":true,"_links":{"self":[{"href":"https:\/\/positiveprints.com\/sv\/wp-json\/wp\/v2\/product\/625267","targetHints":{"allow":["GET"]}}],"collection":[{"href":"https:\/\/positiveprints.com\/sv\/wp-json\/wp\/v2\/product"}],"about":[{"href":"https:\/\/positiveprints.com\/sv\/wp-json\/wp\/v2\/types\/product"}],"wp:featuredmedia":[{"embeddable":true,"href":"https:\/\/positiveprints.com\/sv\/wp-json\/wp\/v2\/media\/652609"}],"wp:attachment":[{"href":"https:\/\/positiveprints.com\/sv\/wp-json\/wp\/v2\/media?parent=625267"}],"wp:term":[{"taxonomy":"product_brand","embeddable":true,"href":"https:\/\/positiveprints.com\/sv\/wp-json\/wp\/v2\/product_brand?post=625267"},{"taxonomy":"product_cat","embeddable":true,"href":"https:\/\/positiveprints.com\/sv\/wp-json\/wp\/v2\/product_cat?post=625267"},{"taxonomy":"product_tag","embeddable":true,"href":"https:\/\/positiveprints.com\/sv\/wp-json\/wp\/v2\/product_tag?post=625267"}],"curies":[{"name":"wp","href":"https:\/\/api.w.org\/{rel}","templated":true}]}}