{"id":625255,"date":"2023-06-22T16:27:51","date_gmt":"2023-06-22T15:27:51","guid":{"rendered":"https:\/\/positiveprints.com\/product\/vaduren-zodiac-art\/"},"modified":"2026-04-12T22:04:46","modified_gmt":"2026-04-12T21:04:46","slug":"vadurar-stjarntecken-konst","status":"publish","type":"product","link":"https:\/\/positiveprints.com\/sv\/produkt\/vadurar-stjarntecken-konst\/","title":{"rendered":"V\u00e4duren Zodiac Art"},"content":{"rendered":"<h2 class=\"grenB f24 cblue\" style=\"margin-top: 3rem\">V\u00e4duren Zodiac Konst som en g\u00e5va<\/h2>\r\n\r\n<p style=\"margin-top: 1rem\">Letar du efter en speciell och unik presentid\u00e9? Titta inte l\u00e4ngre \u00e4n den fantastiska Aries Zodiac Art! Det \u00e4r den perfekta presenten till n\u00e5gon som \u00e4lskar stj\u00e4rntecken och astrologi. Oavsett om det \u00e4r f\u00f6delsedag, jul eller bara ett s\u00e4tt att visa att du bryr dig, kommer Aries Zodiac Art att g\u00f6ra deras dag \u00e4nnu mer speciell.<\/p>\r\n<p style=\"margin-top: 1rem\">M\u00e4nniskor som \u00e4r f\u00f6dda i V\u00e4durens stj\u00e4rntecken, mellan 21 mars och 19 april, har sina egna speciella personligheter. V\u00e4duren \u00e4r sj\u00e4lvs\u00e4ker och energisk. De gillar att ta ansvar och fatta beslut. De \u00e4r naturliga ledare som inte \u00e4r r\u00e4dda f\u00f6r att ta sig an utmaningar. V\u00e4duren uppskattar \u00e4rlighet och att vara sig sj\u00e4lv. Det \u00e4r d\u00e4rf\u00f6r Aries Zodiac Art \u00e4r en s\u00e5 bra present till dem.<\/p>\r\n\r\n<h2 class=\"grenB f24 cblue\" style=\"margin-top: 3rem\">Personifiera din konst om V\u00e4duren<\/h2>\r\n\r\n<p style=\"margin-top: 1rem\">Att skapa din egen personliga Aries Zodiac Art \u00e4r superenkelt! Du kan g\u00f6ra det online med en enkel editor. V\u00e4lj bara den stil och layout du gillar. Du kan v\u00e4lja en bild av V\u00e4durens stj\u00e4rntecken eller en stj\u00e4rnkonstellation. Om du vill vara kreativ kan du leka med olika f\u00e4rger eller v\u00e4lja bland f\u00e4rdiga f\u00e4rgscheman. Du kan ocks\u00e5 inkludera cool information som f\u00f6delsestenen, den styrande planeten eller den speciella symbolen f\u00f6r V\u00e4durens stj\u00e4rntecken. Och om du inte \u00e4r s\u00e4ker p\u00e5 vilket stj\u00e4rntecken som matchar en viss f\u00f6delsedag, inga problem! Ange bara f\u00f6delsedatumet s\u00e5 ber\u00e4ttar redakt\u00f6ren det f\u00f6r dig.<\/p>\r\n\r\n<p style=\"margin-top: 1rem\">N\u00e4r det \u00e4r dags att best\u00e4lla har du m\u00e5nga alternativ. Du kan f\u00e5 en tryckt eller inramad affisch, en h\u00f6gkvalitativ canvasduk eller till och med en direkt digital nedladdning. Det finns n\u00e5got f\u00f6r alla smaker!<\/p>\r\n\r\n<h2 class=\"grenB f24 cblue\" style=\"margin-top: 3rem\">G\u00f6r ett best\u00e5ende intryck med en personlig present<\/h2>\r\n\r\n<p style=\"margin-top: 1rem\">Aries Zodiac Art \u00e4r en riktigt speciell g\u00e5va som visar hur mycket du bryr dig. Det \u00e4r inte n\u00e5got man hittar i vanliga butiker. Den \u00e4r unik och anpassad just f\u00f6r den person du ger den till. Om de \u00e4lskar stj\u00e4rnor och t\u00e4nker p\u00e5 universums mysterier kommer den h\u00e4r g\u00e5van att g\u00f6ra dem riktigt glada. Det \u00e4r n\u00e5got de kommer att minnas och v\u00e4rdes\u00e4tta. S\u00e5 v\u00e4nta inte l\u00e4ngre! B\u00f6rja skapa din egen personliga Aries Zodiac Art idag och f\u00e5 n\u00e5gons v\u00e4rld att lysa lite ljusare!<\/p>","protected":false},"excerpt":{"rendered":"<ul class=\"check-list\">\n<li>Fira V\u00e4durens eldiga anda med denna unika poster med stj\u00e4rntecken, en perfekt present till dig eller dina n\u00e4ra och k\u00e4ra<\/li>\n<li>Uppt\u00e4ck de egenskaper som g\u00f6r ditt stj\u00e4rntecken speciellt<\/li>\n<li>V\u00e4lj en mall eller var kreativ<\/li>\n<li>Inkludera en meningsfull personlig text<\/li>\n<li>Se resultatet direkt \u2013 den interaktiva f\u00f6rhandsvisningen l\u00e5ter dig finjustera varje detalj<\/li>\n<\/ul>\n","protected":false},"featured_media":652056,"template":"","meta":[],"product_brand":[],"product_cat":[9016,7459],"product_tag":[9034],"class_list":{"0":"post-625255","1":"product","2":"type-product","3":"status-publish","4":"has-post-thumbnail","6":"product_cat-zodiac-sv","7":"product_cat-alla-produkter","8":"product_tag-zodiak","10":"first","11":"instock","12":"sale","13":"taxable","14":"shipping-taxable","15":"purchasable","16":"product-type-variable"},"yoast_head":"<!-- This site is optimized with the Yoast SEO Premium plugin v27.2 (Yoast SEO v27.2) - https:\/\/yoast.com\/product\/yoast-seo-premium-wordpress\/ -->\n<title>V\u00e4duren Zodiac Konst - Positiva tryck<\/title>\n<meta name=\"description\" content=\"Uppt\u00e4ck det underbara med Aries Zodiac Art - en fantastisk present till V\u00e4durens fans. Hylla deras \u00e4ventyrslust med detta speciella konstverk som kommer att inspirera och sk\u00e4nka gl\u00e4dje.\" \/>\n<meta name=\"robots\" content=\"index, follow, max-snippet:-1, max-image-preview:large, max-video-preview:-1\" \/>\n<link rel=\"canonical\" href=\"https:\/\/positiveprints.com\/sv\/produkt\/vadurar-stjarntecken-konst\/\" \/>\n<meta property=\"og:locale\" content=\"sv_SE\" \/>\n<meta property=\"og:type\" content=\"article\" \/>\n<meta property=\"og:title\" content=\"V\u00e4duren Zodiac Art\" \/>\n<meta property=\"og:description\" content=\"Fira V\u00e4durens eldiga anda med denna unika poster med stj\u00e4rntecken, en perfekt present till dig eller dina n\u00e4ra och k\u00e4ra Uppt\u00e4ck de egenskaper som g\u00f6r ditt stj\u00e4rntecken speciellt V\u00e4lj en mall eller var kreativ Inkludera en meningsfull personlig text Se resultatet direkt \u2013 den interaktiva f\u00f6rhandsvisningen l\u00e5ter dig finjustera varje detalj\" \/>\n<meta property=\"og:url\" content=\"https:\/\/positiveprints.com\/sv\/produkt\/vadurar-stjarntecken-konst\/\" \/>\n<meta property=\"og:site_name\" content=\"Positive Prints\" \/>\n<meta property=\"article:publisher\" content=\"https:\/\/www.facebook.com\/positiveprintscom\" \/>\n<meta property=\"article:modified_time\" content=\"2026-04-12T21:04:46+00:00\" \/>\n<meta property=\"og:image\" content=\"https:\/\/positiveprints.com\/wp-content\/uploads\/2023\/08\/Aries-Zodiac-Art.jpg\" \/>\n\t<meta property=\"og:image:width\" content=\"1080\" \/>\n\t<meta property=\"og:image:height\" content=\"1080\" \/>\n\t<meta property=\"og:image:type\" content=\"image\/jpeg\" \/>\n<meta name=\"twitter:card\" content=\"summary_large_image\" \/>\n<meta name=\"twitter:label1\" content=\"Ber\u00e4knad l\u00e4stid\" \/>\n\t<meta name=\"twitter:data1\" content=\"2 minut\" \/>\n<!-- \/ Yoast SEO Premium plugin. -->","yoast_head_json":{"title":"V\u00e4duren Zodiac Konst - Positiva tryck","description":"Uppt\u00e4ck det underbara med Aries Zodiac Art - en fantastisk present till V\u00e4durens fans. Hylla deras \u00e4ventyrslust med detta speciella konstverk som kommer att inspirera och sk\u00e4nka gl\u00e4dje.","robots":{"index":"index","follow":"follow","max-snippet":"max-snippet:-1","max-image-preview":"max-image-preview:large","max-video-preview":"max-video-preview:-1"},"canonical":"https:\/\/positiveprints.com\/sv\/produkt\/vadurar-stjarntecken-konst\/","og_locale":"sv_SE","og_type":"article","og_title":"V\u00e4duren Zodiac Art","og_description":"Fira V\u00e4durens eldiga anda med denna unika poster med stj\u00e4rntecken, en perfekt present till dig eller dina n\u00e4ra och k\u00e4ra Uppt\u00e4ck de egenskaper som g\u00f6r ditt stj\u00e4rntecken speciellt V\u00e4lj en mall eller var kreativ Inkludera en meningsfull personlig text Se resultatet direkt \u2013 den interaktiva f\u00f6rhandsvisningen l\u00e5ter dig finjustera varje detalj","og_url":"https:\/\/positiveprints.com\/sv\/produkt\/vadurar-stjarntecken-konst\/","og_site_name":"Positive Prints","article_publisher":"https:\/\/www.facebook.com\/positiveprintscom","article_modified_time":"2026-04-12T21:04:46+00:00","og_image":[{"width":1080,"height":1080,"url":"https:\/\/positiveprints.com\/wp-content\/uploads\/2023\/08\/Aries-Zodiac-Art.jpg","type":"image\/jpeg"}],"twitter_card":"summary_large_image","twitter_misc":{"Ber\u00e4knad l\u00e4stid":"2 minut"},"schema":{"@context":"https:\/\/schema.org","@graph":[{"@type":["WebPage","ItemPage"],"@id":"https:\/\/positiveprints.com\/sv\/produkt\/vadurar-stjarntecken-konst\/","url":"https:\/\/positiveprints.com\/sv\/produkt\/vadurar-stjarntecken-konst\/","name":"V\u00e4duren Zodiac Konst - Positiva tryck","isPartOf":{"@id":"https:\/\/positiveprints.com\/sv\/#website"},"primaryImageOfPage":{"@id":"https:\/\/positiveprints.com\/sv\/produkt\/vadurar-stjarntecken-konst\/#primaryimage"},"image":{"@id":"https:\/\/positiveprints.com\/sv\/produkt\/vadurar-stjarntecken-konst\/#primaryimage"},"thumbnailUrl":"https:\/\/positiveprints.com\/wp-content\/uploads\/2023\/08\/Aries-Zodiac-Art.jpg","datePublished":"2023-06-22T15:27:51+00:00","dateModified":"2026-04-12T21:04:46+00:00","description":"Uppt\u00e4ck det underbara med Aries Zodiac Art - en fantastisk present till V\u00e4durens fans. Hylla deras \u00e4ventyrslust med detta speciella konstverk som kommer att inspirera och sk\u00e4nka gl\u00e4dje.","breadcrumb":{"@id":"https:\/\/positiveprints.com\/sv\/produkt\/vadurar-stjarntecken-konst\/#breadcrumb"},"inLanguage":"sv-SE","potentialAction":[{"@type":"ReadAction","target":["https:\/\/positiveprints.com\/sv\/produkt\/vadurar-stjarntecken-konst\/"]}]},{"@type":"ImageObject","inLanguage":"sv-SE","@id":"https:\/\/positiveprints.com\/sv\/produkt\/vadurar-stjarntecken-konst\/#primaryimage","url":"https:\/\/positiveprints.com\/wp-content\/uploads\/2023\/08\/Aries-Zodiac-Art.jpg","contentUrl":"https:\/\/positiveprints.com\/wp-content\/uploads\/2023\/08\/Aries-Zodiac-Art.jpg","width":1080,"height":1080,"caption":"Aries Zodiac Art"},{"@type":"BreadcrumbList","@id":"https:\/\/positiveprints.com\/sv\/produkt\/vadurar-stjarntecken-konst\/#breadcrumb","itemListElement":[{"@type":"ListItem","position":1,"name":"Home","item":"https:\/\/positiveprints.com\/sv\/"},{"@type":"ListItem","position":2,"name":"Produkter","item":"https:\/\/positiveprints.com\/sv\/shop\/"},{"@type":"ListItem","position":3,"name":"V\u00e4duren Zodiac Art"}]},{"@type":"WebSite","@id":"https:\/\/positiveprints.com\/sv\/#website","url":"https:\/\/positiveprints.com\/sv\/","name":"Positive Prints","description":"Amazing Custom Personalized Gifts","publisher":{"@id":"https:\/\/positiveprints.com\/sv\/#organization"},"potentialAction":[{"@type":"SearchAction","target":{"@type":"EntryPoint","urlTemplate":"https:\/\/positiveprints.com\/sv\/?s={search_term_string}"},"query-input":{"@type":"PropertyValueSpecification","valueRequired":true,"valueName":"search_term_string"}}],"inLanguage":"sv-SE"},{"@type":"Organization","@id":"https:\/\/positiveprints.com\/sv\/#organization","name":"Positive Prints","alternateName":"Positive Prints","url":"https:\/\/positiveprints.com\/sv\/","logo":{"@type":"ImageObject","inLanguage":"sv-SE","@id":"https:\/\/positiveprints.com\/sv\/#\/schema\/logo\/image\/","url":"https:\/\/positiveprints.com\/wp-content\/uploads\/2026\/03\/245815646_1337939713319158_5671353136411139666_n.png","contentUrl":"https:\/\/positiveprints.com\/wp-content\/uploads\/2026\/03\/245815646_1337939713319158_5671353136411139666_n.png","width":800,"height":800,"caption":"Positive Prints"},"image":{"@id":"https:\/\/positiveprints.com\/sv\/#\/schema\/logo\/image\/"},"sameAs":["https:\/\/www.facebook.com\/positiveprintscom","https:\/\/www.instagram.com\/positiveprintscom\/","https:\/\/www.tiktok.com\/@positiveprintscom","https:\/\/www.pinterest.com\/positiveprintscom\/"]}]}},"jetpack_sharing_enabled":true,"_links":{"self":[{"href":"https:\/\/positiveprints.com\/sv\/wp-json\/wp\/v2\/product\/625255","targetHints":{"allow":["GET"]}}],"collection":[{"href":"https:\/\/positiveprints.com\/sv\/wp-json\/wp\/v2\/product"}],"about":[{"href":"https:\/\/positiveprints.com\/sv\/wp-json\/wp\/v2\/types\/product"}],"wp:featuredmedia":[{"embeddable":true,"href":"https:\/\/positiveprints.com\/sv\/wp-json\/wp\/v2\/media\/652056"}],"wp:attachment":[{"href":"https:\/\/positiveprints.com\/sv\/wp-json\/wp\/v2\/media?parent=625255"}],"wp:term":[{"taxonomy":"product_brand","embeddable":true,"href":"https:\/\/positiveprints.com\/sv\/wp-json\/wp\/v2\/product_brand?post=625255"},{"taxonomy":"product_cat","embeddable":true,"href":"https:\/\/positiveprints.com\/sv\/wp-json\/wp\/v2\/product_cat?post=625255"},{"taxonomy":"product_tag","embeddable":true,"href":"https:\/\/positiveprints.com\/sv\/wp-json\/wp\/v2\/product_tag?post=625255"}],"curies":[{"name":"wp","href":"https:\/\/api.w.org\/{rel}","templated":true}]}}