{"id":624994,"date":"2023-05-31T13:23:14","date_gmt":"2023-05-31T12:23:14","guid":{"rendered":"https:\/\/positiveprints.com\/?post_type=product&#038;p=624994"},"modified":"2026-04-18T05:44:49","modified_gmt":"2026-04-18T04:44:49","slug":"stjarntecken-konst","status":"publish","type":"product","link":"https:\/\/positiveprints.com\/sv\/produkt\/stjarntecken-konst\/","title":{"rendered":"Konst av stj\u00e4rntecken"},"content":{"rendered":"<h2 class=\"grenB f24 cblue\" style=\"margin-top: 3rem\">Personlig konst med stj\u00e4rntecken f\u00f6r alla tillf\u00e4llen<\/h2>\r\n\r\n<p style=\"margin-top: 1rem\">Zodiac Sign Art \u00e4r en fantastisk present som du kan g\u00f6ra personlig f\u00f6r alla speciella tillf\u00e4llen. Om du k\u00e4nner n\u00e5gon som \u00e4lskar stj\u00e4rntecken och astrologi \u00e4r det h\u00e4r den perfekta presenten. Oavsett om det \u00e4r f\u00f6delsedag, jul eller bara f\u00f6r att, kommer Zodiac Sign Art att g\u00f6ra deras dag extra speciell. Med detta personliga tryck eller canvasduk kan du visa upp en vacker illustration av deras stj\u00e4rntecken eller konstellation, tillsammans med den anpassningsbara texten.<\/p>\r\n\r\n<h2 class=\"grenB f24 cblue\" style=\"margin-top: 3rem\">Enkelt och personligt skapande av konst<\/h2>\r\n\r\n<p style=\"margin-top: 1rem\">Att skapa din egen Zodiac Sign Art \u00e4r en barnlek med v\u00e5r anv\u00e4ndarv\u00e4nliga online-redigerare. Det \u00e4r s\u00e5 enkelt att anv\u00e4nda, \u00e4ven p\u00e5 din mobila enhet. B\u00f6rja helt enkelt med att v\u00e4lja stil och layout f\u00f6r ditt konstverk. Du kan v\u00e4lja en fantastisk bild av en stj\u00e4rnkonstellation eller en f\u00e4ngslande grafisk illustration av ett visst stj\u00e4rntecken. Om du k\u00e4nner dig kreativ kan du \u00e4ven leka med olika f\u00e4rger eller v\u00e4lja bland v\u00e5ra f\u00f6rdesignade f\u00e4rgscheman.<\/p>\r\n\r\n<p style=\"margin-top: 1rem\">D\u00e4refter kan du best\u00e4mma vilka element du vill inkludera i ditt tryck. Vill du ha information om f\u00f6delsestenen, den styrande planeten eller stj\u00e4rntecknets speciella symbol? Allt \u00e4r upp till dig! Och om du inte \u00e4r s\u00e4ker p\u00e5 vilket stj\u00e4rntecken som motsvarar ett visst f\u00f6delsedatum, oroa dig inte! Ange bara f\u00f6delsedatumet s\u00e5 visar v\u00e5r redakt\u00f6r tecknet f\u00f6r dig.<\/p>\r\n\r\n<p style=\"margin-top: 1rem\">N\u00e4r det g\u00e4ller att best\u00e4lla din Zodiac Sign Art erbjuder vi en m\u00e4ngd olika format och storlekar f\u00f6r att passa dina \u00f6nskem\u00e5l. Du kan v\u00e4lja mellan en tryckt eller inramad poster, en h\u00f6gkvalitativ canvasduk eller till och med en direkt digital nedladdning.<\/p>\r\n\r\n<h2 class=\"grenB f24 cblue\" style=\"margin-top: 3rem\">En speciell och meningsfull g\u00e5va f\u00f6r Zodiac Lovers<\/h2>\r\n\r\n<p style=\"margin-top: 1rem\">Zodiac Sign Art \u00e4r en omt\u00e4nksam g\u00e5va som verkligen visar att du bryr dig. Om du har n\u00e5gon speciell i ditt liv som \u00e4lskar att titta p\u00e5 stj\u00e4rnorna och fundera \u00f6ver universums mysterier, kommer denna g\u00e5va s\u00e4kert att f\u00e5 dem att le. Det \u00e4r en unik present som du inte hittar i vanliga butiker. Det b\u00e4sta av allt \u00e4r att det g\u00e5r snabbt och enkelt att skapa denna unika g\u00e5va tack vare v\u00e5r online-redakt\u00f6r. S\u00e5 varf\u00f6r v\u00e4nta? B\u00f6rja skapa din personliga Zodiac Sign Art idag och ge gl\u00e4dje till n\u00e5gons v\u00e4rld!<\/p>","protected":false},"excerpt":{"rendered":"<ul class=\"check-list\">\n<li>Visa din \u00e4lskades astrologiska personlighet och egenskaper med en affisch med stj\u00e4rntecken<\/li>\n<li>Uppt\u00e4ck de egenskaper som g\u00f6r ditt stj\u00e4rntecken speciellt<\/li>\n<li>V\u00e4lj en mall eller var kreativ<\/li>\n<li>Inkludera en meningsfull personlig text<\/li>\n<li>Se resultatet direkt \u2013 den interaktiva f\u00f6rhandsvisningen l\u00e5ter dig finjustera varje detalj<\/li>\n<\/ul>\n","protected":false},"featured_media":1527248,"template":"","meta":[],"product_brand":[],"product_cat":[15116,9031,9016,7459,8147,11584,11586,11587,11588,11645,11646,11647,11648],"product_tag":[8397],"class_list":{"0":"post-624994","1":"product","2":"type-product","3":"status-publish","4":"has-post-thumbnail","6":"product_cat-bestsellers-menu-sv","7":"product_cat-digitala-produkter","8":"product_cat-zodiac-sv","9":"product_cat-alla-produkter","10":"product_cat-creators-sv","11":"product_cat-18-arsdag","12":"product_cat-21-arsdag","13":"product_cat-30-arsdag","14":"product_cat-40-arsdag","15":"product_cat-50-arsdag","16":"product_cat-60-arsdag","17":"product_cat-70-arsdag","18":"product_cat-80-arsdag","19":"product_tag-creators-sv","21":"first","22":"instock","23":"sale","24":"taxable","25":"shipping-taxable","26":"purchasable","27":"product-type-variable"},"yoast_head":"<!-- This site is optimized with the Yoast SEO Premium plugin v27.2 (Yoast SEO v27.2) - https:\/\/yoast.com\/product\/yoast-seo-premium-wordpress\/ -->\n<title>Konst av stj\u00e4rntecken - positiva tryck<\/title>\n<meta name=\"description\" content=\"Sl\u00e4pp loss magin med Zodiac Sign Art - en perfekt present till astrologientusiaster. Fira deras unika personlighet med detta speciella konstverk som kommer att inspirera och sk\u00e4nka gl\u00e4dje.\" \/>\n<meta name=\"robots\" content=\"index, follow, max-snippet:-1, max-image-preview:large, max-video-preview:-1\" \/>\n<link rel=\"canonical\" href=\"https:\/\/positiveprints.com\/sv\/produkt\/stjarntecken-konst\/\" \/>\n<meta property=\"og:locale\" content=\"sv_SE\" \/>\n<meta property=\"og:type\" content=\"article\" \/>\n<meta property=\"og:title\" content=\"Konst av stj\u00e4rntecken\" \/>\n<meta property=\"og:description\" content=\"Visa din \u00e4lskades astrologiska personlighet och egenskaper med en affisch med stj\u00e4rntecken  Uppt\u00e4ck de egenskaper som g\u00f6r ditt stj\u00e4rntecken speciellt  V\u00e4lj en mall eller var kreativ  Inkludera en meningsfull personlig text  Se resultatet direkt \u2013 den interaktiva f\u00f6rhandsvisningen l\u00e5ter dig finjustera varje detalj\" \/>\n<meta property=\"og:url\" content=\"https:\/\/positiveprints.com\/sv\/produkt\/stjarntecken-konst\/\" \/>\n<meta property=\"og:site_name\" content=\"Positive Prints\" \/>\n<meta property=\"article:publisher\" content=\"https:\/\/www.facebook.com\/positiveprintscom\" \/>\n<meta property=\"article:modified_time\" content=\"2026-04-18T04:44:49+00:00\" \/>\n<meta property=\"og:image\" content=\"https:\/\/positiveprints.com\/wp-content\/uploads\/2023\/08\/Konst-av-stjarntecken.jpg\" \/>\n\t<meta property=\"og:image:width\" content=\"1080\" \/>\n\t<meta property=\"og:image:height\" content=\"1080\" \/>\n\t<meta property=\"og:image:type\" content=\"image\/jpeg\" \/>\n<meta name=\"twitter:card\" content=\"summary_large_image\" \/>\n<meta name=\"twitter:label1\" content=\"Ber\u00e4knad l\u00e4stid\" \/>\n\t<meta name=\"twitter:data1\" content=\"2 minut\" \/>\n<!-- \/ Yoast SEO Premium plugin. -->","yoast_head_json":{"title":"Konst av stj\u00e4rntecken - positiva tryck","description":"Sl\u00e4pp loss magin med Zodiac Sign Art - en perfekt present till astrologientusiaster. Fira deras unika personlighet med detta speciella konstverk som kommer att inspirera och sk\u00e4nka gl\u00e4dje.","robots":{"index":"index","follow":"follow","max-snippet":"max-snippet:-1","max-image-preview":"max-image-preview:large","max-video-preview":"max-video-preview:-1"},"canonical":"https:\/\/positiveprints.com\/sv\/produkt\/stjarntecken-konst\/","og_locale":"sv_SE","og_type":"article","og_title":"Konst av stj\u00e4rntecken","og_description":"Visa din \u00e4lskades astrologiska personlighet och egenskaper med en affisch med stj\u00e4rntecken  Uppt\u00e4ck de egenskaper som g\u00f6r ditt stj\u00e4rntecken speciellt  V\u00e4lj en mall eller var kreativ  Inkludera en meningsfull personlig text  Se resultatet direkt \u2013 den interaktiva f\u00f6rhandsvisningen l\u00e5ter dig finjustera varje detalj","og_url":"https:\/\/positiveprints.com\/sv\/produkt\/stjarntecken-konst\/","og_site_name":"Positive Prints","article_publisher":"https:\/\/www.facebook.com\/positiveprintscom","article_modified_time":"2026-04-18T04:44:49+00:00","og_image":[{"width":1080,"height":1080,"url":"https:\/\/positiveprints.com\/wp-content\/uploads\/2023\/08\/Konst-av-stjarntecken.jpg","type":"image\/jpeg"}],"twitter_card":"summary_large_image","twitter_misc":{"Ber\u00e4knad l\u00e4stid":"2 minut"},"schema":{"@context":"https:\/\/schema.org","@graph":[{"@type":["WebPage","ItemPage"],"@id":"https:\/\/positiveprints.com\/sv\/produkt\/stjarntecken-konst\/","url":"https:\/\/positiveprints.com\/sv\/produkt\/stjarntecken-konst\/","name":"Konst av stj\u00e4rntecken - positiva tryck","isPartOf":{"@id":"https:\/\/positiveprints.com\/sv\/#website"},"primaryImageOfPage":{"@id":"https:\/\/positiveprints.com\/sv\/produkt\/stjarntecken-konst\/#primaryimage"},"image":{"@id":"https:\/\/positiveprints.com\/sv\/produkt\/stjarntecken-konst\/#primaryimage"},"thumbnailUrl":"https:\/\/positiveprints.com\/wp-content\/uploads\/2025\/09\/Packshot_SE_Konst-av-stja\u0308rntecken.webp","datePublished":"2023-05-31T12:23:14+00:00","dateModified":"2026-04-18T04:44:49+00:00","description":"Sl\u00e4pp loss magin med Zodiac Sign Art - en perfekt present till astrologientusiaster. Fira deras unika personlighet med detta speciella konstverk som kommer att inspirera och sk\u00e4nka gl\u00e4dje.","breadcrumb":{"@id":"https:\/\/positiveprints.com\/sv\/produkt\/stjarntecken-konst\/#breadcrumb"},"inLanguage":"sv-SE","potentialAction":[{"@type":"ReadAction","target":["https:\/\/positiveprints.com\/sv\/produkt\/stjarntecken-konst\/"]}]},{"@type":"ImageObject","inLanguage":"sv-SE","@id":"https:\/\/positiveprints.com\/sv\/produkt\/stjarntecken-konst\/#primaryimage","url":"https:\/\/positiveprints.com\/wp-content\/uploads\/2025\/09\/Packshot_SE_Konst-av-stja\u0308rntecken.webp","contentUrl":"https:\/\/positiveprints.com\/wp-content\/uploads\/2025\/09\/Packshot_SE_Konst-av-stja\u0308rntecken.webp","width":1450,"height":1450},{"@type":"BreadcrumbList","@id":"https:\/\/positiveprints.com\/sv\/produkt\/stjarntecken-konst\/#breadcrumb","itemListElement":[{"@type":"ListItem","position":1,"name":"Home","item":"https:\/\/positiveprints.com\/sv\/"},{"@type":"ListItem","position":2,"name":"Produkter","item":"https:\/\/positiveprints.com\/sv\/shop\/"},{"@type":"ListItem","position":3,"name":"Konst av stj\u00e4rntecken"}]},{"@type":"WebSite","@id":"https:\/\/positiveprints.com\/sv\/#website","url":"https:\/\/positiveprints.com\/sv\/","name":"Positive Prints","description":"Amazing Custom Personalized Gifts","publisher":{"@id":"https:\/\/positiveprints.com\/sv\/#organization"},"potentialAction":[{"@type":"SearchAction","target":{"@type":"EntryPoint","urlTemplate":"https:\/\/positiveprints.com\/sv\/?s={search_term_string}"},"query-input":{"@type":"PropertyValueSpecification","valueRequired":true,"valueName":"search_term_string"}}],"inLanguage":"sv-SE"},{"@type":"Organization","@id":"https:\/\/positiveprints.com\/sv\/#organization","name":"Positive Prints","alternateName":"Positive Prints","url":"https:\/\/positiveprints.com\/sv\/","logo":{"@type":"ImageObject","inLanguage":"sv-SE","@id":"https:\/\/positiveprints.com\/sv\/#\/schema\/logo\/image\/","url":"https:\/\/positiveprints.com\/wp-content\/uploads\/2026\/03\/245815646_1337939713319158_5671353136411139666_n.png","contentUrl":"https:\/\/positiveprints.com\/wp-content\/uploads\/2026\/03\/245815646_1337939713319158_5671353136411139666_n.png","width":800,"height":800,"caption":"Positive Prints"},"image":{"@id":"https:\/\/positiveprints.com\/sv\/#\/schema\/logo\/image\/"},"sameAs":["https:\/\/www.facebook.com\/positiveprintscom","https:\/\/www.instagram.com\/positiveprintscom\/","https:\/\/www.tiktok.com\/@positiveprintscom","https:\/\/www.pinterest.com\/positiveprintscom\/"]}]}},"jetpack_sharing_enabled":true,"_links":{"self":[{"href":"https:\/\/positiveprints.com\/sv\/wp-json\/wp\/v2\/product\/624994","targetHints":{"allow":["GET"]}}],"collection":[{"href":"https:\/\/positiveprints.com\/sv\/wp-json\/wp\/v2\/product"}],"about":[{"href":"https:\/\/positiveprints.com\/sv\/wp-json\/wp\/v2\/types\/product"}],"wp:featuredmedia":[{"embeddable":true,"href":"https:\/\/positiveprints.com\/sv\/wp-json\/wp\/v2\/media\/1527248"}],"wp:attachment":[{"href":"https:\/\/positiveprints.com\/sv\/wp-json\/wp\/v2\/media?parent=624994"}],"wp:term":[{"taxonomy":"product_brand","embeddable":true,"href":"https:\/\/positiveprints.com\/sv\/wp-json\/wp\/v2\/product_brand?post=624994"},{"taxonomy":"product_cat","embeddable":true,"href":"https:\/\/positiveprints.com\/sv\/wp-json\/wp\/v2\/product_cat?post=624994"},{"taxonomy":"product_tag","embeddable":true,"href":"https:\/\/positiveprints.com\/sv\/wp-json\/wp\/v2\/product_tag?post=624994"}],"curies":[{"name":"wp","href":"https:\/\/api.w.org\/{rel}","templated":true}]}}