{"id":622864,"date":"2023-05-11T12:45:39","date_gmt":"2023-05-11T11:45:39","guid":{"rendered":"https:\/\/positiveprints.com\/product\/broder-brev-foto-collage\/"},"modified":"2026-04-28T14:20:05","modified_gmt":"2026-04-28T13:20:05","slug":"broder-brev-foto-collage","status":"publish","type":"product","link":"https:\/\/positiveprints.com\/sv\/produkt\/broder-brev-foto-collage\/","title":{"rendered":"Broder Brev Foto Collage"},"content":{"rendered":"&nbsp;\r\n<p style=\"margin-top: 1rem;\">A Brother Letter Photo Collage \u00e4r den perfekta <a href=\"https:\/\/positiveprints.com\/gifts-for-brother\/\">personliga presenten till din bror<\/a> som visar upp era k\u00e4ra stunder tillsammans. Oavsett om det \u00e4r till f\u00f6delsedag eller jul \u00e4r ett <a href=\"https:\/\/positiveprints.com\/product\/letter-photo-collage-2\/\">brevfotocollage<\/a> till din bror ett kreativt och unikt s\u00e4tt att uttrycka din k\u00e4rlek och uppskattning. V\u00e4lj ett personligt ord som &#8220;brother&#8221;, &#8220;bro&#8221; eller &#8220;amigo&#8221; och g\u00f6r varje bokstav med dina egna foton. Med o\u00e4ndliga m\u00f6jligheter kan du skapa ett estetiskt tilltalande och meningsfullt konstverk.<\/p>\r\n<p style=\"margin-top: 1rem;\">Det \u00e4r enkelt att g\u00f6ra ditt Brother Letter fotocollage. B\u00f6rja med att v\u00e4lja det ord som b\u00e4st representerar er relation. Ladda upp dina egna foton och v\u00e4lj vilka du vill anv\u00e4nda f\u00f6r varje bokstav. Du kan zooma in eller ut p\u00e5 varje foto och justera deras position s\u00e5 att de passar din vision. Anpassa ytterligare genom att l\u00e4gga till en personlig text nedan f\u00f6r den d\u00e4r speciella k\u00e4nslan. P\u00e5 Positive Prints har vi en m\u00e4ngd olika format- och storleksval, s\u00e5 att du kan v\u00e4lja det perfekta alternativet f\u00f6r ditt personliga konstverk. Tryckta och inramade posters, canvas och direktnedladdade digitala filer &#8211; alla med h\u00f6gkvalitativa, livfulla tryck.<\/p>\r\n<p style=\"margin-top: 1rem;\">Br\u00f6der delar ett band som inte liknar n\u00e5got annat, och de f\u00f6rtj\u00e4nar en unik och personlig g\u00e5va f\u00f6r att fira detta band. S\u00e5 varf\u00f6r inte skapa en riktigt speciell present med Brother Letter fotocollage? Din bror kommer att bli glad \u00f6ver att ha ett konstverk som f\u00f6rest\u00e4ller era b\u00e4sta stunder och han kommer alltid att h\u00e5lla det n\u00e4ra sitt hj\u00e4rta.<\/p>\r\n<p style=\"margin-top: 1rem;\">Skapa ett fotocollage med ett br\u00f6drabrev idag och visa din bror lite k\u00e4rlek! Det \u00e4r en unik och minnesv\u00e4rd g\u00e5va som du inte kan hitta n\u00e5gon annanstans. L\u00e5t oss hj\u00e4lpa dig att f\u00f6rverkliga din vision genom att best\u00e4lla ett fotocollage med personligt brev nu.<\/p>","protected":false},"excerpt":{"rendered":"<p>&nbsp;<\/p>\n<ul class=\"check-list\">\n<li>Inkludera en meningsfull personlig text<\/li>\n<li>Anpassa i 3 enkla steg<\/li>\n<li>V\u00e4lj en mall eller var kreativ<\/li>\n<li>Se effekten omedelbart &#8211; med den interaktiva f\u00f6rhandsgranskningen kan du f\u00f6rfina varje detalj<\/li>\n<\/ul>\n","protected":false},"featured_media":1668070,"template":"","meta":[],"product_brand":[],"product_cat":[9281,8973,7459,8108,11464,7630],"product_tag":[13460,17191,17100],"class_list":{"0":"post-622864","1":"product","2":"type-product","3":"status-publish","4":"has-post-thumbnail","6":"product_cat-bestsellers-label-sv","7":"product_cat-fotobrev","8":"product_cat-alla-produkter","9":"product_cat-julpresenter","10":"product_cat-julklappar-till-brodern","11":"product_cat-gavor-till-din-bror","12":"product_tag-julklappar-till-bror","13":"product_tag-present-till-bror","14":"product_tag-presenter-till-bror","16":"first","17":"instock","18":"sale","19":"taxable","20":"shipping-taxable","21":"purchasable","22":"product-type-variable"},"yoast_head":"<!-- This site is optimized with the Yoast SEO Premium plugin v27.2 (Yoast SEO v27.2) - https:\/\/yoast.com\/product\/yoast-seo-premium-wordpress\/ -->\n<title>Fotocollage med broderbrev - personlig g\u00e5va - positiva tryck<\/title>\n<meta name=\"description\" content=\"Fira din bror med en unik g\u00e5va! Skapa ett personligt fotocollage med brev fyllt med speciella minnen som han kommer att v\u00e4rna om f\u00f6r alltid.\" \/>\n<meta name=\"robots\" content=\"index, follow, max-snippet:-1, max-image-preview:large, max-video-preview:-1\" \/>\n<link rel=\"canonical\" href=\"https:\/\/positiveprints.com\/sv\/produkt\/broder-brev-foto-collage\/\" \/>\n<meta property=\"og:locale\" content=\"sv_SE\" \/>\n<meta property=\"og:type\" content=\"article\" \/>\n<meta property=\"og:title\" content=\"Broder Brev Foto Collage\" \/>\n<meta property=\"og:description\" content=\"&nbsp;   Inkludera en meningsfull personlig text  Anpassa i 3 enkla steg  V\u00e4lj en mall eller var kreativ  Se effekten omedelbart - med den interaktiva f\u00f6rhandsgranskningen kan du f\u00f6rfina varje detalj\" \/>\n<meta property=\"og:url\" content=\"https:\/\/positiveprints.com\/sv\/produkt\/broder-brev-foto-collage\/\" \/>\n<meta property=\"og:site_name\" content=\"Positive Prints\" \/>\n<meta property=\"article:publisher\" content=\"https:\/\/www.facebook.com\/positiveprintscom\" \/>\n<meta property=\"article:modified_time\" content=\"2026-04-28T13:20:05+00:00\" \/>\n<meta property=\"og:image\" content=\"https:\/\/positiveprints.com\/wp-content\/uploads\/2025\/03\/Broder-Brev-Foto-Collage-1.webp\" \/>\n\t<meta property=\"og:image:width\" content=\"1450\" \/>\n\t<meta property=\"og:image:height\" content=\"1450\" \/>\n\t<meta property=\"og:image:type\" content=\"image\/webp\" \/>\n<meta name=\"twitter:card\" content=\"summary_large_image\" \/>\n<!-- \/ Yoast SEO Premium plugin. -->","yoast_head_json":{"title":"Fotocollage med broderbrev - personlig g\u00e5va - positiva tryck","description":"Fira din bror med en unik g\u00e5va! Skapa ett personligt fotocollage med brev fyllt med speciella minnen som han kommer att v\u00e4rna om f\u00f6r alltid.","robots":{"index":"index","follow":"follow","max-snippet":"max-snippet:-1","max-image-preview":"max-image-preview:large","max-video-preview":"max-video-preview:-1"},"canonical":"https:\/\/positiveprints.com\/sv\/produkt\/broder-brev-foto-collage\/","og_locale":"sv_SE","og_type":"article","og_title":"Broder Brev Foto Collage","og_description":"&nbsp;   Inkludera en meningsfull personlig text  Anpassa i 3 enkla steg  V\u00e4lj en mall eller var kreativ  Se effekten omedelbart - med den interaktiva f\u00f6rhandsgranskningen kan du f\u00f6rfina varje detalj","og_url":"https:\/\/positiveprints.com\/sv\/produkt\/broder-brev-foto-collage\/","og_site_name":"Positive Prints","article_publisher":"https:\/\/www.facebook.com\/positiveprintscom","article_modified_time":"2026-04-28T13:20:05+00:00","og_image":[{"width":1450,"height":1450,"url":"https:\/\/positiveprints.com\/wp-content\/uploads\/2025\/03\/Broder-Brev-Foto-Collage-1.webp","type":"image\/webp"}],"twitter_card":"summary_large_image","schema":{"@context":"https:\/\/schema.org","@graph":[{"@type":["WebPage","ItemPage"],"@id":"https:\/\/positiveprints.com\/sv\/produkt\/broder-brev-foto-collage\/","url":"https:\/\/positiveprints.com\/sv\/produkt\/broder-brev-foto-collage\/","name":"Fotocollage med broderbrev - personlig g\u00e5va - positiva tryck","isPartOf":{"@id":"https:\/\/positiveprints.com\/sv\/#website"},"primaryImageOfPage":{"@id":"https:\/\/positiveprints.com\/sv\/produkt\/broder-brev-foto-collage\/#primaryimage"},"image":{"@id":"https:\/\/positiveprints.com\/sv\/produkt\/broder-brev-foto-collage\/#primaryimage"},"thumbnailUrl":"https:\/\/positiveprints.com\/wp-content\/uploads\/2026\/03\/Brother_EN-packshot-.webp","datePublished":"2023-05-11T11:45:39+00:00","dateModified":"2026-04-28T13:20:05+00:00","description":"Fira din bror med en unik g\u00e5va! Skapa ett personligt fotocollage med brev fyllt med speciella minnen som han kommer att v\u00e4rna om f\u00f6r alltid.","breadcrumb":{"@id":"https:\/\/positiveprints.com\/sv\/produkt\/broder-brev-foto-collage\/#breadcrumb"},"inLanguage":"sv-SE","potentialAction":[{"@type":"ReadAction","target":["https:\/\/positiveprints.com\/sv\/produkt\/broder-brev-foto-collage\/"]}]},{"@type":"ImageObject","inLanguage":"sv-SE","@id":"https:\/\/positiveprints.com\/sv\/produkt\/broder-brev-foto-collage\/#primaryimage","url":"https:\/\/positiveprints.com\/wp-content\/uploads\/2026\/03\/Brother_EN-packshot-.webp","contentUrl":"https:\/\/positiveprints.com\/wp-content\/uploads\/2026\/03\/Brother_EN-packshot-.webp","width":1450,"height":1450},{"@type":"BreadcrumbList","@id":"https:\/\/positiveprints.com\/sv\/produkt\/broder-brev-foto-collage\/#breadcrumb","itemListElement":[{"@type":"ListItem","position":1,"name":"Home","item":"https:\/\/positiveprints.com\/sv\/"},{"@type":"ListItem","position":2,"name":"Produkter","item":"https:\/\/positiveprints.com\/sv\/shop\/"},{"@type":"ListItem","position":3,"name":"Broder Brev Foto Collage"}]},{"@type":"WebSite","@id":"https:\/\/positiveprints.com\/sv\/#website","url":"https:\/\/positiveprints.com\/sv\/","name":"Positive Prints","description":"Amazing Custom Personalized Gifts","publisher":{"@id":"https:\/\/positiveprints.com\/sv\/#organization"},"potentialAction":[{"@type":"SearchAction","target":{"@type":"EntryPoint","urlTemplate":"https:\/\/positiveprints.com\/sv\/?s={search_term_string}"},"query-input":{"@type":"PropertyValueSpecification","valueRequired":true,"valueName":"search_term_string"}}],"inLanguage":"sv-SE"},{"@type":"Organization","@id":"https:\/\/positiveprints.com\/sv\/#organization","name":"Positive Prints","alternateName":"Positive Prints","url":"https:\/\/positiveprints.com\/sv\/","logo":{"@type":"ImageObject","inLanguage":"sv-SE","@id":"https:\/\/positiveprints.com\/sv\/#\/schema\/logo\/image\/","url":"https:\/\/positiveprints.com\/wp-content\/uploads\/2026\/03\/245815646_1337939713319158_5671353136411139666_n.png","contentUrl":"https:\/\/positiveprints.com\/wp-content\/uploads\/2026\/03\/245815646_1337939713319158_5671353136411139666_n.png","width":800,"height":800,"caption":"Positive Prints"},"image":{"@id":"https:\/\/positiveprints.com\/sv\/#\/schema\/logo\/image\/"},"sameAs":["https:\/\/www.facebook.com\/positiveprintscom","https:\/\/www.instagram.com\/positiveprintscom\/","https:\/\/www.tiktok.com\/@positiveprintscom","https:\/\/www.pinterest.com\/positiveprintscom\/"]}]}},"jetpack_sharing_enabled":true,"_links":{"self":[{"href":"https:\/\/positiveprints.com\/sv\/wp-json\/wp\/v2\/product\/622864","targetHints":{"allow":["GET"]}}],"collection":[{"href":"https:\/\/positiveprints.com\/sv\/wp-json\/wp\/v2\/product"}],"about":[{"href":"https:\/\/positiveprints.com\/sv\/wp-json\/wp\/v2\/types\/product"}],"wp:featuredmedia":[{"embeddable":true,"href":"https:\/\/positiveprints.com\/sv\/wp-json\/wp\/v2\/media\/1668070"}],"wp:attachment":[{"href":"https:\/\/positiveprints.com\/sv\/wp-json\/wp\/v2\/media?parent=622864"}],"wp:term":[{"taxonomy":"product_brand","embeddable":true,"href":"https:\/\/positiveprints.com\/sv\/wp-json\/wp\/v2\/product_brand?post=622864"},{"taxonomy":"product_cat","embeddable":true,"href":"https:\/\/positiveprints.com\/sv\/wp-json\/wp\/v2\/product_cat?post=622864"},{"taxonomy":"product_tag","embeddable":true,"href":"https:\/\/positiveprints.com\/sv\/wp-json\/wp\/v2\/product_tag?post=622864"}],"curies":[{"name":"wp","href":"https:\/\/api.w.org\/{rel}","templated":true}]}}