{"id":622858,"date":"2023-05-11T10:41:07","date_gmt":"2023-05-11T09:41:07","guid":{"rendered":"https:\/\/positiveprints.com\/product\/systerbrev-fotocollage\/"},"modified":"2026-04-28T14:20:11","modified_gmt":"2026-04-28T13:20:11","slug":"systerbrev-fotocollage","status":"publish","type":"product","link":"https:\/\/positiveprints.com\/sv\/produkt\/systerbrev-fotocollage\/","title":{"rendered":"Systerbrev Fotocollage"},"content":{"rendered":"<p style=\"margin-top: 1rem\">Med A Sister Letter Photo Collage kan du skapa en personlig och unik <a href=\"https:\/\/positiveprints.com\/gifts-for-sister\/\">present till din sy<\/a>ster. Oavsett om det \u00e4r till hennes f\u00f6delsedag, jul eller bara f\u00f6r att, \u00e4r ett fotocollage med systerbrev ett vackert s\u00e4tt att visa upp k\u00e4ra minnen. Du kan v\u00e4lja ett ord som b\u00e4st representerar relationen mellan dig och din syster, eller helt enkelt stava &#8220;syster&#8221; eller &#8220;sis&#8221;. M\u00f6jligheterna \u00e4r o\u00e4ndliga och det \u00e4r helt upp till dig hur kreativ du vill vara. Varje bokstav i collaget best\u00e5r av dina egna foton, vilket g\u00f6r det till en unik g\u00e5va.<\/p>\r\n          \r\n\r\n          \r\n\r\n          \r\n\r\n          <p style=\"margin-top: 1rem\">Det \u00e4r enkelt att g\u00f6ra ett fotocollage med systerbrev med v\u00e5r steg-f\u00f6r-steg-process. V\u00e4lj f\u00f6rst det ord du vill anv\u00e4nda till ditt collage. Du kan anpassa den \u00e4nnu mer utifr\u00e5n dina preferenser och din smak. Ladda sedan upp dina egna foton och v\u00e4lj de foton som du vill anv\u00e4nda f\u00f6r varje bokstav. Du kan zooma in eller ut p\u00e5 varje foto och justera deras position efter dina \u00f6nskem\u00e5l.<\/p>\r\n          \r\n\r\n          \r\n\r\n          \r\n\r\n          <p style=\"margin-top: 1rem\">N\u00e4r du \u00e4r n\u00f6jd med layouten p\u00e5 ditt fotocollage med systerbokst\u00e4ver l\u00e4gger du till ett personligt meddelande under bokst\u00e4verna. Detta \u00e4r ett utm\u00e4rkt s\u00e4tt att ge din g\u00e5va en personlig touch och f\u00f6rmedla en innerlig k\u00e4nsla. N\u00e4r du har slutf\u00f6rt det h\u00e4r steget kan du v\u00e4lja det perfekta formatet och storleken f\u00f6r din Sister Letter Photo Collage. Tryckta posters, inramade posters, canvas och direktnedladdade digitala filer \u00e4r alla tillg\u00e4ngliga alternativ. P\u00e5 nolltid har du en unik present.<\/p>\r\n          \r\n\r\n          \r\n\r\n          \r\n\r\n          <p style=\"margin-top: 1rem\">Systrar \u00e4r ofta de n\u00e4rmaste band som m\u00e4nniskor delar i sina liv och f\u00f6rtj\u00e4nar inget annat \u00e4n det b\u00e4sta. S\u00e5 varf\u00f6r inte skapa ett minnesv\u00e4rt och otroligt unikt konstverk med Sister Letter Photo Collage? Det kommer att f\u00e5 din syster att k\u00e4nna sig speciell och \u00e4lskad. Best\u00e4ll d\u00e4rf\u00f6r ett systerbrev fotocollage idag och ge den perfekta g\u00e5van som kommer att vara f\u00f6r evigt.<\/p>","protected":false},"excerpt":{"rendered":"<p>&nbsp;<\/p>\n<ul class=\"check-list\">\n<li>Inkludera en meningsfull personlig text<\/li>\n<li>Anpassa i 3 enkla steg<\/li>\n<li>V\u00e4lj en mall eller var kreativ<\/li>\n<li>Se resultatet direkt \u2013 den interaktiva f\u00f6rhandsvisningen l\u00e5ter dig finjustera varje detalj<\/li>\n<\/ul>\n","protected":false},"featured_media":1669934,"template":"","meta":[],"product_brand":[],"product_cat":[9281,8973,7459,8108,11476,7743],"product_tag":[13430,12774,12775,12773],"class_list":{"0":"post-622858","1":"product","2":"type-product","3":"status-publish","4":"has-post-thumbnail","6":"product_cat-bestsellers-label-sv","7":"product_cat-fotobrev","8":"product_cat-alla-produkter","9":"product_cat-julpresenter","10":"product_cat-julklappar-till-systern","11":"product_cat-gavor-till-en-syster","12":"product_tag-julklapp-till-syster","13":"product_tag-present-till-syster","14":"product_tag-presenter-till-syster","15":"product_tag-syster","17":"first","18":"instock","19":"sale","20":"taxable","21":"shipping-taxable","22":"purchasable","23":"product-type-variable"},"yoast_head":"<!-- This site is optimized with the Yoast SEO Premium plugin v27.2 (Yoast SEO v27.2) - https:\/\/yoast.com\/product\/yoast-seo-premium-wordpress\/ -->\n<title>Fotocollage med systerbrev - personlig g\u00e5va - positiva tryckSysterbrev Fotocollage<\/title>\n<meta name=\"description\" content=\"\u00d6verraska din syster med en hj\u00e4rtlig g\u00e5va! Designa ett personligt fotocollage med brev fyllt med dina favorit\u00f6gonblick tillsammans.\" \/>\n<meta name=\"robots\" content=\"index, follow, max-snippet:-1, max-image-preview:large, max-video-preview:-1\" \/>\n<link rel=\"canonical\" href=\"https:\/\/positiveprints.com\/sv\/produkt\/systerbrev-fotocollage\/\" \/>\n<meta property=\"og:locale\" content=\"sv_SE\" \/>\n<meta property=\"og:type\" content=\"article\" \/>\n<meta property=\"og:title\" content=\"Systerbrev Fotocollage\" \/>\n<meta property=\"og:description\" content=\"&nbsp;     Inkludera en meningsfull personlig text  Anpassa i 3 enkla steg  V\u00e4lj en mall eller var kreativ  Se resultatet direkt \u2013 den interaktiva f\u00f6rhandsvisningen l\u00e5ter dig finjustera varje detalj\" \/>\n<meta property=\"og:url\" content=\"https:\/\/positiveprints.com\/sv\/produkt\/systerbrev-fotocollage\/\" \/>\n<meta property=\"og:site_name\" content=\"Positive Prints\" \/>\n<meta property=\"article:publisher\" content=\"https:\/\/www.facebook.com\/positiveprintscom\" \/>\n<meta property=\"article:modified_time\" content=\"2026-04-28T13:20:11+00:00\" \/>\n<meta property=\"og:image\" content=\"https:\/\/positiveprints.com\/wp-content\/uploads\/2025\/03\/Systerbrev-Fotocollage-1-1.webp\" \/>\n\t<meta property=\"og:image:width\" content=\"1450\" \/>\n\t<meta property=\"og:image:height\" content=\"1450\" \/>\n\t<meta property=\"og:image:type\" content=\"image\/webp\" \/>\n<meta name=\"twitter:card\" content=\"summary_large_image\" \/>\n<!-- \/ Yoast SEO Premium plugin. -->","yoast_head_json":{"title":"Fotocollage med systerbrev - personlig g\u00e5va - positiva tryckSysterbrev Fotocollage","description":"\u00d6verraska din syster med en hj\u00e4rtlig g\u00e5va! Designa ett personligt fotocollage med brev fyllt med dina favorit\u00f6gonblick tillsammans.","robots":{"index":"index","follow":"follow","max-snippet":"max-snippet:-1","max-image-preview":"max-image-preview:large","max-video-preview":"max-video-preview:-1"},"canonical":"https:\/\/positiveprints.com\/sv\/produkt\/systerbrev-fotocollage\/","og_locale":"sv_SE","og_type":"article","og_title":"Systerbrev Fotocollage","og_description":"&nbsp;     Inkludera en meningsfull personlig text  Anpassa i 3 enkla steg  V\u00e4lj en mall eller var kreativ  Se resultatet direkt \u2013 den interaktiva f\u00f6rhandsvisningen l\u00e5ter dig finjustera varje detalj","og_url":"https:\/\/positiveprints.com\/sv\/produkt\/systerbrev-fotocollage\/","og_site_name":"Positive Prints","article_publisher":"https:\/\/www.facebook.com\/positiveprintscom","article_modified_time":"2026-04-28T13:20:11+00:00","og_image":[{"width":1450,"height":1450,"url":"https:\/\/positiveprints.com\/wp-content\/uploads\/2025\/03\/Systerbrev-Fotocollage-1-1.webp","type":"image\/webp"}],"twitter_card":"summary_large_image","schema":{"@context":"https:\/\/schema.org","@graph":[{"@type":["WebPage","ItemPage"],"@id":"https:\/\/positiveprints.com\/sv\/produkt\/systerbrev-fotocollage\/","url":"https:\/\/positiveprints.com\/sv\/produkt\/systerbrev-fotocollage\/","name":"Fotocollage med systerbrev - personlig g\u00e5va - positiva tryckSysterbrev Fotocollage","isPartOf":{"@id":"https:\/\/positiveprints.com\/sv\/#website"},"primaryImageOfPage":{"@id":"https:\/\/positiveprints.com\/sv\/produkt\/systerbrev-fotocollage\/#primaryimage"},"image":{"@id":"https:\/\/positiveprints.com\/sv\/produkt\/systerbrev-fotocollage\/#primaryimage"},"thumbnailUrl":"https:\/\/positiveprints.com\/wp-content\/uploads\/2026\/03\/Sister_EN_black.webp","datePublished":"2023-05-11T09:41:07+00:00","dateModified":"2026-04-28T13:20:11+00:00","description":"\u00d6verraska din syster med en hj\u00e4rtlig g\u00e5va! Designa ett personligt fotocollage med brev fyllt med dina favorit\u00f6gonblick tillsammans.","breadcrumb":{"@id":"https:\/\/positiveprints.com\/sv\/produkt\/systerbrev-fotocollage\/#breadcrumb"},"inLanguage":"sv-SE","potentialAction":[{"@type":"ReadAction","target":["https:\/\/positiveprints.com\/sv\/produkt\/systerbrev-fotocollage\/"]}]},{"@type":"ImageObject","inLanguage":"sv-SE","@id":"https:\/\/positiveprints.com\/sv\/produkt\/systerbrev-fotocollage\/#primaryimage","url":"https:\/\/positiveprints.com\/wp-content\/uploads\/2026\/03\/Sister_EN_black.webp","contentUrl":"https:\/\/positiveprints.com\/wp-content\/uploads\/2026\/03\/Sister_EN_black.webp","width":1450,"height":1450},{"@type":"BreadcrumbList","@id":"https:\/\/positiveprints.com\/sv\/produkt\/systerbrev-fotocollage\/#breadcrumb","itemListElement":[{"@type":"ListItem","position":1,"name":"Home","item":"https:\/\/positiveprints.com\/sv\/"},{"@type":"ListItem","position":2,"name":"Produkter","item":"https:\/\/positiveprints.com\/sv\/shop\/"},{"@type":"ListItem","position":3,"name":"Systerbrev Fotocollage"}]},{"@type":"WebSite","@id":"https:\/\/positiveprints.com\/sv\/#website","url":"https:\/\/positiveprints.com\/sv\/","name":"Positive Prints","description":"Amazing Custom Personalized Gifts","publisher":{"@id":"https:\/\/positiveprints.com\/sv\/#organization"},"potentialAction":[{"@type":"SearchAction","target":{"@type":"EntryPoint","urlTemplate":"https:\/\/positiveprints.com\/sv\/?s={search_term_string}"},"query-input":{"@type":"PropertyValueSpecification","valueRequired":true,"valueName":"search_term_string"}}],"inLanguage":"sv-SE"},{"@type":"Organization","@id":"https:\/\/positiveprints.com\/sv\/#organization","name":"Positive Prints","alternateName":"Positive Prints","url":"https:\/\/positiveprints.com\/sv\/","logo":{"@type":"ImageObject","inLanguage":"sv-SE","@id":"https:\/\/positiveprints.com\/sv\/#\/schema\/logo\/image\/","url":"https:\/\/positiveprints.com\/wp-content\/uploads\/2026\/03\/245815646_1337939713319158_5671353136411139666_n.png","contentUrl":"https:\/\/positiveprints.com\/wp-content\/uploads\/2026\/03\/245815646_1337939713319158_5671353136411139666_n.png","width":800,"height":800,"caption":"Positive Prints"},"image":{"@id":"https:\/\/positiveprints.com\/sv\/#\/schema\/logo\/image\/"},"sameAs":["https:\/\/www.facebook.com\/positiveprintscom","https:\/\/www.instagram.com\/positiveprintscom\/","https:\/\/www.tiktok.com\/@positiveprintscom","https:\/\/www.pinterest.com\/positiveprintscom\/"]}]}},"jetpack_sharing_enabled":true,"_links":{"self":[{"href":"https:\/\/positiveprints.com\/sv\/wp-json\/wp\/v2\/product\/622858","targetHints":{"allow":["GET"]}}],"collection":[{"href":"https:\/\/positiveprints.com\/sv\/wp-json\/wp\/v2\/product"}],"about":[{"href":"https:\/\/positiveprints.com\/sv\/wp-json\/wp\/v2\/types\/product"}],"wp:featuredmedia":[{"embeddable":true,"href":"https:\/\/positiveprints.com\/sv\/wp-json\/wp\/v2\/media\/1669934"}],"wp:attachment":[{"href":"https:\/\/positiveprints.com\/sv\/wp-json\/wp\/v2\/media?parent=622858"}],"wp:term":[{"taxonomy":"product_brand","embeddable":true,"href":"https:\/\/positiveprints.com\/sv\/wp-json\/wp\/v2\/product_brand?post=622858"},{"taxonomy":"product_cat","embeddable":true,"href":"https:\/\/positiveprints.com\/sv\/wp-json\/wp\/v2\/product_cat?post=622858"},{"taxonomy":"product_tag","embeddable":true,"href":"https:\/\/positiveprints.com\/sv\/wp-json\/wp\/v2\/product_tag?post=622858"}],"curies":[{"name":"wp","href":"https:\/\/api.w.org\/{rel}","templated":true}]}}