{"id":622839,"date":"2023-05-11T09:03:07","date_gmt":"2023-06-19T14:14:39","guid":{"rendered":"https:\/\/positiveprints.com\/product\/hembrev-fotocollage\/"},"modified":"2026-04-03T03:16:16","modified_gmt":"2026-04-03T02:16:16","slug":"hem-brev-foto-collage","status":"publish","type":"product","link":"https:\/\/positiveprints.com\/sv\/produkt\/hem-brev-foto-collage\/","title":{"rendered":"Hembrev Fotocollage"},"content":{"rendered":"<p style=\"margin-top: 1rem\">Ett fotocollage med hembrev \u00e4r den perfekta personliga presenten f\u00f6r alla tillf\u00e4llen. Oavsett om du \u00e4r ute efter en <a href=\"https:\/\/positiveprints.com\/housewarming-gifts\/\">inflyttningspresent<\/a> eller ett speciellt minne till en \u00e4lskad person \u00e4r detta kreativa och unika collage ett vackert s\u00e4tt att visa upp uppskattade foton och konstverk. Med Home Letter Photo Collages kan du vara s\u00e5 kreativ och personlig som du vill. Genom att v\u00e4lja ett speciellt ord eller en upps\u00e4ttning bokst\u00e4ver som &#8220;Hem&#8221;, &#8220;Familj&#8221;, &#8220;V\u00e4lkommen&#8221; eller till och med hus\u00e4garnas initialer kan du skapa ett unikt minne som p\u00e5 ett perfekt s\u00e4tt f\u00e5ngar hemmets innersta v\u00e4sen. Det breda utbudet av m\u00f6jligheter inneb\u00e4r att du kan l\u00e5ta fantasin fl\u00f6da och skapa ett visuellt imponerande och meningsfullt konstverk som f\u00e5r vem som helst att k\u00e4nna sig speciell.<\/p>\r\n          \r\n\r\n          \r\n\r\n          \r\n\r\n          <p style=\"margin-top: 1rem\">Det \u00e4r enkelt att g\u00f6ra ett fotocollage med hembrev. Steg-f\u00f6r-steg-processen p\u00e5 v\u00e5r plattform g\u00f6r att du kan ladda upp dina egna foton och v\u00e4lja den perfekta konturf\u00e4rgen som kompletterar dina foton. Du kan ocks\u00e5 l\u00e4gga till ett personligt meddelande till collaget och g\u00f6ra det till en best\u00e5ende minnessak. Dessutom kan du ta ditt <a href=\"https:\/\/positiveprints.com\/product\/letter-photo-collage-2\/\">brevfotocollage<\/a> till n\u00e4sta niv\u00e5 med v\u00e5ra redigeringsverktyg. Du kan zooma, bl\u00e4ddra och flytta fotot f\u00f6r att justera dess position innan du g\u00f6r ditt collage.<\/p>\r\n          \r\n\r\n          \r\n\r\n          \r\n\r\n          <p style=\"margin-top: 1rem\">N\u00e4r du \u00e4r klar med din design kan du v\u00e4lja den perfekta storleken och formatet f\u00f6r ditt Home Letter Photo Collage. Du kan f\u00e5 den utskriven i olika storlekar eller som en direkt digital nedladdning. Den \u00e4r ett utm\u00e4rkt tillskott till vardagsrummet, sovrummet eller hallen. Oavsett om du ger bort den som inflyttningspresent eller som en unik och personlig v\u00e4ggkonst, kommer Home Letter Photo Collage garanterat att gl\u00e4dja dig. Det \u00e4r ett vackert och meningsfullt s\u00e4tt att minnas ett speciellt \u00f6gonblick i livet.<\/p>\r\n          \r\n\r\n          \r\n\r\n          \r\n\r\n          <p style=\"margin-top: 1rem\">Sammanfattningsvis, ge dina v\u00e4nner, familj och n\u00e4ra och k\u00e4ra det perfekta personliga Home Letter Photo Collage. Det \u00e4r ett unikt och minnesv\u00e4rt s\u00e4tt att visa upp k\u00e4ra minnen, och med s\u00e5 m\u00e5nga m\u00f6jligheter \u00e4r alternativen o\u00e4ndliga. Oavsett om du vill fira ett speciellt \u00f6gonblick eller bara skapa ett minne f\u00f6r n\u00e5gon du \u00e4lskar, kommer detta personliga tryck s\u00e4kert att uppskattas i m\u00e5nga \u00e5r fram\u00f6ver.<\/p>","protected":false},"excerpt":{"rendered":"\n<ul class=\"check-list\">\n<li>F\u00e5 ditt hus att k\u00e4nnas som hemma och ge varje rum en touch av v\u00e4rme och personlighet med dina favoritminnen<\/li>\n<li>Anpassa i 3 enkla steg<\/li>\n<li>V\u00e4lj en mall eller var kreativ<\/li>\n<li>Se resultatet direkt \u2013 den interaktiva f\u00f6rhandsvisningen l\u00e5ter dig finjustera varje detalj<\/li>\n<\/ul>\n","protected":false},"featured_media":1283630,"template":"","meta":[],"product_brand":[],"product_cat":[7459,7694,8014,8973,8119],"product_tag":[15013,8512],"class_list":{"0":"post-622839","1":"product","2":"type-product","3":"status-publish","4":"has-post-thumbnail","6":"product_cat-alla-produkter","7":"product_cat-gavor-for-kvinnor","8":"product_cat-gavor-for-man","9":"product_cat-fotobrev","10":"product_cat-inflyttningspresenter-presenttillfallen","11":"product_tag-housewarming-sv-2","12":"product_tag-housewarming-sv","14":"first","15":"instock","16":"sale","17":"taxable","18":"shipping-taxable","19":"purchasable","20":"product-type-variable"},"yoast_head":"<!-- This site is optimized with the Yoast SEO Premium plugin v27.2 (Yoast SEO v27.2) - https:\/\/yoast.com\/product\/yoast-seo-premium-wordpress\/ -->\n<title>Fotocollage med brev fr\u00e5n hemmet - personlig g\u00e5va - positiva tryck<\/title>\n<meta name=\"description\" content=\"Letar du efter en inflyttningspresent eller ett speciellt minne till en \u00e4lskad person? Med Home Letter Photo Collages kan du vara s\u00e5 kreativ och personlig som du vill.\" \/>\n<meta name=\"robots\" content=\"index, follow, max-snippet:-1, max-image-preview:large, max-video-preview:-1\" \/>\n<link rel=\"canonical\" href=\"https:\/\/positiveprints.com\/sv\/produkt\/hem-brev-foto-collage\/\" \/>\n<meta property=\"og:locale\" content=\"sv_SE\" \/>\n<meta property=\"og:type\" content=\"article\" \/>\n<meta property=\"og:title\" content=\"Hembrev Fotocollage\" \/>\n<meta property=\"og:description\" content=\"F\u00e5 ditt hus att k\u00e4nnas som hemma och ge varje rum en touch av v\u00e4rme och personlighet med dina favoritminnen               Anpassa i 3 enkla steg               V\u00e4lj en mall eller var kreativ               Se resultatet direkt \u2013 den interaktiva f\u00f6rhandsvisningen l\u00e5ter dig finjustera varje detalj\" \/>\n<meta property=\"og:url\" content=\"https:\/\/positiveprints.com\/sv\/produkt\/hem-brev-foto-collage\/\" \/>\n<meta property=\"og:site_name\" content=\"Positive Prints\" \/>\n<meta property=\"article:publisher\" content=\"https:\/\/www.facebook.com\/positiveprintscom\" \/>\n<meta property=\"article:modified_time\" content=\"2026-04-03T02:16:16+00:00\" \/>\n<meta property=\"og:image\" content=\"https:\/\/positiveprints.com\/wp-content\/uploads\/2024\/11\/Packshot_SE_Home-Letter-Photo-Collage-product-image.webp\" \/>\n\t<meta property=\"og:image:width\" content=\"1450\" \/>\n\t<meta property=\"og:image:height\" content=\"1450\" \/>\n\t<meta property=\"og:image:type\" content=\"image\/webp\" \/>\n<meta name=\"twitter:card\" content=\"summary_large_image\" \/>\n<meta name=\"twitter:label1\" content=\"Ber\u00e4knad l\u00e4stid\" \/>\n\t<meta name=\"twitter:data1\" content=\"2 minut\" \/>\n<!-- \/ Yoast SEO Premium plugin. -->","yoast_head_json":{"title":"Fotocollage med brev fr\u00e5n hemmet - personlig g\u00e5va - positiva tryck","description":"Letar du efter en inflyttningspresent eller ett speciellt minne till en \u00e4lskad person? Med Home Letter Photo Collages kan du vara s\u00e5 kreativ och personlig som du vill.","robots":{"index":"index","follow":"follow","max-snippet":"max-snippet:-1","max-image-preview":"max-image-preview:large","max-video-preview":"max-video-preview:-1"},"canonical":"https:\/\/positiveprints.com\/sv\/produkt\/hem-brev-foto-collage\/","og_locale":"sv_SE","og_type":"article","og_title":"Hembrev Fotocollage","og_description":"F\u00e5 ditt hus att k\u00e4nnas som hemma och ge varje rum en touch av v\u00e4rme och personlighet med dina favoritminnen               Anpassa i 3 enkla steg               V\u00e4lj en mall eller var kreativ               Se resultatet direkt \u2013 den interaktiva f\u00f6rhandsvisningen l\u00e5ter dig finjustera varje detalj","og_url":"https:\/\/positiveprints.com\/sv\/produkt\/hem-brev-foto-collage\/","og_site_name":"Positive Prints","article_publisher":"https:\/\/www.facebook.com\/positiveprintscom","article_modified_time":"2026-04-03T02:16:16+00:00","og_image":[{"width":1450,"height":1450,"url":"https:\/\/positiveprints.com\/wp-content\/uploads\/2024\/11\/Packshot_SE_Home-Letter-Photo-Collage-product-image.webp","type":"image\/webp"}],"twitter_card":"summary_large_image","twitter_misc":{"Ber\u00e4knad l\u00e4stid":"2 minut"},"schema":{"@context":"https:\/\/schema.org","@graph":[{"@type":["WebPage","ItemPage"],"@id":"https:\/\/positiveprints.com\/sv\/produkt\/hem-brev-foto-collage\/","url":"https:\/\/positiveprints.com\/sv\/produkt\/hem-brev-foto-collage\/","name":"Fotocollage med brev fr\u00e5n hemmet - personlig g\u00e5va - positiva tryck","isPartOf":{"@id":"https:\/\/positiveprints.com\/sv\/#website"},"primaryImageOfPage":{"@id":"https:\/\/positiveprints.com\/sv\/produkt\/hem-brev-foto-collage\/#primaryimage"},"image":{"@id":"https:\/\/positiveprints.com\/sv\/produkt\/hem-brev-foto-collage\/#primaryimage"},"thumbnailUrl":"https:\/\/positiveprints.com\/wp-content\/uploads\/2024\/11\/Packshot_SE_Home-Letter-Photo-Collage-product-image.webp","datePublished":"2023-06-19T14:14:39+00:00","dateModified":"2026-04-03T02:16:16+00:00","description":"Letar du efter en inflyttningspresent eller ett speciellt minne till en \u00e4lskad person? Med Home Letter Photo Collages kan du vara s\u00e5 kreativ och personlig som du vill.","breadcrumb":{"@id":"https:\/\/positiveprints.com\/sv\/produkt\/hem-brev-foto-collage\/#breadcrumb"},"inLanguage":"sv-SE","potentialAction":[{"@type":"ReadAction","target":["https:\/\/positiveprints.com\/sv\/produkt\/hem-brev-foto-collage\/"]}]},{"@type":"ImageObject","inLanguage":"sv-SE","@id":"https:\/\/positiveprints.com\/sv\/produkt\/hem-brev-foto-collage\/#primaryimage","url":"https:\/\/positiveprints.com\/wp-content\/uploads\/2024\/11\/Packshot_SE_Home-Letter-Photo-Collage-product-image.webp","contentUrl":"https:\/\/positiveprints.com\/wp-content\/uploads\/2024\/11\/Packshot_SE_Home-Letter-Photo-Collage-product-image.webp","width":1450,"height":1450},{"@type":"BreadcrumbList","@id":"https:\/\/positiveprints.com\/sv\/produkt\/hem-brev-foto-collage\/#breadcrumb","itemListElement":[{"@type":"ListItem","position":1,"name":"Home","item":"https:\/\/positiveprints.com\/sv\/"},{"@type":"ListItem","position":2,"name":"Produkter","item":"https:\/\/positiveprints.com\/sv\/shop\/"},{"@type":"ListItem","position":3,"name":"Hembrev Fotocollage"}]},{"@type":"WebSite","@id":"https:\/\/positiveprints.com\/sv\/#website","url":"https:\/\/positiveprints.com\/sv\/","name":"Positive Prints","description":"Amazing Custom Personalized Gifts","publisher":{"@id":"https:\/\/positiveprints.com\/sv\/#organization"},"potentialAction":[{"@type":"SearchAction","target":{"@type":"EntryPoint","urlTemplate":"https:\/\/positiveprints.com\/sv\/?s={search_term_string}"},"query-input":{"@type":"PropertyValueSpecification","valueRequired":true,"valueName":"search_term_string"}}],"inLanguage":"sv-SE"},{"@type":"Organization","@id":"https:\/\/positiveprints.com\/sv\/#organization","name":"Positive Prints","alternateName":"Positive Prints","url":"https:\/\/positiveprints.com\/sv\/","logo":{"@type":"ImageObject","inLanguage":"sv-SE","@id":"https:\/\/positiveprints.com\/sv\/#\/schema\/logo\/image\/","url":"https:\/\/positiveprints.com\/wp-content\/uploads\/2026\/03\/245815646_1337939713319158_5671353136411139666_n.png","contentUrl":"https:\/\/positiveprints.com\/wp-content\/uploads\/2026\/03\/245815646_1337939713319158_5671353136411139666_n.png","width":800,"height":800,"caption":"Positive Prints"},"image":{"@id":"https:\/\/positiveprints.com\/sv\/#\/schema\/logo\/image\/"},"sameAs":["https:\/\/www.facebook.com\/positiveprintscom","https:\/\/www.instagram.com\/positiveprintscom\/","https:\/\/www.tiktok.com\/@positiveprintscom","https:\/\/www.pinterest.com\/positiveprintscom\/"]}]}},"jetpack_sharing_enabled":true,"_links":{"self":[{"href":"https:\/\/positiveprints.com\/sv\/wp-json\/wp\/v2\/product\/622839","targetHints":{"allow":["GET"]}}],"collection":[{"href":"https:\/\/positiveprints.com\/sv\/wp-json\/wp\/v2\/product"}],"about":[{"href":"https:\/\/positiveprints.com\/sv\/wp-json\/wp\/v2\/types\/product"}],"wp:featuredmedia":[{"embeddable":true,"href":"https:\/\/positiveprints.com\/sv\/wp-json\/wp\/v2\/media\/1283630"}],"wp:attachment":[{"href":"https:\/\/positiveprints.com\/sv\/wp-json\/wp\/v2\/media?parent=622839"}],"wp:term":[{"taxonomy":"product_brand","embeddable":true,"href":"https:\/\/positiveprints.com\/sv\/wp-json\/wp\/v2\/product_brand?post=622839"},{"taxonomy":"product_cat","embeddable":true,"href":"https:\/\/positiveprints.com\/sv\/wp-json\/wp\/v2\/product_cat?post=622839"},{"taxonomy":"product_tag","embeddable":true,"href":"https:\/\/positiveprints.com\/sv\/wp-json\/wp\/v2\/product_tag?post=622839"}],"curies":[{"name":"wp","href":"https:\/\/api.w.org\/{rel}","templated":true}]}}