{"id":622820,"date":"2023-05-09T10:10:30","date_gmt":"2023-06-19T14:13:23","guid":{"rendered":"https:\/\/positiveprints.com\/product\/brev-till-larare-fotocollage\/"},"modified":"2026-05-03T20:17:55","modified_gmt":"2026-05-03T19:17:55","slug":"lararbrev-foto-collage","status":"publish","type":"product","link":"https:\/\/positiveprints.com\/sv\/produkt\/lararbrev-foto-collage\/","title":{"rendered":"B\u00e4sta l\u00e4raren i v\u00e4rlden &#8211; Bokstavskollage"},"content":{"rendered":"&nbsp;\r\n<p style=\"margin-top: 1rem;\">Letar du efter en unik och omt\u00e4nksam <a href=\"https:\/\/positiveprints.com\/sv\/gavor-till-larare\/\">l\u00e4rarpresent<\/a> f\u00f6r att visa din uppskattning till din l\u00e4rare? \u00d6verv\u00e4g ett fotokollage med l\u00e4rarbokst\u00e4verr! Detta personliga och kreativa kollage visar upp dina mest \u00e4lskade foton och konstverk i form av bokst\u00e4ver. V\u00e4lj dina egna foton och ord f\u00f6r att skapa ett unikt minnesm\u00e4rke som kommer att uppskattas i m\u00e5nga \u00e5r fram\u00f6ver.<\/p>\r\n<p style=\"margin-top: 1rem;\">Fotokollage f\u00f6r l\u00e4rarbokst\u00e4ver \u00e4r perfekt f\u00f6r att skapa ett visuellt tilltalande och meningsfullt konstverk till din l\u00e4rare. Du kan v\u00e4lja mellan en m\u00e4ngd olika m\u00f6jligheter och vara s\u00e5 kreativ som du vill. Du kan anv\u00e4nda sj\u00e4lva ordet &#8220;l\u00e4rare&#8221;, ord som &#8220;tack&#8221; eller till och med namnet p\u00e5 l\u00e4raren sj\u00e4lv. Med ett personligt tryck eller en kanvasduk \u00e4r m\u00f6jligheterna o\u00e4ndliga!<\/p>\r\n<p style=\"margin-top: 1rem;\">F\u00f6r att skapa ditt eget <a href=\"https:\/\/positiveprints.com\/sv\/produkt\/brev-fotocollage\/\">bokstavsfotokollage<\/a> v\u00e4ljer du helt enkelt ett ord som representerar l\u00e4raren eller tillf\u00e4llet och v\u00e4ljer en konturf\u00e4rg som matchar temat p\u00e5 de foton du anv\u00e4nder. Du kan \u00e4ven l\u00e4gga till ett personligt meddelande tillsammans med kollaget, vilket g\u00f6r det \u00e4nnu mer speciellt. Du kan v\u00e4lja ordet &#8220;Teacher&#8221;, ord som &#8220;Thank you&#8221; eller till och med l\u00e4rarens namn, vilket g\u00f6r det till en exceptionell g\u00e5va till alla goda l\u00e4rare i ditt liv.<\/p>\r\n<p style=\"margin-top: 1rem;\">Det g\u00e5r snabbt och enkelt att ladda upp bilderna, och du kan v\u00e4lja uppl\u00f6sning och redigera dem efter \u00f6nskem\u00e5l. N\u00e4r du \u00e4r klar v\u00e4ljer du den perfekta storleken och formatet och checkar sedan ut! Du kan skriva ut ditt kollage eller best\u00e4lla det som en direkt digital nedladdning.<\/p>\r\n<p style=\"margin-top: 1rem;\">Ge din l\u00e4rare det perfekta personliga minnet genom att anv\u00e4nda fotokollage med l\u00e4rarbokst\u00e4ver! Denna unika och meningsfulla g\u00e5va kommer att uppskattas i m\u00e5nga \u00e5r fram\u00f6ver, och det \u00e4r ett fantastiskt s\u00e4tt att minnas ett speciellt \u00f6gonblick eller fira din tacksamhet gentemot l\u00e4raren. Ge bort en g\u00e5va som sprider gl\u00e4dje och som kommer att best\u00e5 i generationer fram\u00f6ver &#8211; ett personligt fotokollage med l\u00e4rarbokst\u00e4ver.<\/p>","protected":false},"excerpt":{"rendered":"<ul class=\"check-list\">\n<li>Ladda upp dina favoritfoton f\u00f6r att g\u00f6ra varje bokstav personlig<\/li>\n<li>L\u00e4gg till ett hj\u00e4rtligt meddelande f\u00f6r att g\u00f6ra kollaget till ditt eget<\/li>\n<li>Anpassa i 3 enkla steg med v\u00e5r l\u00e4ttanv\u00e4nda editor<\/li>\n<li>Se din design direkt med en interaktiv f\u00f6rhandsgranskning<\/li>\n<\/ul>\n","protected":false},"featured_media":1411357,"template":"","meta":[],"product_brand":[],"product_cat":[7459,8973,7870,9767],"product_tag":[16433,16971,16889,16435,16327,16434],"class_list":{"0":"post-622820","1":"product","2":"type-product","3":"status-publish","4":"has-post-thumbnail","6":"product_cat-alla-produkter","7":"product_cat-fotobrev","8":"product_cat-gavor-till-larare","9":"product_cat-trending-label-sv","10":"product_tag-larare","11":"product_tag-present-till-larare","12":"product_tag-presenter-till-larare","13":"product_tag-presentideer-till-larare","14":"product_tag-tackpresent-till-larare","15":"product_tag-uppskattningspresent-till-larare","17":"first","18":"instock","19":"sale","20":"taxable","21":"shipping-taxable","22":"purchasable","23":"product-type-variable"},"yoast_head":"<!-- This site is optimized with the Yoast SEO Premium plugin v27.2 (Yoast SEO v27.2) - https:\/\/yoast.com\/product\/yoast-seo-premium-wordpress\/ -->\n<title>B\u00e4sta l\u00e4raren i v\u00e4rlden - Bokstavskollage - Positive Prints<\/title>\n<meta name=\"description\" content=\"Visa din uppskattning f\u00f6r v\u00e4rldens b\u00e4sta l\u00e4rare med ett personligt bokstavsfotokollage. Fyll det med foton av lyckliga stunder och klassens b\u00e4sta minnen.\" \/>\n<meta name=\"robots\" content=\"index, follow, max-snippet:-1, max-image-preview:large, max-video-preview:-1\" \/>\n<link rel=\"canonical\" href=\"https:\/\/positiveprints.com\/sv\/produkt\/lararbrev-foto-collage\/\" \/>\n<meta property=\"og:locale\" content=\"sv_SE\" \/>\n<meta property=\"og:type\" content=\"article\" \/>\n<meta property=\"og:title\" content=\"B\u00e4sta l\u00e4raren i v\u00e4rlden - Bokstavskollage\" \/>\n<meta property=\"og:description\" content=\"Ladda upp dina favoritfoton f\u00f6r att g\u00f6ra varje bokstav personlig  L\u00e4gg till ett hj\u00e4rtligt meddelande f\u00f6r att g\u00f6ra kollaget till ditt eget  Anpassa i 3 enkla steg med v\u00e5r l\u00e4ttanv\u00e4nda editor  Se din design direkt med en interaktiv f\u00f6rhandsgranskning\" \/>\n<meta property=\"og:url\" content=\"https:\/\/positiveprints.com\/sv\/produkt\/lararbrev-foto-collage\/\" \/>\n<meta property=\"og:site_name\" content=\"Positive Prints\" \/>\n<meta property=\"article:publisher\" content=\"https:\/\/www.facebook.com\/positiveprintscom\" \/>\n<meta property=\"article:modified_time\" content=\"2026-05-03T19:17:55+00:00\" \/>\n<meta property=\"og:image\" content=\"https:\/\/positiveprints.com\/wp-content\/uploads\/2025\/04\/Packshot_SE_LARAREN.webp\" \/>\n\t<meta property=\"og:image:width\" content=\"1450\" \/>\n\t<meta property=\"og:image:height\" content=\"1450\" \/>\n\t<meta property=\"og:image:type\" content=\"image\/webp\" \/>\n<meta name=\"twitter:card\" content=\"summary_large_image\" \/>\n<!-- \/ Yoast SEO Premium plugin. -->","yoast_head_json":{"title":"B\u00e4sta l\u00e4raren i v\u00e4rlden - Bokstavskollage - Positive Prints","description":"Visa din uppskattning f\u00f6r v\u00e4rldens b\u00e4sta l\u00e4rare med ett personligt bokstavsfotokollage. Fyll det med foton av lyckliga stunder och klassens b\u00e4sta minnen.","robots":{"index":"index","follow":"follow","max-snippet":"max-snippet:-1","max-image-preview":"max-image-preview:large","max-video-preview":"max-video-preview:-1"},"canonical":"https:\/\/positiveprints.com\/sv\/produkt\/lararbrev-foto-collage\/","og_locale":"sv_SE","og_type":"article","og_title":"B\u00e4sta l\u00e4raren i v\u00e4rlden - Bokstavskollage","og_description":"Ladda upp dina favoritfoton f\u00f6r att g\u00f6ra varje bokstav personlig  L\u00e4gg till ett hj\u00e4rtligt meddelande f\u00f6r att g\u00f6ra kollaget till ditt eget  Anpassa i 3 enkla steg med v\u00e5r l\u00e4ttanv\u00e4nda editor  Se din design direkt med en interaktiv f\u00f6rhandsgranskning","og_url":"https:\/\/positiveprints.com\/sv\/produkt\/lararbrev-foto-collage\/","og_site_name":"Positive Prints","article_publisher":"https:\/\/www.facebook.com\/positiveprintscom","article_modified_time":"2026-05-03T19:17:55+00:00","og_image":[{"width":1450,"height":1450,"url":"https:\/\/positiveprints.com\/wp-content\/uploads\/2025\/04\/Packshot_SE_LARAREN.webp","type":"image\/webp"}],"twitter_card":"summary_large_image","schema":{"@context":"https:\/\/schema.org","@graph":[{"@type":["WebPage","ItemPage"],"@id":"https:\/\/positiveprints.com\/sv\/produkt\/lararbrev-foto-collage\/","url":"https:\/\/positiveprints.com\/sv\/produkt\/lararbrev-foto-collage\/","name":"B\u00e4sta l\u00e4raren i v\u00e4rlden - Bokstavskollage - Positive Prints","isPartOf":{"@id":"https:\/\/positiveprints.com\/sv\/#website"},"primaryImageOfPage":{"@id":"https:\/\/positiveprints.com\/sv\/produkt\/lararbrev-foto-collage\/#primaryimage"},"image":{"@id":"https:\/\/positiveprints.com\/sv\/produkt\/lararbrev-foto-collage\/#primaryimage"},"thumbnailUrl":"https:\/\/positiveprints.com\/wp-content\/uploads\/2025\/04\/Packshot_SE_LARAREN.webp","datePublished":"2023-06-19T14:13:23+00:00","dateModified":"2026-05-03T19:17:55+00:00","description":"Visa din uppskattning f\u00f6r v\u00e4rldens b\u00e4sta l\u00e4rare med ett personligt bokstavsfotokollage. Fyll det med foton av lyckliga stunder och klassens b\u00e4sta minnen.","breadcrumb":{"@id":"https:\/\/positiveprints.com\/sv\/produkt\/lararbrev-foto-collage\/#breadcrumb"},"inLanguage":"sv-SE","potentialAction":[{"@type":"ReadAction","target":["https:\/\/positiveprints.com\/sv\/produkt\/lararbrev-foto-collage\/"]}]},{"@type":"ImageObject","inLanguage":"sv-SE","@id":"https:\/\/positiveprints.com\/sv\/produkt\/lararbrev-foto-collage\/#primaryimage","url":"https:\/\/positiveprints.com\/wp-content\/uploads\/2025\/04\/Packshot_SE_LARAREN.webp","contentUrl":"https:\/\/positiveprints.com\/wp-content\/uploads\/2025\/04\/Packshot_SE_LARAREN.webp","width":1450,"height":1450,"caption":"Packshot_SE_LARAREN"},{"@type":"BreadcrumbList","@id":"https:\/\/positiveprints.com\/sv\/produkt\/lararbrev-foto-collage\/#breadcrumb","itemListElement":[{"@type":"ListItem","position":1,"name":"Home","item":"https:\/\/positiveprints.com\/sv\/"},{"@type":"ListItem","position":2,"name":"Produkter","item":"https:\/\/positiveprints.com\/sv\/shop\/"},{"@type":"ListItem","position":3,"name":"B\u00e4sta l\u00e4raren i v\u00e4rlden &#8211; Bokstavskollage"}]},{"@type":"WebSite","@id":"https:\/\/positiveprints.com\/sv\/#website","url":"https:\/\/positiveprints.com\/sv\/","name":"Positive Prints","description":"Amazing Custom Personalized Gifts","publisher":{"@id":"https:\/\/positiveprints.com\/sv\/#organization"},"potentialAction":[{"@type":"SearchAction","target":{"@type":"EntryPoint","urlTemplate":"https:\/\/positiveprints.com\/sv\/?s={search_term_string}"},"query-input":{"@type":"PropertyValueSpecification","valueRequired":true,"valueName":"search_term_string"}}],"inLanguage":"sv-SE"},{"@type":"Organization","@id":"https:\/\/positiveprints.com\/sv\/#organization","name":"Positive Prints","alternateName":"Positive Prints","url":"https:\/\/positiveprints.com\/sv\/","logo":{"@type":"ImageObject","inLanguage":"sv-SE","@id":"https:\/\/positiveprints.com\/sv\/#\/schema\/logo\/image\/","url":"https:\/\/positiveprints.com\/wp-content\/uploads\/2026\/03\/245815646_1337939713319158_5671353136411139666_n.png","contentUrl":"https:\/\/positiveprints.com\/wp-content\/uploads\/2026\/03\/245815646_1337939713319158_5671353136411139666_n.png","width":800,"height":800,"caption":"Positive Prints"},"image":{"@id":"https:\/\/positiveprints.com\/sv\/#\/schema\/logo\/image\/"},"sameAs":["https:\/\/www.facebook.com\/positiveprintscom","https:\/\/www.instagram.com\/positiveprintscom\/","https:\/\/www.tiktok.com\/@positiveprintscom","https:\/\/www.pinterest.com\/positiveprintscom\/"]}]}},"jetpack_sharing_enabled":true,"_links":{"self":[{"href":"https:\/\/positiveprints.com\/sv\/wp-json\/wp\/v2\/product\/622820","targetHints":{"allow":["GET"]}}],"collection":[{"href":"https:\/\/positiveprints.com\/sv\/wp-json\/wp\/v2\/product"}],"about":[{"href":"https:\/\/positiveprints.com\/sv\/wp-json\/wp\/v2\/types\/product"}],"wp:featuredmedia":[{"embeddable":true,"href":"https:\/\/positiveprints.com\/sv\/wp-json\/wp\/v2\/media\/1411357"}],"wp:attachment":[{"href":"https:\/\/positiveprints.com\/sv\/wp-json\/wp\/v2\/media?parent=622820"}],"wp:term":[{"taxonomy":"product_brand","embeddable":true,"href":"https:\/\/positiveprints.com\/sv\/wp-json\/wp\/v2\/product_brand?post=622820"},{"taxonomy":"product_cat","embeddable":true,"href":"https:\/\/positiveprints.com\/sv\/wp-json\/wp\/v2\/product_cat?post=622820"},{"taxonomy":"product_tag","embeddable":true,"href":"https:\/\/positiveprints.com\/sv\/wp-json\/wp\/v2\/product_tag?post=622820"}],"curies":[{"name":"wp","href":"https:\/\/api.w.org\/{rel}","templated":true}]}}