{"id":622791,"date":"2023-05-04T15:39:51","date_gmt":"2023-05-04T14:39:51","guid":{"rendered":"https:\/\/positiveprints.com\/product\/karleksbrev-fotocollage\/"},"modified":"2026-04-12T22:23:06","modified_gmt":"2026-04-12T21:23:06","slug":"karleksbrev-fotokollage","status":"publish","type":"product","link":"https:\/\/positiveprints.com\/sv\/produkt\/karleksbrev-fotokollage\/","title":{"rendered":"Love Fotokollage"},"content":{"rendered":"","protected":false},"excerpt":{"rendered":"<ul class=\"check-list\">\n<li>Inkludera en meningsfull personlig text<\/li>\n<li>Anpassa i 3 enkla steg<\/li>\n<li>V\u00e4lj en mall eller var kreativ<\/li>\n<li>Se resultatet direkt \u2013 den interaktiva f\u00f6rhandsvisningen l\u00e5ter dig finjustera varje detalj<\/li>\n<\/ul>\n","protected":false},"featured_media":1672046,"template":"","meta":[],"product_brand":[],"product_cat":[8116,11251,11252,7459,7694,8014,7806,8973,8108,7647,7790,11469,7758,11477,8188,11470,11471,11472,11463,7679],"product_tag":[14998,11758,11772,11835,11829,11832,11830],"class_list":{"0":"post-622791","1":"product","2":"type-product","3":"status-publish","4":"has-post-thumbnail","6":"product_cat-gava-pa-alla-hjartans-dag","7":"product_cat-alla-hjartans-dag-presenter-for-henne","8":"product_cat-alla-hjartans-dag-presenter-for-honom","9":"product_cat-alla-produkter","10":"product_cat-gavor-for-kvinnor","11":"product_cat-gavor-for-man","12":"product_cat-gavor-for-par","13":"product_cat-fotobrev","14":"product_cat-julpresenter","15":"product_cat-gavor-till-din-man","16":"product_cat-gavor-till-flickvannen","17":"product_cat-julklappar-till-flickvannen","18":"product_cat-gavor-till-fru","19":"product_cat-julklappar-till-frun","20":"product_cat-till-henne","21":"product_cat-julklappar-till-henne","22":"product_cat-julklappar-till-honom","23":"product_cat-julklappar-till-maken","24":"product_cat-julklapp-till-pojkvan","25":"product_cat-gavor-till-pojkvannen","26":"product_tag-anniversary-sv","27":"product_tag-julklapp-till-pojkvan","28":"product_tag-julklappar-till-flickvannen","29":"product_tag-julklappar-till-frun","30":"product_tag-julklappar-till-henne","31":"product_tag-julklappar-till-maken","32":"product_tag-kerstcadeaus-for-honom","34":"first","35":"instock","36":"sale","37":"taxable","38":"shipping-taxable","39":"purchasable","40":"product-type-variable"},"yoast_head":"<!-- This site is optimized with the Yoast SEO Premium plugin v27.2 (Yoast SEO v27.2) - https:\/\/yoast.com\/product\/yoast-seo-premium-wordpress\/ -->\n<title>Love Fotokollage - personlig g\u00e5va - positiva tryck<\/title>\n<meta name=\"description\" content=\"Visa din k\u00e4rlek med en personlig g\u00e5va! Skapa ett K\u00e4rleksbrev Fotokollage fyllt med era mest \u00e4lskade minnen tillsammans.\" \/>\n<meta name=\"robots\" content=\"index, follow, max-snippet:-1, max-image-preview:large, max-video-preview:-1\" \/>\n<link rel=\"canonical\" href=\"https:\/\/positiveprints.com\/sv\/produkt\/karleksbrev-fotokollage\/\" \/>\n<meta property=\"og:locale\" content=\"sv_SE\" \/>\n<meta property=\"og:type\" content=\"article\" \/>\n<meta property=\"og:title\" content=\"Love Fotokollage\" \/>\n<meta property=\"og:description\" content=\"Inkludera en meningsfull personlig text  Anpassa i 3 enkla steg  V\u00e4lj en mall eller var kreativ  Se resultatet direkt \u2013 den interaktiva f\u00f6rhandsvisningen l\u00e5ter dig finjustera varje detalj\" \/>\n<meta property=\"og:url\" content=\"https:\/\/positiveprints.com\/sv\/produkt\/karleksbrev-fotokollage\/\" \/>\n<meta property=\"og:site_name\" content=\"Positive Prints\" \/>\n<meta property=\"article:publisher\" content=\"https:\/\/www.facebook.com\/positiveprintscom\" \/>\n<meta property=\"article:modified_time\" content=\"2026-04-12T21:23:06+00:00\" \/>\n<meta property=\"og:image\" content=\"https:\/\/positiveprints.com\/wp-content\/uploads\/2025\/03\/Love-Fotokollage-1.webp\" \/>\n\t<meta property=\"og:image:width\" content=\"1450\" \/>\n\t<meta property=\"og:image:height\" content=\"1450\" \/>\n\t<meta property=\"og:image:type\" content=\"image\/webp\" \/>\n<meta name=\"twitter:card\" content=\"summary_large_image\" \/>\n<meta name=\"twitter:label1\" content=\"Ber\u00e4knad l\u00e4stid\" \/>\n\t<meta name=\"twitter:data1\" content=\"1 minut\" \/>\n<!-- \/ Yoast SEO Premium plugin. -->","yoast_head_json":{"title":"Love Fotokollage - personlig g\u00e5va - positiva tryck","description":"Visa din k\u00e4rlek med en personlig g\u00e5va! Skapa ett K\u00e4rleksbrev Fotokollage fyllt med era mest \u00e4lskade minnen tillsammans.","robots":{"index":"index","follow":"follow","max-snippet":"max-snippet:-1","max-image-preview":"max-image-preview:large","max-video-preview":"max-video-preview:-1"},"canonical":"https:\/\/positiveprints.com\/sv\/produkt\/karleksbrev-fotokollage\/","og_locale":"sv_SE","og_type":"article","og_title":"Love Fotokollage","og_description":"Inkludera en meningsfull personlig text  Anpassa i 3 enkla steg  V\u00e4lj en mall eller var kreativ  Se resultatet direkt \u2013 den interaktiva f\u00f6rhandsvisningen l\u00e5ter dig finjustera varje detalj","og_url":"https:\/\/positiveprints.com\/sv\/produkt\/karleksbrev-fotokollage\/","og_site_name":"Positive Prints","article_publisher":"https:\/\/www.facebook.com\/positiveprintscom","article_modified_time":"2026-04-12T21:23:06+00:00","og_image":[{"width":1450,"height":1450,"url":"https:\/\/positiveprints.com\/wp-content\/uploads\/2025\/03\/Love-Fotokollage-1.webp","type":"image\/webp"}],"twitter_card":"summary_large_image","twitter_misc":{"Ber\u00e4knad l\u00e4stid":"1 minut"},"schema":{"@context":"https:\/\/schema.org","@graph":[{"@type":["WebPage","ItemPage"],"@id":"https:\/\/positiveprints.com\/sv\/produkt\/karleksbrev-fotokollage\/","url":"https:\/\/positiveprints.com\/sv\/produkt\/karleksbrev-fotokollage\/","name":"Love Fotokollage - personlig g\u00e5va - positiva tryck","isPartOf":{"@id":"https:\/\/positiveprints.com\/sv\/#website"},"primaryImageOfPage":{"@id":"https:\/\/positiveprints.com\/sv\/produkt\/karleksbrev-fotokollage\/#primaryimage"},"image":{"@id":"https:\/\/positiveprints.com\/sv\/produkt\/karleksbrev-fotokollage\/#primaryimage"},"thumbnailUrl":"https:\/\/positiveprints.com\/wp-content\/uploads\/2026\/03\/LOVE-phot-collage_EN.webp","datePublished":"2023-05-04T14:39:51+00:00","dateModified":"2026-04-12T21:23:06+00:00","description":"Visa din k\u00e4rlek med en personlig g\u00e5va! Skapa ett K\u00e4rleksbrev Fotokollage fyllt med era mest \u00e4lskade minnen tillsammans.","breadcrumb":{"@id":"https:\/\/positiveprints.com\/sv\/produkt\/karleksbrev-fotokollage\/#breadcrumb"},"inLanguage":"sv-SE","potentialAction":[{"@type":"ReadAction","target":["https:\/\/positiveprints.com\/sv\/produkt\/karleksbrev-fotokollage\/"]}]},{"@type":"ImageObject","inLanguage":"sv-SE","@id":"https:\/\/positiveprints.com\/sv\/produkt\/karleksbrev-fotokollage\/#primaryimage","url":"https:\/\/positiveprints.com\/wp-content\/uploads\/2026\/03\/LOVE-phot-collage_EN.webp","contentUrl":"https:\/\/positiveprints.com\/wp-content\/uploads\/2026\/03\/LOVE-phot-collage_EN.webp","width":1450,"height":1450},{"@type":"BreadcrumbList","@id":"https:\/\/positiveprints.com\/sv\/produkt\/karleksbrev-fotokollage\/#breadcrumb","itemListElement":[{"@type":"ListItem","position":1,"name":"Home","item":"https:\/\/positiveprints.com\/sv\/"},{"@type":"ListItem","position":2,"name":"Produkter","item":"https:\/\/positiveprints.com\/sv\/shop\/"},{"@type":"ListItem","position":3,"name":"Love Fotokollage"}]},{"@type":"WebSite","@id":"https:\/\/positiveprints.com\/sv\/#website","url":"https:\/\/positiveprints.com\/sv\/","name":"Positive Prints","description":"Amazing Custom Personalized Gifts","publisher":{"@id":"https:\/\/positiveprints.com\/sv\/#organization"},"potentialAction":[{"@type":"SearchAction","target":{"@type":"EntryPoint","urlTemplate":"https:\/\/positiveprints.com\/sv\/?s={search_term_string}"},"query-input":{"@type":"PropertyValueSpecification","valueRequired":true,"valueName":"search_term_string"}}],"inLanguage":"sv-SE"},{"@type":"Organization","@id":"https:\/\/positiveprints.com\/sv\/#organization","name":"Positive Prints","alternateName":"Positive Prints","url":"https:\/\/positiveprints.com\/sv\/","logo":{"@type":"ImageObject","inLanguage":"sv-SE","@id":"https:\/\/positiveprints.com\/sv\/#\/schema\/logo\/image\/","url":"https:\/\/positiveprints.com\/wp-content\/uploads\/2026\/03\/245815646_1337939713319158_5671353136411139666_n.png","contentUrl":"https:\/\/positiveprints.com\/wp-content\/uploads\/2026\/03\/245815646_1337939713319158_5671353136411139666_n.png","width":800,"height":800,"caption":"Positive Prints"},"image":{"@id":"https:\/\/positiveprints.com\/sv\/#\/schema\/logo\/image\/"},"sameAs":["https:\/\/www.facebook.com\/positiveprintscom","https:\/\/www.instagram.com\/positiveprintscom\/","https:\/\/www.tiktok.com\/@positiveprintscom","https:\/\/www.pinterest.com\/positiveprintscom\/"]}]}},"jetpack_sharing_enabled":true,"_links":{"self":[{"href":"https:\/\/positiveprints.com\/sv\/wp-json\/wp\/v2\/product\/622791","targetHints":{"allow":["GET"]}}],"collection":[{"href":"https:\/\/positiveprints.com\/sv\/wp-json\/wp\/v2\/product"}],"about":[{"href":"https:\/\/positiveprints.com\/sv\/wp-json\/wp\/v2\/types\/product"}],"wp:featuredmedia":[{"embeddable":true,"href":"https:\/\/positiveprints.com\/sv\/wp-json\/wp\/v2\/media\/1672046"}],"wp:attachment":[{"href":"https:\/\/positiveprints.com\/sv\/wp-json\/wp\/v2\/media?parent=622791"}],"wp:term":[{"taxonomy":"product_brand","embeddable":true,"href":"https:\/\/positiveprints.com\/sv\/wp-json\/wp\/v2\/product_brand?post=622791"},{"taxonomy":"product_cat","embeddable":true,"href":"https:\/\/positiveprints.com\/sv\/wp-json\/wp\/v2\/product_cat?post=622791"},{"taxonomy":"product_tag","embeddable":true,"href":"https:\/\/positiveprints.com\/sv\/wp-json\/wp\/v2\/product_tag?post=622791"}],"curies":[{"name":"wp","href":"https:\/\/api.w.org\/{rel}","templated":true}]}}