{"id":619024,"date":"2023-04-24T15:33:19","date_gmt":"2023-04-24T14:33:19","guid":{"rendered":"https:\/\/positiveprints.com\/product\/barnbarn-triple-star-karta\/"},"modified":"2026-04-12T22:23:12","modified_gmt":"2026-04-12T21:23:12","slug":"barnbarn-trippelstjarna-karta","status":"publish","type":"product","link":"https:\/\/positiveprints.com\/sv\/produkt\/barnbarn-trippelstjarna-karta\/","title":{"rendered":"Barnbarn Triple Star Karta"},"content":{"rendered":"<p style=\"margin-top: 1rem\">Letar du efter den perfekta presenten f\u00f6r att visa dina mor- och farf\u00f6r\u00e4ldrar hur mycket du \u00e4lskar dem? Leta inte l\u00e4ngre \u00e4n till Grandkids Triple Star Map! Detta personliga tryck f\u00e5ngar stj\u00e4rnorna fr\u00e5n dagen d\u00e5 varje barnbarn f\u00f6ddes, vilket g\u00f6r det till den perfekta presenten till mor- och farf\u00f6r\u00e4ldrarnas dag, f\u00f6delsedagar, <a href=\"https:\/\/positiveprints.com\/christmas-gifts\/\">jul<\/a> eller n\u00e5got annat speciellt tillf\u00e4lle.<\/p>\r\n          \r\n\r\n          \r\n\r\n          \r\n\r\n          <p style=\"margin-top: 1rem\">Denna sentimentala g\u00e5va kommer s\u00e4kert att f\u00e5 dina mor- och farf\u00f6r\u00e4ldrar att gr\u00e5ta n\u00e4r de t\u00e4nker p\u00e5 de speciella minnena med sina barnbarn. De vackra <a href=\"https:\/\/positiveprints.com\/product\/star-map\/\">stj\u00e4rnkartorna<\/a> kommer att p\u00e5minna dem om de stunder d\u00e5 deras liv berikades med k\u00e4rleken fr\u00e5n varje barnbarn.<\/p>\r\n          \r\n\r\n          \r\n\r\n          \r\n\r\n          <p style=\"margin-top: 1rem\">Att skapa en Triple Star-karta f\u00f6r barnbarn \u00e4r enkelt och personligt anpassat just f\u00f6r dig! V\u00e4lj din favoritdesign och f\u00e4rger fr\u00e5n cirkel- eller hj\u00e4rtformade kartor med en m\u00e4ngd olika f\u00e4rger att v\u00e4lja mellan. Ange bara datum och plats f\u00f6r varje barnbarns f\u00f6delsedatum och se f\u00f6rhandsgranskningen online visa exakt hur din konst kommer att se ut. Slutligen kan du v\u00e4lja mellan flera format och storlekar f\u00f6r att se till att din g\u00e5va \u00e4r perfekt f\u00f6r din mor- eller farf\u00f6r\u00e4lders tillf\u00e4lle.<\/p>\r\n          \r\n\r\n          \r\n\r\n          \r\n\r\n          <p style=\"margin-top: 1rem\">Visa din k\u00e4rlek p\u00e5 ett unikt s\u00e4tt som dina mor- och farf\u00f6r\u00e4ldrar kommer att uppskatta i m\u00e5nga \u00e5r fram\u00f6ver. Best\u00e4ll din Triple Star-karta f\u00f6r barnbarn idag och skapa ett minnesm\u00e4rke som kommer att p\u00e5minna dem om k\u00e4rleken till deras barnbarn.<\/p>","protected":false},"excerpt":{"rendered":"\n<ul class=\"check-list\">\n<li>V\u00e5rda banden med dina mor- och farf\u00f6r\u00e4ldrar och visa dem din k\u00e4rlek och uppskattning med en meningsfull g\u00e5va<\/li>\n<li>L\u00e4gg till konstellationer och Vintergatan  <\/li>\n<li>Anpassa i 3 enkla steg<\/li>\n<li>Inkludera en meningsfull personlig text<\/li>\n<li>Se resultatet direkt \u2013 den interaktiva f\u00f6rhandsvisningen l\u00e5ter dig finjustera varje detalj<\/li>\n<\/ul>\n","protected":false},"featured_media":1257054,"template":"","meta":[],"product_brand":[],"product_cat":[9000,7459,8108,7614,11467,11468,7727,8832],"product_tag":[16081,8542,13381,13380],"class_list":{"0":"post-619024","1":"product","2":"type-product","3":"status-publish","4":"has-post-thumbnail","6":"product_cat-aldreomsorgens-dag","7":"product_cat-alla-produkter","8":"product_cat-julpresenter","9":"product_cat-gavor-till-morfar","10":"product_cat-julklappar-till-morfar","11":"product_cat-julklappar-till-mormor","12":"product_cat-gavor-till-mormor","13":"product_cat-trio-stjarnor","14":"product_tag-family-fr-sv","15":"product_tag-family-sv","16":"product_tag-julklapp-till-en-morfar","17":"product_tag-julklapp-till-en-mormor","19":"first","20":"instock","21":"sale","22":"taxable","23":"shipping-taxable","24":"purchasable","25":"product-type-variable"},"yoast_head":"<!-- This site is optimized with the Yoast SEO Premium plugin v27.2 (Yoast SEO v27.2) - https:\/\/yoast.com\/product\/yoast-seo-premium-wordpress\/ -->\n<title>Karta med tre stj\u00e4rnor f\u00f6r barnbarn - personlig g\u00e5va - positivt tryck<\/title>\n<meta name=\"description\" content=\"Best\u00e4ll din Triple Star-karta f\u00f6r barnbarn idag och skapa ett minnesm\u00e4rke som kommer att p\u00e5minna dem om k\u00e4rleken till deras barnbarn.\" \/>\n<meta name=\"robots\" content=\"index, follow, max-snippet:-1, max-image-preview:large, max-video-preview:-1\" \/>\n<link rel=\"canonical\" href=\"https:\/\/positiveprints.com\/sv\/produkt\/barnbarn-trippelstjarna-karta\/\" \/>\n<meta property=\"og:locale\" content=\"sv_SE\" \/>\n<meta property=\"og:type\" content=\"article\" \/>\n<meta property=\"og:title\" content=\"Barnbarn Triple Star Karta\" \/>\n<meta property=\"og:description\" content=\"V\u00e5rda banden med dina mor- och farf\u00f6r\u00e4ldrar och visa dem din k\u00e4rlek och uppskattning med en meningsfull g\u00e5va               L\u00e4gg till konstellationer och Vintergatan                Anpassa i 3 enkla steg               Inkludera en meningsfull personlig text               Se resultatet direkt \u2013 den interaktiva f\u00f6rhandsvisningen l\u00e5ter dig finjustera varje detalj\" \/>\n<meta property=\"og:url\" content=\"https:\/\/positiveprints.com\/sv\/produkt\/barnbarn-trippelstjarna-karta\/\" \/>\n<meta property=\"og:site_name\" content=\"Positive Prints\" \/>\n<meta property=\"article:publisher\" content=\"https:\/\/www.facebook.com\/positiveprintscom\" \/>\n<meta property=\"article:modified_time\" content=\"2026-04-12T21:23:12+00:00\" \/>\n<meta property=\"og:image\" content=\"https:\/\/positiveprints.com\/wp-content\/uploads\/2024\/11\/Packshot_SE_Grandkids-Triple-Star-Map-product-image-.webp\" \/>\n\t<meta property=\"og:image:width\" content=\"1450\" \/>\n\t<meta property=\"og:image:height\" content=\"1450\" \/>\n\t<meta property=\"og:image:type\" content=\"image\/webp\" \/>\n<meta name=\"twitter:card\" content=\"summary_large_image\" \/>\n<meta name=\"twitter:label1\" content=\"Ber\u00e4knad l\u00e4stid\" \/>\n\t<meta name=\"twitter:data1\" content=\"1 minut\" \/>\n<!-- \/ Yoast SEO Premium plugin. -->","yoast_head_json":{"title":"Karta med tre stj\u00e4rnor f\u00f6r barnbarn - personlig g\u00e5va - positivt tryck","description":"Best\u00e4ll din Triple Star-karta f\u00f6r barnbarn idag och skapa ett minnesm\u00e4rke som kommer att p\u00e5minna dem om k\u00e4rleken till deras barnbarn.","robots":{"index":"index","follow":"follow","max-snippet":"max-snippet:-1","max-image-preview":"max-image-preview:large","max-video-preview":"max-video-preview:-1"},"canonical":"https:\/\/positiveprints.com\/sv\/produkt\/barnbarn-trippelstjarna-karta\/","og_locale":"sv_SE","og_type":"article","og_title":"Barnbarn Triple Star Karta","og_description":"V\u00e5rda banden med dina mor- och farf\u00f6r\u00e4ldrar och visa dem din k\u00e4rlek och uppskattning med en meningsfull g\u00e5va               L\u00e4gg till konstellationer och Vintergatan                Anpassa i 3 enkla steg               Inkludera en meningsfull personlig text               Se resultatet direkt \u2013 den interaktiva f\u00f6rhandsvisningen l\u00e5ter dig finjustera varje detalj","og_url":"https:\/\/positiveprints.com\/sv\/produkt\/barnbarn-trippelstjarna-karta\/","og_site_name":"Positive Prints","article_publisher":"https:\/\/www.facebook.com\/positiveprintscom","article_modified_time":"2026-04-12T21:23:12+00:00","og_image":[{"width":1450,"height":1450,"url":"https:\/\/positiveprints.com\/wp-content\/uploads\/2024\/11\/Packshot_SE_Grandkids-Triple-Star-Map-product-image-.webp","type":"image\/webp"}],"twitter_card":"summary_large_image","twitter_misc":{"Ber\u00e4knad l\u00e4stid":"1 minut"},"schema":{"@context":"https:\/\/schema.org","@graph":[{"@type":["WebPage","ItemPage"],"@id":"https:\/\/positiveprints.com\/sv\/produkt\/barnbarn-trippelstjarna-karta\/","url":"https:\/\/positiveprints.com\/sv\/produkt\/barnbarn-trippelstjarna-karta\/","name":"Karta med tre stj\u00e4rnor f\u00f6r barnbarn - personlig g\u00e5va - positivt tryck","isPartOf":{"@id":"https:\/\/positiveprints.com\/sv\/#website"},"primaryImageOfPage":{"@id":"https:\/\/positiveprints.com\/sv\/produkt\/barnbarn-trippelstjarna-karta\/#primaryimage"},"image":{"@id":"https:\/\/positiveprints.com\/sv\/produkt\/barnbarn-trippelstjarna-karta\/#primaryimage"},"thumbnailUrl":"https:\/\/positiveprints.com\/wp-content\/uploads\/2024\/11\/Packshot_SE_Grandkids-Triple-Star-Map-product-image-.webp","datePublished":"2023-04-24T14:33:19+00:00","dateModified":"2026-04-12T21:23:12+00:00","description":"Best\u00e4ll din Triple Star-karta f\u00f6r barnbarn idag och skapa ett minnesm\u00e4rke som kommer att p\u00e5minna dem om k\u00e4rleken till deras barnbarn.","breadcrumb":{"@id":"https:\/\/positiveprints.com\/sv\/produkt\/barnbarn-trippelstjarna-karta\/#breadcrumb"},"inLanguage":"sv-SE","potentialAction":[{"@type":"ReadAction","target":["https:\/\/positiveprints.com\/sv\/produkt\/barnbarn-trippelstjarna-karta\/"]}]},{"@type":"ImageObject","inLanguage":"sv-SE","@id":"https:\/\/positiveprints.com\/sv\/produkt\/barnbarn-trippelstjarna-karta\/#primaryimage","url":"https:\/\/positiveprints.com\/wp-content\/uploads\/2024\/11\/Packshot_SE_Grandkids-Triple-Star-Map-product-image-.webp","contentUrl":"https:\/\/positiveprints.com\/wp-content\/uploads\/2024\/11\/Packshot_SE_Grandkids-Triple-Star-Map-product-image-.webp","width":1450,"height":1450,"caption":"Packshot_SE_Grandkids Triple Star Map product image"},{"@type":"BreadcrumbList","@id":"https:\/\/positiveprints.com\/sv\/produkt\/barnbarn-trippelstjarna-karta\/#breadcrumb","itemListElement":[{"@type":"ListItem","position":1,"name":"Home","item":"https:\/\/positiveprints.com\/sv\/"},{"@type":"ListItem","position":2,"name":"Produkter","item":"https:\/\/positiveprints.com\/sv\/shop\/"},{"@type":"ListItem","position":3,"name":"Barnbarn Triple Star Karta"}]},{"@type":"WebSite","@id":"https:\/\/positiveprints.com\/sv\/#website","url":"https:\/\/positiveprints.com\/sv\/","name":"Positive Prints","description":"Amazing Custom Personalized Gifts","publisher":{"@id":"https:\/\/positiveprints.com\/sv\/#organization"},"potentialAction":[{"@type":"SearchAction","target":{"@type":"EntryPoint","urlTemplate":"https:\/\/positiveprints.com\/sv\/?s={search_term_string}"},"query-input":{"@type":"PropertyValueSpecification","valueRequired":true,"valueName":"search_term_string"}}],"inLanguage":"sv-SE"},{"@type":"Organization","@id":"https:\/\/positiveprints.com\/sv\/#organization","name":"Positive Prints","alternateName":"Positive Prints","url":"https:\/\/positiveprints.com\/sv\/","logo":{"@type":"ImageObject","inLanguage":"sv-SE","@id":"https:\/\/positiveprints.com\/sv\/#\/schema\/logo\/image\/","url":"https:\/\/positiveprints.com\/wp-content\/uploads\/2026\/03\/245815646_1337939713319158_5671353136411139666_n.png","contentUrl":"https:\/\/positiveprints.com\/wp-content\/uploads\/2026\/03\/245815646_1337939713319158_5671353136411139666_n.png","width":800,"height":800,"caption":"Positive Prints"},"image":{"@id":"https:\/\/positiveprints.com\/sv\/#\/schema\/logo\/image\/"},"sameAs":["https:\/\/www.facebook.com\/positiveprintscom","https:\/\/www.instagram.com\/positiveprintscom\/","https:\/\/www.tiktok.com\/@positiveprintscom","https:\/\/www.pinterest.com\/positiveprintscom\/"]}]}},"jetpack_sharing_enabled":true,"_links":{"self":[{"href":"https:\/\/positiveprints.com\/sv\/wp-json\/wp\/v2\/product\/619024","targetHints":{"allow":["GET"]}}],"collection":[{"href":"https:\/\/positiveprints.com\/sv\/wp-json\/wp\/v2\/product"}],"about":[{"href":"https:\/\/positiveprints.com\/sv\/wp-json\/wp\/v2\/types\/product"}],"wp:featuredmedia":[{"embeddable":true,"href":"https:\/\/positiveprints.com\/sv\/wp-json\/wp\/v2\/media\/1257054"}],"wp:attachment":[{"href":"https:\/\/positiveprints.com\/sv\/wp-json\/wp\/v2\/media?parent=619024"}],"wp:term":[{"taxonomy":"product_brand","embeddable":true,"href":"https:\/\/positiveprints.com\/sv\/wp-json\/wp\/v2\/product_brand?post=619024"},{"taxonomy":"product_cat","embeddable":true,"href":"https:\/\/positiveprints.com\/sv\/wp-json\/wp\/v2\/product_cat?post=619024"},{"taxonomy":"product_tag","embeddable":true,"href":"https:\/\/positiveprints.com\/sv\/wp-json\/wp\/v2\/product_tag?post=619024"}],"curies":[{"name":"wp","href":"https:\/\/api.w.org\/{rel}","templated":true}]}}