{"id":618957,"date":"2023-04-24T13:44:47","date_gmt":"2023-04-24T12:44:47","guid":{"rendered":"https:\/\/positiveprints.com\/product\/var-karlekshistoria-triple-star-map\/"},"modified":"2026-04-03T03:16:56","modified_gmt":"2026-04-03T02:16:56","slug":"var-karlekshistoria-trippelstjarna-karta","status":"publish","type":"product","link":"https:\/\/positiveprints.com\/sv\/produkt\/var-karlekshistoria-trippelstjarna-karta\/","title":{"rendered":"V\u00e5r k\u00e4rlekshistoria Triple Star Map"},"content":{"rendered":"<p style=\"margin-top: 1rem\">Letar du efter en unik och k\u00e4nslosam present till din \u00e4lskade? Leta inte l\u00e4ngre \u00e4n till Our Love Story Triple Star Map. Detta personliga tryck f\u00e5ngar tre speciella \u00f6gonblick i ert f\u00f6rh\u00e5llande, vilket g\u00f6r det till den perfekta presenten till \u00e5rsdagar, br\u00f6llop, <a href=\"https:\/\/positiveprints.com\/valentines-day-gifts\/\">Alla hj\u00e4rtans dag<\/a>, <a href=\"https:\/\/positiveprints.com\/christmas-gifts\/\">jul<\/a> eller n\u00e5gon annan h\u00f6gtid.<\/p>\r\n          \r\n\r\n          \r\n\r\n          \r\n\r\n          <p style=\"margin-top: 1rem\">Detta specialtryck kan visa en stj\u00e4rnklar himmel fr\u00e5n dagen d\u00e5 ni tr\u00e4ffades, f\u00f6rlovade er och gifte er. Eller kanske vill du f\u00e5nga olika milstolpar i ert f\u00f6rh\u00e5llande, t.ex. dagen d\u00e5 ni tr\u00e4ffades f\u00f6r f\u00f6rsta g\u00e5ngen, kysstes f\u00f6r f\u00f6rsta g\u00e5ngen och k\u00f6pte ett hus. M\u00f6jligheterna \u00e4r o\u00e4ndliga, och ni kan anpassa era stj\u00e4rnkartor s\u00e5 att de \u00e5terspeglar er unika k\u00e4rlekshistoria.<\/p>\r\n          \r\n\r\n          \r\n\r\n          \r\n\r\n          <p style=\"margin-top: 1rem\">Att skapa din Our Love Story Triple Star Map \u00e4r enkelt! Med v\u00e5r online editor kan du v\u00e4lja din favoritdesign och dina favoritf\u00e4rger, oavsett om du f\u00f6redrar cirkel- eller hj\u00e4rtformade m\u00f6nster. Ange datum och plats f\u00f6r var och en av dina tre stj\u00e4rnkartor och f\u00f6rhandsgranska ditt anpassade konstverk varje steg p\u00e5 v\u00e4gen. Slutligen kan du v\u00e4lja mellan en m\u00e4ngd olika format och storlekar f\u00f6r att se till att din g\u00e5va \u00e4r perfekt f\u00f6r det speciella tillf\u00e4llet.<\/p>\r\n          \r\n\r\n          \r\n\r\n          \r\n\r\n          <p style=\"margin-top: 1rem\">Denna k\u00e4nslosamma g\u00e5va kommer garanterat att uppskattas och fungera som ett vackert minne i m\u00e5nga \u00e5r fram\u00f6ver. Best\u00e4ll din Our Love Story Triple Star Map idag och \u00f6verraska din \u00e4lskade med en unik och innerlig g\u00e5va.<\/p>","protected":false},"excerpt":{"rendered":"<ul class=\"check-list\">\n<li>Fira din k\u00e4rleks resa: dela din k\u00e4rlekshistoria med v\u00e4rlden och bevara den f\u00f6r kommande generationer\/li&gt;\n<li>L\u00e4gg till konstellationer och Vintergatan  <\/li>\n<li>Anpassa i 3 enkla steg<\/li>\n<li>Inkludera en meningsfull personlig text<\/li>\n<li>Se resultatet direkt \u2013 den interaktiva f\u00f6rhandsvisningen l\u00e5ter dig finjustera varje detalj<\/li>\n<\/ul>\n","protected":false},"featured_media":1262318,"template":"","meta":[],"product_brand":[],"product_cat":[8116,11251,11252,7459,7694,8014,7806,8108,8118,11469,7758,11477,11470,8188,11471,11472,11463,8832],"product_tag":[11758,11772,11835,11829,11832,11830,9020],"class_list":{"0":"post-618957","1":"product","2":"type-product","3":"status-publish","4":"has-post-thumbnail","6":"product_cat-gava-pa-alla-hjartans-dag","7":"product_cat-alla-hjartans-dag-presenter-for-henne","8":"product_cat-alla-hjartans-dag-presenter-for-honom","9":"product_cat-alla-produkter","10":"product_cat-gavor-for-kvinnor","11":"product_cat-gavor-for-man","12":"product_cat-gavor-for-par","13":"product_cat-julpresenter","14":"product_cat-gavor-for-nyforlovade-par-presenttillfallen","15":"product_cat-julklappar-till-flickvannen","16":"product_cat-gavor-till-fru","17":"product_cat-julklappar-till-frun","18":"product_cat-julklappar-till-henne","19":"product_cat-till-henne","20":"product_cat-julklappar-till-honom","21":"product_cat-julklappar-till-maken","22":"product_cat-julklapp-till-pojkvan","23":"product_cat-trio-stjarnor","24":"product_tag-julklapp-till-pojkvan","25":"product_tag-julklappar-till-flickvannen","26":"product_tag-julklappar-till-frun","27":"product_tag-julklappar-till-henne","28":"product_tag-julklappar-till-maken","29":"product_tag-kerstcadeaus-for-honom","30":"product_tag-par","32":"first","33":"instock","34":"sale","35":"taxable","36":"shipping-taxable","37":"purchasable","38":"product-type-variable"},"yoast_head":"<!-- This site is optimized with the Yoast SEO Premium plugin v27.2 (Yoast SEO v27.2) - https:\/\/yoast.com\/product\/yoast-seo-premium-wordpress\/ -->\n<title>V\u00e5r k\u00e4rlekshistoria - karta med tre stj\u00e4rnor - personlig g\u00e5va - Positive Prints<\/title>\n<meta name=\"description\" content=\"V\u00e5r trippelstj\u00e4rniga k\u00e4rlekskarta f\u00e5ngar tre speciella \u00f6gonblick i ert f\u00f6rh\u00e5llande, vilket g\u00f6r den till den perfekta presenten till \u00e5rsdagar, br\u00f6llop, Alla hj\u00e4rtans dag\" \/>\n<meta name=\"robots\" content=\"index, follow, max-snippet:-1, max-image-preview:large, max-video-preview:-1\" \/>\n<link rel=\"canonical\" href=\"https:\/\/positiveprints.com\/sv\/produkt\/var-karlekshistoria-trippelstjarna-karta\/\" \/>\n<meta property=\"og:locale\" content=\"sv_SE\" \/>\n<meta property=\"og:type\" content=\"article\" \/>\n<meta property=\"og:title\" content=\"V\u00e5r k\u00e4rlekshistoria Triple Star Map\" \/>\n<meta property=\"og:description\" content=\"Fira din k\u00e4rleks resa: dela din k\u00e4rlekshistoria med v\u00e4rlden och bevara den f\u00f6r kommande generationer\/li&gt; L\u00e4gg till konstellationer och Vintergatan  Anpassa i 3 enkla steg Inkludera en meningsfull personlig text Se resultatet direkt \u2013 den interaktiva f\u00f6rhandsvisningen l\u00e5ter dig finjustera varje detalj\" \/>\n<meta property=\"og:url\" content=\"https:\/\/positiveprints.com\/sv\/produkt\/var-karlekshistoria-trippelstjarna-karta\/\" \/>\n<meta property=\"og:site_name\" content=\"Positive Prints\" \/>\n<meta property=\"article:publisher\" content=\"https:\/\/www.facebook.com\/positiveprintscom\" \/>\n<meta property=\"article:modified_time\" content=\"2026-04-03T02:16:56+00:00\" \/>\n<meta property=\"og:image\" content=\"https:\/\/positiveprints.com\/wp-content\/uploads\/2024\/11\/Packshot_SE_Our-Love-Story-Triple-Star-Map-product-image-.webp\" \/>\n\t<meta property=\"og:image:width\" content=\"1450\" \/>\n\t<meta property=\"og:image:height\" content=\"1450\" \/>\n\t<meta property=\"og:image:type\" content=\"image\/webp\" \/>\n<meta name=\"twitter:card\" content=\"summary_large_image\" \/>\n<meta name=\"twitter:label1\" content=\"Ber\u00e4knad l\u00e4stid\" \/>\n\t<meta name=\"twitter:data1\" content=\"1 minut\" \/>\n<!-- \/ Yoast SEO Premium plugin. -->","yoast_head_json":{"title":"V\u00e5r k\u00e4rlekshistoria - karta med tre stj\u00e4rnor - personlig g\u00e5va - Positive Prints","description":"V\u00e5r trippelstj\u00e4rniga k\u00e4rlekskarta f\u00e5ngar tre speciella \u00f6gonblick i ert f\u00f6rh\u00e5llande, vilket g\u00f6r den till den perfekta presenten till \u00e5rsdagar, br\u00f6llop, Alla hj\u00e4rtans dag","robots":{"index":"index","follow":"follow","max-snippet":"max-snippet:-1","max-image-preview":"max-image-preview:large","max-video-preview":"max-video-preview:-1"},"canonical":"https:\/\/positiveprints.com\/sv\/produkt\/var-karlekshistoria-trippelstjarna-karta\/","og_locale":"sv_SE","og_type":"article","og_title":"V\u00e5r k\u00e4rlekshistoria Triple Star Map","og_description":"Fira din k\u00e4rleks resa: dela din k\u00e4rlekshistoria med v\u00e4rlden och bevara den f\u00f6r kommande generationer\/li&gt; L\u00e4gg till konstellationer och Vintergatan  Anpassa i 3 enkla steg Inkludera en meningsfull personlig text Se resultatet direkt \u2013 den interaktiva f\u00f6rhandsvisningen l\u00e5ter dig finjustera varje detalj","og_url":"https:\/\/positiveprints.com\/sv\/produkt\/var-karlekshistoria-trippelstjarna-karta\/","og_site_name":"Positive Prints","article_publisher":"https:\/\/www.facebook.com\/positiveprintscom","article_modified_time":"2026-04-03T02:16:56+00:00","og_image":[{"width":1450,"height":1450,"url":"https:\/\/positiveprints.com\/wp-content\/uploads\/2024\/11\/Packshot_SE_Our-Love-Story-Triple-Star-Map-product-image-.webp","type":"image\/webp"}],"twitter_card":"summary_large_image","twitter_misc":{"Ber\u00e4knad l\u00e4stid":"1 minut"},"schema":{"@context":"https:\/\/schema.org","@graph":[{"@type":["WebPage","ItemPage"],"@id":"https:\/\/positiveprints.com\/sv\/produkt\/var-karlekshistoria-trippelstjarna-karta\/","url":"https:\/\/positiveprints.com\/sv\/produkt\/var-karlekshistoria-trippelstjarna-karta\/","name":"V\u00e5r k\u00e4rlekshistoria - karta med tre stj\u00e4rnor - personlig g\u00e5va - Positive Prints","isPartOf":{"@id":"https:\/\/positiveprints.com\/sv\/#website"},"primaryImageOfPage":{"@id":"https:\/\/positiveprints.com\/sv\/produkt\/var-karlekshistoria-trippelstjarna-karta\/#primaryimage"},"image":{"@id":"https:\/\/positiveprints.com\/sv\/produkt\/var-karlekshistoria-trippelstjarna-karta\/#primaryimage"},"thumbnailUrl":"https:\/\/positiveprints.com\/wp-content\/uploads\/2024\/11\/Packshot_SE_Our-Love-Story-Triple-Star-Map-product-image-.webp","datePublished":"2023-04-24T12:44:47+00:00","dateModified":"2026-04-03T02:16:56+00:00","description":"V\u00e5r trippelstj\u00e4rniga k\u00e4rlekskarta f\u00e5ngar tre speciella \u00f6gonblick i ert f\u00f6rh\u00e5llande, vilket g\u00f6r den till den perfekta presenten till \u00e5rsdagar, br\u00f6llop, Alla hj\u00e4rtans dag","breadcrumb":{"@id":"https:\/\/positiveprints.com\/sv\/produkt\/var-karlekshistoria-trippelstjarna-karta\/#breadcrumb"},"inLanguage":"sv-SE","potentialAction":[{"@type":"ReadAction","target":["https:\/\/positiveprints.com\/sv\/produkt\/var-karlekshistoria-trippelstjarna-karta\/"]}]},{"@type":"ImageObject","inLanguage":"sv-SE","@id":"https:\/\/positiveprints.com\/sv\/produkt\/var-karlekshistoria-trippelstjarna-karta\/#primaryimage","url":"https:\/\/positiveprints.com\/wp-content\/uploads\/2024\/11\/Packshot_SE_Our-Love-Story-Triple-Star-Map-product-image-.webp","contentUrl":"https:\/\/positiveprints.com\/wp-content\/uploads\/2024\/11\/Packshot_SE_Our-Love-Story-Triple-Star-Map-product-image-.webp","width":1450,"height":1450},{"@type":"BreadcrumbList","@id":"https:\/\/positiveprints.com\/sv\/produkt\/var-karlekshistoria-trippelstjarna-karta\/#breadcrumb","itemListElement":[{"@type":"ListItem","position":1,"name":"Home","item":"https:\/\/positiveprints.com\/sv\/"},{"@type":"ListItem","position":2,"name":"Produkter","item":"https:\/\/positiveprints.com\/sv\/shop\/"},{"@type":"ListItem","position":3,"name":"V\u00e5r k\u00e4rlekshistoria Triple Star Map"}]},{"@type":"WebSite","@id":"https:\/\/positiveprints.com\/sv\/#website","url":"https:\/\/positiveprints.com\/sv\/","name":"Positive Prints","description":"Amazing Custom Personalized Gifts","publisher":{"@id":"https:\/\/positiveprints.com\/sv\/#organization"},"potentialAction":[{"@type":"SearchAction","target":{"@type":"EntryPoint","urlTemplate":"https:\/\/positiveprints.com\/sv\/?s={search_term_string}"},"query-input":{"@type":"PropertyValueSpecification","valueRequired":true,"valueName":"search_term_string"}}],"inLanguage":"sv-SE"},{"@type":"Organization","@id":"https:\/\/positiveprints.com\/sv\/#organization","name":"Positive Prints","alternateName":"Positive Prints","url":"https:\/\/positiveprints.com\/sv\/","logo":{"@type":"ImageObject","inLanguage":"sv-SE","@id":"https:\/\/positiveprints.com\/sv\/#\/schema\/logo\/image\/","url":"https:\/\/positiveprints.com\/wp-content\/uploads\/2026\/03\/245815646_1337939713319158_5671353136411139666_n.png","contentUrl":"https:\/\/positiveprints.com\/wp-content\/uploads\/2026\/03\/245815646_1337939713319158_5671353136411139666_n.png","width":800,"height":800,"caption":"Positive Prints"},"image":{"@id":"https:\/\/positiveprints.com\/sv\/#\/schema\/logo\/image\/"},"sameAs":["https:\/\/www.facebook.com\/positiveprintscom","https:\/\/www.instagram.com\/positiveprintscom\/","https:\/\/www.tiktok.com\/@positiveprintscom","https:\/\/www.pinterest.com\/positiveprintscom\/"]}]}},"jetpack_sharing_enabled":true,"_links":{"self":[{"href":"https:\/\/positiveprints.com\/sv\/wp-json\/wp\/v2\/product\/618957","targetHints":{"allow":["GET"]}}],"collection":[{"href":"https:\/\/positiveprints.com\/sv\/wp-json\/wp\/v2\/product"}],"about":[{"href":"https:\/\/positiveprints.com\/sv\/wp-json\/wp\/v2\/types\/product"}],"wp:featuredmedia":[{"embeddable":true,"href":"https:\/\/positiveprints.com\/sv\/wp-json\/wp\/v2\/media\/1262318"}],"wp:attachment":[{"href":"https:\/\/positiveprints.com\/sv\/wp-json\/wp\/v2\/media?parent=618957"}],"wp:term":[{"taxonomy":"product_brand","embeddable":true,"href":"https:\/\/positiveprints.com\/sv\/wp-json\/wp\/v2\/product_brand?post=618957"},{"taxonomy":"product_cat","embeddable":true,"href":"https:\/\/positiveprints.com\/sv\/wp-json\/wp\/v2\/product_cat?post=618957"},{"taxonomy":"product_tag","embeddable":true,"href":"https:\/\/positiveprints.com\/sv\/wp-json\/wp\/v2\/product_tag?post=618957"}],"curies":[{"name":"wp","href":"https:\/\/api.w.org\/{rel}","templated":true}]}}