{"id":618948,"date":"2023-04-24T12:10:41","date_gmt":"2023-04-24T11:10:41","guid":{"rendered":"https:\/\/positiveprints.com\/product\/met-engaged-married-stjarnkarta\/"},"modified":"2026-04-18T05:52:56","modified_gmt":"2026-04-18T04:52:56","slug":"met-engagerad-gift-stjarna-karta","status":"publish","type":"product","link":"https:\/\/positiveprints.com\/sv\/produkt\/met-engagerad-gift-stjarna-karta\/","title":{"rendered":"Met Engaged Married Stj\u00e4rnkarta"},"content":{"rendered":"&nbsp;\r\n<p style=\"margin-top: 1rem;\">Letar du efter den perfekta <a href=\"https:\/\/positiveprints.com\/wedding-gifts\/\">br\u00f6llopspresenten<\/a> som f\u00e5ngar er k\u00e4rlekshistoria i ett vackert tryck? Stj\u00e4rnkartan Met Engaged Married \u00e4r den perfekta personliga souveniren f\u00f6r att fira din k\u00e4rlek.<\/p>\r\n<p style=\"margin-top: 1rem;\">Detta speciella tryck inneh\u00e5ller tre anpassade stj\u00e4rnkartor som f\u00e5ngar tre magiska \u00f6gonblick i ert liv som ett par. Den f\u00f6rsta stj\u00e4rnkartan visar \u00f6gonblicket d\u00e5 ni tr\u00e4ffades, med ordet &#8220;Met&#8221; skrivet nedanf\u00f6r. Den andra kartan visar himlavalvet fr\u00e5n den dag d\u00e5 ni f\u00f6rlovade er, med orden &#8220;f\u00f6rlovad&#8221; undertill. Och slutligen, den tredje stj\u00e4rnkartan visar de gnistrande stj\u00e4rnorna p\u00e5 din br\u00f6llopsnatt, med ordet &#8220;Married&#8221; som kompletterar bilden.<\/p>\r\n<p style=\"margin-top: 1rem;\">Att skapa din Met Engaged Married Star Map \u00e4r enkelt! Med v\u00e5r online editor kan du v\u00e4lja din favoritdesign och f\u00e4rg. Du kan v\u00e4lja cirkel- eller hj\u00e4rtformade kartor. Du kan ocks\u00e5 anpassa f\u00e4rgerna efter eget tycke och smak. Ange bara datum och plats f\u00f6r var och en av de tre <a href=\"https:\/\/positiveprints.com\/sv\/produkt\/anpassad-stjarnkarta\/\">anpassade stj\u00e4rnkartorna<\/a>. Se sedan hur ditt anpassade konstverk ser ut i varje steg. N\u00e4r du \u00e4r n\u00f6jd med din design v\u00e4ljer du \u00f6nskat format och storlek. Oavsett om det g\u00e4ller en tryckt eller inramad poster, canvas eller en direkt digital nedladdningsfil har vi det perfekta alternativet f\u00f6r dina behov.<\/p>\r\n<p style=\"margin-top: 1rem;\">Best\u00e4ll din Met Engaged Married Stj\u00e4rnkarta idag. Fira er k\u00e4rlek med en vacker och k\u00e4nslosam g\u00e5va som kommer att uppskattas under hela livet.<\/p>","protected":false},"excerpt":{"rendered":"<p>&nbsp;<\/p>\n<ul class=\"check-list\">\n<li>Minns de magiska stunderna i ditt f\u00f6rh\u00e5llande med en fantastisk visuell representation av stj\u00e4rnorna<\/li>\n<li>L\u00e4gg till konstellationer och Vintergatan<\/li>\n<li>Anpassa i 3 enkla steg<\/li>\n<li>Inkludera en meningsfull personlig text<\/li>\n<li>Se resultatet direkt \u2013 den interaktiva f\u00f6rhandsvisningen l\u00e5ter dig finjustera varje detalj<\/li>\n<\/ul>\n","protected":false},"featured_media":1258141,"template":"","meta":[],"product_brand":[],"product_cat":[7459,11190,11191,11192,7934,8120,8114,7647,8832],"product_tag":[15071],"class_list":{"0":"post-618948","1":"product","2":"type-product","3":"status-publish","4":"has-post-thumbnail","6":"product_cat-alla-produkter","7":"product_cat-arsdagspresenter-till-henne","8":"product_cat-arsdagspresenter-till-honom","9":"product_cat-arsdagspresenter-till-par","10":"product_cat-gavor-till-brollopsdusch","11":"product_cat-brollopspresenter-presenttillfallen","12":"product_cat-jubileumspresent-presenttillfallen","13":"product_cat-gavor-till-din-man","14":"product_cat-trio-stjarnor","15":"product_tag-wedding-pl-sv","17":"first","18":"instock","19":"sale","20":"taxable","21":"shipping-taxable","22":"purchasable","23":"product-type-variable"},"yoast_head":"<!-- This site is optimized with the Yoast SEO Premium plugin v27.2 (Yoast SEO v27.2) - https:\/\/yoast.com\/product\/yoast-seo-premium-wordpress\/ -->\n<title>Met f\u00f6rlovad gift stj\u00e4rnkarta - personlig g\u00e5va - Positive Prints<\/title>\n<meta name=\"description\" content=\"Best\u00e4ll din Met Engaged Married Star Map idag och fira er k\u00e4rlek med en vacker och k\u00e4nslosam g\u00e5va som kommer att uppskattas under hela livet.\" \/>\n<meta name=\"robots\" content=\"index, follow, max-snippet:-1, max-image-preview:large, max-video-preview:-1\" \/>\n<link rel=\"canonical\" href=\"https:\/\/positiveprints.com\/sv\/produkt\/met-engagerad-gift-stjarna-karta\/\" \/>\n<meta property=\"og:locale\" content=\"sv_SE\" \/>\n<meta property=\"og:type\" content=\"article\" \/>\n<meta property=\"og:title\" content=\"Met Engaged Married Stj\u00e4rnkarta\" \/>\n<meta property=\"og:description\" content=\"&nbsp;   Minns de magiska stunderna i ditt f\u00f6rh\u00e5llande med en fantastisk visuell representation av stj\u00e4rnorna  L\u00e4gg till konstellationer och Vintergatan  Anpassa i 3 enkla steg  Inkludera en meningsfull personlig text  Se resultatet direkt \u2013 den interaktiva f\u00f6rhandsvisningen l\u00e5ter dig finjustera varje detalj\" \/>\n<meta property=\"og:url\" content=\"https:\/\/positiveprints.com\/sv\/produkt\/met-engagerad-gift-stjarna-karta\/\" \/>\n<meta property=\"og:site_name\" content=\"Positive Prints\" \/>\n<meta property=\"article:publisher\" content=\"https:\/\/www.facebook.com\/positiveprintscom\" \/>\n<meta property=\"article:modified_time\" content=\"2026-04-18T04:52:56+00:00\" \/>\n<meta property=\"og:image\" content=\"https:\/\/positiveprints.com\/wp-content\/uploads\/2024\/11\/Packshot_SE_Met-Engaged-Married-Star-Map-product-image-.webp\" \/>\n\t<meta property=\"og:image:width\" content=\"1450\" \/>\n\t<meta property=\"og:image:height\" content=\"1450\" \/>\n\t<meta property=\"og:image:type\" content=\"image\/webp\" \/>\n<meta name=\"twitter:card\" content=\"summary_large_image\" \/>\n<meta name=\"twitter:label1\" content=\"Ber\u00e4knad l\u00e4stid\" \/>\n\t<meta name=\"twitter:data1\" content=\"1 minut\" \/>\n<!-- \/ Yoast SEO Premium plugin. -->","yoast_head_json":{"title":"Met f\u00f6rlovad gift stj\u00e4rnkarta - personlig g\u00e5va - Positive Prints","description":"Best\u00e4ll din Met Engaged Married Star Map idag och fira er k\u00e4rlek med en vacker och k\u00e4nslosam g\u00e5va som kommer att uppskattas under hela livet.","robots":{"index":"index","follow":"follow","max-snippet":"max-snippet:-1","max-image-preview":"max-image-preview:large","max-video-preview":"max-video-preview:-1"},"canonical":"https:\/\/positiveprints.com\/sv\/produkt\/met-engagerad-gift-stjarna-karta\/","og_locale":"sv_SE","og_type":"article","og_title":"Met Engaged Married Stj\u00e4rnkarta","og_description":"&nbsp;   Minns de magiska stunderna i ditt f\u00f6rh\u00e5llande med en fantastisk visuell representation av stj\u00e4rnorna  L\u00e4gg till konstellationer och Vintergatan  Anpassa i 3 enkla steg  Inkludera en meningsfull personlig text  Se resultatet direkt \u2013 den interaktiva f\u00f6rhandsvisningen l\u00e5ter dig finjustera varje detalj","og_url":"https:\/\/positiveprints.com\/sv\/produkt\/met-engagerad-gift-stjarna-karta\/","og_site_name":"Positive Prints","article_publisher":"https:\/\/www.facebook.com\/positiveprintscom","article_modified_time":"2026-04-18T04:52:56+00:00","og_image":[{"width":1450,"height":1450,"url":"https:\/\/positiveprints.com\/wp-content\/uploads\/2024\/11\/Packshot_SE_Met-Engaged-Married-Star-Map-product-image-.webp","type":"image\/webp"}],"twitter_card":"summary_large_image","twitter_misc":{"Ber\u00e4knad l\u00e4stid":"1 minut"},"schema":{"@context":"https:\/\/schema.org","@graph":[{"@type":["WebPage","ItemPage"],"@id":"https:\/\/positiveprints.com\/sv\/produkt\/met-engagerad-gift-stjarna-karta\/","url":"https:\/\/positiveprints.com\/sv\/produkt\/met-engagerad-gift-stjarna-karta\/","name":"Met f\u00f6rlovad gift stj\u00e4rnkarta - personlig g\u00e5va - Positive Prints","isPartOf":{"@id":"https:\/\/positiveprints.com\/sv\/#website"},"primaryImageOfPage":{"@id":"https:\/\/positiveprints.com\/sv\/produkt\/met-engagerad-gift-stjarna-karta\/#primaryimage"},"image":{"@id":"https:\/\/positiveprints.com\/sv\/produkt\/met-engagerad-gift-stjarna-karta\/#primaryimage"},"thumbnailUrl":"https:\/\/positiveprints.com\/wp-content\/uploads\/2024\/11\/Packshot_SE_Met-Engaged-Married-Star-Map-product-image-.webp","datePublished":"2023-04-24T11:10:41+00:00","dateModified":"2026-04-18T04:52:56+00:00","description":"Best\u00e4ll din Met Engaged Married Star Map idag och fira er k\u00e4rlek med en vacker och k\u00e4nslosam g\u00e5va som kommer att uppskattas under hela livet.","breadcrumb":{"@id":"https:\/\/positiveprints.com\/sv\/produkt\/met-engagerad-gift-stjarna-karta\/#breadcrumb"},"inLanguage":"sv-SE","potentialAction":[{"@type":"ReadAction","target":["https:\/\/positiveprints.com\/sv\/produkt\/met-engagerad-gift-stjarna-karta\/"]}]},{"@type":"ImageObject","inLanguage":"sv-SE","@id":"https:\/\/positiveprints.com\/sv\/produkt\/met-engagerad-gift-stjarna-karta\/#primaryimage","url":"https:\/\/positiveprints.com\/wp-content\/uploads\/2024\/11\/Packshot_SE_Met-Engaged-Married-Star-Map-product-image-.webp","contentUrl":"https:\/\/positiveprints.com\/wp-content\/uploads\/2024\/11\/Packshot_SE_Met-Engaged-Married-Star-Map-product-image-.webp","width":1450,"height":1450},{"@type":"BreadcrumbList","@id":"https:\/\/positiveprints.com\/sv\/produkt\/met-engagerad-gift-stjarna-karta\/#breadcrumb","itemListElement":[{"@type":"ListItem","position":1,"name":"Home","item":"https:\/\/positiveprints.com\/sv\/"},{"@type":"ListItem","position":2,"name":"Produkter","item":"https:\/\/positiveprints.com\/sv\/shop\/"},{"@type":"ListItem","position":3,"name":"Met Engaged Married Stj\u00e4rnkarta"}]},{"@type":"WebSite","@id":"https:\/\/positiveprints.com\/sv\/#website","url":"https:\/\/positiveprints.com\/sv\/","name":"Positive Prints","description":"Amazing Custom Personalized Gifts","publisher":{"@id":"https:\/\/positiveprints.com\/sv\/#organization"},"potentialAction":[{"@type":"SearchAction","target":{"@type":"EntryPoint","urlTemplate":"https:\/\/positiveprints.com\/sv\/?s={search_term_string}"},"query-input":{"@type":"PropertyValueSpecification","valueRequired":true,"valueName":"search_term_string"}}],"inLanguage":"sv-SE"},{"@type":"Organization","@id":"https:\/\/positiveprints.com\/sv\/#organization","name":"Positive Prints","alternateName":"Positive Prints","url":"https:\/\/positiveprints.com\/sv\/","logo":{"@type":"ImageObject","inLanguage":"sv-SE","@id":"https:\/\/positiveprints.com\/sv\/#\/schema\/logo\/image\/","url":"https:\/\/positiveprints.com\/wp-content\/uploads\/2026\/03\/245815646_1337939713319158_5671353136411139666_n.png","contentUrl":"https:\/\/positiveprints.com\/wp-content\/uploads\/2026\/03\/245815646_1337939713319158_5671353136411139666_n.png","width":800,"height":800,"caption":"Positive Prints"},"image":{"@id":"https:\/\/positiveprints.com\/sv\/#\/schema\/logo\/image\/"},"sameAs":["https:\/\/www.facebook.com\/positiveprintscom","https:\/\/www.instagram.com\/positiveprintscom\/","https:\/\/www.tiktok.com\/@positiveprintscom","https:\/\/www.pinterest.com\/positiveprintscom\/"]}]}},"jetpack_sharing_enabled":true,"_links":{"self":[{"href":"https:\/\/positiveprints.com\/sv\/wp-json\/wp\/v2\/product\/618948","targetHints":{"allow":["GET"]}}],"collection":[{"href":"https:\/\/positiveprints.com\/sv\/wp-json\/wp\/v2\/product"}],"about":[{"href":"https:\/\/positiveprints.com\/sv\/wp-json\/wp\/v2\/types\/product"}],"wp:featuredmedia":[{"embeddable":true,"href":"https:\/\/positiveprints.com\/sv\/wp-json\/wp\/v2\/media\/1258141"}],"wp:attachment":[{"href":"https:\/\/positiveprints.com\/sv\/wp-json\/wp\/v2\/media?parent=618948"}],"wp:term":[{"taxonomy":"product_brand","embeddable":true,"href":"https:\/\/positiveprints.com\/sv\/wp-json\/wp\/v2\/product_brand?post=618948"},{"taxonomy":"product_cat","embeddable":true,"href":"https:\/\/positiveprints.com\/sv\/wp-json\/wp\/v2\/product_cat?post=618948"},{"taxonomy":"product_tag","embeddable":true,"href":"https:\/\/positiveprints.com\/sv\/wp-json\/wp\/v2\/product_tag?post=618948"}],"curies":[{"name":"wp","href":"https:\/\/api.w.org\/{rel}","templated":true}]}}