{"id":618941,"date":"2023-04-24T11:16:58","date_gmt":"2023-04-24T10:16:58","guid":{"rendered":"https:\/\/positiveprints.com\/product\/hello-will-you-i-do-stjarnkarta\/"},"modified":"2026-04-28T14:21:21","modified_gmt":"2026-04-28T13:21:21","slug":"hello-will-you-i-do-star-karta","status":"publish","type":"product","link":"https:\/\/positiveprints.com\/sv\/produkt\/hello-will-you-i-do-star-karta\/","title":{"rendered":"Hello Will You I Do Stj\u00e4rnkarta"},"content":{"rendered":"<p style=\"margin-top: 1rem\">Vill du f\u00e5nga magin i din k\u00e4rlekshistoria i ett enda tryck? S\u00e4g hej till Hello Will You I Do Star Map. Denna <a href=\"https:\/\/positiveprints.com\/anniversary-gifts\/\">personliga jubileumsg\u00e5va<\/a> \u00e4r perfekt f\u00f6r att fira milstolparna i ert f\u00f6rh\u00e5llande, oavsett om det \u00e4r br\u00f6llopsdagen, <a href=\"https:\/\/positiveprints.com\/valentines-day-gifts\/\">Alla hj\u00e4rtans dag<\/a> eller n\u00e5got annat speciellt tillf\u00e4lle.<\/p>\n          \n\n          \n\n          \n\n          <p style=\"margin-top: 1rem\">Reflektera \u00f6ver de speciella \u00f6gonblicken i ert f\u00f6rh\u00e5llande med detta unika tryck som inneh\u00e5ller tre anpassade stj\u00e4rnkartor. Den f\u00f6rsta stj\u00e4rnkartan visar det exakta \u00f6gonblicket d\u00e5 ni tr\u00e4ffades, medan den andra visar dagen d\u00e5 ni f\u00f6rlovade er, med orden &#8220;Vill du?&#8221; skrivna undertill. Och slutligen, den tredje stj\u00e4rnkartan visar natten f\u00f6r ditt br\u00f6llop, med en bildtext som lyder &#8220;I Do!&#8221;.<\/p>\n          \n\n          \n\n          \n\n          <p style=\"margin-top: 1rem\">Att skapa din Hello Will You I Do Star Map \u00e4r enkelt! G\u00e5 bara till v\u00e5r online-editor, v\u00e4lj din favoritdesign och f\u00e4rger och ange datum och platser f\u00f6r varje <a href=\"https:\/\/positiveprints.com\/product\/star-map\/\">stj\u00e4rnkarta<\/a>. Du kan v\u00e4lja mellan cirkel- eller hj\u00e4rtformade kartor och \u00e4ven anpassa f\u00e4rgerna efter eget tycke och smak. F\u00f6r varje designbeslut du fattar visar f\u00f6rhandsgranskningen online exakt hur ditt konstverk kommer att se ut. Och n\u00e4r du \u00e4r klar v\u00e4ljer du det format och den storlek som passar dig b\u00e4st &#8211; oavsett om det \u00e4r en tryckt eller inramad affisch, canvas eller direkt digital nedladdningsfil.<\/p>\n          \n\n          \n\n          \n\n          <p style=\"margin-top: 1rem\">Best\u00e4ll din Hello Will You I Do Star Map idag och \u00f6verraska din \u00e4lskade med en k\u00e4nslosam g\u00e5va som de kommer att uppskatta f\u00f6r alltid.<\/p>","protected":false},"excerpt":{"rendered":"<ul class=\"check-list\">\n<li>Fira din k\u00e4rleksresa: dela din k\u00e4rlekshistoria med v\u00e4rlden och bevara den f\u00f6r kommande generationer<\/li>\n<li>L\u00e4gg till konstellationer och Vintergatan  <\/li>\n<li>Anpassa i 3 enkla steg<\/li>\n<li>Inkludera en meningsfull personlig text<\/li>\n<li>Se resultatet direkt \u2013 den interaktiva f\u00f6rhandsvisningen l\u00e5ter dig finjustera varje detalj<\/li>\n<\/ul>\n","protected":false},"featured_media":1257597,"template":"","meta":[],"product_brand":[],"product_cat":[8832,7459],"product_tag":[14998],"class_list":{"0":"post-618941","1":"product","2":"type-product","3":"status-publish","4":"has-post-thumbnail","6":"product_cat-trio-stjarnor","7":"product_cat-alla-produkter","8":"product_tag-anniversary-sv","10":"first","11":"instock","12":"sale","13":"taxable","14":"shipping-taxable","15":"purchasable","16":"product-type-variable"},"yoast_head":"<!-- This site is optimized with the Yoast SEO Premium plugin v27.2 (Yoast SEO v27.2) - https:\/\/yoast.com\/product\/yoast-seo-premium-wordpress\/ -->\n<title>Hello Will You I Do Stj\u00e4rnkarta - personlig g\u00e5va - Positive Prints<\/title>\n<meta name=\"description\" content=\"Best\u00e4ll din Hello Will You I Do Star Map idag och \u00f6verraska din \u00e4lskade med en k\u00e4nslosam g\u00e5va som de kommer att uppskatta f\u00f6r alltid.\" \/>\n<meta name=\"robots\" content=\"index, follow, max-snippet:-1, max-image-preview:large, max-video-preview:-1\" \/>\n<link rel=\"canonical\" href=\"https:\/\/positiveprints.com\/sv\/produkt\/hello-will-you-i-do-star-karta\/\" \/>\n<meta property=\"og:locale\" content=\"sv_SE\" \/>\n<meta property=\"og:type\" content=\"article\" \/>\n<meta property=\"og:title\" content=\"Hello Will You I Do Stj\u00e4rnkarta\" \/>\n<meta property=\"og:description\" content=\"Fira din k\u00e4rleksresa: dela din k\u00e4rlekshistoria med v\u00e4rlden och bevara den f\u00f6r kommande generationer              L\u00e4gg till konstellationer och Vintergatan               Anpassa i 3 enkla steg              Inkludera en meningsfull personlig text              Se resultatet direkt \u2013 den interaktiva f\u00f6rhandsvisningen l\u00e5ter dig finjustera varje detalj\" \/>\n<meta property=\"og:url\" content=\"https:\/\/positiveprints.com\/sv\/produkt\/hello-will-you-i-do-star-karta\/\" \/>\n<meta property=\"og:site_name\" content=\"Positive Prints\" \/>\n<meta property=\"article:publisher\" content=\"https:\/\/www.facebook.com\/positiveprintscom\" \/>\n<meta property=\"article:modified_time\" content=\"2026-04-28T13:21:21+00:00\" \/>\n<meta property=\"og:image\" content=\"https:\/\/positiveprints.com\/wp-content\/uploads\/2024\/11\/Packshot_SE_Hello-Will-You-I-Do-Star-Map-product-image-.webp\" \/>\n\t<meta property=\"og:image:width\" content=\"1450\" \/>\n\t<meta property=\"og:image:height\" content=\"1450\" \/>\n\t<meta property=\"og:image:type\" content=\"image\/webp\" \/>\n<meta name=\"twitter:card\" content=\"summary_large_image\" \/>\n<!-- \/ Yoast SEO Premium plugin. -->","yoast_head_json":{"title":"Hello Will You I Do Stj\u00e4rnkarta - personlig g\u00e5va - Positive Prints","description":"Best\u00e4ll din Hello Will You I Do Star Map idag och \u00f6verraska din \u00e4lskade med en k\u00e4nslosam g\u00e5va som de kommer att uppskatta f\u00f6r alltid.","robots":{"index":"index","follow":"follow","max-snippet":"max-snippet:-1","max-image-preview":"max-image-preview:large","max-video-preview":"max-video-preview:-1"},"canonical":"https:\/\/positiveprints.com\/sv\/produkt\/hello-will-you-i-do-star-karta\/","og_locale":"sv_SE","og_type":"article","og_title":"Hello Will You I Do Stj\u00e4rnkarta","og_description":"Fira din k\u00e4rleksresa: dela din k\u00e4rlekshistoria med v\u00e4rlden och bevara den f\u00f6r kommande generationer              L\u00e4gg till konstellationer och Vintergatan               Anpassa i 3 enkla steg              Inkludera en meningsfull personlig text              Se resultatet direkt \u2013 den interaktiva f\u00f6rhandsvisningen l\u00e5ter dig finjustera varje detalj","og_url":"https:\/\/positiveprints.com\/sv\/produkt\/hello-will-you-i-do-star-karta\/","og_site_name":"Positive Prints","article_publisher":"https:\/\/www.facebook.com\/positiveprintscom","article_modified_time":"2026-04-28T13:21:21+00:00","og_image":[{"width":1450,"height":1450,"url":"https:\/\/positiveprints.com\/wp-content\/uploads\/2024\/11\/Packshot_SE_Hello-Will-You-I-Do-Star-Map-product-image-.webp","type":"image\/webp"}],"twitter_card":"summary_large_image","schema":{"@context":"https:\/\/schema.org","@graph":[{"@type":["WebPage","ItemPage"],"@id":"https:\/\/positiveprints.com\/sv\/produkt\/hello-will-you-i-do-star-karta\/","url":"https:\/\/positiveprints.com\/sv\/produkt\/hello-will-you-i-do-star-karta\/","name":"Hello Will You I Do Stj\u00e4rnkarta - personlig g\u00e5va - Positive Prints","isPartOf":{"@id":"https:\/\/positiveprints.com\/sv\/#website"},"primaryImageOfPage":{"@id":"https:\/\/positiveprints.com\/sv\/produkt\/hello-will-you-i-do-star-karta\/#primaryimage"},"image":{"@id":"https:\/\/positiveprints.com\/sv\/produkt\/hello-will-you-i-do-star-karta\/#primaryimage"},"thumbnailUrl":"https:\/\/positiveprints.com\/wp-content\/uploads\/2024\/11\/Packshot_SE_Hello-Will-You-I-Do-Star-Map-product-image-.webp","datePublished":"2023-04-24T10:16:58+00:00","dateModified":"2026-04-28T13:21:21+00:00","description":"Best\u00e4ll din Hello Will You I Do Star Map idag och \u00f6verraska din \u00e4lskade med en k\u00e4nslosam g\u00e5va som de kommer att uppskatta f\u00f6r alltid.","breadcrumb":{"@id":"https:\/\/positiveprints.com\/sv\/produkt\/hello-will-you-i-do-star-karta\/#breadcrumb"},"inLanguage":"sv-SE","potentialAction":[{"@type":"ReadAction","target":["https:\/\/positiveprints.com\/sv\/produkt\/hello-will-you-i-do-star-karta\/"]}]},{"@type":"ImageObject","inLanguage":"sv-SE","@id":"https:\/\/positiveprints.com\/sv\/produkt\/hello-will-you-i-do-star-karta\/#primaryimage","url":"https:\/\/positiveprints.com\/wp-content\/uploads\/2024\/11\/Packshot_SE_Hello-Will-You-I-Do-Star-Map-product-image-.webp","contentUrl":"https:\/\/positiveprints.com\/wp-content\/uploads\/2024\/11\/Packshot_SE_Hello-Will-You-I-Do-Star-Map-product-image-.webp","width":1450,"height":1450},{"@type":"BreadcrumbList","@id":"https:\/\/positiveprints.com\/sv\/produkt\/hello-will-you-i-do-star-karta\/#breadcrumb","itemListElement":[{"@type":"ListItem","position":1,"name":"Home","item":"https:\/\/positiveprints.com\/sv\/"},{"@type":"ListItem","position":2,"name":"Produkter","item":"https:\/\/positiveprints.com\/sv\/shop\/"},{"@type":"ListItem","position":3,"name":"Hello Will You I Do Stj\u00e4rnkarta"}]},{"@type":"WebSite","@id":"https:\/\/positiveprints.com\/sv\/#website","url":"https:\/\/positiveprints.com\/sv\/","name":"Positive Prints","description":"Amazing Custom Personalized Gifts","publisher":{"@id":"https:\/\/positiveprints.com\/sv\/#organization"},"potentialAction":[{"@type":"SearchAction","target":{"@type":"EntryPoint","urlTemplate":"https:\/\/positiveprints.com\/sv\/?s={search_term_string}"},"query-input":{"@type":"PropertyValueSpecification","valueRequired":true,"valueName":"search_term_string"}}],"inLanguage":"sv-SE"},{"@type":"Organization","@id":"https:\/\/positiveprints.com\/sv\/#organization","name":"Positive Prints","alternateName":"Positive Prints","url":"https:\/\/positiveprints.com\/sv\/","logo":{"@type":"ImageObject","inLanguage":"sv-SE","@id":"https:\/\/positiveprints.com\/sv\/#\/schema\/logo\/image\/","url":"https:\/\/positiveprints.com\/wp-content\/uploads\/2026\/03\/245815646_1337939713319158_5671353136411139666_n.png","contentUrl":"https:\/\/positiveprints.com\/wp-content\/uploads\/2026\/03\/245815646_1337939713319158_5671353136411139666_n.png","width":800,"height":800,"caption":"Positive Prints"},"image":{"@id":"https:\/\/positiveprints.com\/sv\/#\/schema\/logo\/image\/"},"sameAs":["https:\/\/www.facebook.com\/positiveprintscom","https:\/\/www.instagram.com\/positiveprintscom\/","https:\/\/www.tiktok.com\/@positiveprintscom","https:\/\/www.pinterest.com\/positiveprintscom\/"]}]}},"jetpack_sharing_enabled":true,"_links":{"self":[{"href":"https:\/\/positiveprints.com\/sv\/wp-json\/wp\/v2\/product\/618941","targetHints":{"allow":["GET"]}}],"collection":[{"href":"https:\/\/positiveprints.com\/sv\/wp-json\/wp\/v2\/product"}],"about":[{"href":"https:\/\/positiveprints.com\/sv\/wp-json\/wp\/v2\/types\/product"}],"wp:featuredmedia":[{"embeddable":true,"href":"https:\/\/positiveprints.com\/sv\/wp-json\/wp\/v2\/media\/1257597"}],"wp:attachment":[{"href":"https:\/\/positiveprints.com\/sv\/wp-json\/wp\/v2\/media?parent=618941"}],"wp:term":[{"taxonomy":"product_brand","embeddable":true,"href":"https:\/\/positiveprints.com\/sv\/wp-json\/wp\/v2\/product_brand?post=618941"},{"taxonomy":"product_cat","embeddable":true,"href":"https:\/\/positiveprints.com\/sv\/wp-json\/wp\/v2\/product_cat?post=618941"},{"taxonomy":"product_tag","embeddable":true,"href":"https:\/\/positiveprints.com\/sv\/wp-json\/wp\/v2\/product_tag?post=618941"}],"curies":[{"name":"wp","href":"https:\/\/api.w.org\/{rel}","templated":true}]}}