{"id":618933,"date":"2023-04-21T11:01:25","date_gmt":"2023-04-21T10:01:25","guid":{"rendered":"https:\/\/positiveprints.com\/product\/familj-triple-star-karta\/"},"modified":"2026-04-28T14:21:26","modified_gmt":"2026-04-28T13:21:26","slug":"familj-trippelstjarna-karta","status":"publish","type":"product","link":"https:\/\/positiveprints.com\/sv\/produkt\/familj-trippelstjarna-karta\/","title":{"rendered":"Familj Triple Star Karta"},"content":{"rendered":"<p style=\"margin-top: 1rem\">Letar du efter en unik, meningsfull och <a href=\"https:\/\/positiveprints.com\/gifts-for-family\/\">personlig g\u00e5va till familjen<\/a>? Du beh\u00f6ver inte leta l\u00e4ngre \u00e4n till Family Triple Star Map. Oavsett om det \u00e4r f\u00f6r ett speciellt tillf\u00e4lle eller bara f\u00f6r att, f\u00e5ngar detta personliga tryck stj\u00e4rnorna tre g\u00e5nger i din familjs historia.<\/p>\r\n          \r\n\r\n          \r\n\r\n          \r\n\r\n          <p style=\"margin-top: 1rem\">F\u00f6rest\u00e4ll dig vilka k\u00e4nslor du kommer att k\u00e4nna n\u00e4r du ser hur stj\u00e4rnorna s\u00e5g ut den dag d\u00e5 dina barn f\u00f6ddes eller p\u00e5 din br\u00f6llopsdag. Det \u00e4r inte vilken present som helst, det \u00e4r ett k\u00e4rt minne som varar livet ut. Och det b\u00e4sta av allt? M\u00f6jligheterna \u00e4r o\u00e4ndliga! Oavsett om du firar ett nytillskott i familjen eller bara vill bevara de v\u00e4rdefulla minnena \u00e4r det h\u00e4r den perfekta presenten f\u00f6r dig.<\/p>\r\n          \r\n\r\n          \r\n\r\n          \r\n\r\n          <p style=\"margin-top: 1rem\">Att skapa din Familjestj\u00e4rnkarta \u00e4r enkelt! Med v\u00e5r online editor v\u00e4ljer du helt enkelt \u00f6nskad design och f\u00e4rger. Ange sedan de datum och platser som du vill se stj\u00e4rnkartorna f\u00f6r. Varje steg p\u00e5 v\u00e4gen kommer du att kunna f\u00f6rhandsgranska ditt anpassade konstverk. V\u00e4lj mellan en m\u00e4ngd olika format och storlekar f\u00f6r att se till att du f\u00e5r exakt vad du vill ha.<\/p>\r\n          \r\n\r\n          \r\n\r\n          \r\n\r\n          <p style=\"margin-top: 1rem\">V\u00e4nta inte l\u00e4ngre med att f\u00e5nga de d\u00e4r speciella \u00f6gonblicken! Best\u00e4ll din Family Triple Star Map idag och b\u00f6rja skapa en g\u00e5va som din familj aldrig kommer att gl\u00f6mma.<\/p>","protected":false},"excerpt":{"rendered":"\n<ul class=\"check-list\">\n<li>Visa din familjs samh\u00f6righet och k\u00e4rlek med en magisk stj\u00e4rnkarta och st\u00e4ll den p\u00e5 en speciell plats i ditt hem<\/li>\n<li>L\u00e4gg till konstellationer och Vintergatan  <\/li>\n<li>Anpassa i 3 enkla steg<\/li>\n<li>Inkludera en meningsfull personlig text<\/li>\n<li>Se resultatet direkt \u2013 den interaktiva f\u00f6rhandsvisningen l\u00e5ter dig finjustera varje detalj<\/li>\n<\/ul>\n","protected":false},"featured_media":1256515,"template":"","meta":[],"product_brand":[],"product_cat":[8214,9767,8832,7459,8115,8117,11221,11222,8108,15061,11476,11464,11475,8014,7630,7662,7694,7774,7743,7854,7822],"product_tag":[16082,16081,8542,13430,13460,13470,17191,12774,17100,12775,12773],"class_list":{"0":"post-618933","1":"product","2":"type-product","3":"status-publish","4":"has-post-thumbnail","6":"product_cat-till-honom","7":"product_cat-trending-label-sv","8":"product_cat-trio-stjarnor","9":"product_cat-alla-produkter","10":"product_cat-gavor-till-nyfodda-barn-presenttillfallen","11":"product_cat-fodelsedagspresenter-presenttillfallen","12":"product_cat-fodelsedagspresenter-till-henne","13":"product_cat-fodelsedagspresenter-till-honom","14":"product_cat-julpresenter","15":"product_cat-julklappar-till-familjen","16":"product_cat-julklappar-till-systern","17":"product_cat-julklappar-till-brodern","18":"product_cat-julklappar-till-foraldrarna","19":"product_cat-gavor-for-man","20":"product_cat-gavor-till-din-bror","21":"product_cat-gavor-till-sonen","22":"product_cat-gavor-for-kvinnor","23":"product_cat-gavor-till-dottern","24":"product_cat-gavor-till-en-syster","25":"product_cat-gavor-till-familjen","26":"product_cat-gavor-till-nya-foraldrar","27":"product_tag-cadeaux-de-noel-pour-la-famille-sv","28":"product_tag-family-fr-sv","29":"product_tag-family-sv","30":"product_tag-julklapp-till-syster","31":"product_tag-julklappar-till-bror","32":"product_tag-julklappar-till-familjen","33":"product_tag-present-till-bror","34":"product_tag-present-till-syster","35":"product_tag-presenter-till-bror","36":"product_tag-presenter-till-syster","37":"product_tag-syster","39":"first","40":"instock","41":"sale","42":"taxable","43":"shipping-taxable","44":"purchasable","45":"product-type-variable"},"yoast_head":"<!-- This site is optimized with the Yoast SEO Premium plugin v27.2 (Yoast SEO v27.2) - https:\/\/yoast.com\/product\/yoast-seo-premium-wordpress\/ -->\n<title>Karta \u00f6ver familjens tre stj\u00e4rnor - personlig g\u00e5va - positiva tryck<\/title>\n<meta name=\"description\" content=\"V\u00e4nta inte l\u00e4ngre. Best\u00e4ll din Family Triple Star Map idag och b\u00f6rja skapa en g\u00e5va som din familj aldrig kommer att gl\u00f6mma.\" \/>\n<meta name=\"robots\" content=\"index, follow, max-snippet:-1, max-image-preview:large, max-video-preview:-1\" \/>\n<link rel=\"canonical\" href=\"https:\/\/positiveprints.com\/sv\/produkt\/familj-trippelstjarna-karta\/\" \/>\n<meta property=\"og:locale\" content=\"sv_SE\" \/>\n<meta property=\"og:type\" content=\"article\" \/>\n<meta property=\"og:title\" content=\"Familj Triple Star Karta\" \/>\n<meta property=\"og:description\" content=\"Visa din familjs samh\u00f6righet och k\u00e4rlek med en magisk stj\u00e4rnkarta och st\u00e4ll den p\u00e5 en speciell plats i ditt hem               L\u00e4gg till konstellationer och Vintergatan                Anpassa i 3 enkla steg               Inkludera en meningsfull personlig text               Se resultatet direkt \u2013 den interaktiva f\u00f6rhandsvisningen l\u00e5ter dig finjustera varje detalj\" \/>\n<meta property=\"og:url\" content=\"https:\/\/positiveprints.com\/sv\/produkt\/familj-trippelstjarna-karta\/\" \/>\n<meta property=\"og:site_name\" content=\"Positive Prints\" \/>\n<meta property=\"article:publisher\" content=\"https:\/\/www.facebook.com\/positiveprintscom\" \/>\n<meta property=\"article:modified_time\" content=\"2026-04-28T13:21:26+00:00\" \/>\n<meta property=\"og:image\" content=\"https:\/\/positiveprints.com\/wp-content\/uploads\/2024\/11\/Packshot_SE_Family-Triple-Star-Map-product-image-.webp\" \/>\n\t<meta property=\"og:image:width\" content=\"1450\" \/>\n\t<meta property=\"og:image:height\" content=\"1450\" \/>\n\t<meta property=\"og:image:type\" content=\"image\/webp\" \/>\n<meta name=\"twitter:card\" content=\"summary_large_image\" \/>\n<!-- \/ Yoast SEO Premium plugin. -->","yoast_head_json":{"title":"Karta \u00f6ver familjens tre stj\u00e4rnor - personlig g\u00e5va - positiva tryck","description":"V\u00e4nta inte l\u00e4ngre. Best\u00e4ll din Family Triple Star Map idag och b\u00f6rja skapa en g\u00e5va som din familj aldrig kommer att gl\u00f6mma.","robots":{"index":"index","follow":"follow","max-snippet":"max-snippet:-1","max-image-preview":"max-image-preview:large","max-video-preview":"max-video-preview:-1"},"canonical":"https:\/\/positiveprints.com\/sv\/produkt\/familj-trippelstjarna-karta\/","og_locale":"sv_SE","og_type":"article","og_title":"Familj Triple Star Karta","og_description":"Visa din familjs samh\u00f6righet och k\u00e4rlek med en magisk stj\u00e4rnkarta och st\u00e4ll den p\u00e5 en speciell plats i ditt hem               L\u00e4gg till konstellationer och Vintergatan                Anpassa i 3 enkla steg               Inkludera en meningsfull personlig text               Se resultatet direkt \u2013 den interaktiva f\u00f6rhandsvisningen l\u00e5ter dig finjustera varje detalj","og_url":"https:\/\/positiveprints.com\/sv\/produkt\/familj-trippelstjarna-karta\/","og_site_name":"Positive Prints","article_publisher":"https:\/\/www.facebook.com\/positiveprintscom","article_modified_time":"2026-04-28T13:21:26+00:00","og_image":[{"width":1450,"height":1450,"url":"https:\/\/positiveprints.com\/wp-content\/uploads\/2024\/11\/Packshot_SE_Family-Triple-Star-Map-product-image-.webp","type":"image\/webp"}],"twitter_card":"summary_large_image","schema":{"@context":"https:\/\/schema.org","@graph":[{"@type":["WebPage","ItemPage"],"@id":"https:\/\/positiveprints.com\/sv\/produkt\/familj-trippelstjarna-karta\/","url":"https:\/\/positiveprints.com\/sv\/produkt\/familj-trippelstjarna-karta\/","name":"Karta \u00f6ver familjens tre stj\u00e4rnor - personlig g\u00e5va - positiva tryck","isPartOf":{"@id":"https:\/\/positiveprints.com\/sv\/#website"},"primaryImageOfPage":{"@id":"https:\/\/positiveprints.com\/sv\/produkt\/familj-trippelstjarna-karta\/#primaryimage"},"image":{"@id":"https:\/\/positiveprints.com\/sv\/produkt\/familj-trippelstjarna-karta\/#primaryimage"},"thumbnailUrl":"https:\/\/positiveprints.com\/wp-content\/uploads\/2024\/11\/Packshot_SE_Family-Triple-Star-Map-product-image-.webp","datePublished":"2023-04-21T10:01:25+00:00","dateModified":"2026-04-28T13:21:26+00:00","description":"V\u00e4nta inte l\u00e4ngre. Best\u00e4ll din Family Triple Star Map idag och b\u00f6rja skapa en g\u00e5va som din familj aldrig kommer att gl\u00f6mma.","breadcrumb":{"@id":"https:\/\/positiveprints.com\/sv\/produkt\/familj-trippelstjarna-karta\/#breadcrumb"},"inLanguage":"sv-SE","potentialAction":[{"@type":"ReadAction","target":["https:\/\/positiveprints.com\/sv\/produkt\/familj-trippelstjarna-karta\/"]}]},{"@type":"ImageObject","inLanguage":"sv-SE","@id":"https:\/\/positiveprints.com\/sv\/produkt\/familj-trippelstjarna-karta\/#primaryimage","url":"https:\/\/positiveprints.com\/wp-content\/uploads\/2024\/11\/Packshot_SE_Family-Triple-Star-Map-product-image-.webp","contentUrl":"https:\/\/positiveprints.com\/wp-content\/uploads\/2024\/11\/Packshot_SE_Family-Triple-Star-Map-product-image-.webp","width":1450,"height":1450},{"@type":"BreadcrumbList","@id":"https:\/\/positiveprints.com\/sv\/produkt\/familj-trippelstjarna-karta\/#breadcrumb","itemListElement":[{"@type":"ListItem","position":1,"name":"Home","item":"https:\/\/positiveprints.com\/sv\/"},{"@type":"ListItem","position":2,"name":"Produkter","item":"https:\/\/positiveprints.com\/sv\/shop\/"},{"@type":"ListItem","position":3,"name":"Familj Triple Star Karta"}]},{"@type":"WebSite","@id":"https:\/\/positiveprints.com\/sv\/#website","url":"https:\/\/positiveprints.com\/sv\/","name":"Positive Prints","description":"Amazing Custom Personalized Gifts","publisher":{"@id":"https:\/\/positiveprints.com\/sv\/#organization"},"potentialAction":[{"@type":"SearchAction","target":{"@type":"EntryPoint","urlTemplate":"https:\/\/positiveprints.com\/sv\/?s={search_term_string}"},"query-input":{"@type":"PropertyValueSpecification","valueRequired":true,"valueName":"search_term_string"}}],"inLanguage":"sv-SE"},{"@type":"Organization","@id":"https:\/\/positiveprints.com\/sv\/#organization","name":"Positive Prints","alternateName":"Positive Prints","url":"https:\/\/positiveprints.com\/sv\/","logo":{"@type":"ImageObject","inLanguage":"sv-SE","@id":"https:\/\/positiveprints.com\/sv\/#\/schema\/logo\/image\/","url":"https:\/\/positiveprints.com\/wp-content\/uploads\/2026\/03\/245815646_1337939713319158_5671353136411139666_n.png","contentUrl":"https:\/\/positiveprints.com\/wp-content\/uploads\/2026\/03\/245815646_1337939713319158_5671353136411139666_n.png","width":800,"height":800,"caption":"Positive Prints"},"image":{"@id":"https:\/\/positiveprints.com\/sv\/#\/schema\/logo\/image\/"},"sameAs":["https:\/\/www.facebook.com\/positiveprintscom","https:\/\/www.instagram.com\/positiveprintscom\/","https:\/\/www.tiktok.com\/@positiveprintscom","https:\/\/www.pinterest.com\/positiveprintscom\/"]}]}},"jetpack_sharing_enabled":true,"_links":{"self":[{"href":"https:\/\/positiveprints.com\/sv\/wp-json\/wp\/v2\/product\/618933","targetHints":{"allow":["GET"]}}],"collection":[{"href":"https:\/\/positiveprints.com\/sv\/wp-json\/wp\/v2\/product"}],"about":[{"href":"https:\/\/positiveprints.com\/sv\/wp-json\/wp\/v2\/types\/product"}],"wp:featuredmedia":[{"embeddable":true,"href":"https:\/\/positiveprints.com\/sv\/wp-json\/wp\/v2\/media\/1256515"}],"wp:attachment":[{"href":"https:\/\/positiveprints.com\/sv\/wp-json\/wp\/v2\/media?parent=618933"}],"wp:term":[{"taxonomy":"product_brand","embeddable":true,"href":"https:\/\/positiveprints.com\/sv\/wp-json\/wp\/v2\/product_brand?post=618933"},{"taxonomy":"product_cat","embeddable":true,"href":"https:\/\/positiveprints.com\/sv\/wp-json\/wp\/v2\/product_cat?post=618933"},{"taxonomy":"product_tag","embeddable":true,"href":"https:\/\/positiveprints.com\/sv\/wp-json\/wp\/v2\/product_tag?post=618933"}],"curies":[{"name":"wp","href":"https:\/\/api.w.org\/{rel}","templated":true}]}}