{"id":618925,"date":"2023-04-20T10:10:24","date_gmt":"2023-04-20T09:10:24","guid":{"rendered":"https:\/\/positiveprints.com\/product\/syskon-dubbelstjarna-karta\/"},"modified":"2026-04-12T22:25:52","modified_gmt":"2026-04-12T21:25:52","slug":"syskon-dubbla-stjarnan-karta","status":"publish","type":"product","link":"https:\/\/positiveprints.com\/sv\/produkt\/syskon-dubbla-stjarnan-karta\/","title":{"rendered":"Syskon Dubbelstj\u00e4rna Karta"},"content":{"rendered":"&nbsp;\r\n<p style=\"margin-top: 1rem;\">Letar du efter en personlig g\u00e5va som \u00e4r lika unik som det band du delar med din bror eller syster? Titta inte l\u00e4ngre \u00e4n till Siblings dubbelstj\u00e4rnkarta! Detta fantastiska tryck visar tv\u00e5 <a href=\"https:\/\/positiveprints.com\/sv\/produkt\/anpassad-stjarnkarta\/\">anpassade stj\u00e4rnkartor<\/a> sida vid sida, var och en f\u00e5ngar det exakta \u00f6gonblicket och platsen p\u00e5 stj\u00e4rnhimlen. Med o\u00e4ndliga anpassningsm\u00f6jligheter kan du skapa en speciell stj\u00e4rnkarta f\u00f6r dig sj\u00e4lv och en f\u00f6r ditt syskon, f\u00f6r att minnas alla speciella \u00f6gonblick ni har delat &#8211; fr\u00e5n f\u00f6delsedagar och helgdagar till of\u00f6rgl\u00f6mliga \u00e4ventyr och gemensamma framg\u00e5ngar. Med v\u00e5r l\u00e4ttanv\u00e4nda online editor \u00e4r det snabbare och enklare \u00e4n n\u00e5gonsin att skapa en <a href=\"https:\/\/positiveprints.com\/product\/double-star-map\/\">anpassad dubbelstj\u00e4rnkarta<\/a>, s\u00e5 varf\u00f6r v\u00e4nta med att \u00f6verraska ditt syskon med en g\u00e5va som verkligen lyser?<\/p>\r\n<p style=\"margin-top: 1rem;\">Att skapa din Siblings Double Star Map \u00e4r enkelt. Bes\u00f6k bara v\u00e5r online editor och v\u00e4lj den stil, design och f\u00e4rg som b\u00e4st passar ditt syskons smak. Ange de datum och lokaliseringar som du vill fira, s\u00e5 kommer v\u00e5r redakt\u00f6r att visa dig exakt hur stj\u00e4rnkartorna kommer att se ut p\u00e5 dessa dagar. Du kan f\u00f6rhandsgranska din skapelse och g\u00f6ra n\u00f6dv\u00e4ndiga \u00e4ndringar innan du v\u00e4ljer bland en m\u00e4ngd olika format och storlekar, inklusive tryckta eller inramade affischer, duk eller omedelbara digitala nedladdningar.<\/p>\r\n<p style=\"margin-top: 1rem;\">Oavsett om det \u00e4r till f\u00f6delsedagen, <a href=\"https:\/\/positiveprints.com\/christmas-gifts\/\">julen<\/a> eller bara f\u00f6r att, \u00e4r Siblings Double Star Map det perfekta s\u00e4ttet att visa din bror eller syster hur mycket du bryr dig. Uppskatta era speciella stunder tillsammans med denna unika g\u00e5va som garanterat kommer att gl\u00e4dja och f\u00f6rv\u00e5na. Best\u00e4ll din idag och f\u00e5 ditt syskon att k\u00e4nna sig \u00e4lskat och uppskattat som aldrig f\u00f6rr.<\/p>","protected":false},"excerpt":{"rendered":"<p>&nbsp;<\/p>\n<ul class=\"check-list\">\n<li>L\u00e4gg till en touch av himmelsk sk\u00f6nhet i ditt syskons liv med en anm\u00e4rkningsv\u00e4rd g\u00e5va som kommer att p\u00e5minna om barndomsminnena<\/li>\n<li>L\u00e4gg till konstellationer och Vintergatan<\/li>\n<li>Anpassa i 3 enkla steg<\/li>\n<li>Inkludera en meningsfull personlig text<\/li>\n<li>Se resultatet direkt \u2013 den interaktiva f\u00f6rhandsvisningen l\u00e5ter dig finjustera varje detalj<\/li>\n<\/ul>\n","protected":false},"featured_media":1490346,"template":"","meta":[],"product_brand":[],"product_cat":[8831,7459,8108,11476,11464,7630,7743],"product_tag":[16081,8542,13430,13460,17191,12774,17100,12775,12773],"class_list":{"0":"post-618925","1":"product","2":"type-product","3":"status-publish","4":"has-post-thumbnail","6":"product_cat-duo-stjarnor","7":"product_cat-alla-produkter","8":"product_cat-julpresenter","9":"product_cat-julklappar-till-systern","10":"product_cat-julklappar-till-brodern","11":"product_cat-gavor-till-din-bror","12":"product_cat-gavor-till-en-syster","13":"product_tag-family-fr-sv","14":"product_tag-family-sv","15":"product_tag-julklapp-till-syster","16":"product_tag-julklappar-till-bror","17":"product_tag-present-till-bror","18":"product_tag-present-till-syster","19":"product_tag-presenter-till-bror","20":"product_tag-presenter-till-syster","21":"product_tag-syster","23":"first","24":"instock","25":"sale","26":"taxable","27":"shipping-taxable","28":"purchasable","29":"product-type-variable"},"yoast_head":"<!-- This site is optimized with the Yoast SEO Premium plugin v27.2 (Yoast SEO v27.2) - https:\/\/yoast.com\/product\/yoast-seo-premium-wordpress\/ -->\n<title>Dubbelstj\u00e4rnig karta f\u00f6r syskon - personlig g\u00e5va - positiva tryck<\/title>\n<meta name=\"description\" content=\"Letar du efter en personlig g\u00e5va som \u00e4r lika unik som det band du delar med din bror eller syster? Titta inte l\u00e4ngre \u00e4n till Siblings dubbelstj\u00e4rnkarta!\" \/>\n<meta name=\"robots\" content=\"index, follow, max-snippet:-1, max-image-preview:large, max-video-preview:-1\" \/>\n<link rel=\"canonical\" href=\"https:\/\/positiveprints.com\/sv\/produkt\/syskon-dubbla-stjarnan-karta\/\" \/>\n<meta property=\"og:locale\" content=\"sv_SE\" \/>\n<meta property=\"og:type\" content=\"article\" \/>\n<meta property=\"og:title\" content=\"Syskon Dubbelstj\u00e4rna Karta\" \/>\n<meta property=\"og:description\" content=\"&nbsp;   L\u00e4gg till en touch av himmelsk sk\u00f6nhet i ditt syskons liv med en anm\u00e4rkningsv\u00e4rd g\u00e5va som kommer att p\u00e5minna om barndomsminnena  L\u00e4gg till konstellationer och Vintergatan  Anpassa i 3 enkla steg  Inkludera en meningsfull personlig text  Se resultatet direkt \u2013 den interaktiva f\u00f6rhandsvisningen l\u00e5ter dig finjustera varje detalj\" \/>\n<meta property=\"og:url\" content=\"https:\/\/positiveprints.com\/sv\/produkt\/syskon-dubbla-stjarnan-karta\/\" \/>\n<meta property=\"og:site_name\" content=\"Positive Prints\" \/>\n<meta property=\"article:publisher\" content=\"https:\/\/www.facebook.com\/positiveprintscom\" \/>\n<meta property=\"article:modified_time\" content=\"2026-04-12T21:25:52+00:00\" \/>\n<meta property=\"og:image\" content=\"https:\/\/positiveprints.com\/wp-content\/uploads\/2024\/11\/Packshot_SE_Siblings-Double-Star-Map-product-image-.webp\" \/>\n\t<meta property=\"og:image:width\" content=\"1450\" \/>\n\t<meta property=\"og:image:height\" content=\"1450\" \/>\n\t<meta property=\"og:image:type\" content=\"image\/webp\" \/>\n<meta name=\"twitter:card\" content=\"summary_large_image\" \/>\n<meta name=\"twitter:label1\" content=\"Ber\u00e4knad l\u00e4stid\" \/>\n\t<meta name=\"twitter:data1\" content=\"2 minut\" \/>\n<!-- \/ Yoast SEO Premium plugin. -->","yoast_head_json":{"title":"Dubbelstj\u00e4rnig karta f\u00f6r syskon - personlig g\u00e5va - positiva tryck","description":"Letar du efter en personlig g\u00e5va som \u00e4r lika unik som det band du delar med din bror eller syster? Titta inte l\u00e4ngre \u00e4n till Siblings dubbelstj\u00e4rnkarta!","robots":{"index":"index","follow":"follow","max-snippet":"max-snippet:-1","max-image-preview":"max-image-preview:large","max-video-preview":"max-video-preview:-1"},"canonical":"https:\/\/positiveprints.com\/sv\/produkt\/syskon-dubbla-stjarnan-karta\/","og_locale":"sv_SE","og_type":"article","og_title":"Syskon Dubbelstj\u00e4rna Karta","og_description":"&nbsp;   L\u00e4gg till en touch av himmelsk sk\u00f6nhet i ditt syskons liv med en anm\u00e4rkningsv\u00e4rd g\u00e5va som kommer att p\u00e5minna om barndomsminnena  L\u00e4gg till konstellationer och Vintergatan  Anpassa i 3 enkla steg  Inkludera en meningsfull personlig text  Se resultatet direkt \u2013 den interaktiva f\u00f6rhandsvisningen l\u00e5ter dig finjustera varje detalj","og_url":"https:\/\/positiveprints.com\/sv\/produkt\/syskon-dubbla-stjarnan-karta\/","og_site_name":"Positive Prints","article_publisher":"https:\/\/www.facebook.com\/positiveprintscom","article_modified_time":"2026-04-12T21:25:52+00:00","og_image":[{"width":1450,"height":1450,"url":"https:\/\/positiveprints.com\/wp-content\/uploads\/2024\/11\/Packshot_SE_Siblings-Double-Star-Map-product-image-.webp","type":"image\/webp"}],"twitter_card":"summary_large_image","twitter_misc":{"Ber\u00e4knad l\u00e4stid":"2 minut"},"schema":{"@context":"https:\/\/schema.org","@graph":[{"@type":["WebPage","ItemPage"],"@id":"https:\/\/positiveprints.com\/sv\/produkt\/syskon-dubbla-stjarnan-karta\/","url":"https:\/\/positiveprints.com\/sv\/produkt\/syskon-dubbla-stjarnan-karta\/","name":"Dubbelstj\u00e4rnig karta f\u00f6r syskon - personlig g\u00e5va - positiva tryck","isPartOf":{"@id":"https:\/\/positiveprints.com\/sv\/#website"},"primaryImageOfPage":{"@id":"https:\/\/positiveprints.com\/sv\/produkt\/syskon-dubbla-stjarnan-karta\/#primaryimage"},"image":{"@id":"https:\/\/positiveprints.com\/sv\/produkt\/syskon-dubbla-stjarnan-karta\/#primaryimage"},"thumbnailUrl":"https:\/\/positiveprints.com\/wp-content\/uploads\/2025\/08\/Packshot_SE_Syskon-Dubbelstja\u0308rna-Karta.webp","datePublished":"2023-04-20T09:10:24+00:00","dateModified":"2026-04-12T21:25:52+00:00","description":"Letar du efter en personlig g\u00e5va som \u00e4r lika unik som det band du delar med din bror eller syster? Titta inte l\u00e4ngre \u00e4n till Siblings dubbelstj\u00e4rnkarta!","breadcrumb":{"@id":"https:\/\/positiveprints.com\/sv\/produkt\/syskon-dubbla-stjarnan-karta\/#breadcrumb"},"inLanguage":"sv-SE","potentialAction":[{"@type":"ReadAction","target":["https:\/\/positiveprints.com\/sv\/produkt\/syskon-dubbla-stjarnan-karta\/"]}]},{"@type":"ImageObject","inLanguage":"sv-SE","@id":"https:\/\/positiveprints.com\/sv\/produkt\/syskon-dubbla-stjarnan-karta\/#primaryimage","url":"https:\/\/positiveprints.com\/wp-content\/uploads\/2025\/08\/Packshot_SE_Syskon-Dubbelstja\u0308rna-Karta.webp","contentUrl":"https:\/\/positiveprints.com\/wp-content\/uploads\/2025\/08\/Packshot_SE_Syskon-Dubbelstja\u0308rna-Karta.webp","width":1450,"height":1450},{"@type":"BreadcrumbList","@id":"https:\/\/positiveprints.com\/sv\/produkt\/syskon-dubbla-stjarnan-karta\/#breadcrumb","itemListElement":[{"@type":"ListItem","position":1,"name":"Home","item":"https:\/\/positiveprints.com\/sv\/"},{"@type":"ListItem","position":2,"name":"Produkter","item":"https:\/\/positiveprints.com\/sv\/shop\/"},{"@type":"ListItem","position":3,"name":"Syskon Dubbelstj\u00e4rna Karta"}]},{"@type":"WebSite","@id":"https:\/\/positiveprints.com\/sv\/#website","url":"https:\/\/positiveprints.com\/sv\/","name":"Positive Prints","description":"Amazing Custom Personalized Gifts","publisher":{"@id":"https:\/\/positiveprints.com\/sv\/#organization"},"potentialAction":[{"@type":"SearchAction","target":{"@type":"EntryPoint","urlTemplate":"https:\/\/positiveprints.com\/sv\/?s={search_term_string}"},"query-input":{"@type":"PropertyValueSpecification","valueRequired":true,"valueName":"search_term_string"}}],"inLanguage":"sv-SE"},{"@type":"Organization","@id":"https:\/\/positiveprints.com\/sv\/#organization","name":"Positive Prints","alternateName":"Positive Prints","url":"https:\/\/positiveprints.com\/sv\/","logo":{"@type":"ImageObject","inLanguage":"sv-SE","@id":"https:\/\/positiveprints.com\/sv\/#\/schema\/logo\/image\/","url":"https:\/\/positiveprints.com\/wp-content\/uploads\/2026\/03\/245815646_1337939713319158_5671353136411139666_n.png","contentUrl":"https:\/\/positiveprints.com\/wp-content\/uploads\/2026\/03\/245815646_1337939713319158_5671353136411139666_n.png","width":800,"height":800,"caption":"Positive Prints"},"image":{"@id":"https:\/\/positiveprints.com\/sv\/#\/schema\/logo\/image\/"},"sameAs":["https:\/\/www.facebook.com\/positiveprintscom","https:\/\/www.instagram.com\/positiveprintscom\/","https:\/\/www.tiktok.com\/@positiveprintscom","https:\/\/www.pinterest.com\/positiveprintscom\/"]}]}},"jetpack_sharing_enabled":true,"_links":{"self":[{"href":"https:\/\/positiveprints.com\/sv\/wp-json\/wp\/v2\/product\/618925","targetHints":{"allow":["GET"]}}],"collection":[{"href":"https:\/\/positiveprints.com\/sv\/wp-json\/wp\/v2\/product"}],"about":[{"href":"https:\/\/positiveprints.com\/sv\/wp-json\/wp\/v2\/types\/product"}],"wp:featuredmedia":[{"embeddable":true,"href":"https:\/\/positiveprints.com\/sv\/wp-json\/wp\/v2\/media\/1490346"}],"wp:attachment":[{"href":"https:\/\/positiveprints.com\/sv\/wp-json\/wp\/v2\/media?parent=618925"}],"wp:term":[{"taxonomy":"product_brand","embeddable":true,"href":"https:\/\/positiveprints.com\/sv\/wp-json\/wp\/v2\/product_brand?post=618925"},{"taxonomy":"product_cat","embeddable":true,"href":"https:\/\/positiveprints.com\/sv\/wp-json\/wp\/v2\/product_cat?post=618925"},{"taxonomy":"product_tag","embeddable":true,"href":"https:\/\/positiveprints.com\/sv\/wp-json\/wp\/v2\/product_tag?post=618925"}],"curies":[{"name":"wp","href":"https:\/\/api.w.org\/{rel}","templated":true}]}}