{"id":618918,"date":"2023-04-20T08:08:49","date_gmt":"2023-04-20T07:08:49","guid":{"rendered":"https:\/\/positiveprints.com\/product\/dubbelstjarnig-karta-for-mor-och-farforaldrar\/"},"modified":"2026-04-12T22:27:09","modified_gmt":"2026-04-12T21:27:09","slug":"dubbelstjarna-karta-grandforaldrar","status":"publish","type":"product","link":"https:\/\/positiveprints.com\/sv\/produkt\/dubbelstjarna-karta-grandforaldrar\/","title":{"rendered":"Dubbelstj\u00e4rnig karta f\u00f6r mor- och farf\u00f6r\u00e4ldrar"},"content":{"rendered":"<p style=\"margin-top: 1rem\">Double Star Map f\u00f6r mor- och farf\u00f6r\u00e4ldrar \u00e4r en vacker och personlig g\u00e5va som s\u00e4kert kommer att f\u00e5 dina mor- och farf\u00f6r\u00e4ldrars hj\u00e4rtan att sm\u00e4lta. Detta uts\u00f6kta tryck f\u00f6rest\u00e4ller tv\u00e5 stj\u00e4rnkartor sida vid sida, som representerar tv\u00e5 speciella \u00f6gonblick i deras liv &#8211; dagen d\u00e5 de blev mor- och farf\u00f6r\u00e4ldrar och d\u00e5 deras barnbarn f\u00f6ddes. Det \u00e4r ett perfekt s\u00e4tt att fira en speciell h\u00e4ndelse och hylla familjen.<\/p>\r\n          \r\n\r\n          \r\n\r\n          \r\n\r\n          <p style=\"margin-top: 1rem\">Att skapa din alldeles egna dubbelstj\u00e4rnkarta f\u00f6r mor- och farf\u00f6r\u00e4ldrar \u00e4r enkelt tack vare v\u00e5r online-redigerare. B\u00f6rja med att v\u00e4lja den stil, design och f\u00e4rger som b\u00e4st speglar dina mor- och farf\u00f6r\u00e4ldrars smak och personlighet. Du kan dessutom anpassa den med dina mor- och farf\u00f6r\u00e4ldrars favoritf\u00e4rger. Ange de tv\u00e5 viktiga datumen och platserna i din far- eller morf\u00f6r\u00e4lders liv, f\u00f6delsedatum och plats f\u00f6r barnbarnens f\u00f6delse, f\u00f6r att se exakt hur stj\u00e4rnkartorna kommer att visa natthimlen vid dessa tillf\u00e4llen. Alla \u00e4ndringar som du g\u00f6r kommer att visas i f\u00f6rhandsgranskningen online i v\u00e5r editor. Slutligen v\u00e4ljer du det format och den storlek som b\u00e4st passar deras stil, oavsett om du v\u00e4ljer en tryckt eller inramad affisch, en canvasduk eller en direkt digital nedladdning.<\/p>\r\n          \r\n\r\n          \r\n\r\n          \r\n\r\n          <p style=\"margin-top: 1rem\">Dubbelstj\u00e4rnig karta f\u00f6r mor- och farf\u00f6r\u00e4ldrar \u00e4r perfekt f\u00f6r alla tillf\u00e4llen, oavsett om det \u00e4r dina mor- och farf\u00f6r\u00e4ldrars f\u00f6delsedag, <a href=\"https:\/\/positiveprints.com\/christmas-gifts\/\">jul<\/a>, mor- och farf\u00f6r\u00e4ldrarnas dag eller bara f\u00f6r att. Det \u00e4r en g\u00e5va till mor- och farf\u00f6r\u00e4ldrar som \u00e4r helt unik och personlig, och som kommer att v\u00e4cka k\u00e4nslor av k\u00e4rlek och v\u00e4rme f\u00f6r din mor- eller farf\u00f6r\u00e4lder. Det fina med dubbelstj\u00e4rnkartan ligger inte bara i den visuella representationen utan i de k\u00e4nslor och minnen som den v\u00e4cker. S\u00e5 skapa din egen dubbelstj\u00e4rniga karta f\u00f6r mor- och farf\u00f6r\u00e4ldrar idag, och ge dem en g\u00e5va som kommer att ge gl\u00e4dje och k\u00e4rlek i m\u00e5nga \u00e5r fram\u00f6ver.<\/p>","protected":false},"excerpt":{"rendered":"\n<ul class=\"check-list\">\n<li>F\u00e5 dina mor- och farf\u00f6r\u00e4ldrar att k\u00e4nna sig speciella och \u00e4lskade med en visuell representation av himlen den dag d\u00e5 varje barnbarn f\u00f6ddes<\/li>\n<li>L\u00e4gg till konstellationer och Vintergatan  <\/li>\n<li>Anpassa i 3 enkla steg<\/li>\n<li>Inkludera en meningsfull personlig text<\/li>\n<li>Se resultatet direkt \u2013 den interaktiva f\u00f6rhandsvisningen l\u00e5ter dig finjustera varje detalj<\/li>\n<\/ul>\n","protected":false},"featured_media":1328143,"template":"","meta":[],"product_brand":[],"product_cat":[9000,7459,8831,8108,7614,11467,7727,11468,9767],"product_tag":[8590,8673,8683,13381,13380],"class_list":{"0":"post-618918","1":"product","2":"type-product","3":"status-publish","4":"has-post-thumbnail","6":"product_cat-aldreomsorgens-dag","7":"product_cat-alla-produkter","8":"product_cat-duo-stjarnor","9":"product_cat-julpresenter","10":"product_cat-gavor-till-morfar","11":"product_cat-julklappar-till-morfar","12":"product_cat-gavor-till-mormor","13":"product_cat-julklappar-till-mormor","14":"product_cat-trending-label-sv","15":"product_tag-farmor","16":"product_tag-grandpa-sv","17":"product_tag-grandparents-sv","18":"product_tag-julklapp-till-en-morfar","19":"product_tag-julklapp-till-en-mormor","21":"first","22":"instock","23":"sale","24":"taxable","25":"shipping-taxable","26":"purchasable","27":"product-type-variable"},"yoast_head":"<!-- This site is optimized with the Yoast SEO Premium plugin v27.2 (Yoast SEO v27.2) - https:\/\/yoast.com\/product\/yoast-seo-premium-wordpress\/ -->\n<title>Dubbel stj\u00e4rnkarta som g\u00e5va till mor- och farf\u00f6r\u00e4ldrar - Positive Prints<\/title>\n<meta name=\"description\" content=\"Double Star Map f\u00f6r mor- och farf\u00f6r\u00e4ldrar \u00e4r en vacker och personlig g\u00e5va som s\u00e4kert kommer att f\u00e5 dina mor- och farf\u00f6r\u00e4ldrars hj\u00e4rtan att sm\u00e4lta.\" \/>\n<meta name=\"robots\" content=\"index, follow, max-snippet:-1, max-image-preview:large, max-video-preview:-1\" \/>\n<link rel=\"canonical\" href=\"https:\/\/positiveprints.com\/sv\/produkt\/dubbelstjarna-karta-grandforaldrar\/\" \/>\n<meta property=\"og:locale\" content=\"sv_SE\" \/>\n<meta property=\"og:type\" content=\"article\" \/>\n<meta property=\"og:title\" content=\"Dubbelstj\u00e4rnig karta f\u00f6r mor- och farf\u00f6r\u00e4ldrar\" \/>\n<meta property=\"og:description\" content=\"F\u00e5 dina mor- och farf\u00f6r\u00e4ldrar att k\u00e4nna sig speciella och \u00e4lskade med en visuell representation av himlen den dag d\u00e5 varje barnbarn f\u00f6ddes               L\u00e4gg till konstellationer och Vintergatan                Anpassa i 3 enkla steg               Inkludera en meningsfull personlig text               Se resultatet direkt \u2013 den interaktiva f\u00f6rhandsvisningen l\u00e5ter dig finjustera varje detalj\" \/>\n<meta property=\"og:url\" content=\"https:\/\/positiveprints.com\/sv\/produkt\/dubbelstjarna-karta-grandforaldrar\/\" \/>\n<meta property=\"og:site_name\" content=\"Positive Prints\" \/>\n<meta property=\"article:publisher\" content=\"https:\/\/www.facebook.com\/positiveprintscom\" \/>\n<meta property=\"article:modified_time\" content=\"2026-04-12T21:27:09+00:00\" \/>\n<meta property=\"og:image\" content=\"https:\/\/positiveprints.com\/wp-content\/uploads\/2025\/01\/Dubbelstja\u0308rnig-karta-fo\u0308r-mor-och-farfo\u0308ra\u0308ldrar-1.webp\" \/>\n\t<meta property=\"og:image:width\" content=\"1450\" \/>\n\t<meta property=\"og:image:height\" content=\"1450\" \/>\n\t<meta property=\"og:image:type\" content=\"image\/webp\" \/>\n<meta name=\"twitter:card\" content=\"summary_large_image\" \/>\n<meta name=\"twitter:label1\" content=\"Ber\u00e4knad l\u00e4stid\" \/>\n\t<meta name=\"twitter:data1\" content=\"2 minut\" \/>\n<!-- \/ Yoast SEO Premium plugin. -->","yoast_head_json":{"title":"Dubbel stj\u00e4rnkarta som g\u00e5va till mor- och farf\u00f6r\u00e4ldrar - Positive Prints","description":"Double Star Map f\u00f6r mor- och farf\u00f6r\u00e4ldrar \u00e4r en vacker och personlig g\u00e5va som s\u00e4kert kommer att f\u00e5 dina mor- och farf\u00f6r\u00e4ldrars hj\u00e4rtan att sm\u00e4lta.","robots":{"index":"index","follow":"follow","max-snippet":"max-snippet:-1","max-image-preview":"max-image-preview:large","max-video-preview":"max-video-preview:-1"},"canonical":"https:\/\/positiveprints.com\/sv\/produkt\/dubbelstjarna-karta-grandforaldrar\/","og_locale":"sv_SE","og_type":"article","og_title":"Dubbelstj\u00e4rnig karta f\u00f6r mor- och farf\u00f6r\u00e4ldrar","og_description":"F\u00e5 dina mor- och farf\u00f6r\u00e4ldrar att k\u00e4nna sig speciella och \u00e4lskade med en visuell representation av himlen den dag d\u00e5 varje barnbarn f\u00f6ddes               L\u00e4gg till konstellationer och Vintergatan                Anpassa i 3 enkla steg               Inkludera en meningsfull personlig text               Se resultatet direkt \u2013 den interaktiva f\u00f6rhandsvisningen l\u00e5ter dig finjustera varje detalj","og_url":"https:\/\/positiveprints.com\/sv\/produkt\/dubbelstjarna-karta-grandforaldrar\/","og_site_name":"Positive Prints","article_publisher":"https:\/\/www.facebook.com\/positiveprintscom","article_modified_time":"2026-04-12T21:27:09+00:00","og_image":[{"width":1450,"height":1450,"url":"https:\/\/positiveprints.com\/wp-content\/uploads\/2025\/01\/Dubbelstja\u0308rnig-karta-fo\u0308r-mor-och-farfo\u0308ra\u0308ldrar-1.webp","type":"image\/webp"}],"twitter_card":"summary_large_image","twitter_misc":{"Ber\u00e4knad l\u00e4stid":"2 minut"},"schema":{"@context":"https:\/\/schema.org","@graph":[{"@type":["WebPage","ItemPage"],"@id":"https:\/\/positiveprints.com\/sv\/produkt\/dubbelstjarna-karta-grandforaldrar\/","url":"https:\/\/positiveprints.com\/sv\/produkt\/dubbelstjarna-karta-grandforaldrar\/","name":"Dubbel stj\u00e4rnkarta som g\u00e5va till mor- och farf\u00f6r\u00e4ldrar - Positive Prints","isPartOf":{"@id":"https:\/\/positiveprints.com\/sv\/#website"},"primaryImageOfPage":{"@id":"https:\/\/positiveprints.com\/sv\/produkt\/dubbelstjarna-karta-grandforaldrar\/#primaryimage"},"image":{"@id":"https:\/\/positiveprints.com\/sv\/produkt\/dubbelstjarna-karta-grandforaldrar\/#primaryimage"},"thumbnailUrl":"https:\/\/positiveprints.com\/wp-content\/uploads\/2025\/01\/Dubbelstja\u0308rnig-karta-fo\u0308r-mor-och-farfo\u0308ra\u0308ldrar-1.webp","datePublished":"2023-04-20T07:08:49+00:00","dateModified":"2026-04-12T21:27:09+00:00","description":"Double Star Map f\u00f6r mor- och farf\u00f6r\u00e4ldrar \u00e4r en vacker och personlig g\u00e5va som s\u00e4kert kommer att f\u00e5 dina mor- och farf\u00f6r\u00e4ldrars hj\u00e4rtan att sm\u00e4lta.","breadcrumb":{"@id":"https:\/\/positiveprints.com\/sv\/produkt\/dubbelstjarna-karta-grandforaldrar\/#breadcrumb"},"inLanguage":"sv-SE","potentialAction":[{"@type":"ReadAction","target":["https:\/\/positiveprints.com\/sv\/produkt\/dubbelstjarna-karta-grandforaldrar\/"]}]},{"@type":"ImageObject","inLanguage":"sv-SE","@id":"https:\/\/positiveprints.com\/sv\/produkt\/dubbelstjarna-karta-grandforaldrar\/#primaryimage","url":"https:\/\/positiveprints.com\/wp-content\/uploads\/2025\/01\/Dubbelstja\u0308rnig-karta-fo\u0308r-mor-och-farfo\u0308ra\u0308ldrar-1.webp","contentUrl":"https:\/\/positiveprints.com\/wp-content\/uploads\/2025\/01\/Dubbelstja\u0308rnig-karta-fo\u0308r-mor-och-farfo\u0308ra\u0308ldrar-1.webp","width":1450,"height":1450},{"@type":"BreadcrumbList","@id":"https:\/\/positiveprints.com\/sv\/produkt\/dubbelstjarna-karta-grandforaldrar\/#breadcrumb","itemListElement":[{"@type":"ListItem","position":1,"name":"Home","item":"https:\/\/positiveprints.com\/sv\/"},{"@type":"ListItem","position":2,"name":"Produkter","item":"https:\/\/positiveprints.com\/sv\/shop\/"},{"@type":"ListItem","position":3,"name":"Dubbelstj\u00e4rnig karta f\u00f6r mor- och farf\u00f6r\u00e4ldrar"}]},{"@type":"WebSite","@id":"https:\/\/positiveprints.com\/sv\/#website","url":"https:\/\/positiveprints.com\/sv\/","name":"Positive Prints","description":"Amazing Custom Personalized Gifts","publisher":{"@id":"https:\/\/positiveprints.com\/sv\/#organization"},"potentialAction":[{"@type":"SearchAction","target":{"@type":"EntryPoint","urlTemplate":"https:\/\/positiveprints.com\/sv\/?s={search_term_string}"},"query-input":{"@type":"PropertyValueSpecification","valueRequired":true,"valueName":"search_term_string"}}],"inLanguage":"sv-SE"},{"@type":"Organization","@id":"https:\/\/positiveprints.com\/sv\/#organization","name":"Positive Prints","alternateName":"Positive Prints","url":"https:\/\/positiveprints.com\/sv\/","logo":{"@type":"ImageObject","inLanguage":"sv-SE","@id":"https:\/\/positiveprints.com\/sv\/#\/schema\/logo\/image\/","url":"https:\/\/positiveprints.com\/wp-content\/uploads\/2026\/03\/245815646_1337939713319158_5671353136411139666_n.png","contentUrl":"https:\/\/positiveprints.com\/wp-content\/uploads\/2026\/03\/245815646_1337939713319158_5671353136411139666_n.png","width":800,"height":800,"caption":"Positive Prints"},"image":{"@id":"https:\/\/positiveprints.com\/sv\/#\/schema\/logo\/image\/"},"sameAs":["https:\/\/www.facebook.com\/positiveprintscom","https:\/\/www.instagram.com\/positiveprintscom\/","https:\/\/www.tiktok.com\/@positiveprintscom","https:\/\/www.pinterest.com\/positiveprintscom\/"]}]}},"jetpack_sharing_enabled":true,"_links":{"self":[{"href":"https:\/\/positiveprints.com\/sv\/wp-json\/wp\/v2\/product\/618918","targetHints":{"allow":["GET"]}}],"collection":[{"href":"https:\/\/positiveprints.com\/sv\/wp-json\/wp\/v2\/product"}],"about":[{"href":"https:\/\/positiveprints.com\/sv\/wp-json\/wp\/v2\/types\/product"}],"wp:featuredmedia":[{"embeddable":true,"href":"https:\/\/positiveprints.com\/sv\/wp-json\/wp\/v2\/media\/1328143"}],"wp:attachment":[{"href":"https:\/\/positiveprints.com\/sv\/wp-json\/wp\/v2\/media?parent=618918"}],"wp:term":[{"taxonomy":"product_brand","embeddable":true,"href":"https:\/\/positiveprints.com\/sv\/wp-json\/wp\/v2\/product_brand?post=618918"},{"taxonomy":"product_cat","embeddable":true,"href":"https:\/\/positiveprints.com\/sv\/wp-json\/wp\/v2\/product_cat?post=618918"},{"taxonomy":"product_tag","embeddable":true,"href":"https:\/\/positiveprints.com\/sv\/wp-json\/wp\/v2\/product_tag?post=618918"}],"curies":[{"name":"wp","href":"https:\/\/api.w.org\/{rel}","templated":true}]}}