{"id":618910,"date":"2023-04-20T08:16:14","date_gmt":"2023-04-20T07:16:14","guid":{"rendered":"https:\/\/positiveprints.com\/product\/basta-vannen-double-star-karta\/"},"modified":"2026-04-18T05:54:48","modified_gmt":"2026-04-18T04:54:48","slug":"karta-over-basta-vannen-med-dubbla-stjarnor","status":"publish","type":"product","link":"https:\/\/positiveprints.com\/sv\/produkt\/karta-over-basta-vannen-med-dubbla-stjarnor\/","title":{"rendered":"B\u00e4sta v\u00e4nnen Double Star Karta"},"content":{"rendered":"<p style=\"margin-top: 1rem\">Dubbelstj\u00e4rnig karta f\u00f6r b\u00e4sta v\u00e4n \u00e4r den perfekta personliga g\u00e5van till din b\u00e4sta v\u00e4n. Detta vackra och omt\u00e4nksamma tryck visar tv\u00e5 stj\u00e4rnkartor sida vid sida, var och en med en stj\u00e4rnhimmel fr\u00e5n ett speciellt \u00f6gonblick i er v\u00e4nskap. Kanske \u00e4r den ena fr\u00e5n din f\u00f6delsedag och den andra fr\u00e5n din b\u00e4sta v\u00e4ns f\u00f6delsedag. Eller s\u00e5 kanske du v\u00e4ljer att ha en fr\u00e5n den dag ni tr\u00e4ffades och en fr\u00e5n den dag ni blev b\u00e4sta v\u00e4nner. M\u00f6jligheterna \u00e4r o\u00e4ndliga och resultatet blir en unik g\u00e5va som symboliserar det speciella band ni delar.<\/p>\r\n          \r\n\r\n          \r\n\r\n          \r\n\r\n          <p style=\"margin-top: 1rem\">Att skapa din alldeles egna Best Friend Double Star Map \u00e4r enkelt, tack vare v\u00e5r online editor. V\u00e4lj den stil, design och de f\u00e4rger som b\u00e4st speglar din v\u00e4ns smak och personlighet. Du kan \u00e4ven g\u00f6ra den personlig med din v\u00e4ns favoritf\u00e4rger. Ange de datum och lokaliseringar som \u00e4r viktiga f\u00f6r dig och din v\u00e4n, och se hur stj\u00e4rnkartorna kommer att visa natthimlen vid dessa tv\u00e5 speciella tillf\u00e4llen. Varje \u00e4ndring du g\u00f6r syns direkt i f\u00f6rhandsgranskningen online, s\u00e5 att du kan kontrollera att allt \u00e4r precis som du vill ha det. Slutligen v\u00e4ljer du det format och den storlek som b\u00e4st passar din v\u00e4ns stil, oavsett om du v\u00e4ljer en tryckt eller inramad affisch, en canvasduk eller en direkt digital nedladdning.<\/p>\r\n          \r\n\r\n          \r\n\r\n          \r\n\r\n          <p style=\"margin-top: 1rem\">Dubbelstj\u00e4rnig karta \u00f6ver b\u00e4sta v\u00e4n \u00e4r den perfekta presenten f\u00f6r alla tillf\u00e4llen, oavsett om det \u00e4r din v\u00e4ns f\u00f6delsedag, <a href=\"https:\/\/positiveprints.com\/christmas-gifts\/\">jul<\/a>, <a href=\"https:\/\/positiveprints.com\/blog\/33-galentines-day-gifts-to-make-your-bestie-smile\/\">galentinsdag<\/a> eller bara f\u00f6r att du vill ge bort en present. Det \u00e4r ett innerligt och meningsfullt s\u00e4tt att fira er v\u00e4nskap och att visa din b\u00e4sta v\u00e4n hur mycket hen betyder f\u00f6r dig. S\u00e5 skapa din egen dubbelstj\u00e4rniga b\u00e4sta v\u00e4n-karta idag och ge din v\u00e4n en g\u00e5va som verkligen kommer att g\u00f6ra deras dag.<\/p>","protected":false},"excerpt":{"rendered":"\n<ul class=\"check-list\">\n<li>Framkalla glada minnen och visa din b\u00e4sta v\u00e4n hur mycket du uppskattar det unika band som finns mellan er tv\u00e5<\/li>\n<li>L\u00e4gg till konstellationer och Vintergatan  <\/li>\n<li>Anpassa i 3 enkla steg<\/li>\n<li>Inkludera en meningsfull personlig text<\/li>\n<li>Se resultatet direkt \u2013 den interaktiva f\u00f6rhandsvisningen l\u00e5ter dig finjustera varje detalj<\/li>\n<\/ul>\n","protected":false},"featured_media":1251350,"template":"","meta":[],"product_brand":[],"product_cat":[9281,8831,7459,8108,15046,7838],"product_tag":[9378,15195,15196,9390,15197,15236,13489,13480,11007,8635,11873],"class_list":{"0":"post-618910","1":"product","2":"type-product","3":"status-publish","4":"has-post-thumbnail","6":"product_cat-bestsellers-label-sv","7":"product_cat-duo-stjarnor","8":"product_cat-alla-produkter","9":"product_cat-julpresenter","10":"product_cat-julklappar-for-vanner","11":"product_cat-gavor-till-vanner","12":"product_tag-basta-vanner","13":"product_tag-best-friend-sv","14":"product_tag-best-friends-forever-sv","15":"product_tag-besties-sv","16":"product_tag-bff-sv","17":"product_tag-galentines-day-sv-2","18":"product_tag-galentines-day-sv","19":"product_tag-julklappar-till-vanner","20":"product_tag-van","21":"product_tag-vaninnor","22":"product_tag-vanskap","24":"first","25":"instock","26":"sale","27":"taxable","28":"shipping-taxable","29":"purchasable","30":"product-type-variable"},"yoast_head":"<!-- This site is optimized with the Yoast SEO Premium plugin v27.2 (Yoast SEO v27.2) - https:\/\/yoast.com\/product\/yoast-seo-premium-wordpress\/ -->\n<title>Dubbelstj\u00e4rnig karta \u00f6ver b\u00e4sta v\u00e4n - personlig g\u00e5va - Positive Prints<\/title>\n<meta name=\"description\" content=\"Dubbelstj\u00e4rnig karta \u00f6ver b\u00e4sta v\u00e4n \u00e4r den perfekta presenten f\u00f6r alla tillf\u00e4llen, oavsett om det \u00e4r din v\u00e4ns f\u00f6delsedag, jul, galentinsdag eller bara f\u00f6r att du vill ge bort en present.\" \/>\n<meta name=\"robots\" content=\"index, follow, max-snippet:-1, max-image-preview:large, max-video-preview:-1\" \/>\n<link rel=\"canonical\" href=\"https:\/\/positiveprints.com\/sv\/produkt\/karta-over-basta-vannen-med-dubbla-stjarnor\/\" \/>\n<meta property=\"og:locale\" content=\"sv_SE\" \/>\n<meta property=\"og:type\" content=\"article\" \/>\n<meta property=\"og:title\" content=\"B\u00e4sta v\u00e4nnen Double Star Karta\" \/>\n<meta property=\"og:description\" content=\"Framkalla glada minnen och visa din b\u00e4sta v\u00e4n hur mycket du uppskattar det unika band som finns mellan er tv\u00e5               L\u00e4gg till konstellationer och Vintergatan                Anpassa i 3 enkla steg               Inkludera en meningsfull personlig text               Se resultatet direkt \u2013 den interaktiva f\u00f6rhandsvisningen l\u00e5ter dig finjustera varje detalj\" \/>\n<meta property=\"og:url\" content=\"https:\/\/positiveprints.com\/sv\/produkt\/karta-over-basta-vannen-med-dubbla-stjarnor\/\" \/>\n<meta property=\"og:site_name\" content=\"Positive Prints\" \/>\n<meta property=\"article:publisher\" content=\"https:\/\/www.facebook.com\/positiveprintscom\" \/>\n<meta property=\"article:modified_time\" content=\"2026-04-18T04:54:48+00:00\" \/>\n<meta property=\"og:image\" content=\"https:\/\/positiveprints.com\/wp-content\/uploads\/2024\/11\/PACKSHOT_SE_Best-Friend-Double-Star-Map-product-image-.webp\" \/>\n\t<meta property=\"og:image:width\" content=\"1450\" \/>\n\t<meta property=\"og:image:height\" content=\"1450\" \/>\n\t<meta property=\"og:image:type\" content=\"image\/webp\" \/>\n<meta name=\"twitter:card\" content=\"summary_large_image\" \/>\n<meta name=\"twitter:label1\" content=\"Ber\u00e4knad l\u00e4stid\" \/>\n\t<meta name=\"twitter:data1\" content=\"2 minut\" \/>\n<!-- \/ Yoast SEO Premium plugin. -->","yoast_head_json":{"title":"Dubbelstj\u00e4rnig karta \u00f6ver b\u00e4sta v\u00e4n - personlig g\u00e5va - Positive Prints","description":"Dubbelstj\u00e4rnig karta \u00f6ver b\u00e4sta v\u00e4n \u00e4r den perfekta presenten f\u00f6r alla tillf\u00e4llen, oavsett om det \u00e4r din v\u00e4ns f\u00f6delsedag, jul, galentinsdag eller bara f\u00f6r att du vill ge bort en present.","robots":{"index":"index","follow":"follow","max-snippet":"max-snippet:-1","max-image-preview":"max-image-preview:large","max-video-preview":"max-video-preview:-1"},"canonical":"https:\/\/positiveprints.com\/sv\/produkt\/karta-over-basta-vannen-med-dubbla-stjarnor\/","og_locale":"sv_SE","og_type":"article","og_title":"B\u00e4sta v\u00e4nnen Double Star Karta","og_description":"Framkalla glada minnen och visa din b\u00e4sta v\u00e4n hur mycket du uppskattar det unika band som finns mellan er tv\u00e5               L\u00e4gg till konstellationer och Vintergatan                Anpassa i 3 enkla steg               Inkludera en meningsfull personlig text               Se resultatet direkt \u2013 den interaktiva f\u00f6rhandsvisningen l\u00e5ter dig finjustera varje detalj","og_url":"https:\/\/positiveprints.com\/sv\/produkt\/karta-over-basta-vannen-med-dubbla-stjarnor\/","og_site_name":"Positive Prints","article_publisher":"https:\/\/www.facebook.com\/positiveprintscom","article_modified_time":"2026-04-18T04:54:48+00:00","og_image":[{"width":1450,"height":1450,"url":"https:\/\/positiveprints.com\/wp-content\/uploads\/2024\/11\/PACKSHOT_SE_Best-Friend-Double-Star-Map-product-image-.webp","type":"image\/webp"}],"twitter_card":"summary_large_image","twitter_misc":{"Ber\u00e4knad l\u00e4stid":"2 minut"},"schema":{"@context":"https:\/\/schema.org","@graph":[{"@type":["WebPage","ItemPage"],"@id":"https:\/\/positiveprints.com\/sv\/produkt\/karta-over-basta-vannen-med-dubbla-stjarnor\/","url":"https:\/\/positiveprints.com\/sv\/produkt\/karta-over-basta-vannen-med-dubbla-stjarnor\/","name":"Dubbelstj\u00e4rnig karta \u00f6ver b\u00e4sta v\u00e4n - personlig g\u00e5va - Positive Prints","isPartOf":{"@id":"https:\/\/positiveprints.com\/sv\/#website"},"primaryImageOfPage":{"@id":"https:\/\/positiveprints.com\/sv\/produkt\/karta-over-basta-vannen-med-dubbla-stjarnor\/#primaryimage"},"image":{"@id":"https:\/\/positiveprints.com\/sv\/produkt\/karta-over-basta-vannen-med-dubbla-stjarnor\/#primaryimage"},"thumbnailUrl":"https:\/\/positiveprints.com\/wp-content\/uploads\/2024\/11\/PACKSHOT_SE_Best-Friend-Double-Star-Map-product-image-.webp","datePublished":"2023-04-20T07:16:14+00:00","dateModified":"2026-04-18T04:54:48+00:00","description":"Dubbelstj\u00e4rnig karta \u00f6ver b\u00e4sta v\u00e4n \u00e4r den perfekta presenten f\u00f6r alla tillf\u00e4llen, oavsett om det \u00e4r din v\u00e4ns f\u00f6delsedag, jul, galentinsdag eller bara f\u00f6r att du vill ge bort en present.","breadcrumb":{"@id":"https:\/\/positiveprints.com\/sv\/produkt\/karta-over-basta-vannen-med-dubbla-stjarnor\/#breadcrumb"},"inLanguage":"sv-SE","potentialAction":[{"@type":"ReadAction","target":["https:\/\/positiveprints.com\/sv\/produkt\/karta-over-basta-vannen-med-dubbla-stjarnor\/"]}]},{"@type":"ImageObject","inLanguage":"sv-SE","@id":"https:\/\/positiveprints.com\/sv\/produkt\/karta-over-basta-vannen-med-dubbla-stjarnor\/#primaryimage","url":"https:\/\/positiveprints.com\/wp-content\/uploads\/2024\/11\/PACKSHOT_SE_Best-Friend-Double-Star-Map-product-image-.webp","contentUrl":"https:\/\/positiveprints.com\/wp-content\/uploads\/2024\/11\/PACKSHOT_SE_Best-Friend-Double-Star-Map-product-image-.webp","width":1450,"height":1450},{"@type":"BreadcrumbList","@id":"https:\/\/positiveprints.com\/sv\/produkt\/karta-over-basta-vannen-med-dubbla-stjarnor\/#breadcrumb","itemListElement":[{"@type":"ListItem","position":1,"name":"Home","item":"https:\/\/positiveprints.com\/sv\/"},{"@type":"ListItem","position":2,"name":"Produkter","item":"https:\/\/positiveprints.com\/sv\/shop\/"},{"@type":"ListItem","position":3,"name":"B\u00e4sta v\u00e4nnen Double Star Karta"}]},{"@type":"WebSite","@id":"https:\/\/positiveprints.com\/sv\/#website","url":"https:\/\/positiveprints.com\/sv\/","name":"Positive Prints","description":"Amazing Custom Personalized Gifts","publisher":{"@id":"https:\/\/positiveprints.com\/sv\/#organization"},"potentialAction":[{"@type":"SearchAction","target":{"@type":"EntryPoint","urlTemplate":"https:\/\/positiveprints.com\/sv\/?s={search_term_string}"},"query-input":{"@type":"PropertyValueSpecification","valueRequired":true,"valueName":"search_term_string"}}],"inLanguage":"sv-SE"},{"@type":"Organization","@id":"https:\/\/positiveprints.com\/sv\/#organization","name":"Positive Prints","alternateName":"Positive Prints","url":"https:\/\/positiveprints.com\/sv\/","logo":{"@type":"ImageObject","inLanguage":"sv-SE","@id":"https:\/\/positiveprints.com\/sv\/#\/schema\/logo\/image\/","url":"https:\/\/positiveprints.com\/wp-content\/uploads\/2026\/03\/245815646_1337939713319158_5671353136411139666_n.png","contentUrl":"https:\/\/positiveprints.com\/wp-content\/uploads\/2026\/03\/245815646_1337939713319158_5671353136411139666_n.png","width":800,"height":800,"caption":"Positive Prints"},"image":{"@id":"https:\/\/positiveprints.com\/sv\/#\/schema\/logo\/image\/"},"sameAs":["https:\/\/www.facebook.com\/positiveprintscom","https:\/\/www.instagram.com\/positiveprintscom\/","https:\/\/www.tiktok.com\/@positiveprintscom","https:\/\/www.pinterest.com\/positiveprintscom\/"]}]}},"jetpack_sharing_enabled":true,"_links":{"self":[{"href":"https:\/\/positiveprints.com\/sv\/wp-json\/wp\/v2\/product\/618910","targetHints":{"allow":["GET"]}}],"collection":[{"href":"https:\/\/positiveprints.com\/sv\/wp-json\/wp\/v2\/product"}],"about":[{"href":"https:\/\/positiveprints.com\/sv\/wp-json\/wp\/v2\/types\/product"}],"wp:featuredmedia":[{"embeddable":true,"href":"https:\/\/positiveprints.com\/sv\/wp-json\/wp\/v2\/media\/1251350"}],"wp:attachment":[{"href":"https:\/\/positiveprints.com\/sv\/wp-json\/wp\/v2\/media?parent=618910"}],"wp:term":[{"taxonomy":"product_brand","embeddable":true,"href":"https:\/\/positiveprints.com\/sv\/wp-json\/wp\/v2\/product_brand?post=618910"},{"taxonomy":"product_cat","embeddable":true,"href":"https:\/\/positiveprints.com\/sv\/wp-json\/wp\/v2\/product_cat?post=618910"},{"taxonomy":"product_tag","embeddable":true,"href":"https:\/\/positiveprints.com\/sv\/wp-json\/wp\/v2\/product_tag?post=618910"}],"curies":[{"name":"wp","href":"https:\/\/api.w.org\/{rel}","templated":true}]}}