{"id":618902,"date":"2023-06-12T12:51:42","date_gmt":"2023-06-12T11:51:42","guid":{"rendered":"https:\/\/positiveprints.com\/product\/nar-tva-blev-en-dubbelstjarnig-karta\/"},"modified":"2026-04-18T05:39:49","modified_gmt":"2026-04-18T04:39:49","slug":"nar-tva-blir-en","status":"publish","type":"product","link":"https:\/\/positiveprints.com\/sv\/produkt\/nar-tva-blir-en\/","title":{"rendered":"N\u00e4r tv\u00e5 blev en Dubbelstj\u00e4rnig karta"},"content":{"rendered":"<p style=\"margin-top: 1rem\">When Two Became One Double Star Map \u00e4r ett vackert och helt personligt tryck, perfekt f\u00f6r \u00e5rsdagen, <a href=\"https:\/\/positiveprints.com\/wedding-gifts\/\">br\u00f6llopet<\/a>, Alla hj\u00e4rtans dag eller julen. Detta uts\u00f6kta tryck visar tv\u00e5 stj\u00e4rnkartor sida vid sida, som representerar tv\u00e5 stj\u00e4rnhimlar fr\u00e5n tv\u00e5 olika dagar som har stor betydelse f\u00f6r dig och din \u00e4lskade. Oavsett om det \u00e4r dagen d\u00e5 ni f\u00f6rlovade er, dagen f\u00f6r ert br\u00f6llop eller n\u00e5got annat speciellt tillf\u00e4lle kommer denna unika g\u00e5va att v\u00e4cka fina minnen och k\u00e4nslor under m\u00e5nga \u00e5r fram\u00f6ver.<\/p>\r\n          \r\n\r\n          \r\n\r\n          \r\n\r\n          <p style=\"margin-top: 1rem\">Att skapa din alldeles egna When Two Became One Double Star Map \u00e4r enkelt, tack vare v\u00e5r online editor. V\u00e4lj den design, stil och f\u00e4rg som b\u00e4st speglar din personliga smak. V\u00e4lj de tv\u00e5 datum och platser som \u00e4r viktiga f\u00f6r dig och din \u00e4lskade, och uppt\u00e4ck hur himlen s\u00e5g ut under dessa speciella dagar. Du kan ocks\u00e5 l\u00e4gga till ett personligt meddelande i trycket f\u00f6r att visa hur mycket du bryr dig. Slutligen kan du v\u00e4lja att f\u00e5 den tryckt eller inramad som affisch, duk eller som digitalt nedladdningsbart format.<\/p>\r\n          \r\n\r\n          \r\n\r\n          \r\n\r\n          <p style=\"margin-top: 1rem\">When Two Became One Double Star Map \u00e4r en verkligt speciell g\u00e5va som kr\u00e4ver anstr\u00e4ngning och eftertanke, och din \u00e4lskade kommer definitivt att k\u00e4nna den k\u00e4rlek och omsorg du lagt ner p\u00e5 att skapa den. Det \u00e4r den perfekta g\u00e5van som du inte kommer att hitta p\u00e5 en marknadshylla, eftersom den \u00e4r genuint utformad f\u00f6r en unik och omhuldad person i ditt liv. Det \u00e4r en g\u00e5va som de kommer att uppskatta och f\u00f6ra vidare i generationer fram\u00f6ver. S\u00e5 skapa din egen When Two Became One Double Star-karta idag och ge din \u00e4lskade en g\u00e5va som de aldrig kommer att gl\u00f6mma!<\/p>","protected":false},"excerpt":{"rendered":"\n<ul class=\"check-list\">\n<li>Ta ner stj\u00e4rnorna p\u00e5 jorden: fira natten d\u00e5 ni tv\u00e5 blev ett med en magisk g\u00e5va  <\/li>\n<li>L\u00e4gg till konstellationer och Vintergatan  <\/li>\n<li>Anpassa i 3 enkla steg<\/li>\n<li>Inkludera en meningsfull personlig text<\/li>\n<li>Se resultatet direkt \u2013 den interaktiva f\u00f6rhandsvisningen l\u00e5ter dig finjustera varje detalj<\/li>\n<\/ul>\n","protected":false},"featured_media":1252759,"template":"","meta":[],"product_brand":[],"product_cat":[7459,11190,11191,11192,7934,8831,7694,8014,8114],"product_tag":[15071,8486],"class_list":{"0":"post-618902","1":"product","2":"type-product","3":"status-publish","4":"has-post-thumbnail","6":"product_cat-alla-produkter","7":"product_cat-arsdagspresenter-till-henne","8":"product_cat-arsdagspresenter-till-honom","9":"product_cat-arsdagspresenter-till-par","10":"product_cat-gavor-till-brollopsdusch","11":"product_cat-duo-stjarnor","12":"product_cat-gavor-for-kvinnor","13":"product_cat-gavor-for-man","14":"product_cat-jubileumspresent-presenttillfallen","15":"product_tag-wedding-pl-sv","16":"product_tag-wedding-sv","18":"first","19":"instock","20":"sale","21":"taxable","22":"shipping-taxable","23":"purchasable","24":"product-type-variable"},"yoast_head":"<!-- This site is optimized with the Yoast SEO Premium plugin v27.2 (Yoast SEO v27.2) - https:\/\/yoast.com\/product\/yoast-seo-premium-wordpress\/ -->\n<title>N\u00e4r tv\u00e5 blev en dubbelstj\u00e4rnig kartpresent - Positive Prints<\/title>\n<meta name=\"description\" content=\"Skapa din egen When Two Became One Double Star-karta idag och ge din \u00e4lskade en g\u00e5va som de aldrig kommer att gl\u00f6mma!\" \/>\n<meta name=\"robots\" content=\"index, follow, max-snippet:-1, max-image-preview:large, max-video-preview:-1\" \/>\n<link rel=\"canonical\" href=\"https:\/\/positiveprints.com\/sv\/produkt\/nar-tva-blir-en\/\" \/>\n<meta property=\"og:locale\" content=\"sv_SE\" \/>\n<meta property=\"og:type\" content=\"article\" \/>\n<meta property=\"og:title\" content=\"N\u00e4r tv\u00e5 blev en Dubbelstj\u00e4rnig karta\" \/>\n<meta property=\"og:description\" content=\"Ta ner stj\u00e4rnorna p\u00e5 jorden: fira natten d\u00e5 ni tv\u00e5 blev ett med en magisk g\u00e5va                L\u00e4gg till konstellationer och Vintergatan                Anpassa i 3 enkla steg               Inkludera en meningsfull personlig text               Se resultatet direkt \u2013 den interaktiva f\u00f6rhandsvisningen l\u00e5ter dig finjustera varje detalj\" \/>\n<meta property=\"og:url\" content=\"https:\/\/positiveprints.com\/sv\/produkt\/nar-tva-blir-en\/\" \/>\n<meta property=\"og:site_name\" content=\"Positive Prints\" \/>\n<meta property=\"article:publisher\" content=\"https:\/\/www.facebook.com\/positiveprintscom\" \/>\n<meta property=\"article:modified_time\" content=\"2026-04-18T04:39:49+00:00\" \/>\n<meta property=\"og:image\" content=\"https:\/\/positiveprints.com\/wp-content\/uploads\/2024\/11\/PACKSHOT_SE_When-Two-Became-One-Double-Star-Map-product-image-.webp\" \/>\n\t<meta property=\"og:image:width\" content=\"1450\" \/>\n\t<meta property=\"og:image:height\" content=\"1450\" \/>\n\t<meta property=\"og:image:type\" content=\"image\/webp\" \/>\n<meta name=\"twitter:card\" content=\"summary_large_image\" \/>\n<meta name=\"twitter:label1\" content=\"Ber\u00e4knad l\u00e4stid\" \/>\n\t<meta name=\"twitter:data1\" content=\"2 minut\" \/>\n<!-- \/ Yoast SEO Premium plugin. -->","yoast_head_json":{"title":"N\u00e4r tv\u00e5 blev en dubbelstj\u00e4rnig kartpresent - Positive Prints","description":"Skapa din egen When Two Became One Double Star-karta idag och ge din \u00e4lskade en g\u00e5va som de aldrig kommer att gl\u00f6mma!","robots":{"index":"index","follow":"follow","max-snippet":"max-snippet:-1","max-image-preview":"max-image-preview:large","max-video-preview":"max-video-preview:-1"},"canonical":"https:\/\/positiveprints.com\/sv\/produkt\/nar-tva-blir-en\/","og_locale":"sv_SE","og_type":"article","og_title":"N\u00e4r tv\u00e5 blev en Dubbelstj\u00e4rnig karta","og_description":"Ta ner stj\u00e4rnorna p\u00e5 jorden: fira natten d\u00e5 ni tv\u00e5 blev ett med en magisk g\u00e5va                L\u00e4gg till konstellationer och Vintergatan                Anpassa i 3 enkla steg               Inkludera en meningsfull personlig text               Se resultatet direkt \u2013 den interaktiva f\u00f6rhandsvisningen l\u00e5ter dig finjustera varje detalj","og_url":"https:\/\/positiveprints.com\/sv\/produkt\/nar-tva-blir-en\/","og_site_name":"Positive Prints","article_publisher":"https:\/\/www.facebook.com\/positiveprintscom","article_modified_time":"2026-04-18T04:39:49+00:00","og_image":[{"width":1450,"height":1450,"url":"https:\/\/positiveprints.com\/wp-content\/uploads\/2024\/11\/PACKSHOT_SE_When-Two-Became-One-Double-Star-Map-product-image-.webp","type":"image\/webp"}],"twitter_card":"summary_large_image","twitter_misc":{"Ber\u00e4knad l\u00e4stid":"2 minut"},"schema":{"@context":"https:\/\/schema.org","@graph":[{"@type":["WebPage","ItemPage"],"@id":"https:\/\/positiveprints.com\/sv\/produkt\/nar-tva-blir-en\/","url":"https:\/\/positiveprints.com\/sv\/produkt\/nar-tva-blir-en\/","name":"N\u00e4r tv\u00e5 blev en dubbelstj\u00e4rnig kartpresent - Positive Prints","isPartOf":{"@id":"https:\/\/positiveprints.com\/sv\/#website"},"primaryImageOfPage":{"@id":"https:\/\/positiveprints.com\/sv\/produkt\/nar-tva-blir-en\/#primaryimage"},"image":{"@id":"https:\/\/positiveprints.com\/sv\/produkt\/nar-tva-blir-en\/#primaryimage"},"thumbnailUrl":"https:\/\/positiveprints.com\/wp-content\/uploads\/2024\/11\/PACKSHOT_SE_When-Two-Became-One-Double-Star-Map-product-image-.webp","datePublished":"2023-06-12T11:51:42+00:00","dateModified":"2026-04-18T04:39:49+00:00","description":"Skapa din egen When Two Became One Double Star-karta idag och ge din \u00e4lskade en g\u00e5va som de aldrig kommer att gl\u00f6mma!","breadcrumb":{"@id":"https:\/\/positiveprints.com\/sv\/produkt\/nar-tva-blir-en\/#breadcrumb"},"inLanguage":"sv-SE","potentialAction":[{"@type":"ReadAction","target":["https:\/\/positiveprints.com\/sv\/produkt\/nar-tva-blir-en\/"]}]},{"@type":"ImageObject","inLanguage":"sv-SE","@id":"https:\/\/positiveprints.com\/sv\/produkt\/nar-tva-blir-en\/#primaryimage","url":"https:\/\/positiveprints.com\/wp-content\/uploads\/2024\/11\/PACKSHOT_SE_When-Two-Became-One-Double-Star-Map-product-image-.webp","contentUrl":"https:\/\/positiveprints.com\/wp-content\/uploads\/2024\/11\/PACKSHOT_SE_When-Two-Became-One-Double-Star-Map-product-image-.webp","width":1450,"height":1450},{"@type":"BreadcrumbList","@id":"https:\/\/positiveprints.com\/sv\/produkt\/nar-tva-blir-en\/#breadcrumb","itemListElement":[{"@type":"ListItem","position":1,"name":"Home","item":"https:\/\/positiveprints.com\/sv\/"},{"@type":"ListItem","position":2,"name":"Produkter","item":"https:\/\/positiveprints.com\/sv\/shop\/"},{"@type":"ListItem","position":3,"name":"N\u00e4r tv\u00e5 blev en Dubbelstj\u00e4rnig karta"}]},{"@type":"WebSite","@id":"https:\/\/positiveprints.com\/sv\/#website","url":"https:\/\/positiveprints.com\/sv\/","name":"Positive Prints","description":"Amazing Custom Personalized Gifts","publisher":{"@id":"https:\/\/positiveprints.com\/sv\/#organization"},"potentialAction":[{"@type":"SearchAction","target":{"@type":"EntryPoint","urlTemplate":"https:\/\/positiveprints.com\/sv\/?s={search_term_string}"},"query-input":{"@type":"PropertyValueSpecification","valueRequired":true,"valueName":"search_term_string"}}],"inLanguage":"sv-SE"},{"@type":"Organization","@id":"https:\/\/positiveprints.com\/sv\/#organization","name":"Positive Prints","alternateName":"Positive Prints","url":"https:\/\/positiveprints.com\/sv\/","logo":{"@type":"ImageObject","inLanguage":"sv-SE","@id":"https:\/\/positiveprints.com\/sv\/#\/schema\/logo\/image\/","url":"https:\/\/positiveprints.com\/wp-content\/uploads\/2026\/03\/245815646_1337939713319158_5671353136411139666_n.png","contentUrl":"https:\/\/positiveprints.com\/wp-content\/uploads\/2026\/03\/245815646_1337939713319158_5671353136411139666_n.png","width":800,"height":800,"caption":"Positive Prints"},"image":{"@id":"https:\/\/positiveprints.com\/sv\/#\/schema\/logo\/image\/"},"sameAs":["https:\/\/www.facebook.com\/positiveprintscom","https:\/\/www.instagram.com\/positiveprintscom\/","https:\/\/www.tiktok.com\/@positiveprintscom","https:\/\/www.pinterest.com\/positiveprintscom\/"]}]}},"jetpack_sharing_enabled":true,"_links":{"self":[{"href":"https:\/\/positiveprints.com\/sv\/wp-json\/wp\/v2\/product\/618902","targetHints":{"allow":["GET"]}}],"collection":[{"href":"https:\/\/positiveprints.com\/sv\/wp-json\/wp\/v2\/product"}],"about":[{"href":"https:\/\/positiveprints.com\/sv\/wp-json\/wp\/v2\/types\/product"}],"wp:featuredmedia":[{"embeddable":true,"href":"https:\/\/positiveprints.com\/sv\/wp-json\/wp\/v2\/media\/1252759"}],"wp:attachment":[{"href":"https:\/\/positiveprints.com\/sv\/wp-json\/wp\/v2\/media?parent=618902"}],"wp:term":[{"taxonomy":"product_brand","embeddable":true,"href":"https:\/\/positiveprints.com\/sv\/wp-json\/wp\/v2\/product_brand?post=618902"},{"taxonomy":"product_cat","embeddable":true,"href":"https:\/\/positiveprints.com\/sv\/wp-json\/wp\/v2\/product_cat?post=618902"},{"taxonomy":"product_tag","embeddable":true,"href":"https:\/\/positiveprints.com\/sv\/wp-json\/wp\/v2\/product_tag?post=618902"}],"curies":[{"name":"wp","href":"https:\/\/api.w.org\/{rel}","templated":true}]}}