{"id":618887,"date":"2023-04-19T12:22:58","date_gmt":"2023-04-19T11:22:58","guid":{"rendered":"https:\/\/positiveprints.com\/product\/nar-stjarnorna-stod-i-linje-dubbelstjarnkarta\/"},"modified":"2026-04-18T05:56:24","modified_gmt":"2026-04-18T04:56:24","slug":"nar-stjarnorna-ar-i-linje","status":"publish","type":"product","link":"https:\/\/positiveprints.com\/sv\/produkt\/nar-stjarnorna-ar-i-linje\/","title":{"rendered":"N\u00e4r stj\u00e4rnorna stod i linje Dubbelstj\u00e4rnkarta"},"content":{"rendered":"&nbsp;\r\n<p style=\"margin-top: 1rem;\">Den dubbla stj\u00e4rnkartan When The Stars Aligned \u00e4r en perfekt present f\u00f6r de speciella tillf\u00e4llen som kr\u00e4ver n\u00e5got verkligt unikt och personligt. Detta helt personliga tryck visar tv\u00e5 <a href=\"https:\/\/positiveprints.com\/sv\/produkt\/anpassad-stjarnkarta\/\">anpassade stj\u00e4rnkartor<\/a> sida vid sida, som representerar tv\u00e5 stj\u00e4rnhimlar fr\u00e5n tv\u00e5 olika dagar som har en otrolig betydelse f\u00f6r dig och din \u00e4lskade. Kanske \u00e4r det den dag ni tr\u00e4ffades och den dag ni gifte er eller tv\u00e5 f\u00f6delsedagar som \u00e4r viktiga f\u00f6r dig. M\u00f6jligheterna \u00e4r o\u00e4ndliga, och resultatet blir en vacker och omt\u00e4nksam g\u00e5va som din \u00e4lskade kommer att uppskatta i m\u00e5nga \u00e5r fram\u00f6ver.<\/p>\r\n<p style=\"margin-top: 1rem;\">When The Stars Aligned \u00e4r en term som ofta anv\u00e4nds f\u00f6r att beskriva de d\u00e4r verkligt magiska \u00f6gonblicken i livet som tycks vara \u00f6desbest\u00e4mda. Detta <a href=\"https:\/\/positiveprints.com\/product\/double-star-map\/\">dubbelstj\u00e4rniga karttryck<\/a> f\u00e5ngar den k\u00e4nslan perfekt och visar tv\u00e5 \u00f6gonblick d\u00e5 stj\u00e4rnorna stod i linje p\u00e5 ett speciellt s\u00e4tt bara f\u00f6r dig och din \u00e4lskade. Det \u00e4r en p\u00e5minnelse om att \u00e4ven i det vidstr\u00e4ckta universum finns det \u00f6gonblick som f\u00f6renar oss p\u00e5 speciella s\u00e4tt.<\/p>\r\n<p style=\"margin-top: 1rem;\">Att skapa en When The Stars Aligned Double Star-karta \u00e4r enkelt, tack vare v\u00e5r online-redigerare. Du kan v\u00e4lja mellan en m\u00e4ngd olika m\u00f6nster, stilar och f\u00e4rger f\u00f6r att skapa ett tryck som passar perfekt f\u00f6r din smak. V\u00e4lj sedan de tv\u00e5 datum och platser som \u00e4r viktiga f\u00f6r dig, och se hur himlen s\u00e5g ut under dessa speciella dagar. Slutligen kan du l\u00e4gga till ett personligt meddelande fr\u00e5n ditt hj\u00e4rta f\u00f6r att g\u00f6ra g\u00e5van \u00e4nnu mer speciell. V\u00e4lj mellan tryckt eller inramad poster, canvas eller digital nedladdning f\u00f6r att passa dina \u00f6nskem\u00e5l. Med en When The Stars Aligned Double Star Map kommer du att ge bort en g\u00e5va som verkligen inte \u00e4r av denna v\u00e4rld!<\/p>\r\n<p style=\"margin-top: 1rem;\">Att best\u00e4lla en When The Stars Aligned Double Star-karta \u00e4r en alldeles speciell upplevelse som kommer att l\u00e4mna ett best\u00e5ende intryck p\u00e5 din \u00e4lskade. Det \u00e4r den perfekta presenten till \u00e5rsdagar, br\u00f6llop, Alla hj\u00e4rtans dag eller jul &#8211; alla tillf\u00e4llen som kr\u00e4ver en minnesv\u00e4rd och unik g\u00e5va. M\u00f6jligheterna \u00e4r o\u00e4ndliga, och resultatet blir ett fantastiskt och personligt konstverk som din \u00e4lskade kommer att uppskatta f\u00f6r alltid. S\u00e5 varf\u00f6r v\u00e4nta? G\u00e5 till v\u00e5r online editor nu och skapa din egen When The Stars Aligned Double Star Map f\u00f6r att visa din \u00e4lskade hur mycket de betyder f\u00f6r dig.<\/p>","protected":false},"excerpt":{"rendered":"<p>&nbsp;<\/p>\n<ul class=\"check-list\">\n<li>Designa din egen stj\u00e4rnkarta som visar himlen fr\u00e5n tv\u00e5 olika platser och datum<\/li>\n<li>L\u00e4gg till konstellationer och Vintergatan<\/li>\n<li>Anpassa i 3 enkla steg<\/li>\n<li>Inkludera en meningsfull personlig text<\/li>\n<li>Se resultatet direkt \u2013 den interaktiva f\u00f6rhandsvisningen l\u00e5ter dig finjustera varje detalj<\/li>\n<\/ul>\n","protected":false},"featured_media":1252627,"template":"","meta":[],"product_brand":[],"product_cat":[8831,8188,8214,7459,8118,8120,7934,8108,11470,11471,11469,11463,11477,11472,8014,7679,7647,7694,7790,7758,7806,8116,11251,11252],"product_tag":[14998,11758,11772,11835,11829,11832,11830],"class_list":{"0":"post-618887","1":"product","2":"type-product","3":"status-publish","4":"has-post-thumbnail","6":"product_cat-duo-stjarnor","7":"product_cat-till-henne","8":"product_cat-till-honom","9":"product_cat-alla-produkter","10":"product_cat-gavor-for-nyforlovade-par-presenttillfallen","11":"product_cat-brollopspresenter-presenttillfallen","12":"product_cat-gavor-till-brollopsdusch","13":"product_cat-julpresenter","14":"product_cat-julklappar-till-henne","15":"product_cat-julklappar-till-honom","16":"product_cat-julklappar-till-flickvannen","17":"product_cat-julklapp-till-pojkvan","18":"product_cat-julklappar-till-frun","19":"product_cat-julklappar-till-maken","20":"product_cat-gavor-for-man","21":"product_cat-gavor-till-pojkvannen","22":"product_cat-gavor-till-din-man","23":"product_cat-gavor-for-kvinnor","24":"product_cat-gavor-till-flickvannen","25":"product_cat-gavor-till-fru","26":"product_cat-gavor-for-par","27":"product_cat-gava-pa-alla-hjartans-dag","28":"product_cat-alla-hjartans-dag-presenter-for-henne","29":"product_cat-alla-hjartans-dag-presenter-for-honom","30":"product_tag-anniversary-sv","31":"product_tag-julklapp-till-pojkvan","32":"product_tag-julklappar-till-flickvannen","33":"product_tag-julklappar-till-frun","34":"product_tag-julklappar-till-henne","35":"product_tag-julklappar-till-maken","36":"product_tag-kerstcadeaus-for-honom","38":"first","39":"instock","40":"sale","41":"taxable","42":"shipping-taxable","43":"purchasable","44":"product-type-variable"},"yoast_head":"<!-- This site is optimized with the Yoast SEO Premium plugin v27.2 (Yoast SEO v27.2) - https:\/\/yoast.com\/product\/yoast-seo-premium-wordpress\/ -->\n<title>N\u00e4r stj\u00e4rnorna stod i linje Dubbelstj\u00e4rnig karta Present - Positiva tryck<\/title>\n<meta name=\"description\" content=\"Dubbelstj\u00e4rnkartan When The Stars Aligned \u00e4r en perfekt present till jubileer, f\u00f6rlovningar, br\u00f6llop, Alla hj\u00e4rtans dag eller jul\" \/>\n<meta name=\"robots\" content=\"index, follow, max-snippet:-1, max-image-preview:large, max-video-preview:-1\" \/>\n<link rel=\"canonical\" href=\"https:\/\/positiveprints.com\/sv\/produkt\/nar-stjarnorna-ar-i-linje\/\" \/>\n<meta property=\"og:locale\" content=\"sv_SE\" \/>\n<meta property=\"og:type\" content=\"article\" \/>\n<meta property=\"og:title\" content=\"N\u00e4r stj\u00e4rnorna stod i linje Dubbelstj\u00e4rnkarta\" \/>\n<meta property=\"og:description\" content=\"&nbsp;   Designa din egen stj\u00e4rnkarta som visar himlen fr\u00e5n tv\u00e5 olika platser och datum  L\u00e4gg till konstellationer och Vintergatan  Anpassa i 3 enkla steg  Inkludera en meningsfull personlig text  Se resultatet direkt \u2013 den interaktiva f\u00f6rhandsvisningen l\u00e5ter dig finjustera varje detalj\" \/>\n<meta property=\"og:url\" content=\"https:\/\/positiveprints.com\/sv\/produkt\/nar-stjarnorna-ar-i-linje\/\" \/>\n<meta property=\"og:site_name\" content=\"Positive Prints\" \/>\n<meta property=\"article:publisher\" content=\"https:\/\/www.facebook.com\/positiveprintscom\" \/>\n<meta property=\"article:modified_time\" content=\"2026-04-18T04:56:24+00:00\" \/>\n<meta property=\"og:image\" content=\"https:\/\/positiveprints.com\/wp-content\/uploads\/2024\/11\/PACKSHOT_SE_When-The-Stars-Aligned-Double-Star-Map-product-image-.webp\" \/>\n\t<meta property=\"og:image:width\" content=\"1450\" \/>\n\t<meta property=\"og:image:height\" content=\"1450\" \/>\n\t<meta property=\"og:image:type\" content=\"image\/webp\" \/>\n<meta name=\"twitter:card\" content=\"summary_large_image\" \/>\n<meta name=\"twitter:label1\" content=\"Ber\u00e4knad l\u00e4stid\" \/>\n\t<meta name=\"twitter:data1\" content=\"2 minut\" \/>\n<!-- \/ Yoast SEO Premium plugin. -->","yoast_head_json":{"title":"N\u00e4r stj\u00e4rnorna stod i linje Dubbelstj\u00e4rnig karta Present - Positiva tryck","description":"Dubbelstj\u00e4rnkartan When The Stars Aligned \u00e4r en perfekt present till jubileer, f\u00f6rlovningar, br\u00f6llop, Alla hj\u00e4rtans dag eller jul","robots":{"index":"index","follow":"follow","max-snippet":"max-snippet:-1","max-image-preview":"max-image-preview:large","max-video-preview":"max-video-preview:-1"},"canonical":"https:\/\/positiveprints.com\/sv\/produkt\/nar-stjarnorna-ar-i-linje\/","og_locale":"sv_SE","og_type":"article","og_title":"N\u00e4r stj\u00e4rnorna stod i linje Dubbelstj\u00e4rnkarta","og_description":"&nbsp;   Designa din egen stj\u00e4rnkarta som visar himlen fr\u00e5n tv\u00e5 olika platser och datum  L\u00e4gg till konstellationer och Vintergatan  Anpassa i 3 enkla steg  Inkludera en meningsfull personlig text  Se resultatet direkt \u2013 den interaktiva f\u00f6rhandsvisningen l\u00e5ter dig finjustera varje detalj","og_url":"https:\/\/positiveprints.com\/sv\/produkt\/nar-stjarnorna-ar-i-linje\/","og_site_name":"Positive Prints","article_publisher":"https:\/\/www.facebook.com\/positiveprintscom","article_modified_time":"2026-04-18T04:56:24+00:00","og_image":[{"width":1450,"height":1450,"url":"https:\/\/positiveprints.com\/wp-content\/uploads\/2024\/11\/PACKSHOT_SE_When-The-Stars-Aligned-Double-Star-Map-product-image-.webp","type":"image\/webp"}],"twitter_card":"summary_large_image","twitter_misc":{"Ber\u00e4knad l\u00e4stid":"2 minut"},"schema":{"@context":"https:\/\/schema.org","@graph":[{"@type":["WebPage","ItemPage"],"@id":"https:\/\/positiveprints.com\/sv\/produkt\/nar-stjarnorna-ar-i-linje\/","url":"https:\/\/positiveprints.com\/sv\/produkt\/nar-stjarnorna-ar-i-linje\/","name":"N\u00e4r stj\u00e4rnorna stod i linje Dubbelstj\u00e4rnig karta Present - Positiva tryck","isPartOf":{"@id":"https:\/\/positiveprints.com\/sv\/#website"},"primaryImageOfPage":{"@id":"https:\/\/positiveprints.com\/sv\/produkt\/nar-stjarnorna-ar-i-linje\/#primaryimage"},"image":{"@id":"https:\/\/positiveprints.com\/sv\/produkt\/nar-stjarnorna-ar-i-linje\/#primaryimage"},"thumbnailUrl":"https:\/\/positiveprints.com\/wp-content\/uploads\/2024\/11\/PACKSHOT_SE_When-The-Stars-Aligned-Double-Star-Map-product-image-.webp","datePublished":"2023-04-19T11:22:58+00:00","dateModified":"2026-04-18T04:56:24+00:00","description":"Dubbelstj\u00e4rnkartan When The Stars Aligned \u00e4r en perfekt present till jubileer, f\u00f6rlovningar, br\u00f6llop, Alla hj\u00e4rtans dag eller jul","breadcrumb":{"@id":"https:\/\/positiveprints.com\/sv\/produkt\/nar-stjarnorna-ar-i-linje\/#breadcrumb"},"inLanguage":"sv-SE","potentialAction":[{"@type":"ReadAction","target":["https:\/\/positiveprints.com\/sv\/produkt\/nar-stjarnorna-ar-i-linje\/"]}]},{"@type":"ImageObject","inLanguage":"sv-SE","@id":"https:\/\/positiveprints.com\/sv\/produkt\/nar-stjarnorna-ar-i-linje\/#primaryimage","url":"https:\/\/positiveprints.com\/wp-content\/uploads\/2024\/11\/PACKSHOT_SE_When-The-Stars-Aligned-Double-Star-Map-product-image-.webp","contentUrl":"https:\/\/positiveprints.com\/wp-content\/uploads\/2024\/11\/PACKSHOT_SE_When-The-Stars-Aligned-Double-Star-Map-product-image-.webp","width":1450,"height":1450},{"@type":"BreadcrumbList","@id":"https:\/\/positiveprints.com\/sv\/produkt\/nar-stjarnorna-ar-i-linje\/#breadcrumb","itemListElement":[{"@type":"ListItem","position":1,"name":"Home","item":"https:\/\/positiveprints.com\/sv\/"},{"@type":"ListItem","position":2,"name":"Produkter","item":"https:\/\/positiveprints.com\/sv\/shop\/"},{"@type":"ListItem","position":3,"name":"N\u00e4r stj\u00e4rnorna stod i linje Dubbelstj\u00e4rnkarta"}]},{"@type":"WebSite","@id":"https:\/\/positiveprints.com\/sv\/#website","url":"https:\/\/positiveprints.com\/sv\/","name":"Positive Prints","description":"Amazing Custom Personalized Gifts","publisher":{"@id":"https:\/\/positiveprints.com\/sv\/#organization"},"potentialAction":[{"@type":"SearchAction","target":{"@type":"EntryPoint","urlTemplate":"https:\/\/positiveprints.com\/sv\/?s={search_term_string}"},"query-input":{"@type":"PropertyValueSpecification","valueRequired":true,"valueName":"search_term_string"}}],"inLanguage":"sv-SE"},{"@type":"Organization","@id":"https:\/\/positiveprints.com\/sv\/#organization","name":"Positive Prints","alternateName":"Positive Prints","url":"https:\/\/positiveprints.com\/sv\/","logo":{"@type":"ImageObject","inLanguage":"sv-SE","@id":"https:\/\/positiveprints.com\/sv\/#\/schema\/logo\/image\/","url":"https:\/\/positiveprints.com\/wp-content\/uploads\/2026\/03\/245815646_1337939713319158_5671353136411139666_n.png","contentUrl":"https:\/\/positiveprints.com\/wp-content\/uploads\/2026\/03\/245815646_1337939713319158_5671353136411139666_n.png","width":800,"height":800,"caption":"Positive Prints"},"image":{"@id":"https:\/\/positiveprints.com\/sv\/#\/schema\/logo\/image\/"},"sameAs":["https:\/\/www.facebook.com\/positiveprintscom","https:\/\/www.instagram.com\/positiveprintscom\/","https:\/\/www.tiktok.com\/@positiveprintscom","https:\/\/www.pinterest.com\/positiveprintscom\/"]}]}},"jetpack_sharing_enabled":true,"_links":{"self":[{"href":"https:\/\/positiveprints.com\/sv\/wp-json\/wp\/v2\/product\/618887","targetHints":{"allow":["GET"]}}],"collection":[{"href":"https:\/\/positiveprints.com\/sv\/wp-json\/wp\/v2\/product"}],"about":[{"href":"https:\/\/positiveprints.com\/sv\/wp-json\/wp\/v2\/types\/product"}],"wp:featuredmedia":[{"embeddable":true,"href":"https:\/\/positiveprints.com\/sv\/wp-json\/wp\/v2\/media\/1252627"}],"wp:attachment":[{"href":"https:\/\/positiveprints.com\/sv\/wp-json\/wp\/v2\/media?parent=618887"}],"wp:term":[{"taxonomy":"product_brand","embeddable":true,"href":"https:\/\/positiveprints.com\/sv\/wp-json\/wp\/v2\/product_brand?post=618887"},{"taxonomy":"product_cat","embeddable":true,"href":"https:\/\/positiveprints.com\/sv\/wp-json\/wp\/v2\/product_cat?post=618887"},{"taxonomy":"product_tag","embeddable":true,"href":"https:\/\/positiveprints.com\/sv\/wp-json\/wp\/v2\/product_tag?post=618887"}],"curies":[{"name":"wp","href":"https:\/\/api.w.org\/{rel}","templated":true}]}}