{"id":618882,"date":"2023-04-17T14:23:38","date_gmt":"2023-04-17T13:23:38","guid":{"rendered":"https:\/\/positiveprints.com\/product\/mamma-och-pappa-dubbelstjarnig-karta\/"},"modified":"2026-04-12T22:29:58","modified_gmt":"2026-04-12T21:29:58","slug":"mamma-pappa-dubbla-stjarnan-karta","status":"publish","type":"product","link":"https:\/\/positiveprints.com\/sv\/produkt\/mamma-pappa-dubbla-stjarnan-karta\/","title":{"rendered":"Mamma och pappa dubbelstj\u00e4rnig karta"},"content":{"rendered":"<p style=\"margin-top: 1rem\">Mom and Dad Double Star Map \u00e4r en unik och meningsfull g\u00e5va som dina f\u00f6r\u00e4ldrar s\u00e4kert kommer att uppskatta. Det \u00e4r en personlig g\u00e5va som visar tv\u00e5 stj\u00e4rnkartor fr\u00e5n tv\u00e5 viktiga datum i dina f\u00f6r\u00e4ldrars liv. En f\u00f6r din mor och den andra f\u00f6r din far. Du kan v\u00e4lja att visa stj\u00e4rnkartorna fr\u00e5n deras f\u00f6delsedagar, dagen de f\u00f6rlovade sig och gifte sig, eller till och med de datum d\u00e5 du och dina syskon f\u00f6ddes.<\/p>\r\n          \r\n\r\n          \r\n\r\n          \r\n\r\n          <p style=\"margin-top: 1rem\">Att skapa en <a href=\"https:\/\/positiveprints.com\/product\/double-star-map\/\">dubbelstj\u00e4rnkarta<\/a> \u00e4r lika enkelt som att g\u00e5 till v\u00e5r online editor. Du kan v\u00e4lja mellan ett brett utbud av stilar och f\u00e4rger f\u00f6r ditt personliga tryck. D\u00e4refter kan du ange datum och plats och se hur natthimlen s\u00e5g ut under dessa speciella \u00f6gonblick. Du kan v\u00e4lja mellan v\u00e5ra olika alternativ, t.ex. en tryckt affisch, inramad, canvas eller en direkt digital nedladdning.<\/p>\r\n          \r\n\r\n          \r\n\r\n          \r\n\r\n          <p style=\"margin-top: 1rem\">Mom and Dad Double Star Map \u00e4r perfekt att ge bort vid speciella tillf\u00e4llen som f\u00f6delsedagar, <a href=\"https:\/\/positiveprints.com\/christmas-gifts\/\">jul<\/a>, <a href=\"https:\/\/positiveprints.com\/mothers-day-gifts\/\">mors dag<\/a> eller <a href=\"https:\/\/positiveprints.com\/fathers-day-gifts\/\">fars dag<\/a>. Det \u00e4r ett r\u00f6rande s\u00e4tt att fira och minnas de viktiga h\u00e4ndelserna och \u00f6gonblicken i dina f\u00f6r\u00e4ldrars liv. Denna personliga och unika g\u00e5va \u00e4r en stilren och elegant dekoration f\u00f6r dina f\u00f6r\u00e4ldrars hem och fungerar ocks\u00e5 som en p\u00e5minnelse om din k\u00e4rlek och tillgivenhet f\u00f6r dem.<\/p>\r\n          \r\n\r\n          \r\n\r\n          \r\n\r\n          <p style=\"margin-top: 1rem\">Dessutom \u00e4r Mom and Dad Double Star Map ett utm\u00e4rkt samtals\u00e4mne f\u00f6r din familj och dina v\u00e4nner. Det \u00e4r ett unikt smycke som visar stj\u00e4rnkartorna fr\u00e5n de mest betydelsefulla dagarna i din familjs historia. Du kan anv\u00e4nda den f\u00f6r att knyta band och prata minnen med din familj och dina v\u00e4nner.<\/p>\r\n          \r\n\r\n          \r\n\r\n          \r\n\r\n          <p style=\"margin-top: 1rem\">N\u00f6j dig inte med generiska g\u00e5vor. \u00d6verraska dina f\u00f6r\u00e4ldrar med denna unika och meningsfulla g\u00e5va som de kommer att uppskatta f\u00f6r alltid. B\u00f6rja skapa din dubbelstj\u00e4rniga mamma- och pappa-karta redan idag!<\/p>","protected":false},"excerpt":{"rendered":"\n<ul class=\"check-list\">\n<li>Uttryck din tacksamhet till dina f\u00f6r\u00e4ldrar med en speciell g\u00e5va som f\u00e5ngar universums sk\u00f6nhet och k\u00e4rleken till din familj<\/li>\n<li>L\u00e4gg till konstellationer och Vintergatan  <\/li>\n<li>Anpassa i 3 enkla steg<\/li>\n<li>Inkludera en meningsfull personlig text<\/li>\n<li>Se resultatet direkt \u2013 den interaktiva f\u00f6rhandsvisningen l\u00e5ter dig finjustera varje detalj<\/li>\n<\/ul>\n","protected":false},"featured_media":1252342,"template":"","meta":[],"product_brand":[],"product_cat":[7459,7966,9281,8831,8108,8115,7854,15061,11475,7822],"product_tag":[16082,13470,8761],"class_list":{"0":"post-618882","1":"product","2":"type-product","3":"status-publish","4":"has-post-thumbnail","6":"product_cat-alla-produkter","7":"product_cat-gavor-till-baby-shower","8":"product_cat-bestsellers-label-sv","9":"product_cat-duo-stjarnor","10":"product_cat-julpresenter","11":"product_cat-gavor-till-nyfodda-barn-presenttillfallen","12":"product_cat-gavor-till-familjen","13":"product_cat-julklappar-till-familjen","14":"product_cat-julklappar-till-foraldrarna","15":"product_cat-gavor-till-nya-foraldrar","16":"product_tag-cadeaux-de-noel-pour-la-famille-sv","17":"product_tag-julklappar-till-familjen","18":"product_tag-parents-sv","20":"first","21":"instock","22":"sale","23":"taxable","24":"shipping-taxable","25":"purchasable","26":"product-type-variable"},"yoast_head":"<!-- This site is optimized with the Yoast SEO Premium plugin v27.2 (Yoast SEO v27.2) - https:\/\/yoast.com\/product\/yoast-seo-premium-wordpress\/ -->\n<title>Mamma och pappa - dubbelstj\u00e4rnig karta - personlig present - Positive Prints<\/title>\n<meta name=\"description\" content=\"Dubbel stj\u00e4rnkarta f\u00f6r mamma och pappa \u00e4r en personlig present som visar tv\u00e5 stj\u00e4rnkartor fr\u00e5n tv\u00e5 viktiga datum i dina f\u00f6r\u00e4ldrars liv\" \/>\n<meta name=\"robots\" content=\"index, follow, max-snippet:-1, max-image-preview:large, max-video-preview:-1\" \/>\n<link rel=\"canonical\" href=\"https:\/\/positiveprints.com\/sv\/produkt\/mamma-pappa-dubbla-stjarnan-karta\/\" \/>\n<meta property=\"og:locale\" content=\"sv_SE\" \/>\n<meta property=\"og:type\" content=\"article\" \/>\n<meta property=\"og:title\" content=\"Mamma och pappa dubbelstj\u00e4rnig karta\" \/>\n<meta property=\"og:description\" content=\"Uttryck din tacksamhet till dina f\u00f6r\u00e4ldrar med en speciell g\u00e5va som f\u00e5ngar universums sk\u00f6nhet och k\u00e4rleken till din familj               L\u00e4gg till konstellationer och Vintergatan                Anpassa i 3 enkla steg               Inkludera en meningsfull personlig text               Se resultatet direkt \u2013 den interaktiva f\u00f6rhandsvisningen l\u00e5ter dig finjustera varje detalj\" \/>\n<meta property=\"og:url\" content=\"https:\/\/positiveprints.com\/sv\/produkt\/mamma-pappa-dubbla-stjarnan-karta\/\" \/>\n<meta property=\"og:site_name\" content=\"Positive Prints\" \/>\n<meta property=\"article:publisher\" content=\"https:\/\/www.facebook.com\/positiveprintscom\" \/>\n<meta property=\"article:modified_time\" content=\"2026-04-12T21:29:58+00:00\" \/>\n<meta property=\"og:image\" content=\"https:\/\/positiveprints.com\/wp-content\/uploads\/2024\/11\/PACKSHOT_SE_Mom-and-Dad-Double-Star-Map-product-image-.webp\" \/>\n\t<meta property=\"og:image:width\" content=\"1450\" \/>\n\t<meta property=\"og:image:height\" content=\"1450\" \/>\n\t<meta property=\"og:image:type\" content=\"image\/webp\" \/>\n<meta name=\"twitter:card\" content=\"summary_large_image\" \/>\n<meta name=\"twitter:label1\" content=\"Ber\u00e4knad l\u00e4stid\" \/>\n\t<meta name=\"twitter:data1\" content=\"2 minut\" \/>\n<!-- \/ Yoast SEO Premium plugin. -->","yoast_head_json":{"title":"Mamma och pappa - dubbelstj\u00e4rnig karta - personlig present - Positive Prints","description":"Dubbel stj\u00e4rnkarta f\u00f6r mamma och pappa \u00e4r en personlig present som visar tv\u00e5 stj\u00e4rnkartor fr\u00e5n tv\u00e5 viktiga datum i dina f\u00f6r\u00e4ldrars liv","robots":{"index":"index","follow":"follow","max-snippet":"max-snippet:-1","max-image-preview":"max-image-preview:large","max-video-preview":"max-video-preview:-1"},"canonical":"https:\/\/positiveprints.com\/sv\/produkt\/mamma-pappa-dubbla-stjarnan-karta\/","og_locale":"sv_SE","og_type":"article","og_title":"Mamma och pappa dubbelstj\u00e4rnig karta","og_description":"Uttryck din tacksamhet till dina f\u00f6r\u00e4ldrar med en speciell g\u00e5va som f\u00e5ngar universums sk\u00f6nhet och k\u00e4rleken till din familj               L\u00e4gg till konstellationer och Vintergatan                Anpassa i 3 enkla steg               Inkludera en meningsfull personlig text               Se resultatet direkt \u2013 den interaktiva f\u00f6rhandsvisningen l\u00e5ter dig finjustera varje detalj","og_url":"https:\/\/positiveprints.com\/sv\/produkt\/mamma-pappa-dubbla-stjarnan-karta\/","og_site_name":"Positive Prints","article_publisher":"https:\/\/www.facebook.com\/positiveprintscom","article_modified_time":"2026-04-12T21:29:58+00:00","og_image":[{"width":1450,"height":1450,"url":"https:\/\/positiveprints.com\/wp-content\/uploads\/2024\/11\/PACKSHOT_SE_Mom-and-Dad-Double-Star-Map-product-image-.webp","type":"image\/webp"}],"twitter_card":"summary_large_image","twitter_misc":{"Ber\u00e4knad l\u00e4stid":"2 minut"},"schema":{"@context":"https:\/\/schema.org","@graph":[{"@type":["WebPage","ItemPage"],"@id":"https:\/\/positiveprints.com\/sv\/produkt\/mamma-pappa-dubbla-stjarnan-karta\/","url":"https:\/\/positiveprints.com\/sv\/produkt\/mamma-pappa-dubbla-stjarnan-karta\/","name":"Mamma och pappa - dubbelstj\u00e4rnig karta - personlig present - Positive Prints","isPartOf":{"@id":"https:\/\/positiveprints.com\/sv\/#website"},"primaryImageOfPage":{"@id":"https:\/\/positiveprints.com\/sv\/produkt\/mamma-pappa-dubbla-stjarnan-karta\/#primaryimage"},"image":{"@id":"https:\/\/positiveprints.com\/sv\/produkt\/mamma-pappa-dubbla-stjarnan-karta\/#primaryimage"},"thumbnailUrl":"https:\/\/positiveprints.com\/wp-content\/uploads\/2024\/11\/PACKSHOT_SE_Mom-and-Dad-Double-Star-Map-product-image-.webp","datePublished":"2023-04-17T13:23:38+00:00","dateModified":"2026-04-12T21:29:58+00:00","description":"Dubbel stj\u00e4rnkarta f\u00f6r mamma och pappa \u00e4r en personlig present som visar tv\u00e5 stj\u00e4rnkartor fr\u00e5n tv\u00e5 viktiga datum i dina f\u00f6r\u00e4ldrars liv","breadcrumb":{"@id":"https:\/\/positiveprints.com\/sv\/produkt\/mamma-pappa-dubbla-stjarnan-karta\/#breadcrumb"},"inLanguage":"sv-SE","potentialAction":[{"@type":"ReadAction","target":["https:\/\/positiveprints.com\/sv\/produkt\/mamma-pappa-dubbla-stjarnan-karta\/"]}]},{"@type":"ImageObject","inLanguage":"sv-SE","@id":"https:\/\/positiveprints.com\/sv\/produkt\/mamma-pappa-dubbla-stjarnan-karta\/#primaryimage","url":"https:\/\/positiveprints.com\/wp-content\/uploads\/2024\/11\/PACKSHOT_SE_Mom-and-Dad-Double-Star-Map-product-image-.webp","contentUrl":"https:\/\/positiveprints.com\/wp-content\/uploads\/2024\/11\/PACKSHOT_SE_Mom-and-Dad-Double-Star-Map-product-image-.webp","width":1450,"height":1450},{"@type":"BreadcrumbList","@id":"https:\/\/positiveprints.com\/sv\/produkt\/mamma-pappa-dubbla-stjarnan-karta\/#breadcrumb","itemListElement":[{"@type":"ListItem","position":1,"name":"Home","item":"https:\/\/positiveprints.com\/sv\/"},{"@type":"ListItem","position":2,"name":"Produkter","item":"https:\/\/positiveprints.com\/sv\/shop\/"},{"@type":"ListItem","position":3,"name":"Mamma och pappa dubbelstj\u00e4rnig karta"}]},{"@type":"WebSite","@id":"https:\/\/positiveprints.com\/sv\/#website","url":"https:\/\/positiveprints.com\/sv\/","name":"Positive Prints","description":"Amazing Custom Personalized Gifts","publisher":{"@id":"https:\/\/positiveprints.com\/sv\/#organization"},"potentialAction":[{"@type":"SearchAction","target":{"@type":"EntryPoint","urlTemplate":"https:\/\/positiveprints.com\/sv\/?s={search_term_string}"},"query-input":{"@type":"PropertyValueSpecification","valueRequired":true,"valueName":"search_term_string"}}],"inLanguage":"sv-SE"},{"@type":"Organization","@id":"https:\/\/positiveprints.com\/sv\/#organization","name":"Positive Prints","alternateName":"Positive Prints","url":"https:\/\/positiveprints.com\/sv\/","logo":{"@type":"ImageObject","inLanguage":"sv-SE","@id":"https:\/\/positiveprints.com\/sv\/#\/schema\/logo\/image\/","url":"https:\/\/positiveprints.com\/wp-content\/uploads\/2026\/03\/245815646_1337939713319158_5671353136411139666_n.png","contentUrl":"https:\/\/positiveprints.com\/wp-content\/uploads\/2026\/03\/245815646_1337939713319158_5671353136411139666_n.png","width":800,"height":800,"caption":"Positive Prints"},"image":{"@id":"https:\/\/positiveprints.com\/sv\/#\/schema\/logo\/image\/"},"sameAs":["https:\/\/www.facebook.com\/positiveprintscom","https:\/\/www.instagram.com\/positiveprintscom\/","https:\/\/www.tiktok.com\/@positiveprintscom","https:\/\/www.pinterest.com\/positiveprintscom\/"]}]}},"jetpack_sharing_enabled":true,"_links":{"self":[{"href":"https:\/\/positiveprints.com\/sv\/wp-json\/wp\/v2\/product\/618882","targetHints":{"allow":["GET"]}}],"collection":[{"href":"https:\/\/positiveprints.com\/sv\/wp-json\/wp\/v2\/product"}],"about":[{"href":"https:\/\/positiveprints.com\/sv\/wp-json\/wp\/v2\/types\/product"}],"wp:featuredmedia":[{"embeddable":true,"href":"https:\/\/positiveprints.com\/sv\/wp-json\/wp\/v2\/media\/1252342"}],"wp:attachment":[{"href":"https:\/\/positiveprints.com\/sv\/wp-json\/wp\/v2\/media?parent=618882"}],"wp:term":[{"taxonomy":"product_brand","embeddable":true,"href":"https:\/\/positiveprints.com\/sv\/wp-json\/wp\/v2\/product_brand?post=618882"},{"taxonomy":"product_cat","embeddable":true,"href":"https:\/\/positiveprints.com\/sv\/wp-json\/wp\/v2\/product_cat?post=618882"},{"taxonomy":"product_tag","embeddable":true,"href":"https:\/\/positiveprints.com\/sv\/wp-json\/wp\/v2\/product_tag?post=618882"}],"curies":[{"name":"wp","href":"https:\/\/api.w.org\/{rel}","templated":true}]}}