{"id":606692,"date":"2023-04-17T21:58:34","date_gmt":"2023-04-17T20:58:34","guid":{"rendered":"https:\/\/positiveprints.com\/product\/graduation-ar-photo-collage\/"},"modified":"2026-04-03T03:18:06","modified_gmt":"2026-04-03T02:18:06","slug":"examen-ar-fotocollage","status":"publish","type":"product","link":"https:\/\/positiveprints.com\/sv\/produkt\/examen-ar-fotocollage\/","title":{"rendered":"Graduation \u00e5r Photo Collage"},"content":{"rendered":"<p style=\"margin-top: 1rem\">Letar du efter den perfekta <a href=\"https:\/\/positiveprints.com\/graduation-gifts\/\">examensg\u00e5van<\/a> f\u00f6r att fira den utexaminerade personen i ditt liv? Titta inte l\u00e4ngre \u00e4n till Positive Prints fotocollage f\u00f6r examens\u00e5ret! Med den h\u00e4r unika och personliga g\u00e5van kan du skapa ett fantastiskt fotocollage i form av examens\u00e5ret, till exempel &#8220;2023&#8221; eller n\u00e5got annat valfritt \u00e5r. Du kan ocks\u00e5 v\u00e4lja att l\u00e5ta bilderna bilda ordet &#8220;grad&#8221; f\u00f6r en mer kreativ och unik design.<\/p>\r\n          \r\n\r\n          \r\n\r\n          \r\n\r\n          <p style=\"margin-top: 1rem\">F\u00f6r att b\u00f6rja skapa ditt fotocollage f\u00f6r examens\u00e5ret v\u00e4ljer du helt enkelt ett ord (eller nummer) och laddar upp foton. V\u00e5r teknik g\u00f6r det m\u00f6jligt f\u00f6r dig att ordna bilderna i den valda siffran eller ordformen, vilket garanterar att ditt collage \u00e4r en exakt representation av den valda designen. Du kan sedan anpassa utskriftsformatet och v\u00e4lja mellan affischer, canvas eller inramade utskrifter eller digitala nedladdningsfiler f\u00f6r sj\u00e4lvutskrift.<\/p>\r\n          \r\n\r\n          \r\n\r\n          \r\n\r\n          <p style=\"margin-top: 1rem\">Positive Prints anv\u00e4nder endast utskriftsmaterial och teknik av h\u00f6gsta kvalitet, vilket g\u00f6r att ditt fotocollage f\u00f6r examens\u00e5ret ser professionellt och snyggt ut. Det \u00e4r det perfekta s\u00e4ttet att fira den utexaminerades speciella dag och de \u00e5r av h\u00e5rt arbete och engagemang som har lett fram till den.<\/p>\r\n          \r\n\r\n          \r\n\r\n          \r\n\r\n          <p style=\"margin-top: 1rem\">Sammantaget \u00e4r Positive Prints fotocollage f\u00f6r examens\u00e5ret ett vackert och kreativt s\u00e4tt att fira och v\u00e5rda den viktiga milstolpen examen. Ge den utexaminerade i ditt liv en personlig och innerlig g\u00e5va som de kommer att uppskatta i m\u00e5nga \u00e5r fram\u00f6ver!<\/p>","protected":false},"excerpt":{"rendered":"\n<ul class=\"check-list\">\n<li>Visa din stolthet och beundran f\u00f6r den utexaminerade med ett fantastiskt konstverk och fira deras resa och prestationer.<\/li>\n<li>Ladda upp dina favoritfoton f\u00f6r att g\u00f6ra varje bokstav personlig<\/li>\n<li>L\u00e4gg till ett hj\u00e4rtligt meddelande f\u00f6r att g\u00f6ra kollaget till ditt eget<\/li>\n<li>Anpassa i 3 enkla steg med v\u00e5r l\u00e4ttanv\u00e4nda editor<\/li>\n<li>V\u00e4lj en mall eller var kreativ<\/li>\n<li>Se din design direkt med en interaktiv f\u00f6rhandsgranskning<\/li>\n<\/ul>\n","protected":false},"featured_media":1348606,"template":"","meta":[],"product_brand":[],"product_cat":[7459,8973,7918],"product_tag":[8497],"class_list":{"0":"post-606692","1":"product","2":"type-product","3":"status-publish","4":"has-post-thumbnail","6":"product_cat-alla-produkter","7":"product_cat-fotobrev","8":"product_cat-gavor-till-graduatie","9":"product_tag-graduation-sv","11":"first","12":"instock","13":"sale","14":"taxable","15":"shipping-taxable","16":"purchasable","17":"product-type-variable"},"yoast_head":"<!-- This site is optimized with the Yoast SEO Premium plugin v27.2 (Yoast SEO v27.2) - https:\/\/yoast.com\/product\/yoast-seo-premium-wordpress\/ -->\n<title>Foto collage f\u00f6r examens\u00e5ret - personlig g\u00e5va - Positive Prints<\/title>\n<meta name=\"description\" content=\"Fira deras \u00e5stadkommande med en meningsfull studentpresent! Skapa ett personligt bokstavsfotokollage fullt av speciella minnen fr\u00e5n deras resa.\" \/>\n<meta name=\"robots\" content=\"index, follow, max-snippet:-1, max-image-preview:large, max-video-preview:-1\" \/>\n<link rel=\"canonical\" href=\"https:\/\/positiveprints.com\/sv\/produkt\/examen-ar-fotocollage\/\" \/>\n<meta property=\"og:locale\" content=\"sv_SE\" \/>\n<meta property=\"og:type\" content=\"article\" \/>\n<meta property=\"og:title\" content=\"Graduation \u00e5r Photo Collage\" \/>\n<meta property=\"og:description\" content=\"Visa din stolthet och beundran f\u00f6r den utexaminerade med ett fantastiskt konstverk och fira deras resa och prestationer.         Ladda upp dina favoritfoton f\u00f6r att g\u00f6ra varje bokstav personlig         L\u00e4gg till ett hj\u00e4rtligt meddelande f\u00f6r att g\u00f6ra kollaget till ditt eget                  Anpassa i 3 enkla steg med v\u00e5r l\u00e4ttanv\u00e4nda editor                  V\u00e4lj en mall eller var kreativ                  Se din design direkt med en interaktiv f\u00f6rhandsgranskning\" \/>\n<meta property=\"og:url\" content=\"https:\/\/positiveprints.com\/sv\/produkt\/examen-ar-fotocollage\/\" \/>\n<meta property=\"og:site_name\" content=\"Positive Prints\" \/>\n<meta property=\"article:publisher\" content=\"https:\/\/www.facebook.com\/positiveprintscom\" \/>\n<meta property=\"article:modified_time\" content=\"2026-04-03T02:18:06+00:00\" \/>\n<meta property=\"og:image\" content=\"https:\/\/positiveprints.com\/wp-content\/uploads\/2025\/04\/Graduation-a\u030ar-Photo-Collage-1.webp\" \/>\n\t<meta property=\"og:image:width\" content=\"1450\" \/>\n\t<meta property=\"og:image:height\" content=\"1450\" \/>\n\t<meta property=\"og:image:type\" content=\"image\/webp\" \/>\n<meta name=\"twitter:card\" content=\"summary_large_image\" \/>\n<meta name=\"twitter:label1\" content=\"Ber\u00e4knad l\u00e4stid\" \/>\n\t<meta name=\"twitter:data1\" content=\"2 minut\" \/>\n<!-- \/ Yoast SEO Premium plugin. -->","yoast_head_json":{"title":"Foto collage f\u00f6r examens\u00e5ret - personlig g\u00e5va - Positive Prints","description":"Fira deras \u00e5stadkommande med en meningsfull studentpresent! Skapa ett personligt bokstavsfotokollage fullt av speciella minnen fr\u00e5n deras resa.","robots":{"index":"index","follow":"follow","max-snippet":"max-snippet:-1","max-image-preview":"max-image-preview:large","max-video-preview":"max-video-preview:-1"},"canonical":"https:\/\/positiveprints.com\/sv\/produkt\/examen-ar-fotocollage\/","og_locale":"sv_SE","og_type":"article","og_title":"Graduation \u00e5r Photo Collage","og_description":"Visa din stolthet och beundran f\u00f6r den utexaminerade med ett fantastiskt konstverk och fira deras resa och prestationer.         Ladda upp dina favoritfoton f\u00f6r att g\u00f6ra varje bokstav personlig         L\u00e4gg till ett hj\u00e4rtligt meddelande f\u00f6r att g\u00f6ra kollaget till ditt eget                  Anpassa i 3 enkla steg med v\u00e5r l\u00e4ttanv\u00e4nda editor                  V\u00e4lj en mall eller var kreativ                  Se din design direkt med en interaktiv f\u00f6rhandsgranskning","og_url":"https:\/\/positiveprints.com\/sv\/produkt\/examen-ar-fotocollage\/","og_site_name":"Positive Prints","article_publisher":"https:\/\/www.facebook.com\/positiveprintscom","article_modified_time":"2026-04-03T02:18:06+00:00","og_image":[{"width":1450,"height":1450,"url":"https:\/\/positiveprints.com\/wp-content\/uploads\/2025\/04\/Graduation-a\u030ar-Photo-Collage-1.webp","type":"image\/webp"}],"twitter_card":"summary_large_image","twitter_misc":{"Ber\u00e4knad l\u00e4stid":"2 minut"},"schema":{"@context":"https:\/\/schema.org","@graph":[{"@type":["WebPage","ItemPage"],"@id":"https:\/\/positiveprints.com\/sv\/produkt\/examen-ar-fotocollage\/","url":"https:\/\/positiveprints.com\/sv\/produkt\/examen-ar-fotocollage\/","name":"Foto collage f\u00f6r examens\u00e5ret - personlig g\u00e5va - Positive Prints","isPartOf":{"@id":"https:\/\/positiveprints.com\/sv\/#website"},"primaryImageOfPage":{"@id":"https:\/\/positiveprints.com\/sv\/produkt\/examen-ar-fotocollage\/#primaryimage"},"image":{"@id":"https:\/\/positiveprints.com\/sv\/produkt\/examen-ar-fotocollage\/#primaryimage"},"thumbnailUrl":"https:\/\/positiveprints.com\/wp-content\/uploads\/2025\/02\/Graduation-a\u030ar-Photo-Collage-1.webp","datePublished":"2023-04-17T20:58:34+00:00","dateModified":"2026-04-03T02:18:06+00:00","description":"Fira deras \u00e5stadkommande med en meningsfull studentpresent! Skapa ett personligt bokstavsfotokollage fullt av speciella minnen fr\u00e5n deras resa.","breadcrumb":{"@id":"https:\/\/positiveprints.com\/sv\/produkt\/examen-ar-fotocollage\/#breadcrumb"},"inLanguage":"sv-SE","potentialAction":[{"@type":"ReadAction","target":["https:\/\/positiveprints.com\/sv\/produkt\/examen-ar-fotocollage\/"]}]},{"@type":"ImageObject","inLanguage":"sv-SE","@id":"https:\/\/positiveprints.com\/sv\/produkt\/examen-ar-fotocollage\/#primaryimage","url":"https:\/\/positiveprints.com\/wp-content\/uploads\/2025\/02\/Graduation-a\u030ar-Photo-Collage-1.webp","contentUrl":"https:\/\/positiveprints.com\/wp-content\/uploads\/2025\/02\/Graduation-a\u030ar-Photo-Collage-1.webp","width":1450,"height":1450,"caption":"Graduation a\u030ar Photo Collage 1"},{"@type":"BreadcrumbList","@id":"https:\/\/positiveprints.com\/sv\/produkt\/examen-ar-fotocollage\/#breadcrumb","itemListElement":[{"@type":"ListItem","position":1,"name":"Home","item":"https:\/\/positiveprints.com\/sv\/"},{"@type":"ListItem","position":2,"name":"Produkter","item":"https:\/\/positiveprints.com\/sv\/shop\/"},{"@type":"ListItem","position":3,"name":"Graduation \u00e5r Photo Collage"}]},{"@type":"WebSite","@id":"https:\/\/positiveprints.com\/sv\/#website","url":"https:\/\/positiveprints.com\/sv\/","name":"Positive Prints","description":"Amazing Custom Personalized Gifts","publisher":{"@id":"https:\/\/positiveprints.com\/sv\/#organization"},"potentialAction":[{"@type":"SearchAction","target":{"@type":"EntryPoint","urlTemplate":"https:\/\/positiveprints.com\/sv\/?s={search_term_string}"},"query-input":{"@type":"PropertyValueSpecification","valueRequired":true,"valueName":"search_term_string"}}],"inLanguage":"sv-SE"},{"@type":"Organization","@id":"https:\/\/positiveprints.com\/sv\/#organization","name":"Positive Prints","alternateName":"Positive Prints","url":"https:\/\/positiveprints.com\/sv\/","logo":{"@type":"ImageObject","inLanguage":"sv-SE","@id":"https:\/\/positiveprints.com\/sv\/#\/schema\/logo\/image\/","url":"https:\/\/positiveprints.com\/wp-content\/uploads\/2026\/03\/245815646_1337939713319158_5671353136411139666_n.png","contentUrl":"https:\/\/positiveprints.com\/wp-content\/uploads\/2026\/03\/245815646_1337939713319158_5671353136411139666_n.png","width":800,"height":800,"caption":"Positive Prints"},"image":{"@id":"https:\/\/positiveprints.com\/sv\/#\/schema\/logo\/image\/"},"sameAs":["https:\/\/www.facebook.com\/positiveprintscom","https:\/\/www.instagram.com\/positiveprintscom\/","https:\/\/www.tiktok.com\/@positiveprintscom","https:\/\/www.pinterest.com\/positiveprintscom\/"]}]}},"jetpack_sharing_enabled":true,"_links":{"self":[{"href":"https:\/\/positiveprints.com\/sv\/wp-json\/wp\/v2\/product\/606692","targetHints":{"allow":["GET"]}}],"collection":[{"href":"https:\/\/positiveprints.com\/sv\/wp-json\/wp\/v2\/product"}],"about":[{"href":"https:\/\/positiveprints.com\/sv\/wp-json\/wp\/v2\/types\/product"}],"wp:featuredmedia":[{"embeddable":true,"href":"https:\/\/positiveprints.com\/sv\/wp-json\/wp\/v2\/media\/1348606"}],"wp:attachment":[{"href":"https:\/\/positiveprints.com\/sv\/wp-json\/wp\/v2\/media?parent=606692"}],"wp:term":[{"taxonomy":"product_brand","embeddable":true,"href":"https:\/\/positiveprints.com\/sv\/wp-json\/wp\/v2\/product_brand?post=606692"},{"taxonomy":"product_cat","embeddable":true,"href":"https:\/\/positiveprints.com\/sv\/wp-json\/wp\/v2\/product_cat?post=606692"},{"taxonomy":"product_tag","embeddable":true,"href":"https:\/\/positiveprints.com\/sv\/wp-json\/wp\/v2\/product_tag?post=606692"}],"curies":[{"name":"wp","href":"https:\/\/api.w.org\/{rel}","templated":true}]}}