{"id":606686,"date":"2023-04-17T21:51:54","date_gmt":"2023-04-17T20:51:54","guid":{"rendered":"https:\/\/positiveprints.com\/product\/fotocollage-med-farfars-brev\/"},"modified":"2026-04-12T22:28:36","modified_gmt":"2026-04-12T21:28:36","slug":"farfar-brev-fotocollage","status":"publish","type":"product","link":"https:\/\/positiveprints.com\/sv\/produkt\/farfar-brev-fotocollage\/","title":{"rendered":"Fotocollage med farfars brev"},"content":{"rendered":"&nbsp;\r\n<p style=\"margin-top: 1rem;\">Det finns inget b\u00e4ttre \u00e4n det speciella band som delas mellan en farfar och hans barnbarn. Fira detta v\u00e4rdefulla f\u00f6rh\u00e5llande med Positive Prints fotocollage Grandpa Letter Photo Collage, en personlig och sentimental g\u00e5va som din farfar kommer att uppskatta f\u00f6r alltid. Det h\u00e4r unika fotocollaget best\u00e5r av dina favoritfoton, arrangerade i form av ordet &#8220;farfar&#8221;. Alternativt kan du anpassa ordet s\u00e5 att det passar din morfars namn eller favoritnamn, som &#8220;papa&#8221; eller &#8220;gramps&#8221;.<\/p>\r\n<p style=\"margin-top: 1rem;\">Det \u00e4r enkelt och smidigt att skapa ett fotocollage med farfars brev. G\u00e5 bara till v\u00e5r webbredigerare och ladda upp dina foton f\u00f6r varje bokstav i det valda ordet. Du kan sedan anpassa utskriftsformatet efter dina \u00f6nskem\u00e5l, inklusive affischer, canvas eller inramade utskrifter, eller digitala nedladdningsfiler f\u00f6r sj\u00e4lvutskrift.<\/p>\r\n<p style=\"margin-top: 1rem;\">Positive Prints anv\u00e4nder endast tryckmaterial och teknik av h\u00f6gsta kvalitet, vilket inneb\u00e4r att ditt fotocollage med farfars brev kommer att se professionellt och fantastiskt ut. Det \u00e4r den perfekta sentimentala presenten f\u00f6r alla tillf\u00e4llen &#8211; oavsett om det \u00e4r till en f\u00f6delsedag, <a href=\"https:\/\/positiveprints.com\/christmas-gifts\/\">jul<\/a> eller bara f\u00f6r att du vill visa din morfar hur mycket du bryr dig om honom.<\/p>\r\n<p style=\"margin-top: 1rem;\">S\u00e5 varf\u00f6r inte ge din morfar en g\u00e5va som han kan uppskatta under hela livet? Fotocollage med morfars brev \u00e4r ett speciellt och personligt s\u00e4tt att uttrycka hur mycket du \u00e4lskar och uppskattar honom och visa honom hur mycket han har betytt f\u00f6r dig genom \u00e5ren. Med Positive Prints har det aldrig varit enklare att skapa ett vackert och unikt fotocollage med farfars brev!<\/p>","protected":false},"excerpt":{"rendered":"<p>&nbsp;<\/p>\n<ul class=\"check-list\">\n<li>Inkludera en meningsfull personlig text<\/li>\n<li>Anpassa i 3 enkla steg<\/li>\n<li>V\u00e4lj en mall eller var kreativ<\/li>\n<li>Se effekten omedelbart &#8211; med den interaktiva f\u00f6rhandsgranskningen kan du f\u00f6rfina varje detalj<\/li>\n<\/ul>\n","protected":false},"featured_media":1670482,"template":"","meta":[],"product_brand":[],"product_cat":[7459,9281,8973,8108,11467,7614],"product_tag":[15672,8673,11828,15686,16722],"class_list":{"0":"post-606686","1":"product","2":"type-product","3":"status-publish","4":"has-post-thumbnail","6":"product_cat-alla-produkter","7":"product_cat-bestsellers-label-sv","8":"product_cat-fotobrev","9":"product_cat-julpresenter","10":"product_cat-julklappar-till-morfar","11":"product_cat-gavor-till-morfar","12":"product_tag-fodelsedagspresent-till-farfar-morfar","13":"product_tag-grandpa-sv","14":"product_tag-julklappar-till-morfar","15":"product_tag-present-till-farfar-morfar","16":"product_tag-presenter-till-morfar-farfar","18":"first","19":"instock","20":"sale","21":"taxable","22":"shipping-taxable","23":"purchasable","24":"product-type-variable"},"yoast_head":"<!-- This site is optimized with the Yoast SEO Premium plugin v27.2 (Yoast SEO v27.2) - https:\/\/yoast.com\/product\/yoast-seo-premium-wordpress\/ -->\n<title>Fotocollage med farfars brev - Positive Prints<\/title>\n<meta name=\"description\" content=\"\u00d6verraska din farfar med en speciell present! Designa ett personligt fotocollage med brev fyllt med meningsfulla minnen som han kommer att \u00e4lska.\" \/>\n<meta name=\"robots\" content=\"index, follow, max-snippet:-1, max-image-preview:large, max-video-preview:-1\" \/>\n<link rel=\"canonical\" href=\"https:\/\/positiveprints.com\/sv\/produkt\/farfar-brev-fotocollage\/\" \/>\n<meta property=\"og:locale\" content=\"sv_SE\" \/>\n<meta property=\"og:type\" content=\"article\" \/>\n<meta property=\"og:title\" content=\"Fotocollage med farfars brev\" \/>\n<meta property=\"og:description\" content=\"&nbsp;   Inkludera en meningsfull personlig text  Anpassa i 3 enkla steg  V\u00e4lj en mall eller var kreativ  Se effekten omedelbart - med den interaktiva f\u00f6rhandsgranskningen kan du f\u00f6rfina varje detalj\" \/>\n<meta property=\"og:url\" content=\"https:\/\/positiveprints.com\/sv\/produkt\/farfar-brev-fotocollage\/\" \/>\n<meta property=\"og:site_name\" content=\"Positive Prints\" \/>\n<meta property=\"article:publisher\" content=\"https:\/\/www.facebook.com\/positiveprintscom\" \/>\n<meta property=\"article:modified_time\" content=\"2026-04-12T21:28:36+00:00\" \/>\n<meta property=\"og:image\" content=\"https:\/\/positiveprints.com\/wp-content\/uploads\/2025\/03\/Packshot_SE_morfar.webp\" \/>\n\t<meta property=\"og:image:width\" content=\"1450\" \/>\n\t<meta property=\"og:image:height\" content=\"1450\" \/>\n\t<meta property=\"og:image:type\" content=\"image\/webp\" \/>\n<meta name=\"twitter:card\" content=\"summary_large_image\" \/>\n<meta name=\"twitter:label1\" content=\"Ber\u00e4knad l\u00e4stid\" \/>\n\t<meta name=\"twitter:data1\" content=\"2 minut\" \/>\n<!-- \/ Yoast SEO Premium plugin. -->","yoast_head_json":{"title":"Fotocollage med farfars brev - Positive Prints","description":"\u00d6verraska din farfar med en speciell present! Designa ett personligt fotocollage med brev fyllt med meningsfulla minnen som han kommer att \u00e4lska.","robots":{"index":"index","follow":"follow","max-snippet":"max-snippet:-1","max-image-preview":"max-image-preview:large","max-video-preview":"max-video-preview:-1"},"canonical":"https:\/\/positiveprints.com\/sv\/produkt\/farfar-brev-fotocollage\/","og_locale":"sv_SE","og_type":"article","og_title":"Fotocollage med farfars brev","og_description":"&nbsp;   Inkludera en meningsfull personlig text  Anpassa i 3 enkla steg  V\u00e4lj en mall eller var kreativ  Se effekten omedelbart - med den interaktiva f\u00f6rhandsgranskningen kan du f\u00f6rfina varje detalj","og_url":"https:\/\/positiveprints.com\/sv\/produkt\/farfar-brev-fotocollage\/","og_site_name":"Positive Prints","article_publisher":"https:\/\/www.facebook.com\/positiveprintscom","article_modified_time":"2026-04-12T21:28:36+00:00","og_image":[{"width":1450,"height":1450,"url":"https:\/\/positiveprints.com\/wp-content\/uploads\/2025\/03\/Packshot_SE_morfar.webp","type":"image\/webp"}],"twitter_card":"summary_large_image","twitter_misc":{"Ber\u00e4knad l\u00e4stid":"2 minut"},"schema":{"@context":"https:\/\/schema.org","@graph":[{"@type":["WebPage","ItemPage"],"@id":"https:\/\/positiveprints.com\/sv\/produkt\/farfar-brev-fotocollage\/","url":"https:\/\/positiveprints.com\/sv\/produkt\/farfar-brev-fotocollage\/","name":"Fotocollage med farfars brev - Positive Prints","isPartOf":{"@id":"https:\/\/positiveprints.com\/sv\/#website"},"primaryImageOfPage":{"@id":"https:\/\/positiveprints.com\/sv\/produkt\/farfar-brev-fotocollage\/#primaryimage"},"image":{"@id":"https:\/\/positiveprints.com\/sv\/produkt\/farfar-brev-fotocollage\/#primaryimage"},"thumbnailUrl":"https:\/\/positiveprints.com\/wp-content\/uploads\/2026\/03\/Grandpa_EN.webp","datePublished":"2023-04-17T20:51:54+00:00","dateModified":"2026-04-12T21:28:36+00:00","description":"\u00d6verraska din farfar med en speciell present! Designa ett personligt fotocollage med brev fyllt med meningsfulla minnen som han kommer att \u00e4lska.","breadcrumb":{"@id":"https:\/\/positiveprints.com\/sv\/produkt\/farfar-brev-fotocollage\/#breadcrumb"},"inLanguage":"sv-SE","potentialAction":[{"@type":"ReadAction","target":["https:\/\/positiveprints.com\/sv\/produkt\/farfar-brev-fotocollage\/"]}]},{"@type":"ImageObject","inLanguage":"sv-SE","@id":"https:\/\/positiveprints.com\/sv\/produkt\/farfar-brev-fotocollage\/#primaryimage","url":"https:\/\/positiveprints.com\/wp-content\/uploads\/2026\/03\/Grandpa_EN.webp","contentUrl":"https:\/\/positiveprints.com\/wp-content\/uploads\/2026\/03\/Grandpa_EN.webp","width":1450,"height":1450},{"@type":"BreadcrumbList","@id":"https:\/\/positiveprints.com\/sv\/produkt\/farfar-brev-fotocollage\/#breadcrumb","itemListElement":[{"@type":"ListItem","position":1,"name":"Home","item":"https:\/\/positiveprints.com\/sv\/"},{"@type":"ListItem","position":2,"name":"Produkter","item":"https:\/\/positiveprints.com\/sv\/shop\/"},{"@type":"ListItem","position":3,"name":"Fotocollage med farfars brev"}]},{"@type":"WebSite","@id":"https:\/\/positiveprints.com\/sv\/#website","url":"https:\/\/positiveprints.com\/sv\/","name":"Positive Prints","description":"Amazing Custom Personalized Gifts","publisher":{"@id":"https:\/\/positiveprints.com\/sv\/#organization"},"potentialAction":[{"@type":"SearchAction","target":{"@type":"EntryPoint","urlTemplate":"https:\/\/positiveprints.com\/sv\/?s={search_term_string}"},"query-input":{"@type":"PropertyValueSpecification","valueRequired":true,"valueName":"search_term_string"}}],"inLanguage":"sv-SE"},{"@type":"Organization","@id":"https:\/\/positiveprints.com\/sv\/#organization","name":"Positive Prints","alternateName":"Positive Prints","url":"https:\/\/positiveprints.com\/sv\/","logo":{"@type":"ImageObject","inLanguage":"sv-SE","@id":"https:\/\/positiveprints.com\/sv\/#\/schema\/logo\/image\/","url":"https:\/\/positiveprints.com\/wp-content\/uploads\/2026\/03\/245815646_1337939713319158_5671353136411139666_n.png","contentUrl":"https:\/\/positiveprints.com\/wp-content\/uploads\/2026\/03\/245815646_1337939713319158_5671353136411139666_n.png","width":800,"height":800,"caption":"Positive Prints"},"image":{"@id":"https:\/\/positiveprints.com\/sv\/#\/schema\/logo\/image\/"},"sameAs":["https:\/\/www.facebook.com\/positiveprintscom","https:\/\/www.instagram.com\/positiveprintscom\/","https:\/\/www.tiktok.com\/@positiveprintscom","https:\/\/www.pinterest.com\/positiveprintscom\/"]}]}},"jetpack_sharing_enabled":true,"_links":{"self":[{"href":"https:\/\/positiveprints.com\/sv\/wp-json\/wp\/v2\/product\/606686","targetHints":{"allow":["GET"]}}],"collection":[{"href":"https:\/\/positiveprints.com\/sv\/wp-json\/wp\/v2\/product"}],"about":[{"href":"https:\/\/positiveprints.com\/sv\/wp-json\/wp\/v2\/types\/product"}],"wp:featuredmedia":[{"embeddable":true,"href":"https:\/\/positiveprints.com\/sv\/wp-json\/wp\/v2\/media\/1670482"}],"wp:attachment":[{"href":"https:\/\/positiveprints.com\/sv\/wp-json\/wp\/v2\/media?parent=606686"}],"wp:term":[{"taxonomy":"product_brand","embeddable":true,"href":"https:\/\/positiveprints.com\/sv\/wp-json\/wp\/v2\/product_brand?post=606686"},{"taxonomy":"product_cat","embeddable":true,"href":"https:\/\/positiveprints.com\/sv\/wp-json\/wp\/v2\/product_cat?post=606686"},{"taxonomy":"product_tag","embeddable":true,"href":"https:\/\/positiveprints.com\/sv\/wp-json\/wp\/v2\/product_tag?post=606686"}],"curies":[{"name":"wp","href":"https:\/\/api.w.org\/{rel}","templated":true}]}}