{"id":606680,"date":"2023-04-17T21:35:09","date_gmt":"2023-04-17T20:35:09","guid":{"rendered":"https:\/\/positiveprints.com\/product\/pappa-brev-fotocollage\/"},"modified":"2026-04-03T03:18:17","modified_gmt":"2026-04-03T02:18:17","slug":"pappa-brev-fotocollage","status":"publish","type":"product","link":"https:\/\/positiveprints.com\/sv\/produkt\/pappa-brev-fotocollage\/","title":{"rendered":"Pappa brev fotocollage"},"content":{"rendered":"<p style=\"margin-top: 1rem\">Det har aldrig varit enklare att fira pappor och deras k\u00e4rlek till sina barn \u00e4n med Positive Prints fotocollage Dad Letter Photo Collage! Den h\u00e4r produkten \u00e4r ett unikt och innerligt s\u00e4tt att skapa en personlig g\u00e5va till pappan i ditt liv. Fotocollaget best\u00e5r av dina favoritbilder som bildar formen av ordet &#8220;pappa&#8221;. Om du f\u00f6redrar det kan du anpassa ordet s\u00e5 att det matchar din pappas namn eller hans favoritnamn, till exempel &#8220;pappa&#8221; eller &#8220;daddy&#8221;.<\/p>\r\n          \r\n\r\n          \r\n\r\n          \r\n\r\n          <p style=\"margin-top: 1rem\">F\u00f6r att skapa ditt eget fotocollage med pappabrev \u00e4r det bara att g\u00e5 till v\u00e5r online-redigerare och ladda upp dina favoritfoton. Varje bokstav i det valda ordet kommer att tillverkas av de foton du valt och skapa ett unikt konstverk. Du kan v\u00e4lja mellan olika utskriftsformat, inklusive affischer, canvas eller inramade utskrifter, eller digitala nedladdningsfiler som du kan skriva ut sj\u00e4lv.<\/p>\r\n          \r\n\r\n          \r\n\r\n          \r\n\r\n          <p style=\"margin-top: 1rem\">Med Positive Prints toppmoderna teknik och h\u00f6gkvalitativa tryckmaterial kan du vara s\u00e4ker p\u00e5 att slutprodukten kommer att se fantastisk och professionell ut. Det \u00e4r en g\u00e5va som kommer att ge din pappa ett leende och fungera som en daglig p\u00e5minnelse om de fina minnen som ni har delat.<\/p>\r\n          \r\n\r\n          \r\n\r\n          \r\n\r\n          <p style=\"margin-top: 1rem\">Oavsett om du letar efter en present till <a href=\"https:\/\/positiveprints.com\/fathers-day-gifts\/\">fars dag<\/a>, f\u00f6delsedag eller n\u00e5got annat tillf\u00e4lle \u00e4r Dad Letter Photo Collage det perfekta s\u00e4ttet att visa din pappa hur mycket han betyder f\u00f6r dig. Det \u00e4r en g\u00e5va som han kommer att uppskatta i m\u00e5nga \u00e5r fram\u00f6ver och som p\u00e5minner honom om den fantastiska pappa han \u00e4r. Med Positive Prints har det aldrig varit enklare att skapa ett vackert och personligt fotocollage med pappabrev!<\/p>","protected":false},"excerpt":{"rendered":"\n<ul class=\"check-list\">\n<li>Visa din pappa hur mycket du uppskattar honom med en fantastisk g\u00e5va som hyllar de stunder ni tillbringat tillsammans.<\/li>\n<li>Inkludera en meningsfull personlig text<\/li>\n<li>Anpassa i 3 enkla steg<\/li>\n<li>V\u00e4lj en mall eller var kreativ<\/li>\n<li>Se resultatet direkt \u2013 den interaktiva f\u00f6rhandsvisningen l\u00e5ter dig finjustera varje detalj<\/li>\n<\/ul>\n","protected":false},"featured_media":1279007,"template":"","meta":[],"product_brand":[],"product_cat":[8973,7459],"product_tag":[8560],"class_list":{"0":"post-606680","1":"product","2":"type-product","3":"status-publish","4":"has-post-thumbnail","6":"product_cat-fotobrev","7":"product_cat-alla-produkter","8":"product_tag-father-sv","10":"first","11":"instock","12":"sale","13":"taxable","14":"shipping-taxable","15":"purchasable","16":"product-type-variable"},"yoast_head":"<!-- This site is optimized with the Yoast SEO Premium plugin v27.2 (Yoast SEO v27.2) - https:\/\/yoast.com\/product\/yoast-seo-premium-wordpress\/ -->\n<title>Fotokollage med brev till pappa - personlig g\u00e5va - Positive Prints<\/title>\n<meta name=\"description\" content=\"Letar du efter en present till fars dag? Dad Letter Photo Collage \u00e4r det perfekta s\u00e4ttet att visa din pappa hur mycket han betyder f\u00f6r dig.\" \/>\n<meta name=\"robots\" content=\"index, follow, max-snippet:-1, max-image-preview:large, max-video-preview:-1\" \/>\n<link rel=\"canonical\" href=\"https:\/\/positiveprints.com\/sv\/produkt\/pappa-brev-fotocollage\/\" \/>\n<meta property=\"og:locale\" content=\"sv_SE\" \/>\n<meta property=\"og:type\" content=\"article\" \/>\n<meta property=\"og:title\" content=\"Pappa brev fotocollage\" \/>\n<meta property=\"og:description\" content=\"Visa din pappa hur mycket du uppskattar honom med en fantastisk g\u00e5va som hyllar de stunder ni tillbringat tillsammans.               Inkludera en meningsfull personlig text               Anpassa i 3 enkla steg               V\u00e4lj en mall eller var kreativ               Se resultatet direkt \u2013 den interaktiva f\u00f6rhandsvisningen l\u00e5ter dig finjustera varje detalj\" \/>\n<meta property=\"og:url\" content=\"https:\/\/positiveprints.com\/sv\/produkt\/pappa-brev-fotocollage\/\" \/>\n<meta property=\"og:site_name\" content=\"Positive Prints\" \/>\n<meta property=\"article:publisher\" content=\"https:\/\/www.facebook.com\/positiveprintscom\" \/>\n<meta property=\"article:modified_time\" content=\"2026-04-03T02:18:17+00:00\" \/>\n<meta property=\"og:image\" content=\"https:\/\/positiveprints.com\/wp-content\/uploads\/2024\/11\/Packshot_SE_Dad-Letter-Photo-Collage-product-image-.webp\" \/>\n\t<meta property=\"og:image:width\" content=\"1450\" \/>\n\t<meta property=\"og:image:height\" content=\"1450\" \/>\n\t<meta property=\"og:image:type\" content=\"image\/webp\" \/>\n<meta name=\"twitter:card\" content=\"summary_large_image\" \/>\n<meta name=\"twitter:label1\" content=\"Ber\u00e4knad l\u00e4stid\" \/>\n\t<meta name=\"twitter:data1\" content=\"2 minut\" \/>\n<!-- \/ Yoast SEO Premium plugin. -->","yoast_head_json":{"title":"Fotokollage med brev till pappa - personlig g\u00e5va - Positive Prints","description":"Letar du efter en present till fars dag? Dad Letter Photo Collage \u00e4r det perfekta s\u00e4ttet att visa din pappa hur mycket han betyder f\u00f6r dig.","robots":{"index":"index","follow":"follow","max-snippet":"max-snippet:-1","max-image-preview":"max-image-preview:large","max-video-preview":"max-video-preview:-1"},"canonical":"https:\/\/positiveprints.com\/sv\/produkt\/pappa-brev-fotocollage\/","og_locale":"sv_SE","og_type":"article","og_title":"Pappa brev fotocollage","og_description":"Visa din pappa hur mycket du uppskattar honom med en fantastisk g\u00e5va som hyllar de stunder ni tillbringat tillsammans.               Inkludera en meningsfull personlig text               Anpassa i 3 enkla steg               V\u00e4lj en mall eller var kreativ               Se resultatet direkt \u2013 den interaktiva f\u00f6rhandsvisningen l\u00e5ter dig finjustera varje detalj","og_url":"https:\/\/positiveprints.com\/sv\/produkt\/pappa-brev-fotocollage\/","og_site_name":"Positive Prints","article_publisher":"https:\/\/www.facebook.com\/positiveprintscom","article_modified_time":"2026-04-03T02:18:17+00:00","og_image":[{"width":1450,"height":1450,"url":"https:\/\/positiveprints.com\/wp-content\/uploads\/2024\/11\/Packshot_SE_Dad-Letter-Photo-Collage-product-image-.webp","type":"image\/webp"}],"twitter_card":"summary_large_image","twitter_misc":{"Ber\u00e4knad l\u00e4stid":"2 minut"},"schema":{"@context":"https:\/\/schema.org","@graph":[{"@type":["WebPage","ItemPage"],"@id":"https:\/\/positiveprints.com\/sv\/produkt\/pappa-brev-fotocollage\/","url":"https:\/\/positiveprints.com\/sv\/produkt\/pappa-brev-fotocollage\/","name":"Fotokollage med brev till pappa - personlig g\u00e5va - Positive Prints","isPartOf":{"@id":"https:\/\/positiveprints.com\/sv\/#website"},"primaryImageOfPage":{"@id":"https:\/\/positiveprints.com\/sv\/produkt\/pappa-brev-fotocollage\/#primaryimage"},"image":{"@id":"https:\/\/positiveprints.com\/sv\/produkt\/pappa-brev-fotocollage\/#primaryimage"},"thumbnailUrl":"https:\/\/positiveprints.com\/wp-content\/uploads\/2024\/11\/Packshot_SE_Dad-Letter-Photo-Collage-product-image-.webp","datePublished":"2023-04-17T20:35:09+00:00","dateModified":"2026-04-03T02:18:17+00:00","description":"Letar du efter en present till fars dag? Dad Letter Photo Collage \u00e4r det perfekta s\u00e4ttet att visa din pappa hur mycket han betyder f\u00f6r dig.","breadcrumb":{"@id":"https:\/\/positiveprints.com\/sv\/produkt\/pappa-brev-fotocollage\/#breadcrumb"},"inLanguage":"sv-SE","potentialAction":[{"@type":"ReadAction","target":["https:\/\/positiveprints.com\/sv\/produkt\/pappa-brev-fotocollage\/"]}]},{"@type":"ImageObject","inLanguage":"sv-SE","@id":"https:\/\/positiveprints.com\/sv\/produkt\/pappa-brev-fotocollage\/#primaryimage","url":"https:\/\/positiveprints.com\/wp-content\/uploads\/2024\/11\/Packshot_SE_Dad-Letter-Photo-Collage-product-image-.webp","contentUrl":"https:\/\/positiveprints.com\/wp-content\/uploads\/2024\/11\/Packshot_SE_Dad-Letter-Photo-Collage-product-image-.webp","width":1450,"height":1450},{"@type":"BreadcrumbList","@id":"https:\/\/positiveprints.com\/sv\/produkt\/pappa-brev-fotocollage\/#breadcrumb","itemListElement":[{"@type":"ListItem","position":1,"name":"Home","item":"https:\/\/positiveprints.com\/sv\/"},{"@type":"ListItem","position":2,"name":"Produkter","item":"https:\/\/positiveprints.com\/sv\/shop\/"},{"@type":"ListItem","position":3,"name":"Pappa brev fotocollage"}]},{"@type":"WebSite","@id":"https:\/\/positiveprints.com\/sv\/#website","url":"https:\/\/positiveprints.com\/sv\/","name":"Positive Prints","description":"Amazing Custom Personalized Gifts","publisher":{"@id":"https:\/\/positiveprints.com\/sv\/#organization"},"potentialAction":[{"@type":"SearchAction","target":{"@type":"EntryPoint","urlTemplate":"https:\/\/positiveprints.com\/sv\/?s={search_term_string}"},"query-input":{"@type":"PropertyValueSpecification","valueRequired":true,"valueName":"search_term_string"}}],"inLanguage":"sv-SE"},{"@type":"Organization","@id":"https:\/\/positiveprints.com\/sv\/#organization","name":"Positive Prints","alternateName":"Positive Prints","url":"https:\/\/positiveprints.com\/sv\/","logo":{"@type":"ImageObject","inLanguage":"sv-SE","@id":"https:\/\/positiveprints.com\/sv\/#\/schema\/logo\/image\/","url":"https:\/\/positiveprints.com\/wp-content\/uploads\/2026\/03\/245815646_1337939713319158_5671353136411139666_n.png","contentUrl":"https:\/\/positiveprints.com\/wp-content\/uploads\/2026\/03\/245815646_1337939713319158_5671353136411139666_n.png","width":800,"height":800,"caption":"Positive Prints"},"image":{"@id":"https:\/\/positiveprints.com\/sv\/#\/schema\/logo\/image\/"},"sameAs":["https:\/\/www.facebook.com\/positiveprintscom","https:\/\/www.instagram.com\/positiveprintscom\/","https:\/\/www.tiktok.com\/@positiveprintscom","https:\/\/www.pinterest.com\/positiveprintscom\/"]}]}},"jetpack_sharing_enabled":true,"_links":{"self":[{"href":"https:\/\/positiveprints.com\/sv\/wp-json\/wp\/v2\/product\/606680","targetHints":{"allow":["GET"]}}],"collection":[{"href":"https:\/\/positiveprints.com\/sv\/wp-json\/wp\/v2\/product"}],"about":[{"href":"https:\/\/positiveprints.com\/sv\/wp-json\/wp\/v2\/types\/product"}],"wp:featuredmedia":[{"embeddable":true,"href":"https:\/\/positiveprints.com\/sv\/wp-json\/wp\/v2\/media\/1279007"}],"wp:attachment":[{"href":"https:\/\/positiveprints.com\/sv\/wp-json\/wp\/v2\/media?parent=606680"}],"wp:term":[{"taxonomy":"product_brand","embeddable":true,"href":"https:\/\/positiveprints.com\/sv\/wp-json\/wp\/v2\/product_brand?post=606680"},{"taxonomy":"product_cat","embeddable":true,"href":"https:\/\/positiveprints.com\/sv\/wp-json\/wp\/v2\/product_cat?post=606680"},{"taxonomy":"product_tag","embeddable":true,"href":"https:\/\/positiveprints.com\/sv\/wp-json\/wp\/v2\/product_tag?post=606680"}],"curies":[{"name":"wp","href":"https:\/\/api.w.org\/{rel}","templated":true}]}}