{"id":606673,"date":"2023-04-13T13:48:42","date_gmt":"2023-04-13T12:48:42","guid":{"rendered":"https:\/\/positiveprints.com\/product\/fotocollage-med-mormors-brev\/"},"modified":"2026-04-12T22:30:06","modified_gmt":"2026-04-12T21:30:06","slug":"mormor-brev-fotocollage","status":"publish","type":"product","link":"https:\/\/positiveprints.com\/sv\/produkt\/mormor-brev-fotocollage\/","title":{"rendered":"Fotocollage med mormors brev"},"content":{"rendered":"&nbsp;\r\n<p style=\"margin-top: 1rem;\">Fira det speciella bandet mellan mormor och barnbarn med Positive Prints fotocollage Grandma Letter Photo Collage! Med den h\u00e4r unika och personliga g\u00e5van kan du skapa ett vackert och sentimentalt fotocollage av dina favoritbilder i form av ordet &#8220;mormor&#8221;. Om du f\u00f6redrar det kan du anpassa ordet till din mormors namn eller hennes favoritnamn, till exempel &#8220;Nana&#8221; eller &#8220;Mimi&#8221;.<\/p>\r\n<p style=\"margin-top: 1rem;\">F\u00f6r att skapa ditt eget fotocollage med mormors brev, g\u00e5r du bara till v\u00e5r online-redigerare och laddar upp dina favoritfoton. Varje bokstav i det valda ordet kommer att tillverkas av dina foton, vilket skapar en unik, personlig och innerlig g\u00e5va. Du kan v\u00e4lja mellan olika utskriftsformat, inklusive affischer, canvas eller inramade utskrifter, eller digitala nedladdningsfiler som du kan skriva ut sj\u00e4lv.<\/p>\r\n<p style=\"margin-top: 1rem;\">Med Positive Prints h\u00f6gkvalitativa tryckmaterial och teknik kan du vara s\u00e4ker p\u00e5 att slutprodukten kommer att se fantastisk och professionell ut. Det \u00e4r en g\u00e5va som garanterat kommer att f\u00f6rgylla din mormors dag och fungera som en vacker p\u00e5minnelse om de fina stunder som ni har delat tillsammans.<\/p>\r\n<p style=\"margin-top: 1rem;\">Oavsett om du letar efter en present till din mormors f\u00f6delsedag, <a href=\"https:\/\/positiveprints.com\/sv\/mors-dag-presenter\/\">mors dag<\/a> eller n\u00e5got annat speciellt tillf\u00e4lle \u00e4r Grandma Letter Photo Collage den perfekta presenten som hon kommer att uppskatta f\u00f6r alltid. Det \u00e4r ett sentimentalt och unikt s\u00e4tt att fira ditt speciella band med din mormor och visa henne hur mycket hon betyder f\u00f6r dig. Med Positive Prints har det aldrig varit enklare att skapa ett vackert och personligt fotocollage med ett brev fr\u00e5n mormor!<\/p>","protected":false},"excerpt":{"rendered":"<p>&nbsp;<\/p>\n<ul class=\"check-list\">\n<li>Inkludera en meningsfull personlig text<\/li>\n<li>Anpassa i 3 enkla steg<\/li>\n<li>V\u00e4lj en mall eller var kreativ<\/li>\n<li>Se resultatet direkt \u2013 den interaktiva f\u00f6rhandsvisningen l\u00e5ter dig finjustera varje detalj<\/li>\n<\/ul>\n","protected":false},"featured_media":1670318,"template":"","meta":[],"product_brand":[],"product_cat":[9000,7459,9281,8973,8108,11468,7727],"product_tag":[8590,11778,9460],"class_list":{"0":"post-606673","1":"product","2":"type-product","3":"status-publish","4":"has-post-thumbnail","6":"product_cat-aldreomsorgens-dag","7":"product_cat-alla-produkter","8":"product_cat-bestsellers-label-sv","9":"product_cat-fotobrev","10":"product_cat-julpresenter","11":"product_cat-julklappar-till-mormor","12":"product_cat-gavor-till-mormor","13":"product_tag-farmor","14":"product_tag-julklappar-till-mormor","15":"product_tag-mormor","17":"first","18":"instock","19":"sale","20":"taxable","21":"shipping-taxable","22":"purchasable","23":"product-type-variable"},"yoast_head":"<!-- This site is optimized with the Yoast SEO Premium plugin v27.2 (Yoast SEO v27.2) - https:\/\/yoast.com\/product\/yoast-seo-premium-wordpress\/ -->\n<title>Fotocollage med mormors brev - Positive Prints<\/title>\n<meta name=\"description\" content=\"Visa din mormor hur mycket hon betyder f\u00f6r dig! Skapa ett fotocollage med ett hj\u00e4rtligt brev fyllt med v\u00e4rdefulla familjeminnen.\" \/>\n<meta name=\"robots\" content=\"index, follow, max-snippet:-1, max-image-preview:large, max-video-preview:-1\" \/>\n<link rel=\"canonical\" href=\"https:\/\/positiveprints.com\/sv\/produkt\/mormor-brev-fotocollage\/\" \/>\n<meta property=\"og:locale\" content=\"sv_SE\" \/>\n<meta property=\"og:type\" content=\"article\" \/>\n<meta property=\"og:title\" content=\"Fotocollage med mormors brev\" \/>\n<meta property=\"og:description\" content=\"&nbsp;   Inkludera en meningsfull personlig text  Anpassa i 3 enkla steg  V\u00e4lj en mall eller var kreativ  Se resultatet direkt \u2013 den interaktiva f\u00f6rhandsvisningen l\u00e5ter dig finjustera varje detalj\" \/>\n<meta property=\"og:url\" content=\"https:\/\/positiveprints.com\/sv\/produkt\/mormor-brev-fotocollage\/\" \/>\n<meta property=\"og:site_name\" content=\"Positive Prints\" \/>\n<meta property=\"article:publisher\" content=\"https:\/\/www.facebook.com\/positiveprintscom\" \/>\n<meta property=\"article:modified_time\" content=\"2026-04-12T21:30:06+00:00\" \/>\n<meta property=\"og:image\" content=\"https:\/\/positiveprints.com\/wp-content\/uploads\/2025\/03\/Packshot_SE_Mormor.webp\" \/>\n\t<meta property=\"og:image:width\" content=\"1450\" \/>\n\t<meta property=\"og:image:height\" content=\"1450\" \/>\n\t<meta property=\"og:image:type\" content=\"image\/webp\" \/>\n<meta name=\"twitter:card\" content=\"summary_large_image\" \/>\n<meta name=\"twitter:label1\" content=\"Ber\u00e4knad l\u00e4stid\" \/>\n\t<meta name=\"twitter:data1\" content=\"2 minut\" \/>\n<!-- \/ Yoast SEO Premium plugin. -->","yoast_head_json":{"title":"Fotocollage med mormors brev - Positive Prints","description":"Visa din mormor hur mycket hon betyder f\u00f6r dig! Skapa ett fotocollage med ett hj\u00e4rtligt brev fyllt med v\u00e4rdefulla familjeminnen.","robots":{"index":"index","follow":"follow","max-snippet":"max-snippet:-1","max-image-preview":"max-image-preview:large","max-video-preview":"max-video-preview:-1"},"canonical":"https:\/\/positiveprints.com\/sv\/produkt\/mormor-brev-fotocollage\/","og_locale":"sv_SE","og_type":"article","og_title":"Fotocollage med mormors brev","og_description":"&nbsp;   Inkludera en meningsfull personlig text  Anpassa i 3 enkla steg  V\u00e4lj en mall eller var kreativ  Se resultatet direkt \u2013 den interaktiva f\u00f6rhandsvisningen l\u00e5ter dig finjustera varje detalj","og_url":"https:\/\/positiveprints.com\/sv\/produkt\/mormor-brev-fotocollage\/","og_site_name":"Positive Prints","article_publisher":"https:\/\/www.facebook.com\/positiveprintscom","article_modified_time":"2026-04-12T21:30:06+00:00","og_image":[{"width":1450,"height":1450,"url":"https:\/\/positiveprints.com\/wp-content\/uploads\/2025\/03\/Packshot_SE_Mormor.webp","type":"image\/webp"}],"twitter_card":"summary_large_image","twitter_misc":{"Ber\u00e4knad l\u00e4stid":"2 minut"},"schema":{"@context":"https:\/\/schema.org","@graph":[{"@type":["WebPage","ItemPage"],"@id":"https:\/\/positiveprints.com\/sv\/produkt\/mormor-brev-fotocollage\/","url":"https:\/\/positiveprints.com\/sv\/produkt\/mormor-brev-fotocollage\/","name":"Fotocollage med mormors brev - Positive Prints","isPartOf":{"@id":"https:\/\/positiveprints.com\/sv\/#website"},"primaryImageOfPage":{"@id":"https:\/\/positiveprints.com\/sv\/produkt\/mormor-brev-fotocollage\/#primaryimage"},"image":{"@id":"https:\/\/positiveprints.com\/sv\/produkt\/mormor-brev-fotocollage\/#primaryimage"},"thumbnailUrl":"https:\/\/positiveprints.com\/wp-content\/uploads\/2026\/03\/Grandma_EN.webp","datePublished":"2023-04-13T12:48:42+00:00","dateModified":"2026-04-12T21:30:06+00:00","description":"Visa din mormor hur mycket hon betyder f\u00f6r dig! Skapa ett fotocollage med ett hj\u00e4rtligt brev fyllt med v\u00e4rdefulla familjeminnen.","breadcrumb":{"@id":"https:\/\/positiveprints.com\/sv\/produkt\/mormor-brev-fotocollage\/#breadcrumb"},"inLanguage":"sv-SE","potentialAction":[{"@type":"ReadAction","target":["https:\/\/positiveprints.com\/sv\/produkt\/mormor-brev-fotocollage\/"]}]},{"@type":"ImageObject","inLanguage":"sv-SE","@id":"https:\/\/positiveprints.com\/sv\/produkt\/mormor-brev-fotocollage\/#primaryimage","url":"https:\/\/positiveprints.com\/wp-content\/uploads\/2026\/03\/Grandma_EN.webp","contentUrl":"https:\/\/positiveprints.com\/wp-content\/uploads\/2026\/03\/Grandma_EN.webp","width":1450,"height":1450},{"@type":"BreadcrumbList","@id":"https:\/\/positiveprints.com\/sv\/produkt\/mormor-brev-fotocollage\/#breadcrumb","itemListElement":[{"@type":"ListItem","position":1,"name":"Home","item":"https:\/\/positiveprints.com\/sv\/"},{"@type":"ListItem","position":2,"name":"Produkter","item":"https:\/\/positiveprints.com\/sv\/shop\/"},{"@type":"ListItem","position":3,"name":"Fotocollage med mormors brev"}]},{"@type":"WebSite","@id":"https:\/\/positiveprints.com\/sv\/#website","url":"https:\/\/positiveprints.com\/sv\/","name":"Positive Prints","description":"Amazing Custom Personalized Gifts","publisher":{"@id":"https:\/\/positiveprints.com\/sv\/#organization"},"potentialAction":[{"@type":"SearchAction","target":{"@type":"EntryPoint","urlTemplate":"https:\/\/positiveprints.com\/sv\/?s={search_term_string}"},"query-input":{"@type":"PropertyValueSpecification","valueRequired":true,"valueName":"search_term_string"}}],"inLanguage":"sv-SE"},{"@type":"Organization","@id":"https:\/\/positiveprints.com\/sv\/#organization","name":"Positive Prints","alternateName":"Positive Prints","url":"https:\/\/positiveprints.com\/sv\/","logo":{"@type":"ImageObject","inLanguage":"sv-SE","@id":"https:\/\/positiveprints.com\/sv\/#\/schema\/logo\/image\/","url":"https:\/\/positiveprints.com\/wp-content\/uploads\/2026\/03\/245815646_1337939713319158_5671353136411139666_n.png","contentUrl":"https:\/\/positiveprints.com\/wp-content\/uploads\/2026\/03\/245815646_1337939713319158_5671353136411139666_n.png","width":800,"height":800,"caption":"Positive Prints"},"image":{"@id":"https:\/\/positiveprints.com\/sv\/#\/schema\/logo\/image\/"},"sameAs":["https:\/\/www.facebook.com\/positiveprintscom","https:\/\/www.instagram.com\/positiveprintscom\/","https:\/\/www.tiktok.com\/@positiveprintscom","https:\/\/www.pinterest.com\/positiveprintscom\/"]}]}},"jetpack_sharing_enabled":true,"_links":{"self":[{"href":"https:\/\/positiveprints.com\/sv\/wp-json\/wp\/v2\/product\/606673","targetHints":{"allow":["GET"]}}],"collection":[{"href":"https:\/\/positiveprints.com\/sv\/wp-json\/wp\/v2\/product"}],"about":[{"href":"https:\/\/positiveprints.com\/sv\/wp-json\/wp\/v2\/types\/product"}],"wp:featuredmedia":[{"embeddable":true,"href":"https:\/\/positiveprints.com\/sv\/wp-json\/wp\/v2\/media\/1670318"}],"wp:attachment":[{"href":"https:\/\/positiveprints.com\/sv\/wp-json\/wp\/v2\/media?parent=606673"}],"wp:term":[{"taxonomy":"product_brand","embeddable":true,"href":"https:\/\/positiveprints.com\/sv\/wp-json\/wp\/v2\/product_brand?post=606673"},{"taxonomy":"product_cat","embeddable":true,"href":"https:\/\/positiveprints.com\/sv\/wp-json\/wp\/v2\/product_cat?post=606673"},{"taxonomy":"product_tag","embeddable":true,"href":"https:\/\/positiveprints.com\/sv\/wp-json\/wp\/v2\/product_tag?post=606673"}],"curies":[{"name":"wp","href":"https:\/\/api.w.org\/{rel}","templated":true}]}}