{"id":606660,"date":"2023-04-12T10:23:49","date_gmt":"2023-04-12T09:23:49","guid":{"rendered":"https:\/\/positiveprints.com\/product\/mamma-brev-foto-collage\/"},"modified":"2026-04-18T06:01:17","modified_gmt":"2026-04-18T05:01:17","slug":"mamma-brev-fotocollage","status":"publish","type":"product","link":"https:\/\/positiveprints.com\/sv\/produkt\/mamma-brev-fotocollage\/","title":{"rendered":"Mamma brev foto collage"},"content":{"rendered":"<p style=\"margin-top: 1rem\">Letar du efter en personlig och meningsfull present till din mamma?\r\nTitta inte l\u00e4ngre \u00e4n till Positive Prints fotocollage med brev till mamma!\r\nMed den h\u00e4r produkten kan du skapa ett vackert och sentimentalt collage av dina favoritfoton i form av ordet &#8220;mamma&#8221;.\r\nMen det \u00e4r inte bara begr\u00e4nsat till ordet &#8220;mamma&#8221;.\r\nDu kan v\u00e4lja vilket ord som helst.\r\nFr\u00e5n &#8220;mamma&#8221; till &#8220;k\u00e4rlek&#8221; till n\u00e5got anpassat ord som du vill ha.\r\nDet h\u00e4r collaget fungerar som ett underbart s\u00e4tt att fira och v\u00e5rda de stunder och minnen som du har delat med din mamma.      <\/p>\r\n          \r\n\r\n          \r\n\r\n          \r\n\r\n          <p style=\"margin-top: 1rem\">Processen \u00e4r enkel och okomplicerad.\r\nF\u00f6r att skapa ditt eget bildcollage med mammabokst\u00e4ver g\u00e5r du helt enkelt till v\u00e5r online-redigerare och laddar upp foton f\u00f6r varje bokstav.\r\nDu kan v\u00e4lja mellan olika utskriftsformat, t.ex. affischer, canvas eller inramade utskrifter, eller ladda ner den digitala versionen av collaget.\r\nProcessen \u00e4r snabb och enkel, och du kan anpassa designen efter dina \u00f6nskem\u00e5l.   <\/p>\r\n          \r\n\r\n          \r\n\r\n          \r\n\r\n          <p style=\"margin-top: 1rem\">Med Positive Prints h\u00f6gkvalitativa tryckmaterial och teknik kan du vara s\u00e4ker p\u00e5 att slutprodukten kommer att se fantastisk och professionell ut.\r\nDu kan h\u00e4nga utskriften i ditt hem eller ge den i present till din mamma p\u00e5 f\u00f6delsedagen, <a href=\"https:\/\/positiveprints.com\/mothers-day-gifts\/\">mors dag<\/a> eller n\u00e5got annat speciellt tillf\u00e4lle. <\/p>\r\n          \r\n\r\n          \r\n\r\n          \r\n\r\n          <p style=\"margin-top: 1rem\">Sammantaget \u00e4r Positive Prints fotocollage med mammabrev ett fantastiskt s\u00e4tt att fira k\u00e4rleken och kopplingen mellan en mamma och hennes barn.\r\nGe din mamma en personlig och innerlig g\u00e5va som hon kommer att uppskatta f\u00f6r alltid med Positive Prints. <\/p>","protected":false},"excerpt":{"rendered":"\n<ul class=\"check-list\">\n<li>Inkludera en meningsfull personlig text<\/li>\n<li>Anpassa i 3 enkla steg<\/li>\n<li>V\u00e4lj en mall eller var kreativ<\/li>\n<li>Se resultatet direkt \u2013 den interaktiva f\u00f6rhandsvisningen l\u00e5ter dig finjustera varje detalj<\/li>\n<\/ul>\n","protected":false},"featured_media":1284127,"template":"","meta":[],"product_brand":[],"product_cat":[8973,9767,7459,8113,8108,11474,7710],"product_tag":[11833,11030,11031,10961,11032,8409,11033,11029],"class_list":{"0":"post-606660","1":"product","2":"type-product","3":"status-publish","4":"has-post-thumbnail","6":"product_cat-fotobrev","7":"product_cat-trending-label-sv","8":"product_cat-alla-produkter","9":"product_cat-mors-dag-presenter","10":"product_cat-julpresenter","11":"product_cat-julklappar-till-mamma","12":"product_cat-gavor-till-mamma","13":"product_tag-julklappar-till-mamma","14":"product_tag-mam-sv","15":"product_tag-mamma-sv","16":"product_tag-mamma","17":"product_tag-mammor","18":"product_tag-mother-sv","19":"product_tag-mumie-sv","20":"product_tag-mumie","22":"first","23":"instock","24":"sale","25":"taxable","26":"shipping-taxable","27":"purchasable","28":"product-type-variable"},"yoast_head":"<!-- This site is optimized with the Yoast SEO Premium plugin v27.2 (Yoast SEO v27.2) - https:\/\/yoast.com\/product\/yoast-seo-premium-wordpress\/ -->\n<title>Fotokollage med brev till mamma - personlig g\u00e5va - Positive Prints<\/title>\n<meta name=\"description\" content=\"Letar du efter en personlig och meningsfull present till din mamma? Titta inte l\u00e4ngre \u00e4n till Positive Prints mamma brevfotokollage.\" \/>\n<meta name=\"robots\" content=\"index, follow, max-snippet:-1, max-image-preview:large, max-video-preview:-1\" \/>\n<link rel=\"canonical\" href=\"https:\/\/positiveprints.com\/sv\/produkt\/mamma-brev-fotocollage\/\" \/>\n<meta property=\"og:locale\" content=\"sv_SE\" \/>\n<meta property=\"og:type\" content=\"article\" \/>\n<meta property=\"og:title\" content=\"Mamma brev foto collage\" \/>\n<meta property=\"og:description\" content=\"Inkludera en meningsfull personlig text               Anpassa i 3 enkla steg               V\u00e4lj en mall eller var kreativ               Se resultatet direkt \u2013 den interaktiva f\u00f6rhandsvisningen l\u00e5ter dig finjustera varje detalj\" \/>\n<meta property=\"og:url\" content=\"https:\/\/positiveprints.com\/sv\/produkt\/mamma-brev-fotocollage\/\" \/>\n<meta property=\"og:site_name\" content=\"Positive Prints\" \/>\n<meta property=\"article:publisher\" content=\"https:\/\/www.facebook.com\/positiveprintscom\" \/>\n<meta property=\"article:modified_time\" content=\"2026-04-18T05:01:17+00:00\" \/>\n<meta property=\"og:image\" content=\"https:\/\/positiveprints.com\/wp-content\/uploads\/2024\/11\/Packshot_SE_Mom-Letter-Photo-Collage-product-image.webp\" \/>\n\t<meta property=\"og:image:width\" content=\"1450\" \/>\n\t<meta property=\"og:image:height\" content=\"1450\" \/>\n\t<meta property=\"og:image:type\" content=\"image\/webp\" \/>\n<meta name=\"twitter:card\" content=\"summary_large_image\" \/>\n<meta name=\"twitter:label1\" content=\"Ber\u00e4knad l\u00e4stid\" \/>\n\t<meta name=\"twitter:data1\" content=\"2 minut\" \/>\n<!-- \/ Yoast SEO Premium plugin. -->","yoast_head_json":{"title":"Fotokollage med brev till mamma - personlig g\u00e5va - Positive Prints","description":"Letar du efter en personlig och meningsfull present till din mamma? Titta inte l\u00e4ngre \u00e4n till Positive Prints mamma brevfotokollage.","robots":{"index":"index","follow":"follow","max-snippet":"max-snippet:-1","max-image-preview":"max-image-preview:large","max-video-preview":"max-video-preview:-1"},"canonical":"https:\/\/positiveprints.com\/sv\/produkt\/mamma-brev-fotocollage\/","og_locale":"sv_SE","og_type":"article","og_title":"Mamma brev foto collage","og_description":"Inkludera en meningsfull personlig text               Anpassa i 3 enkla steg               V\u00e4lj en mall eller var kreativ               Se resultatet direkt \u2013 den interaktiva f\u00f6rhandsvisningen l\u00e5ter dig finjustera varje detalj","og_url":"https:\/\/positiveprints.com\/sv\/produkt\/mamma-brev-fotocollage\/","og_site_name":"Positive Prints","article_publisher":"https:\/\/www.facebook.com\/positiveprintscom","article_modified_time":"2026-04-18T05:01:17+00:00","og_image":[{"width":1450,"height":1450,"url":"https:\/\/positiveprints.com\/wp-content\/uploads\/2024\/11\/Packshot_SE_Mom-Letter-Photo-Collage-product-image.webp","type":"image\/webp"}],"twitter_card":"summary_large_image","twitter_misc":{"Ber\u00e4knad l\u00e4stid":"2 minut"},"schema":{"@context":"https:\/\/schema.org","@graph":[{"@type":["WebPage","ItemPage"],"@id":"https:\/\/positiveprints.com\/sv\/produkt\/mamma-brev-fotocollage\/","url":"https:\/\/positiveprints.com\/sv\/produkt\/mamma-brev-fotocollage\/","name":"Fotokollage med brev till mamma - personlig g\u00e5va - Positive Prints","isPartOf":{"@id":"https:\/\/positiveprints.com\/sv\/#website"},"primaryImageOfPage":{"@id":"https:\/\/positiveprints.com\/sv\/produkt\/mamma-brev-fotocollage\/#primaryimage"},"image":{"@id":"https:\/\/positiveprints.com\/sv\/produkt\/mamma-brev-fotocollage\/#primaryimage"},"thumbnailUrl":"https:\/\/positiveprints.com\/wp-content\/uploads\/2024\/11\/Packshot_SE_Mom-Letter-Photo-Collage-product-image.webp","datePublished":"2023-04-12T09:23:49+00:00","dateModified":"2026-04-18T05:01:17+00:00","description":"Letar du efter en personlig och meningsfull present till din mamma? Titta inte l\u00e4ngre \u00e4n till Positive Prints mamma brevfotokollage.","breadcrumb":{"@id":"https:\/\/positiveprints.com\/sv\/produkt\/mamma-brev-fotocollage\/#breadcrumb"},"inLanguage":"sv-SE","potentialAction":[{"@type":"ReadAction","target":["https:\/\/positiveprints.com\/sv\/produkt\/mamma-brev-fotocollage\/"]}]},{"@type":"ImageObject","inLanguage":"sv-SE","@id":"https:\/\/positiveprints.com\/sv\/produkt\/mamma-brev-fotocollage\/#primaryimage","url":"https:\/\/positiveprints.com\/wp-content\/uploads\/2024\/11\/Packshot_SE_Mom-Letter-Photo-Collage-product-image.webp","contentUrl":"https:\/\/positiveprints.com\/wp-content\/uploads\/2024\/11\/Packshot_SE_Mom-Letter-Photo-Collage-product-image.webp","width":1450,"height":1450},{"@type":"BreadcrumbList","@id":"https:\/\/positiveprints.com\/sv\/produkt\/mamma-brev-fotocollage\/#breadcrumb","itemListElement":[{"@type":"ListItem","position":1,"name":"Home","item":"https:\/\/positiveprints.com\/sv\/"},{"@type":"ListItem","position":2,"name":"Produkter","item":"https:\/\/positiveprints.com\/sv\/shop\/"},{"@type":"ListItem","position":3,"name":"Mamma brev foto collage"}]},{"@type":"WebSite","@id":"https:\/\/positiveprints.com\/sv\/#website","url":"https:\/\/positiveprints.com\/sv\/","name":"Positive Prints","description":"Amazing Custom Personalized Gifts","publisher":{"@id":"https:\/\/positiveprints.com\/sv\/#organization"},"potentialAction":[{"@type":"SearchAction","target":{"@type":"EntryPoint","urlTemplate":"https:\/\/positiveprints.com\/sv\/?s={search_term_string}"},"query-input":{"@type":"PropertyValueSpecification","valueRequired":true,"valueName":"search_term_string"}}],"inLanguage":"sv-SE"},{"@type":"Organization","@id":"https:\/\/positiveprints.com\/sv\/#organization","name":"Positive Prints","alternateName":"Positive Prints","url":"https:\/\/positiveprints.com\/sv\/","logo":{"@type":"ImageObject","inLanguage":"sv-SE","@id":"https:\/\/positiveprints.com\/sv\/#\/schema\/logo\/image\/","url":"https:\/\/positiveprints.com\/wp-content\/uploads\/2026\/03\/245815646_1337939713319158_5671353136411139666_n.png","contentUrl":"https:\/\/positiveprints.com\/wp-content\/uploads\/2026\/03\/245815646_1337939713319158_5671353136411139666_n.png","width":800,"height":800,"caption":"Positive Prints"},"image":{"@id":"https:\/\/positiveprints.com\/sv\/#\/schema\/logo\/image\/"},"sameAs":["https:\/\/www.facebook.com\/positiveprintscom","https:\/\/www.instagram.com\/positiveprintscom\/","https:\/\/www.tiktok.com\/@positiveprintscom","https:\/\/www.pinterest.com\/positiveprintscom\/"]}]}},"jetpack_sharing_enabled":true,"_links":{"self":[{"href":"https:\/\/positiveprints.com\/sv\/wp-json\/wp\/v2\/product\/606660","targetHints":{"allow":["GET"]}}],"collection":[{"href":"https:\/\/positiveprints.com\/sv\/wp-json\/wp\/v2\/product"}],"about":[{"href":"https:\/\/positiveprints.com\/sv\/wp-json\/wp\/v2\/types\/product"}],"wp:featuredmedia":[{"embeddable":true,"href":"https:\/\/positiveprints.com\/sv\/wp-json\/wp\/v2\/media\/1284127"}],"wp:attachment":[{"href":"https:\/\/positiveprints.com\/sv\/wp-json\/wp\/v2\/media?parent=606660"}],"wp:term":[{"taxonomy":"product_brand","embeddable":true,"href":"https:\/\/positiveprints.com\/sv\/wp-json\/wp\/v2\/product_brand?post=606660"},{"taxonomy":"product_cat","embeddable":true,"href":"https:\/\/positiveprints.com\/sv\/wp-json\/wp\/v2\/product_cat?post=606660"},{"taxonomy":"product_tag","embeddable":true,"href":"https:\/\/positiveprints.com\/sv\/wp-json\/wp\/v2\/product_tag?post=606660"}],"curies":[{"name":"wp","href":"https:\/\/api.w.org\/{rel}","templated":true}]}}