{"id":591130,"date":"2023-04-07T20:38:07","date_gmt":"2023-04-07T19:38:07","guid":{"rendered":"https:\/\/positiveprints.com\/product\/var-pappas-trippelstjarnekarta\/"},"modified":"2026-04-03T03:19:02","modified_gmt":"2026-04-03T02:19:02","slug":"var-pappa-trippelstjarnekarta","status":"publish","type":"product","link":"https:\/\/positiveprints.com\/sv\/produkt\/var-pappa-trippelstjarnekarta\/","title":{"rendered":"V\u00e5r pappas trippelstj\u00e4rnekarta"},"content":{"rendered":"<p style=\"margin-top: 1rem\">V\u00e5r pappas karta med tre stj\u00e4rnor \u00e4r den ultimata personliga presenten till din pappa vid varje speciellt tillf\u00e4lle! Oavsett om det \u00e4r <a href=\"https:\/\/positiveprints.com\/fathers-day-gifts\/\">fars dag<\/a>, hans f\u00f6delsedag eller <a href=\"https:\/\/positiveprints.com\/christmas-gifts\/\">jul<\/a> kommer det h\u00e4r unika trycket att g\u00f6ra hans dag of\u00f6rgl\u00f6mlig.<\/p>\r\n          \r\n\r\n          \r\n\r\n          \r\n\r\n          <p style=\"margin-top: 1rem\">Den h\u00e4r presenten har tre vackra <a href=\"https:\/\/positiveprints.com\/product\/star-map\/\">stj\u00e4rnkartor<\/a> p\u00e5 en enda affisch och \u00e4r helt anpassningsbar. En av kartorna visar datum och plats f\u00f6r din fars f\u00f6delse, medan de andra tv\u00e5 kartorna \u00e4r till\u00e4gnade dig och dina syskon.<\/p>\r\n          \r\n\r\n          \r\n\r\n          \r\n\r\n          <p style=\"margin-top: 1rem\">Med v\u00e5r l\u00e4ttanv\u00e4nda online-redigerare kan du fritt v\u00e4lja mellan ett brett utbud av m\u00f6nster och f\u00e4rger f\u00f6r att skapa en skr\u00e4ddarsydd och fantastisk Our Dad Triple Star Map. Du kan till och med inkludera ett personligt meddelande eller citat f\u00f6r att l\u00e4gga till en speciell touch.<\/p>\r\n          \r\n\r\n          \r\n\r\n          \r\n\r\n          <p style=\"margin-top: 1rem\">N\u00e4r du har utformat de perfekta stj\u00e4rnkartorna kan du v\u00e4lja den storlek och det format som passar b\u00e4st f\u00f6r dina behov. Vi erbjuder tryckta eller inramade affischer, canvas eller en digital nedladdningsfil f\u00f6r omedelbar nedladdning, s\u00e5 att du enkelt kan v\u00e4lja det perfekta alternativet. Ge din far en meningsfull och of\u00f6rgl\u00f6mlig present med kartan Our Dad Triple Star Map.<\/p>","protected":false},"excerpt":{"rendered":"\n<ul class=\"check-list\">\n<li>Fira faderskapet och ge din pappa ett verkligt tidl\u00f6st konstverk som han kommer att uppskatta i m\u00e5nga \u00e5r fram\u00f6ver.<\/li>\n<li>L\u00e4gg till konstellationer och Vintergatan  <\/li>\n<li>Anpassa i 3 enkla steg<\/li>\n<li>Inkludera en meningsfull personlig text<\/li>\n<li>Se resultatet direkt \u2013 den interaktiva f\u00f6rhandsvisningen l\u00e5ter dig finjustera varje detalj<\/li>\n<\/ul>\n","protected":false},"featured_media":1258690,"template":"","meta":[],"product_brand":[],"product_cat":[8832,7459],"product_tag":[8560],"class_list":{"0":"post-591130","1":"product","2":"type-product","3":"status-publish","4":"has-post-thumbnail","6":"product_cat-trio-stjarnor","7":"product_cat-alla-produkter","8":"product_tag-father-sv","10":"first","11":"instock","12":"sale","13":"taxable","14":"shipping-taxable","15":"purchasable","16":"product-type-variable"},"yoast_head":"<!-- This site is optimized with the Yoast SEO Premium plugin v27.2 (Yoast SEO v27.2) - https:\/\/yoast.com\/product\/yoast-seo-premium-wordpress\/ -->\n<title>V\u00e5r pappa trippelstj\u00e4rnekarta - personlig g\u00e5va - Positive Prints<\/title>\n<meta name=\"description\" content=\"Fira faderskapet och ge din pappa ett verkligt tidl\u00f6st konstverk som han kommer att uppskatta i m\u00e5nga \u00e5r fram\u00f6ver. Best\u00e4ll v\u00e5r pappas trippelstj\u00e4rnekarta nu\" \/>\n<meta name=\"robots\" content=\"index, follow, max-snippet:-1, max-image-preview:large, max-video-preview:-1\" \/>\n<link rel=\"canonical\" href=\"https:\/\/positiveprints.com\/sv\/produkt\/var-pappa-trippelstjarnekarta\/\" \/>\n<meta property=\"og:locale\" content=\"sv_SE\" \/>\n<meta property=\"og:type\" content=\"article\" \/>\n<meta property=\"og:title\" content=\"V\u00e5r pappas trippelstj\u00e4rnekarta\" \/>\n<meta property=\"og:description\" content=\"Fira faderskapet och ge din pappa ett verkligt tidl\u00f6st konstverk som han kommer att uppskatta i m\u00e5nga \u00e5r fram\u00f6ver.               L\u00e4gg till konstellationer och Vintergatan                Anpassa i 3 enkla steg               Inkludera en meningsfull personlig text               Se resultatet direkt \u2013 den interaktiva f\u00f6rhandsvisningen l\u00e5ter dig finjustera varje detalj\" \/>\n<meta property=\"og:url\" content=\"https:\/\/positiveprints.com\/sv\/produkt\/var-pappa-trippelstjarnekarta\/\" \/>\n<meta property=\"og:site_name\" content=\"Positive Prints\" \/>\n<meta property=\"article:publisher\" content=\"https:\/\/www.facebook.com\/positiveprintscom\" \/>\n<meta property=\"article:modified_time\" content=\"2026-04-03T02:19:02+00:00\" \/>\n<meta property=\"og:image\" content=\"https:\/\/positiveprints.com\/wp-content\/uploads\/2024\/11\/Packshot_SE_Our-Dad-Triple-Star-Map-product-image-.webp\" \/>\n\t<meta property=\"og:image:width\" content=\"1450\" \/>\n\t<meta property=\"og:image:height\" content=\"1450\" \/>\n\t<meta property=\"og:image:type\" content=\"image\/webp\" \/>\n<meta name=\"twitter:card\" content=\"summary_large_image\" \/>\n<meta name=\"twitter:label1\" content=\"Ber\u00e4knad l\u00e4stid\" \/>\n\t<meta name=\"twitter:data1\" content=\"1 minut\" \/>\n<!-- \/ Yoast SEO Premium plugin. -->","yoast_head_json":{"title":"V\u00e5r pappa trippelstj\u00e4rnekarta - personlig g\u00e5va - Positive Prints","description":"Fira faderskapet och ge din pappa ett verkligt tidl\u00f6st konstverk som han kommer att uppskatta i m\u00e5nga \u00e5r fram\u00f6ver. Best\u00e4ll v\u00e5r pappas trippelstj\u00e4rnekarta nu","robots":{"index":"index","follow":"follow","max-snippet":"max-snippet:-1","max-image-preview":"max-image-preview:large","max-video-preview":"max-video-preview:-1"},"canonical":"https:\/\/positiveprints.com\/sv\/produkt\/var-pappa-trippelstjarnekarta\/","og_locale":"sv_SE","og_type":"article","og_title":"V\u00e5r pappas trippelstj\u00e4rnekarta","og_description":"Fira faderskapet och ge din pappa ett verkligt tidl\u00f6st konstverk som han kommer att uppskatta i m\u00e5nga \u00e5r fram\u00f6ver.               L\u00e4gg till konstellationer och Vintergatan                Anpassa i 3 enkla steg               Inkludera en meningsfull personlig text               Se resultatet direkt \u2013 den interaktiva f\u00f6rhandsvisningen l\u00e5ter dig finjustera varje detalj","og_url":"https:\/\/positiveprints.com\/sv\/produkt\/var-pappa-trippelstjarnekarta\/","og_site_name":"Positive Prints","article_publisher":"https:\/\/www.facebook.com\/positiveprintscom","article_modified_time":"2026-04-03T02:19:02+00:00","og_image":[{"width":1450,"height":1450,"url":"https:\/\/positiveprints.com\/wp-content\/uploads\/2024\/11\/Packshot_SE_Our-Dad-Triple-Star-Map-product-image-.webp","type":"image\/webp"}],"twitter_card":"summary_large_image","twitter_misc":{"Ber\u00e4knad l\u00e4stid":"1 minut"},"schema":{"@context":"https:\/\/schema.org","@graph":[{"@type":["WebPage","ItemPage"],"@id":"https:\/\/positiveprints.com\/sv\/produkt\/var-pappa-trippelstjarnekarta\/","url":"https:\/\/positiveprints.com\/sv\/produkt\/var-pappa-trippelstjarnekarta\/","name":"V\u00e5r pappa trippelstj\u00e4rnekarta - personlig g\u00e5va - Positive Prints","isPartOf":{"@id":"https:\/\/positiveprints.com\/sv\/#website"},"primaryImageOfPage":{"@id":"https:\/\/positiveprints.com\/sv\/produkt\/var-pappa-trippelstjarnekarta\/#primaryimage"},"image":{"@id":"https:\/\/positiveprints.com\/sv\/produkt\/var-pappa-trippelstjarnekarta\/#primaryimage"},"thumbnailUrl":"https:\/\/positiveprints.com\/wp-content\/uploads\/2024\/11\/Packshot_SE_Our-Dad-Triple-Star-Map-product-image-.webp","datePublished":"2023-04-07T19:38:07+00:00","dateModified":"2026-04-03T02:19:02+00:00","description":"Fira faderskapet och ge din pappa ett verkligt tidl\u00f6st konstverk som han kommer att uppskatta i m\u00e5nga \u00e5r fram\u00f6ver. Best\u00e4ll v\u00e5r pappas trippelstj\u00e4rnekarta nu","breadcrumb":{"@id":"https:\/\/positiveprints.com\/sv\/produkt\/var-pappa-trippelstjarnekarta\/#breadcrumb"},"inLanguage":"sv-SE","potentialAction":[{"@type":"ReadAction","target":["https:\/\/positiveprints.com\/sv\/produkt\/var-pappa-trippelstjarnekarta\/"]}]},{"@type":"ImageObject","inLanguage":"sv-SE","@id":"https:\/\/positiveprints.com\/sv\/produkt\/var-pappa-trippelstjarnekarta\/#primaryimage","url":"https:\/\/positiveprints.com\/wp-content\/uploads\/2024\/11\/Packshot_SE_Our-Dad-Triple-Star-Map-product-image-.webp","contentUrl":"https:\/\/positiveprints.com\/wp-content\/uploads\/2024\/11\/Packshot_SE_Our-Dad-Triple-Star-Map-product-image-.webp","width":1450,"height":1450},{"@type":"BreadcrumbList","@id":"https:\/\/positiveprints.com\/sv\/produkt\/var-pappa-trippelstjarnekarta\/#breadcrumb","itemListElement":[{"@type":"ListItem","position":1,"name":"Home","item":"https:\/\/positiveprints.com\/sv\/"},{"@type":"ListItem","position":2,"name":"Produkter","item":"https:\/\/positiveprints.com\/sv\/shop\/"},{"@type":"ListItem","position":3,"name":"V\u00e5r pappas trippelstj\u00e4rnekarta"}]},{"@type":"WebSite","@id":"https:\/\/positiveprints.com\/sv\/#website","url":"https:\/\/positiveprints.com\/sv\/","name":"Positive Prints","description":"Amazing Custom Personalized Gifts","publisher":{"@id":"https:\/\/positiveprints.com\/sv\/#organization"},"potentialAction":[{"@type":"SearchAction","target":{"@type":"EntryPoint","urlTemplate":"https:\/\/positiveprints.com\/sv\/?s={search_term_string}"},"query-input":{"@type":"PropertyValueSpecification","valueRequired":true,"valueName":"search_term_string"}}],"inLanguage":"sv-SE"},{"@type":"Organization","@id":"https:\/\/positiveprints.com\/sv\/#organization","name":"Positive Prints","alternateName":"Positive Prints","url":"https:\/\/positiveprints.com\/sv\/","logo":{"@type":"ImageObject","inLanguage":"sv-SE","@id":"https:\/\/positiveprints.com\/sv\/#\/schema\/logo\/image\/","url":"https:\/\/positiveprints.com\/wp-content\/uploads\/2026\/03\/245815646_1337939713319158_5671353136411139666_n.png","contentUrl":"https:\/\/positiveprints.com\/wp-content\/uploads\/2026\/03\/245815646_1337939713319158_5671353136411139666_n.png","width":800,"height":800,"caption":"Positive Prints"},"image":{"@id":"https:\/\/positiveprints.com\/sv\/#\/schema\/logo\/image\/"},"sameAs":["https:\/\/www.facebook.com\/positiveprintscom","https:\/\/www.instagram.com\/positiveprintscom\/","https:\/\/www.tiktok.com\/@positiveprintscom","https:\/\/www.pinterest.com\/positiveprintscom\/"]}]}},"jetpack_sharing_enabled":true,"_links":{"self":[{"href":"https:\/\/positiveprints.com\/sv\/wp-json\/wp\/v2\/product\/591130","targetHints":{"allow":["GET"]}}],"collection":[{"href":"https:\/\/positiveprints.com\/sv\/wp-json\/wp\/v2\/product"}],"about":[{"href":"https:\/\/positiveprints.com\/sv\/wp-json\/wp\/v2\/types\/product"}],"wp:featuredmedia":[{"embeddable":true,"href":"https:\/\/positiveprints.com\/sv\/wp-json\/wp\/v2\/media\/1258690"}],"wp:attachment":[{"href":"https:\/\/positiveprints.com\/sv\/wp-json\/wp\/v2\/media?parent=591130"}],"wp:term":[{"taxonomy":"product_brand","embeddable":true,"href":"https:\/\/positiveprints.com\/sv\/wp-json\/wp\/v2\/product_brand?post=591130"},{"taxonomy":"product_cat","embeddable":true,"href":"https:\/\/positiveprints.com\/sv\/wp-json\/wp\/v2\/product_cat?post=591130"},{"taxonomy":"product_tag","embeddable":true,"href":"https:\/\/positiveprints.com\/sv\/wp-json\/wp\/v2\/product_tag?post=591130"}],"curies":[{"name":"wp","href":"https:\/\/api.w.org\/{rel}","templated":true}]}}