{"id":591124,"date":"2023-04-07T13:29:53","date_gmt":"2023-04-07T12:29:53","guid":{"rendered":"https:\/\/positiveprints.com\/product\/karta-med-tre-stjarnor-for-pappa\/"},"modified":"2026-04-28T14:23:55","modified_gmt":"2026-04-28T13:23:55","slug":"trippelstjarnekarta-for-pappa","status":"publish","type":"product","link":"https:\/\/positiveprints.com\/sv\/produkt\/trippelstjarnekarta-for-pappa\/","title":{"rendered":"Karta med tre stj\u00e4rnor f\u00f6r pappa"},"content":{"rendered":"<p style=\"margin-top: 1rem\">Triple Star Map for Dad \u00e4r den ultimata personliga presenten f\u00f6r alla trebarnsf\u00e4der vid speciella tillf\u00e4llen! Oavsett om det \u00e4r <a href=\"https:\/\/positiveprints.com\/fathers-day-gifts\/\">fars dag<\/a>, hans f\u00f6delsedag eller <a href=\"https:\/\/positiveprints.com\/christmas-gifts\/\">jul<\/a> kommer det h\u00e4r unika trycket att l\u00e4mna ett best\u00e5ende intryck.<\/p>\r\n          \r\n\r\n          \r\n\r\n          \r\n\r\n          <p style=\"margin-top: 1rem\">Med tre vackra <a href=\"https:\/\/positiveprints.com\/product\/star-map\/\">stj\u00e4rnkartor<\/a> p\u00e5 en enda affisch \u00e4r den h\u00e4r presenten den perfekta representationen av natthimlen den dag d\u00e5 vart och ett av hans tre barn f\u00f6ddes. Med m\u00f6jligheten att inkludera andra viktiga \u00f6gonblick fr\u00e5n hans liv \u00e4r m\u00f6jligheterna till personlig anpassning o\u00e4ndliga.<\/p>\r\n          \r\n\r\n          \r\n\r\n          \r\n\r\n          <p style=\"margin-top: 1rem\">Med hj\u00e4lp av v\u00e5r l\u00e4ttanv\u00e4nda online-redigerare kan du v\u00e4lja mellan ett brett utbud av m\u00f6nster och f\u00e4rger f\u00f6r att skapa en unik och fantastisk trippelstj\u00e4rnkarta till pappa. Du kan v\u00e4lja f\u00f6rdefinierade f\u00e4rgscheman eller skapa egna f\u00f6r att f\u00e5 det att se r\u00e4tt ut. Dessutom kan du l\u00e4gga till en personlig touch genom att inkludera ett s\u00e4rskilt meddelande eller citat.<\/p>\r\n          \r\n\r\n          \r\n\r\n          \r\n\r\n          <p style=\"margin-top: 1rem\">N\u00e4r du har utformat din perfekta trippelstj\u00e4rnkarta f\u00f6r pappa kan du v\u00e4lja den storlek och det format som passar b\u00e4st f\u00f6r dina behov. Vi erbjuder tryckta eller inramade affischer, canvas eller en digital nedladdningsfil f\u00f6r omedelbar nedladdning, s\u00e5 att du enkelt kan v\u00e4lja det perfekta alternativet. Den h\u00e4r unika presenten kommer garanterat att bli uppskattad i m\u00e5nga \u00e5r fram\u00f6ver och \u00e4r ett fantastiskt s\u00e4tt att visa din uppskattning f\u00f6r den speciella pappan i ditt liv.<\/p>","protected":false},"excerpt":{"rendered":"\n<ul class=\"check-list\">\n<li>G\u00f6r ett tidl\u00f6st minne f\u00f6r din pappa och fira varje g\u00e5ng din pappa blev pappa med en unik g\u00e5va.<\/li>\n<li>L\u00e4gg till konstellationer och Vintergatan  <\/li>\n<li>Anpassa i 3 enkla steg<\/li>\n<li>Inkludera en meningsfull personlig text<\/li>\n<li>Se resultatet direkt \u2013 den interaktiva f\u00f6rhandsvisningen l\u00e5ter dig finjustera varje detalj<\/li>\n<\/ul>\n","protected":false},"featured_media":1263516,"template":"","meta":[],"product_brand":[],"product_cat":[8832,7459,8109,8108,11466,7982],"product_tag":[8560,11765],"class_list":{"0":"post-591124","1":"product","2":"type-product","3":"status-publish","4":"has-post-thumbnail","6":"product_cat-trio-stjarnor","7":"product_cat-alla-produkter","8":"product_cat-fars-dag-present","9":"product_cat-julpresenter","10":"product_cat-julklappar-till-pappa","11":"product_cat-gavor-till-pappa","12":"product_tag-father-sv","13":"product_tag-julklappar-till-pappa","15":"first","16":"instock","17":"sale","18":"taxable","19":"shipping-taxable","20":"purchasable","21":"product-type-variable"},"yoast_head":"<!-- This site is optimized with the Yoast SEO Premium plugin v27.2 (Yoast SEO v27.2) - https:\/\/yoast.com\/product\/yoast-seo-premium-wordpress\/ -->\n<title>Karta med tre stj\u00e4rnor f\u00f6r pappa - personlig g\u00e5va - Positive Prints<\/title>\n<meta name=\"description\" content=\"Triple Star Map for Dad kommer garanterat att bli uppskattad i m\u00e5nga \u00e5r fram\u00f6ver och \u00e4r ett fantastiskt s\u00e4tt att visa din uppskattning f\u00f6r den speciella pappan i ditt liv.\" \/>\n<meta name=\"robots\" content=\"index, follow, max-snippet:-1, max-image-preview:large, max-video-preview:-1\" \/>\n<link rel=\"canonical\" href=\"https:\/\/positiveprints.com\/sv\/produkt\/trippelstjarnekarta-for-pappa\/\" \/>\n<meta property=\"og:locale\" content=\"sv_SE\" \/>\n<meta property=\"og:type\" content=\"article\" \/>\n<meta property=\"og:title\" content=\"Karta med tre stj\u00e4rnor f\u00f6r pappa\" \/>\n<meta property=\"og:description\" content=\"G\u00f6r ett tidl\u00f6st minne f\u00f6r din pappa och fira varje g\u00e5ng din pappa blev pappa med en unik g\u00e5va.               L\u00e4gg till konstellationer och Vintergatan                Anpassa i 3 enkla steg               Inkludera en meningsfull personlig text               Se resultatet direkt \u2013 den interaktiva f\u00f6rhandsvisningen l\u00e5ter dig finjustera varje detalj\" \/>\n<meta property=\"og:url\" content=\"https:\/\/positiveprints.com\/sv\/produkt\/trippelstjarnekarta-for-pappa\/\" \/>\n<meta property=\"og:site_name\" content=\"Positive Prints\" \/>\n<meta property=\"article:publisher\" content=\"https:\/\/www.facebook.com\/positiveprintscom\" \/>\n<meta property=\"article:modified_time\" content=\"2026-04-28T13:23:55+00:00\" \/>\n<meta property=\"og:image\" content=\"https:\/\/positiveprints.com\/wp-content\/uploads\/2024\/11\/Packshot_SE_Triple-Star-Map-for-Dad-product-image-.webp\" \/>\n\t<meta property=\"og:image:width\" content=\"1450\" \/>\n\t<meta property=\"og:image:height\" content=\"1450\" \/>\n\t<meta property=\"og:image:type\" content=\"image\/webp\" \/>\n<meta name=\"twitter:card\" content=\"summary_large_image\" \/>\n<!-- \/ Yoast SEO Premium plugin. -->","yoast_head_json":{"title":"Karta med tre stj\u00e4rnor f\u00f6r pappa - personlig g\u00e5va - Positive Prints","description":"Triple Star Map for Dad kommer garanterat att bli uppskattad i m\u00e5nga \u00e5r fram\u00f6ver och \u00e4r ett fantastiskt s\u00e4tt att visa din uppskattning f\u00f6r den speciella pappan i ditt liv.","robots":{"index":"index","follow":"follow","max-snippet":"max-snippet:-1","max-image-preview":"max-image-preview:large","max-video-preview":"max-video-preview:-1"},"canonical":"https:\/\/positiveprints.com\/sv\/produkt\/trippelstjarnekarta-for-pappa\/","og_locale":"sv_SE","og_type":"article","og_title":"Karta med tre stj\u00e4rnor f\u00f6r pappa","og_description":"G\u00f6r ett tidl\u00f6st minne f\u00f6r din pappa och fira varje g\u00e5ng din pappa blev pappa med en unik g\u00e5va.               L\u00e4gg till konstellationer och Vintergatan                Anpassa i 3 enkla steg               Inkludera en meningsfull personlig text               Se resultatet direkt \u2013 den interaktiva f\u00f6rhandsvisningen l\u00e5ter dig finjustera varje detalj","og_url":"https:\/\/positiveprints.com\/sv\/produkt\/trippelstjarnekarta-for-pappa\/","og_site_name":"Positive Prints","article_publisher":"https:\/\/www.facebook.com\/positiveprintscom","article_modified_time":"2026-04-28T13:23:55+00:00","og_image":[{"width":1450,"height":1450,"url":"https:\/\/positiveprints.com\/wp-content\/uploads\/2024\/11\/Packshot_SE_Triple-Star-Map-for-Dad-product-image-.webp","type":"image\/webp"}],"twitter_card":"summary_large_image","schema":{"@context":"https:\/\/schema.org","@graph":[{"@type":["WebPage","ItemPage"],"@id":"https:\/\/positiveprints.com\/sv\/produkt\/trippelstjarnekarta-for-pappa\/","url":"https:\/\/positiveprints.com\/sv\/produkt\/trippelstjarnekarta-for-pappa\/","name":"Karta med tre stj\u00e4rnor f\u00f6r pappa - personlig g\u00e5va - Positive Prints","isPartOf":{"@id":"https:\/\/positiveprints.com\/sv\/#website"},"primaryImageOfPage":{"@id":"https:\/\/positiveprints.com\/sv\/produkt\/trippelstjarnekarta-for-pappa\/#primaryimage"},"image":{"@id":"https:\/\/positiveprints.com\/sv\/produkt\/trippelstjarnekarta-for-pappa\/#primaryimage"},"thumbnailUrl":"https:\/\/positiveprints.com\/wp-content\/uploads\/2024\/11\/Packshot_SE_Triple-Star-Map-for-Dad-product-image-.webp","datePublished":"2023-04-07T12:29:53+00:00","dateModified":"2026-04-28T13:23:55+00:00","description":"Triple Star Map for Dad kommer garanterat att bli uppskattad i m\u00e5nga \u00e5r fram\u00f6ver och \u00e4r ett fantastiskt s\u00e4tt att visa din uppskattning f\u00f6r den speciella pappan i ditt liv.","breadcrumb":{"@id":"https:\/\/positiveprints.com\/sv\/produkt\/trippelstjarnekarta-for-pappa\/#breadcrumb"},"inLanguage":"sv-SE","potentialAction":[{"@type":"ReadAction","target":["https:\/\/positiveprints.com\/sv\/produkt\/trippelstjarnekarta-for-pappa\/"]}]},{"@type":"ImageObject","inLanguage":"sv-SE","@id":"https:\/\/positiveprints.com\/sv\/produkt\/trippelstjarnekarta-for-pappa\/#primaryimage","url":"https:\/\/positiveprints.com\/wp-content\/uploads\/2024\/11\/Packshot_SE_Triple-Star-Map-for-Dad-product-image-.webp","contentUrl":"https:\/\/positiveprints.com\/wp-content\/uploads\/2024\/11\/Packshot_SE_Triple-Star-Map-for-Dad-product-image-.webp","width":1450,"height":1450},{"@type":"BreadcrumbList","@id":"https:\/\/positiveprints.com\/sv\/produkt\/trippelstjarnekarta-for-pappa\/#breadcrumb","itemListElement":[{"@type":"ListItem","position":1,"name":"Home","item":"https:\/\/positiveprints.com\/sv\/"},{"@type":"ListItem","position":2,"name":"Produkter","item":"https:\/\/positiveprints.com\/sv\/shop\/"},{"@type":"ListItem","position":3,"name":"Karta med tre stj\u00e4rnor f\u00f6r pappa"}]},{"@type":"WebSite","@id":"https:\/\/positiveprints.com\/sv\/#website","url":"https:\/\/positiveprints.com\/sv\/","name":"Positive Prints","description":"Amazing Custom Personalized Gifts","publisher":{"@id":"https:\/\/positiveprints.com\/sv\/#organization"},"potentialAction":[{"@type":"SearchAction","target":{"@type":"EntryPoint","urlTemplate":"https:\/\/positiveprints.com\/sv\/?s={search_term_string}"},"query-input":{"@type":"PropertyValueSpecification","valueRequired":true,"valueName":"search_term_string"}}],"inLanguage":"sv-SE"},{"@type":"Organization","@id":"https:\/\/positiveprints.com\/sv\/#organization","name":"Positive Prints","alternateName":"Positive Prints","url":"https:\/\/positiveprints.com\/sv\/","logo":{"@type":"ImageObject","inLanguage":"sv-SE","@id":"https:\/\/positiveprints.com\/sv\/#\/schema\/logo\/image\/","url":"https:\/\/positiveprints.com\/wp-content\/uploads\/2026\/03\/245815646_1337939713319158_5671353136411139666_n.png","contentUrl":"https:\/\/positiveprints.com\/wp-content\/uploads\/2026\/03\/245815646_1337939713319158_5671353136411139666_n.png","width":800,"height":800,"caption":"Positive Prints"},"image":{"@id":"https:\/\/positiveprints.com\/sv\/#\/schema\/logo\/image\/"},"sameAs":["https:\/\/www.facebook.com\/positiveprintscom","https:\/\/www.instagram.com\/positiveprintscom\/","https:\/\/www.tiktok.com\/@positiveprintscom","https:\/\/www.pinterest.com\/positiveprintscom\/"]}]}},"jetpack_sharing_enabled":true,"_links":{"self":[{"href":"https:\/\/positiveprints.com\/sv\/wp-json\/wp\/v2\/product\/591124","targetHints":{"allow":["GET"]}}],"collection":[{"href":"https:\/\/positiveprints.com\/sv\/wp-json\/wp\/v2\/product"}],"about":[{"href":"https:\/\/positiveprints.com\/sv\/wp-json\/wp\/v2\/types\/product"}],"wp:featuredmedia":[{"embeddable":true,"href":"https:\/\/positiveprints.com\/sv\/wp-json\/wp\/v2\/media\/1263516"}],"wp:attachment":[{"href":"https:\/\/positiveprints.com\/sv\/wp-json\/wp\/v2\/media?parent=591124"}],"wp:term":[{"taxonomy":"product_brand","embeddable":true,"href":"https:\/\/positiveprints.com\/sv\/wp-json\/wp\/v2\/product_brand?post=591124"},{"taxonomy":"product_cat","embeddable":true,"href":"https:\/\/positiveprints.com\/sv\/wp-json\/wp\/v2\/product_cat?post=591124"},{"taxonomy":"product_tag","embeddable":true,"href":"https:\/\/positiveprints.com\/sv\/wp-json\/wp\/v2\/product_tag?post=591124"}],"curies":[{"name":"wp","href":"https:\/\/api.w.org\/{rel}","templated":true}]}}