{"id":591112,"date":"2023-04-06T21:21:45","date_gmt":"2023-04-06T20:21:45","guid":{"rendered":"https:\/\/positiveprints.com\/product\/dubbel-stjarnkarta-till-pappa\/"},"modified":"2026-04-28T14:24:17","modified_gmt":"2026-04-28T13:24:17","slug":"dubbelstjarnig-karta-for-pappa","status":"publish","type":"product","link":"https:\/\/positiveprints.com\/sv\/produkt\/dubbelstjarnig-karta-for-pappa\/","title":{"rendered":"Dubbel stj\u00e4rnkarta till pappa"},"content":{"rendered":"<p style=\"margin-top: 1rem\">Double Star Map for Dad \u00e4r en exceptionell g\u00e5va som f\u00e5ngar de tv\u00e5 mest minnesv\u00e4rda \u00f6gonblicken i en pappas liv &#8211; f\u00f6delsen av hans barn &#8211; p\u00e5 ett vackert och personligt s\u00e4tt. Den h\u00e4r fantastiska <a href=\"https:\/\/positiveprints.com\/product\/star-map\/\">stj\u00e4rnkartan<\/a> \u00e4r en underbar p\u00e5minnelse om de speciella stunder som en pappa kommer att uppskatta f\u00f6r alltid.<\/p>\r\n          \r\n\r\n          \r\n\r\n          <p style=\"margin-top: 1rem\">Det \u00e4r enkelt att skapa din egen <a href=\"https:\/\/positiveprints.com\/product\/double-star-map\/\">Double Star Map<\/a> med v\u00e5r unika trestegsprocess. I steg ett kan du anpassa f\u00e4rgerna p\u00e5 stj\u00e4rnorna och bakgrunden i ditt tryck f\u00f6r att skapa en helt unik f\u00e4rg f\u00f6r ditt personliga verk. D\u00e4refter anger du bara f\u00f6delsedatum, tid och plats f\u00f6r varje barn, tillsammans med din \u00f6nskade anpassade text. I det sista steget kan du v\u00e4lja mellan en tryckt eller inramad affisch, en canvas eller en digital nedladdningsfil.<\/p>\r\n          \r\n\r\n          \r\n\r\n          <p style=\"margin-top: 1rem\">I det h\u00e4r trycket kan du l\u00e4gga till namn och f\u00f6delsetid f\u00f6r varje barn, vilket g\u00f6r det till ett unikt konstverk. Oavsett om du letar efter den perfekta <a href=\"https:\/\/positiveprints.com\/fathers-day-gifts\/\">farsdagspresenten<\/a>, en f\u00f6delsedagspresent eller bara en omt\u00e4nksam gest f\u00f6r n\u00e5gon speciell, \u00e4r Double Star Map for Dad en of\u00f6rgl\u00f6mlig present som kommer att vara v\u00e4rdefull i m\u00e5nga \u00e5r fram\u00f6ver.<\/p>","protected":false},"excerpt":{"rendered":"\n<ul class=\"check-list\">\n<li>Fira faderskapet och ge din pappa ett verkligt tidl\u00f6st konstverk som han kommer att uppskatta i m\u00e5nga \u00e5r fram\u00f6ver.<\/li>\n<li>L\u00e4gg till konstellationer och Vintergatan  <\/li>\n<li>Anpassa i 3 enkla steg<\/li>\n<li>Inkludera en meningsfull personlig text<\/li>\n<li>Se resultatet direkt \u2013 den interaktiva f\u00f6rhandsvisningen l\u00e5ter dig finjustera varje detalj<\/li>\n<\/ul>\n","protected":false},"featured_media":1251749,"template":"","meta":[],"product_brand":[],"product_cat":[8831,7459,8109,8108,11466,7982],"product_tag":[8560,11765],"class_list":{"0":"post-591112","1":"product","2":"type-product","3":"status-publish","4":"has-post-thumbnail","6":"product_cat-duo-stjarnor","7":"product_cat-alla-produkter","8":"product_cat-fars-dag-present","9":"product_cat-julpresenter","10":"product_cat-julklappar-till-pappa","11":"product_cat-gavor-till-pappa","12":"product_tag-father-sv","13":"product_tag-julklappar-till-pappa","15":"first","16":"instock","17":"sale","18":"taxable","19":"shipping-taxable","20":"purchasable","21":"product-type-variable"},"yoast_head":"<!-- This site is optimized with the Yoast SEO Premium plugin v27.2 (Yoast SEO v27.2) - https:\/\/yoast.com\/product\/yoast-seo-premium-wordpress\/ -->\n<title>Dubbel stj\u00e4rnkarta till pappa - Positive Prints<\/title>\n<meta name=\"description\" content=\"Double Star Map for Dad \u00e4r en g\u00e5va som f\u00e5ngar stj\u00e4rnorna som st\u00e5r i linje med de tv\u00e5 mest speciella dagarna i en pappas liv, n\u00e4mligen n\u00e4r hans barn f\u00f6ds.\" \/>\n<meta name=\"robots\" content=\"index, follow, max-snippet:-1, max-image-preview:large, max-video-preview:-1\" \/>\n<link rel=\"canonical\" href=\"https:\/\/positiveprints.com\/sv\/produkt\/dubbelstjarnig-karta-for-pappa\/\" \/>\n<meta property=\"og:locale\" content=\"sv_SE\" \/>\n<meta property=\"og:type\" content=\"article\" \/>\n<meta property=\"og:title\" content=\"Dubbel stj\u00e4rnkarta till pappa\" \/>\n<meta property=\"og:description\" content=\"Fira faderskapet och ge din pappa ett verkligt tidl\u00f6st konstverk som han kommer att uppskatta i m\u00e5nga \u00e5r fram\u00f6ver.               L\u00e4gg till konstellationer och Vintergatan                Anpassa i 3 enkla steg               Inkludera en meningsfull personlig text               Se resultatet direkt \u2013 den interaktiva f\u00f6rhandsvisningen l\u00e5ter dig finjustera varje detalj\" \/>\n<meta property=\"og:url\" content=\"https:\/\/positiveprints.com\/sv\/produkt\/dubbelstjarnig-karta-for-pappa\/\" \/>\n<meta property=\"og:site_name\" content=\"Positive Prints\" \/>\n<meta property=\"article:publisher\" content=\"https:\/\/www.facebook.com\/positiveprintscom\" \/>\n<meta property=\"article:modified_time\" content=\"2026-04-28T13:24:17+00:00\" \/>\n<meta property=\"og:image\" content=\"https:\/\/positiveprints.com\/wp-content\/uploads\/2024\/11\/SE_PACKSHOT_Double-Star-Map-for-Dad-product-image-.webp\" \/>\n\t<meta property=\"og:image:width\" content=\"1450\" \/>\n\t<meta property=\"og:image:height\" content=\"1450\" \/>\n\t<meta property=\"og:image:type\" content=\"image\/webp\" \/>\n<meta name=\"twitter:card\" content=\"summary_large_image\" \/>\n<!-- \/ Yoast SEO Premium plugin. -->","yoast_head_json":{"title":"Dubbel stj\u00e4rnkarta till pappa - Positive Prints","description":"Double Star Map for Dad \u00e4r en g\u00e5va som f\u00e5ngar stj\u00e4rnorna som st\u00e5r i linje med de tv\u00e5 mest speciella dagarna i en pappas liv, n\u00e4mligen n\u00e4r hans barn f\u00f6ds.","robots":{"index":"index","follow":"follow","max-snippet":"max-snippet:-1","max-image-preview":"max-image-preview:large","max-video-preview":"max-video-preview:-1"},"canonical":"https:\/\/positiveprints.com\/sv\/produkt\/dubbelstjarnig-karta-for-pappa\/","og_locale":"sv_SE","og_type":"article","og_title":"Dubbel stj\u00e4rnkarta till pappa","og_description":"Fira faderskapet och ge din pappa ett verkligt tidl\u00f6st konstverk som han kommer att uppskatta i m\u00e5nga \u00e5r fram\u00f6ver.               L\u00e4gg till konstellationer och Vintergatan                Anpassa i 3 enkla steg               Inkludera en meningsfull personlig text               Se resultatet direkt \u2013 den interaktiva f\u00f6rhandsvisningen l\u00e5ter dig finjustera varje detalj","og_url":"https:\/\/positiveprints.com\/sv\/produkt\/dubbelstjarnig-karta-for-pappa\/","og_site_name":"Positive Prints","article_publisher":"https:\/\/www.facebook.com\/positiveprintscom","article_modified_time":"2026-04-28T13:24:17+00:00","og_image":[{"width":1450,"height":1450,"url":"https:\/\/positiveprints.com\/wp-content\/uploads\/2024\/11\/SE_PACKSHOT_Double-Star-Map-for-Dad-product-image-.webp","type":"image\/webp"}],"twitter_card":"summary_large_image","schema":{"@context":"https:\/\/schema.org","@graph":[{"@type":["WebPage","ItemPage"],"@id":"https:\/\/positiveprints.com\/sv\/produkt\/dubbelstjarnig-karta-for-pappa\/","url":"https:\/\/positiveprints.com\/sv\/produkt\/dubbelstjarnig-karta-for-pappa\/","name":"Dubbel stj\u00e4rnkarta till pappa - Positive Prints","isPartOf":{"@id":"https:\/\/positiveprints.com\/sv\/#website"},"primaryImageOfPage":{"@id":"https:\/\/positiveprints.com\/sv\/produkt\/dubbelstjarnig-karta-for-pappa\/#primaryimage"},"image":{"@id":"https:\/\/positiveprints.com\/sv\/produkt\/dubbelstjarnig-karta-for-pappa\/#primaryimage"},"thumbnailUrl":"https:\/\/positiveprints.com\/wp-content\/uploads\/2024\/11\/SE_PACKSHOT_Double-Star-Map-for-Dad-product-image-.webp","datePublished":"2023-04-06T20:21:45+00:00","dateModified":"2026-04-28T13:24:17+00:00","description":"Double Star Map for Dad \u00e4r en g\u00e5va som f\u00e5ngar stj\u00e4rnorna som st\u00e5r i linje med de tv\u00e5 mest speciella dagarna i en pappas liv, n\u00e4mligen n\u00e4r hans barn f\u00f6ds.","breadcrumb":{"@id":"https:\/\/positiveprints.com\/sv\/produkt\/dubbelstjarnig-karta-for-pappa\/#breadcrumb"},"inLanguage":"sv-SE","potentialAction":[{"@type":"ReadAction","target":["https:\/\/positiveprints.com\/sv\/produkt\/dubbelstjarnig-karta-for-pappa\/"]}]},{"@type":"ImageObject","inLanguage":"sv-SE","@id":"https:\/\/positiveprints.com\/sv\/produkt\/dubbelstjarnig-karta-for-pappa\/#primaryimage","url":"https:\/\/positiveprints.com\/wp-content\/uploads\/2024\/11\/SE_PACKSHOT_Double-Star-Map-for-Dad-product-image-.webp","contentUrl":"https:\/\/positiveprints.com\/wp-content\/uploads\/2024\/11\/SE_PACKSHOT_Double-Star-Map-for-Dad-product-image-.webp","width":1450,"height":1450},{"@type":"BreadcrumbList","@id":"https:\/\/positiveprints.com\/sv\/produkt\/dubbelstjarnig-karta-for-pappa\/#breadcrumb","itemListElement":[{"@type":"ListItem","position":1,"name":"Home","item":"https:\/\/positiveprints.com\/sv\/"},{"@type":"ListItem","position":2,"name":"Produkter","item":"https:\/\/positiveprints.com\/sv\/shop\/"},{"@type":"ListItem","position":3,"name":"Dubbel stj\u00e4rnkarta till pappa"}]},{"@type":"WebSite","@id":"https:\/\/positiveprints.com\/sv\/#website","url":"https:\/\/positiveprints.com\/sv\/","name":"Positive Prints","description":"Amazing Custom Personalized Gifts","publisher":{"@id":"https:\/\/positiveprints.com\/sv\/#organization"},"potentialAction":[{"@type":"SearchAction","target":{"@type":"EntryPoint","urlTemplate":"https:\/\/positiveprints.com\/sv\/?s={search_term_string}"},"query-input":{"@type":"PropertyValueSpecification","valueRequired":true,"valueName":"search_term_string"}}],"inLanguage":"sv-SE"},{"@type":"Organization","@id":"https:\/\/positiveprints.com\/sv\/#organization","name":"Positive Prints","alternateName":"Positive Prints","url":"https:\/\/positiveprints.com\/sv\/","logo":{"@type":"ImageObject","inLanguage":"sv-SE","@id":"https:\/\/positiveprints.com\/sv\/#\/schema\/logo\/image\/","url":"https:\/\/positiveprints.com\/wp-content\/uploads\/2026\/03\/245815646_1337939713319158_5671353136411139666_n.png","contentUrl":"https:\/\/positiveprints.com\/wp-content\/uploads\/2026\/03\/245815646_1337939713319158_5671353136411139666_n.png","width":800,"height":800,"caption":"Positive Prints"},"image":{"@id":"https:\/\/positiveprints.com\/sv\/#\/schema\/logo\/image\/"},"sameAs":["https:\/\/www.facebook.com\/positiveprintscom","https:\/\/www.instagram.com\/positiveprintscom\/","https:\/\/www.tiktok.com\/@positiveprintscom","https:\/\/www.pinterest.com\/positiveprintscom\/"]}]}},"jetpack_sharing_enabled":true,"_links":{"self":[{"href":"https:\/\/positiveprints.com\/sv\/wp-json\/wp\/v2\/product\/591112","targetHints":{"allow":["GET"]}}],"collection":[{"href":"https:\/\/positiveprints.com\/sv\/wp-json\/wp\/v2\/product"}],"about":[{"href":"https:\/\/positiveprints.com\/sv\/wp-json\/wp\/v2\/types\/product"}],"wp:featuredmedia":[{"embeddable":true,"href":"https:\/\/positiveprints.com\/sv\/wp-json\/wp\/v2\/media\/1251749"}],"wp:attachment":[{"href":"https:\/\/positiveprints.com\/sv\/wp-json\/wp\/v2\/media?parent=591112"}],"wp:term":[{"taxonomy":"product_brand","embeddable":true,"href":"https:\/\/positiveprints.com\/sv\/wp-json\/wp\/v2\/product_brand?post=591112"},{"taxonomy":"product_cat","embeddable":true,"href":"https:\/\/positiveprints.com\/sv\/wp-json\/wp\/v2\/product_cat?post=591112"},{"taxonomy":"product_tag","embeddable":true,"href":"https:\/\/positiveprints.com\/sv\/wp-json\/wp\/v2\/product_tag?post=591112"}],"curies":[{"name":"wp","href":"https:\/\/api.w.org\/{rel}","templated":true}]}}